{"id":10084,"date":"2015-01-13T15:12:33","date_gmt":"2015-01-13T15:12:33","guid":{"rendered":"http:\/\/www.ehu.eus\/HEB\/?page_id=10084"},"modified":"2025-02-17T14:28:50","modified_gmt":"2025-02-17T14:28:50","slug":"publications-2014","status":"publish","type":"page","link":"https:\/\/www.ehu.eus\/HEB\/publications-2014\/","title":{"rendered":"2014"},"content":{"rendered":"<p><\/p>\n<p style=\"text-align: center;\"><strong><a title=\"PUBLICACIONES 2024\" href=\"http:\/\/www.ehu.eus\/HEB\/publications\">2025<\/a>\u00a0 \u00a0 \u00a0\u00a0<a title=\"PUBLICACIONES 2024\" href=\"https:\/\/www.ehu.eus\/HEB\/publications-2024\">2024<\/a>\u00a0 \u00a0 \u00a0<a title=\"2023 ARGITALPENAK\" href=\"http:\/\/www.ehu.eus\/HEB\/publications-2023\">2023<\/a>\u00a0 \u00a0 \u00a0\u00a0<a title=\"PUBLICATIONS 2022\" href=\"http:\/\/www.ehu.eus\/HEB\/publications\/\">2022<\/a>\u00a0 \u00a0 \u00a0 \u00a0\u00a0<a title=\"PUBLICATIONS 2021\" href=\"http:\/\/www.ehu.eus\/HEB\/publications\">2021<\/a> \u00a0\u00a0 \u00a0 \u00a0 <a title=\"PUBLICATIONS 2020\" href=\"http:\/\/www.ehu.eus\/HEB\/publications-2020\/\">2020<\/a> \u00a0 \u00a0 \u00a0 <a title=\"PUBLICATIONS 2019\" href=\"http:\/\/www.ehu.eus\/HEB\/publications-2019\/\">2019<\/a>\u00a0 \u00a0 \u00a0 \u00a0\u00a0<a title=\"PUBLICATIONS 2018\" href=\"http:\/\/www.ehu.eus\/HEB\/publications-2018\/\">2018<\/a>\u00a0 \u00a0 \u00a0 \u00a0\u00a0<a title=\"PUBLICATIONS 2016\" href=\"http:\/\/www.ehu.es\/HEB\/publications-2017\/\">2017<\/a>\u00a0 \u00a0 \u00a0 \u00a0\u00a0<a title=\"PUBLICATIONS 2016\" href=\"http:\/\/www.ehu.es\/HEB\/publications-2016\/\">2016<\/a> \u00a0\u00a0 \u00a0 \u00a0 <a title=\"PUBLICATIONS 2015\" href=\"http:\/\/www.ehu.eus\/HEB\/publications-2015\/\">2015<\/a>\u00a0 \u00a0 \u00a0 \u00a0\u00a0<a title=\"PUBLICATIONS 2013\" href=\"http:\/\/www.ehu.eus\/HEB\/publications-2013\/\">2013<\/a>\u00a0 \u00a0 \u00a0 \u00a0 <a title=\"PUBLICATIONS 2002-2009\" href=\"http:\/\/www.ehu.es\/HEB\/publications\/publications-2002-2012\">2002-2012<\/a>\u00a0 \u00a0 \u00a0 \u00a0\u00a0<a title=\"CORPORA\" href=\"http:\/\/www.ehu.es\/HEB\/?page_id=1678\"> CORPORA<\/a><\/strong><\/p>\n<p>&nbsp;<\/p>\n<p style=\"text-align: justify;\">De la Cruz-Pav\u00eda, I.; Elordieta, G.; Sebasti\u00e1n-Gall\u00e9s, N.; Laka, I. (2014) <a href=\"http:\/\/www.tandfonline.com\/doi\/abs\/10.1080\/13670050.2014.904839#tabModule\" target=\"_blank\" rel=\"noopener noreferrer\">On the role of frequency-based cues in the segmentation strategies of adult OV\/VO bilinguals.<\/a> <em>International Journal of Bilingual Education and Bilingualism. <\/em><span lang=\"EN-US\">Volume 18, Issue 2, pp. <\/span>225-241. DOI: 10.1080\/13670050.2014.904839.<\/p>\n<p style=\"text-align: justify;\">Hatzidaki, A., Jones, M.W., Santesteban, M., &amp; Branigan, H.P. (2014). <a href=\"http:\/\/www.ehu.es\/HEB\/wp-content\/uploads\/2014\/02\/Hatzidaki-et-al-PREPRINT.pdf\" target=\"_blank\" rel=\"noopener noreferrer\">It\u2019s not what you see; it\u2019s the language you say it in<\/a>.<i> Language<\/i>,<em> Cognition and Neuroscience<\/em>, 29, 1233-1239. doi: <a href=\"http:\/\/www.tandfonline.com\/doi\/abs\/10.1080\/01690965.2013.857782#.VDgnlhaRZn0\" target=\"_blank\" rel=\"noopener noreferrer\">10.1080\/01690965.2013.857782.<\/a><\/p>\n<p style=\"text-align: justify;\">Erdocia, K.; Zawiszewski, A.; Laka I. (2014) <a href=\"http:\/\/www.ehu.eus\/HEB\/wp-content\/uploads\/2012\/05\/2014_JPsychRes_EZL.pdf\" target=\"_blank\" rel=\"noopener noreferrer\">Word order processing in a second language: from VO to OV<\/a>.\u00a0<i>Journal of Psycholinguistic Research 43(6)<\/i>, 815-837. doi: <a href=\"http:\/\/link.springer.com\/article\/10.1007%2Fs10936-013-9280-4\" target=\"_blank\" rel=\"noopener noreferrer\">10.1007\/s10936-013-9280-4<\/a>.<\/p>\n<p style=\"text-align: justify;\">Acha, J.; Laka, I.; Landa, J.; Salaburu, P. (2014) <a href=\"http:\/\/www.ehu.es\/HEB\/wp-content\/uploads\/2014\/11\/EHME_database_AMversion.pdf\" target=\"_blank\" rel=\"noopener noreferrer\">EHME: A new word database for research in Basque language.<\/a> <i>The Spanish Journal of Psychology. <\/i>Volume 17, E79. DOI: <a href=\"http:\/\/dx.doi.org\/10.1017\/sjp.2014.79\" target=\"_blank\" rel=\"noopener noreferrer\">10.1017\/sjp.<wbr \/>2014.79<\/a><\/p>\n<p style=\"text-align: justify;\">Acha, J.; P\u00e9rez, A.; Davidson, D. J.; Carreiras, M. (2014). <a href=\"http:\/\/www.ehu.es\/HEB\/wp-content\/uploads\/2014\/11\/NCNY_Dravetsyndrome.pdf\" target=\"_blank\" rel=\"noopener noreferrer\">Cognitive characterization of children with Dravet syndrome: A neurodevelopmental perspective.<\/a> <em>Child Neuropsychology<\/em>.\u00a021 (5), 693-715. DOI:\u00a0<a href=\"http:\/\/www.tandfonline.com\/doi\/abs\/10.1080\/09297049.2014.959480#.VHMmasmPyF8\" target=\"_blank\" rel=\"noopener noreferrer\">10.1080\/09297049.2014.959480<\/a><\/p>\n<p style=\"text-align: justify;\">Fratini, V.; Acha, J.; Laka, I. (2014) <a href=\"http:\/\/www.ehu.es\/HEB\/wp-content\/uploads\/2014\/04\/Frequency and morphological irregularity.pdf\" target=\"_blank\" rel=\"noopener noreferrer\">Frequency and morphological irregularity are independent variables: Evidence from a corpus study of Spanish verbs.<\/a> <i>Corpus Linguistics and Linguistic Theory. <\/i>Volume 10, Issue 2, Pages 289\u2013314, EISSN: 1613-7035, ISSN: 1613-7027, DOI:\u00a0<a href=\"http:\/\/dx.doi.org\/10.1515\/cllt-2013-0028\" target=\"_blank\" rel=\"noopener noreferrer\">10.1515\/cllt-2013-0028<\/a><i>.<\/i><\/p>\n<p style=\"text-align: justify;\">Lindemann, D. (2014). <a title=\"View article at Lexikos Journal\" href=\"http:\/\/lexikos.journals.ac.za\/pub\/article\/view\/1266\">Creating a German-Basque Electronic Dictionary for German Learners<\/a>.<em> Lexikos,<\/em> (24), 331-349.<\/p>\n<p style=\"text-align: justify;\">Sistiaga, A., Castillo, T., Aliri, J., Gazta\u00f1aga, M., Acha, J.,et al. (2014). <a href=\"http:\/\/www.neurologia.com\/pdf\/Web\/5808\/bl080337.pdf\" target=\"_blank\" rel=\"noopener noreferrer\">Rendimiento cognitivo y calidad de vida de la esclerosis m\u00faltiple en Guip\u00fazcoa<\/a>. <em>Revista de Neurolog\u00eda.<\/em> Volume 58, pp. 337-344.<\/p>\n<table border=\"0\" width=\"672\" cellspacing=\"0\" cellpadding=\"0\">\n<tbody>\n<tr>\n<td valign=\"top\" width=\"26\"><a href=\"http:\/\/www.ehu.es\/HEB\/wp-content\/uploads\/2012\/05\/birformulazioa_euskaraz.jpg\"><img loading=\"lazy\" decoding=\"async\" src=\"http:\/\/www.ehu.es\/HEB\/wp-content\/uploads\/2012\/05\/birformulazioa_euskaraz-205x300.jpg\" alt=\"birformulazioa_euskaraz\" width=\"44\" height=\"63\" \/><\/a><\/td>\n<td valign=\"top\" width=\"810\">Alberdi, X. (ed.) (2014). <a href=\"https:\/\/web-argitalpena.adm.ehu.es\/listaproductos.asp?IdProducts=UHFLI140605%20&amp;page=1&amp;IdTopics=&amp;Id=&amp;buscapor=&amp;key1=&amp;Avanzada=&amp;IdTopicsgrupos=&amp;arbol=15\" target=\"_blank\" rel=\"noopener noreferrer\">Birformulazioa eta birformulatzaileak euskaraz.<\/a> Euskal Herriko Unibertsitateko Argitalpen Zerbitzua (UPV\/EHU),\u00a0 Bilbao, ISBN: 978-84-9082-060-5.<\/td>\n<\/tr>\n<\/tbody>\n<\/table>\n<table border=\"0\" width=\"672\" cellspacing=\"0\" cellpadding=\"0\">\n<tbody>\n<tr>\n<td valign=\"top\" width=\"26\"><img loading=\"lazy\" decoding=\"async\" src=\"http:\/\/www.ehu.es\/HEB\/wp-content\/uploads\/2014\/12\/miren_book.jpg\" alt=\"\" width=\"46\" height=\"67\" \/><\/td>\n<td valign=\"top\" width=\"810\">Azkarate, M.; P\u00e9rez Gaztelu, E. (2014) <em><a href=\"http:\/\/www.ehu.es\/HEB\/wp-content\/uploads\/2014\/12\/Azkarate_hitz_elkarketa2.pdf\" target=\"_blank\" rel=\"noopener noreferrer\">Hitz-Elkarketa\/2<\/a>.<\/em> Bilbo: Euskaltzaindia. ISBN: 978-84-95438-92-8.<\/td>\n<\/tr>\n<\/tbody>\n<\/table>\n<table border=\"0\" width=\"672\" cellspacing=\"0\" cellpadding=\"0\">\n<tbody>\n<tr>\n<td valign=\"top\" width=\"26\"><a href=\"http:\/\/www.ehu.eus\/HEB\/wp-content\/uploads\/2016\/03\/\u00edndice.jpg\" rel=\"attachment wp-att-12396\"><img loading=\"lazy\" decoding=\"async\" class=\"alignnone wp-image-12396 size-full\" src=\"http:\/\/www.ehu.eus\/HEB\/wp-content\/uploads\/2016\/03\/\u00edndice.jpg\" alt=\"\u00edndice\" width=\"177\" height=\"266\" \/><\/a><\/td>\n<td valign=\"top\" width=\"810\">Salaburu, P. (2014) <i><a href=\"http:\/\/www.elkar.eus\/eu\/liburu_fitxa\/errateko-nituenak-cuzcoko-kronika\/salaburu-pello\/9788497468954\" target=\"_blank\" rel=\"noopener noreferrer\">Errateko nituenak. Cuzcoko kronika<\/a><\/i>. Donostia: Erein. ISBN: 978-84-9746895-4, 279 or.<\/td>\n<\/tr>\n<\/tbody>\n<\/table>\n<table border=\"0\" width=\"672\" cellspacing=\"0\" cellpadding=\"0\">\n<tbody>\n<tr>\n<td valign=\"top\" width=\"26\"><a href=\"http:\/\/www.ehu.es\/HEB\/wp-content\/uploads\/2012\/05\/Adam_Zawiszewski_TESIA-1.jpg\"><img loading=\"lazy\" decoding=\"async\" src=\"http:\/\/www.ehu.es\/HEB\/wp-content\/uploads\/2012\/05\/Adam_Zawiszewski_TESIA-1-212x300.jpg\" alt=\"Adam_Zawiszewski_TESIA-1\" width=\"68\" height=\"97\" \/><\/a><\/td>\n<td valign=\"top\" width=\"810\">Zawiszewski, A. (2014). <a href=\"http:\/\/www.euskara.euskadi.net\/appcont\/tesisDoctoral\/PDFak\/Adam_Zawiszewski_TESIA.pdf\" target=\"_blank\" rel=\"noopener noreferrer\"><em>Euskaldun elebidunak sintaxia prozesatzen. Kasua eta komunztadura neuroirudien bidez [Basque bilinguals processing syntax. Case and agreement as revealed by event-related potentials]<\/em>.<\/a> Basque Government and Basque Summer University. ISBN: 978-84-8438-488-5.<\/td>\n<\/tr>\n<\/tbody>\n<\/table>\n<p style=\"text-align: justify;\">Iraola, M., Santesteban, M.; Ezeizabarrena, M. J. (2014). <a href=\"http:\/\/www.ehu.es\/HEB\/wp-content\/uploads\/2014\/02\/Iraola-Santesteban-Ezeizabarrena_preprint.pdf\" target=\"_blank\" rel=\"noopener noreferrer\">The discursive feature specification of &#8216;hura&#8217; in child (L1 and L2) and adult Basque.<\/a> In J. Costa, A. Fi\u00e9is, M. J. Freitas, M. Lobo, &amp; A. L. Santos (Eds.) <em>New Directions in the Acquisition of Romance Languages, Selected Proceedings of The Romance Turn V<\/em>. (pp. 134-157). Newcastle, UK: Cambridge Scholars Publishing.<\/p>\n<p style=\"text-align: justify;\">Lindemann, D. (2014). <a href=\"http:\/\/www.degruyter.com\/view\/books\/9783110366631\/9783110366631.263\/9783110366631.263.xml\" target=\"_blank\" rel=\"noopener noreferrer\">Zweisprachige Lexikographie des Sprachenpaares Deutsch-Baskisch.<\/a> In Dom\u00ednguez V\u00e1zquez, M.J., Mollica, F. &amp; Nied, M. (eds.) <em>Zweisprachige Lexikographie im Spannungsfeld zwischen Translation und Didaktik,<\/em> Lexicographica Series Maior. De Gruyter, pp. 259\u2013281.<\/p>\n<p style=\"text-align: justify;\">Acha, J., &amp; Carreiras, M. (2014). <a href=\"http:\/\/www.ehu.es\/HEB\/wp-content\/uploads\/2014\/06\/Acha&amp;Carreiras.pdf\" target=\"_blank\" rel=\"noopener noreferrer\">Exploring the mental lexicon: a methodological approach to understanding how printed words are represented in our minds.<\/a> In Juhani J\u00e4rvikivi, Pirita Pyykk\u00f6nen-Klauck &amp; Matti Laine (Eds.), <em>Words &amp; Constructions: Language Complexity in Linguistics and Psychology<\/em>. A Special Issue of The Mental Lexicon, 9(2).<\/p>\n<p style=\"text-align: justify;\">Odria, A. (2014) <a href=\"https:\/\/benjamins.com\/#catalog\/journals\/lv.14.2.03odr\/details\" target=\"_blank\" rel=\"noopener noreferrer\">Differential Object Marking and the nature of dative case in Basque varieties<\/a>. <em>Linguistic Variation, 14-2. Amsterdam\/Philadelphia: John Benjamins<\/em>. 289-317.<\/p>\n<p style=\"text-align: justify;\">Alberdi, X. (2014) Birformulatzaile esplikatiboak (<i>alegia, erran nahi baita, hau da, hots<\/i>) egungo euskara estandarrean: erabat baliokide ote?. <em>Euskera:<\/em> <em>Euskaltzaindiaren lan eta agiriak, <\/em>59 (2) 629-670, ISSN 0210-1564.<\/p>\n<p style=\"text-align: justify;\">Azkarate, M. (2014) Hain zuzen (ere). <em>In <a href=\"https:\/\/web-argitalpena.adm.ehu.es\/listaproductos.asp?IdProducts=UHFLI140605%20&amp;page=1&amp;IdTopics=&amp;Id=&amp;buscapor=&amp;key1=&amp;Avanzada=&amp;IdTopicsgrupos=&amp;arbol=15\" target=\"_blank\" rel=\"noopener noreferrer\">Birformulazioa eta birformulatzaileak euskaraz.<\/a><\/em> Euskal Herriko Unibertsitateko Argitalpen Zerbitzua (UPV\/EHU),\u00a0 Bilbao, ISBN: 978-84-9082-060-5. pp. 273-293.<\/p>\n<p style=\"text-align: justify;\">Azkarate, M. (2014) <a href=\"http:\/\/www.todostuslibros.com\/libros\/ikasleak-hiztun-2011ko-arrue-proiektua-ikerketaren-emaitza-adituen-iritzi-azalpenal_978-84-457-3315-8\" target=\"_blank\" rel=\"noopener noreferrer\">Arrue proiektua: 2011ko ebaluazio diagnostikoaren irakaspenak. <\/a><em>Ikasleak hiztun 2011ko ARRUE proiektua.<\/em> pp. 203-208. ISBN: 978-84-457-3315-8.<\/p>\n<p style=\"text-align: justify;\">Laka I (2014) <a href=\"http:\/\/www.ehu.eus\/HEB\/wp-content\/uploads\/2015\/09\/Arestiren_buruan.pdf\" target=\"_blank\" rel=\"noopener noreferrer\">Gabriel Arestiren buruan: euskara ikasteaz eta elebitasunaz.<\/a> In <i>Harri eta Herri 50 urte<\/i>.\u00a0 <i>Forum Hitzaldiak 07<\/i>, Bilbo: Bilbo Zaharra Liburuak, 26-39.<\/p>\n<p style=\"text-align: justify;\">Fern\u00e1ndez, B.\u00a0(2014) <a href=\"http:\/\/basdisyn.net\/pdf\/Fernandez%202013%20i%20edo%20adikzio%20baten%20anatomia.pdf\" target=\"_blank\" rel=\"noopener noreferrer\">\u201ci edo adikzio baten anatomia\u201d<\/a>.\u00a0<em>Gogoa<\/em>, 12-13. pp. 27-71.<\/p>\n<p style=\"text-align: justify;\">Lindemann, D.; Manterola, I.; Nazar, R.; San Vicente, I.; Saralegi, X. (2014). <a href=\"http:\/\/www.ehu.es\/HEB\/wp-content\/uploads\/2014\/08\/euralex_2014_042_p_563.pdf\" target=\"_blank\" rel=\"noopener noreferrer\">Bilingual Dictionary Drafting. The Example of German-Basque, a Medium-density Language Pair. <\/a>In: Abel, A., Vettori, C., Ralli, N. (eds.): Proceedings of the XVI EURALEX International Congress: The User in Focus. 15-19 July 2014, Bolzano\/Bozen. Bolzano\/Bozen: EURAC research, pp. 563-576.<\/p>\n<p style=\"text-align: justify;\">Salaburu, P. (2014). <a href=\"http:\/\/revintsociologia.revistas.csic.es\/index.php\/revintsociologia\/article\/download\/559\/580.\" target=\"_blank\" rel=\"noopener noreferrer\">Modelos organizativos en la educaci\u00f3n superior.<\/a> <i>Revista Internacional de Sociolog\u00eda<\/i>, Volume 72, (1), pp. 234-239, ISSN: 034-9712.<\/p>\n<p style=\"text-align: justify;\">Zawiszewski, A. (2014).\u00a0<a href=\"http:\/\/www.ehu.eus\/HEB\/wp-content\/uploads\/2015\/02\/2014_Ekaia.pdf\" target=\"_blank\" rel=\"noopener noreferrer\">Hizkuntzaren ekoizpena eta ulermena<\/a>. <em>Ekaia 27<\/em>, 315-327<em>.<\/em><\/p>\n<p><\/p>","protected":false},"excerpt":{"rendered":"<p>2025\u00a0 \u00a0 \u00a0\u00a02024\u00a0 \u00a0 \u00a02023\u00a0 \u00a0 \u00a0\u00a02022\u00a0 \u00a0 \u00a0 \u00a0\u00a02021 \u00a0\u00a0 \u00a0 \u00a0 2020 \u00a0 \u00a0 \u00a0 2019\u00a0 \u00a0 \u00a0 \u00a0\u00a02018\u00a0 \u00a0 \u00a0 \u00a0\u00a02017\u00a0 \u00a0 \u00a0 \u00a0\u00a02016 \u00a0\u00a0 \u00a0 \u00a0 2015\u00a0 \u00a0 \u00a0 \u00a0\u00a02013\u00a0 \u00a0 \u00a0 \u00a0 2002-2012\u00a0 \u00a0 \u00a0 &hellip; <a href=\"https:\/\/www.ehu.eus\/HEB\/publications-2014\/\">Continue reading <span class=\"meta-nav\">&rarr;<\/span><\/a><\/p>\n","protected":false},"author":2,"featured_media":0,"parent":0,"menu_order":0,"comment_status":"closed","ping_status":"closed","template":"","meta":{"footnotes":""},"_links":{"self":[{"href":"https:\/\/www.ehu.eus\/HEB\/wp-json\/wp\/v2\/pages\/10084"}],"collection":[{"href":"https:\/\/www.ehu.eus\/HEB\/wp-json\/wp\/v2\/pages"}],"about":[{"href":"https:\/\/www.ehu.eus\/HEB\/wp-json\/wp\/v2\/types\/page"}],"author":[{"embeddable":true,"href":"https:\/\/www.ehu.eus\/HEB\/wp-json\/wp\/v2\/users\/2"}],"replies":[{"embeddable":true,"href":"https:\/\/www.ehu.eus\/HEB\/wp-json\/wp\/v2\/comments?post=10084"}],"version-history":[{"count":35,"href":"https:\/\/www.ehu.eus\/HEB\/wp-json\/wp\/v2\/pages\/10084\/revisions"}],"predecessor-version":[{"id":17327,"href":"https:\/\/www.ehu.eus\/HEB\/wp-json\/wp\/v2\/pages\/10084\/revisions\/17327"}],"wp:attachment":[{"href":"https:\/\/www.ehu.eus\/HEB\/wp-json\/wp\/v2\/media?parent=10084"}],"curies":[{"name":"wp","href":"https:\/\/api.w.org\/{rel}","templated":true}]}}