{"id":11772,"date":"2016-02-09T13:49:57","date_gmt":"2016-02-09T13:49:57","guid":{"rendered":"http:\/\/www.ehu.eus\/HEB\/?page_id=11772"},"modified":"2025-02-17T14:28:44","modified_gmt":"2025-02-17T14:28:44","slug":"publications-2015","status":"publish","type":"page","link":"https:\/\/www.ehu.eus\/HEB\/publications-2015\/","title":{"rendered":"2015"},"content":{"rendered":"<p><\/p>\n<p style=\"text-align: center;\"><strong><a title=\"PUBLICACIONES 2024\" href=\"http:\/\/www.ehu.eus\/HEB\/publications\">2025<\/a>\u00a0 \u00a0 \u00a0\u00a0<a title=\"PUBLICACIONES 2024\" href=\"https:\/\/www.ehu.eus\/HEB\/publications-2024\">2024<\/a>\u00a0 \u00a0 \u00a0 \u00a0<a title=\"2023 ARGITALPENAK\" href=\"http:\/\/www.ehu.eus\/HEB\/publications-2023\">2023<\/a>\u00a0 \u00a0 \u00a0\u00a0 <a title=\"PUBLICATIONS 2022\" href=\"http:\/\/www.ehu.eus\/HEB\/publications\/\">2022<\/a>\u00a0 \u00a0 \u00a0 \u00a0\u00a0<a title=\"PUBLICATIONS 2021\" href=\"http:\/\/www.ehu.eus\/HEB\/publications\">2021<\/a> \u00a0\u00a0 \u00a0 \u00a0 <a title=\"PUBLICATIONS 2020\" href=\"http:\/\/www.ehu.eus\/HEB\/publications-2020\/\">2020<\/a>\u00a0\u00a0\u00a0 \u00a0 \u00a0 <a title=\"PUBLICATIONS 2019\" href=\"http:\/\/www.ehu.eus\/HEB\/publications-2019\/\">2019<\/a>\u00a0 \u00a0 \u00a0 \u00a0\u00a0<a title=\"PUBLICATIONS 2018\" href=\"http:\/\/www.ehu.eus\/HEB\/publications-2018\/\">2018<\/a>\u00a0 \u00a0 \u00a0 \u00a0\u00a0<a title=\"PUBLICATIONS 2016\" href=\"http:\/\/www.ehu.es\/HEB\/publications-2017\/\">2017<\/a>\u00a0 \u00a0 \u00a0 \u00a0\u00a0<a title=\"PUBLICATIONS 2016\" href=\"http:\/\/www.ehu.es\/HEB\/publications-2016\/\">2016<\/a> \u00a0\u00a0 \u00a0 \u00a0 <a title=\"PUBLICATIONS 2014\" href=\"http:\/\/www.ehu.eus\/HEB\/publications-2014\/\">2014<\/a>\u00a0 \u00a0 \u00a0 \u00a0\u00a0<a title=\"PUBLICATIONS 2013\" href=\"http:\/\/www.ehu.eus\/HEB\/publications-2013\/\">2013<\/a>\u00a0 \u00a0 \u00a0 \u00a0 <a title=\"PUBLICATIONS 2002-2009\" href=\"http:\/\/www.ehu.es\/HEB\/publications\/publications-2002-2012\">2002-2012<\/a>\u00a0 \u00a0 \u00a0 \u00a0\u00a0<a title=\"CORPORA\" href=\"http:\/\/www.ehu.es\/HEB\/?page_id=1678\">CORPORA<\/a><\/strong><\/p>\n<p>&nbsp;<\/p>\n<p style=\"text-align: justify;\">Lallier, M., Acha, J., &amp; Carreiras, M. (2015). Cross-linguistic interactions influence reading development in bilinguals: A comparison between early balanced French-Basque and Spanish-Basque bilingual children. <em>Developmental Science<\/em>, 19 (1), 76-89. DOI: 10.1111\/desc.12290<\/p>\n<p style=\"text-align: justify;\">Ros, I.; Santesteban, M.; Fukumura, K.; Laka, I. (2015). Aiming at shorter dependencies: the role of agreement morphology. <em>Language, Cognition and Neuroscience, <i>30<\/i><\/em>, 1156-1174<em>. <\/em>DOI: <a href=\"http:\/\/www.tandfonline.com\/doi\/full\/10.1080\/23273798.2014.994009#.VLYo9Xv_u5J\" target=\"_blank\" rel=\"noopener noreferrer\">10.1080\/23273798.2014.994009<\/a>.<\/p>\n<p style=\"text-align: justify;\">Santesteban, M., Pickering, M.J., Laka, I., &amp; Branigan, H.P. (2015). Effects of case-marking and head position on language production? Evidence from an ergative OV language. <i>Language, Cognition and Neuroscience, 30, <\/i>1175\u20131186. DOI: <a href=\"http:\/\/dx.doi.org\/10.1080\/23273798.2015.1065335\" target=\"doilink\" rel=\"noopener noreferrer\">10.1080\/23273798.2015.1065335<\/a><\/p>\n<p style=\"text-align: justify;\">Ezeiza, J.; Alberdi, X., (2015) <a href=\"http:\/\/www.scielo.cl\/pdf\/signos\/v48n87\/a01.pdf\" target=\"_blank\" rel=\"noopener noreferrer\">Los marcadores discursivos como rasgo distintivo de los textos del \u00e1mbito de las Ciencias Jur\u00eddicas en lengua vasca: aproximaci\u00f3n estad\u00edstica con proyecci\u00f3n juriling\u00fc\u00edstica<\/a>. <em>Revista Signos. Estudios de Ling\u00fc\u00edstica,\u00a0 48(87). <\/em>ISSN: <em>0035-0451 versi\u00f3n impresa<\/em>; 0718-0934 versi\u00f3n en l\u00ednea. pp. 3-28.<\/p>\n<table border=\"0\" width=\"672\" cellspacing=\"0\" cellpadding=\"0\">\n<tbody>\n<tr>\n<td valign=\"top\" width=\"26\"><img loading=\"lazy\" decoding=\"async\" id=\"largeImage\" style=\"border: 0px none;\" title=\"IBON SARASOLA, GORAZARRE\" src=\"http:\/\/www.ehu.es\/HEB\/wp-content\/uploads\/2015\/03\/sarasola.png\" alt=\"\" width=\"53\" height=\"77\" border=\"0\" \/><\/td>\n<td valign=\"top\" width=\"810\">Fern\u00e1ndez, B. &amp; Salaburu, P. (Eds.)(2015) <a href=\"http:\/\/www.ehu.eus\/ehg\/sarasola\/\" target=\"_blank\" rel=\"noopener noreferrer\"><em>Ibon Sarasola, Gorazarre. Homenatge, Homenaje.<\/em><\/a> EHU Press. ISBN: 978-84-9082-097-1. Pages: 698.<\/td>\n<\/tr>\n<\/tbody>\n<\/table>\n<p style=\"text-align: justify;\"><span class=\"il\">Berro<\/span>, A. (2015) <em><a href=\"http:\/\/www.ehu.eus\/HEB\/wp-content\/uploads\/2015\/10\/Berro_tesia.pdf\" target=\"_blank\" rel=\"noopener noreferrer\">Breaking verbs. From event structure to syntactic categories in Basque<\/a><\/em>. Doctoral dissertation, UPV\/EHU and Universit\u00e9 Bordeaux Montaigne (UBM).<\/p>\n<p style=\"text-align: justify;\"><span class=\"il\">Lindemann<\/span>, D. (2015) <em><a href=\"http:\/\/www.ehu.eus\/HEB\/wp-content\/uploads\/2015\/12\/PhD_Lindemann_Basque.pdf\" target=\"_blank\" rel=\"noopener noreferrer\">Hiztegigintza Elebiduna: Euskara-Alemana<\/a>.<\/em> Doctoral dissertation, UPV\/EHU.<\/p>\n<p style=\"text-align: justify;\">Lindemann, D. (2015) <a href=\"http:\/\/www.peterlang.com\/index.cfm?event=cmp.ccc.seitenstruktur.detailseiten&amp;seitentyp=produkt&amp;pk=87119&amp;cid=722&amp;concordeid=266162\" target=\"_blank\" rel=\"noopener noreferrer\">EuDeLex: Ein deutsch-baskisches zweisprachiges elektronisches W\u00f6rterbuch f\u00fcr DaF-Lernende.<\/a> In: J.-A. Cala\u00f1as Continente &amp; F. Robles i Sabater (Eds.): <i>Die W\u00f6rterb\u00fccher des Deutschen: Entwicklungen und neue Perspektiven<\/i>. Frankfurt: Peter Lang (Spanische Akzente. Studien zur Linguistik des Deutschen, 2), 87\u2013108.<\/p>\n<p style=\"text-align: justify;\">Lindemann, D. &amp; San Vicente, I. 2015c. <a href=\"http:\/\/www.sciencedirect.com\/science\/article\/pii\/S1877042815044468\" target=\"_blank\" rel=\"noopener noreferrer\">Building Corpus-based Frequency Lemma Lists<\/a>. <em>Proceedings of CILC 2015. Procedia \u2013 Social and Behavioral Sciences<\/em>, (198), pp. 266-277<\/p>\n<p style=\"text-align: justify;\">Fern\u00e1ndez, B. (2015) <a href=\"http:\/\/www.publicacions.ub.edu\/revistes\/ejecuta_descarga.asp?codigo=1091\" target=\"_blank\" rel=\"noopener noreferrer\">The syntax of -(k)i, a Basque preposition<\/a>. Xulio Sousa, Carlota de Benito &amp; V\u00edctor Lara (ed.) <em>Dialectologia. Special Issue, V. <a href=\"http:\/\/www.publicacions.ub.edu\/revistes\/dialectologiaSP2015\/\" target=\"_blank\" rel=\"noopener noreferrer\">Syntactic variation in Western European Languages. From the noun phrase to clause structure<\/a><\/em>. ISSN: 2013-2247. Pages: 81-107.<\/p>\n<p style=\"text-align: justify;\"><span lang=\"ES-TRAD\">Laka, I. (2015) <a href=\"http:\/\/www.ehu.es\/HEB\/wp-content\/uploads\/2013\/2014PERSPECTIVASNEUROSINTAXIS.pdf\" target=\"_blank\" rel=\"noopener noreferrer\">Hacia la Neurosintaxis<\/a>. In \u00c1ngel Gallego (Ed.)<i> Perspectivas de sintaxis<\/i>, Madrid: Akal, pp 699-719<\/span><\/p>\n<p style=\"text-align: justify;\">Azkarate, M. (2015) <a href=\"http:\/\/revistes.iec.cat\/index.php\/Terminalia\/article\/view\/139441\/pdf_682\" target=\"_blank\" rel=\"noopener noreferrer\">Euskal terminologia XXI mendean<\/a>. <em>Termin\u00e0lia<\/em> 12, pp. 60-62.<\/p>\n<p style=\"text-align: justify;\">Alberdi, X. (2015) Diskurtso-markatzaileak euskal hiztegietan: <i>alegia, erran nahi baita, hau da, hots\u2026<\/i>. In Fern\u00e1ndez, B. &amp; Salaburu, P. (Eds.). <i>Ibon Sarasola, Gorazarre. Homenatge, Homenaje.<\/i> Bilbao: EHU Press, pp. 37-50.<\/p>\n<p style=\"text-align: justify;\">Azkarate, M. (2015) Euskal lexikografia: kodetzetik garatzera. In Fern\u00e1ndez, B. &amp; Salaburu, P. (Eds.). <i>Ibon Sarasola, Gorazarre. Homenatge, Homenaje. <\/i>Bilbao: EHU Press, pp. 119-136.<\/p>\n<p style=\"text-align: justify;\">Berro, A. (2015) Kokapen aditzak euskaraz. Adposizioen eta aditzen erdigunean. In Fern\u00e1ndez, B. &amp; Salaburu, B. (Eds.) <i>Ibon Sarasola, Gorazarre. Homenatge, Homenaje<\/i>. Bilbao: EHU Press. pp. 137-155.<\/p>\n<p style=\"text-align: justify;\">Fern\u00e1ndez B. (2015) \u201c<a href=\"http:\/\/www.ehu.eus\/ehg\/sarasola\/liburua\/SarasolaGorazarre19.pdf\" target=\"_blank\" rel=\"noopener noreferrer\">-(K)i<\/a>\u201d. In Fern\u00e1ndez, B. &amp; Salaburu, B. (Eds.) <i>Ibon Sarasola, Gorazarre. Homenatge, Homenaje<\/i>. Bilbao: EHU Press. pp. 213-228.<\/p>\n<p style=\"text-align: justify;\">Odria, A. (2015) Euskarazko bigarren mailako predikazioaren murriztapen sintaktikoez. In Fern\u00e1ndez, B. &amp; Salaburu, B. (Eds.) <i>Ibon Sarasola, Gorazarre. Homenatge, Homenaje<\/i>. Bilbao: EHU Press. pp. 499-515.<\/p>\n<p style=\"text-align: justify;\">Salaburu, P. (2015) Euskal hitz ibilienak. In Fern\u00e1ndez, B. &amp; Salaburu, P. (Eds.). <i>Ibon Sarasola, Gorazarre. Homenatge, Homenaje.<\/i> Bilbao: EHU Press, pp. 613-627.<\/p>\n<p style=\"text-align: justify;\">Lindemann, D. &amp; San Vicente, I. (2015) Euskarazko maiztasun lemategia gaurko teknologien ikuspuntutik. In Fern\u00e1ndez, B. &amp; Salaburu, B. (Eds.) <i>Ibon Sarasola, Gorazarre. Homenatge, Homenaje<\/i>. Bilbao: EHU Press, pp. 441\u2013456.<\/p>\n<p style=\"text-align: justify;\">Torrego, E.; Laka, I. (2015) <a href=\"http:\/\/www.ehu.eus\/HEB\/wp-content\/uploads\/2015\/11\/46 Torrego Esther et al-1.pdf\" target=\"_blank\" rel=\"noopener noreferrer\">The syntax of \u03c6-features: Agreement with plural DPs in Basque and Spanish.<\/a> In Fern\u00e1ndez, B. &amp; Salaburu, P. (Eds.). <i>Ibon Sarasola, Gorazarre. Homenatge, Homenaje.<\/i> Bilbao: EHU Press, pp. 633-646.<\/p>\n<p style=\"text-align: justify;\">Alberdi, X. (2015) Diskurtso-markatzaile berri batzuk: <em>beste hitz batzuetan (esanda\/esateko), beste hitzetan (esanda\/esateko)<\/em>. <em>In<\/em> Maria Jos\u00e9 Ezeizabarrena &amp; Ricardo G\u00f3mez (arg.), <em>Eridenen du zerzaz kontenta. Sailkideen omenaldia Henrike Kn\u00f6rr irakasleari (1947-2008)<\/em>. Bilbo: Universidad del Pa\u00eds Vasco-Euskal Herriko Unibertsitatearen Argitalpen Zerbitzua. ISBN: 978-84-9082-092-6.<\/p>\n<p>Berro, A. (2015) From adpositions to events. The case of location verbs in Basque. In Lea Nash &amp; Pollet Samvelian (ed.) <em>Approaches to complex predicates<\/em>. Brill.<\/p>\n<p>Berro, A. (2015) Egoera predikatu berriak euskaraz. In Irantzu Epelde &amp; Koldo Zuazo (ed.)\u00a0<em>Euskal hizkerak eta dialektoak, gaur. Lapurdumeko ale berezia<\/em>.<\/p>\n<p style=\"text-align: justify;\">Lindemann, D. &amp; San Vicente, I. (2015) <a href=\"https:\/\/www.academia.edu\/12364025\/Corpusetan_oinarritutako_hiztegi_elebidun_berria_sortzen\" target=\"_blank\" rel=\"noopener noreferrer\">Corpusetan oinarritutako hiztegi elebidun berria sortzen.<\/a> In Alegria, I., Latatu, A., Omaetxebarria, M.J. (eds.) <em>I. Ikergazte Nazioarteko ikerketa euskaraz: Kongresuko artikulu-bilduma, Udako Euskal Unibertsitatea,<\/em> pp. 95-100.<\/p>\n<p style=\"text-align: justify;\">Pastor, L. (2015) <a href=\"http:\/\/www.ehu.eus\/HEB\/wp-content\/uploads\/2015\/05\/IKERGAZTE.2015.pdf\" target=\"_blank\" rel=\"noopener noreferrer\"> Izen eta Aditzen frekuentziak SVO eta SOV hizkuntzetan.<\/a> In I. Alegria, A. Latatu &amp; M. J. Ormaetxea (Eds.), <i>I. Ikergazte: Nazioarteko ikerketa euskaraz. Kongresuko artikulu-bilduma<\/i>, <em>Udako Euskal Unibertsitatea,<\/em> pp. 116-120.<\/p>\n<p style=\"text-align: justify;\">Salaburu, P. (2015). Hizkuntza corpusak eta euskara. In Gomez, R. &amp; Ezeizabarrena, M.J. (eds.). <i>Eridenen du zerzaz kontenta. Sailkideen omenaldia Henrike Kn\u00f6rr irakasleari (1947-2008)<\/i>. EHU Press. ISBN: 978-84-9860-910-3.<\/p>\n<p style=\"text-align: justify;\">Salaburu, P. (2015) Hizkuntza corpusak eta euskara. In Ezeizabarrena, Maria Jos\u00e9 &amp; G\u00f3mez, Ricardo (arg.), <i>Eridenen du zerzaz kontenta. Sailkideen omenaldia Henrike Kn\u00f6rr irakasleari (1947-2008)<\/i>. Bilbo: Euskal Herriko Unibertsitatearen Argitalpen Zerbitzua. ISBN: 978-84-9860-910-3. pp. 559-576.<\/p>\n<p style=\"text-align: justify;\">Salaburu, P. (2015) Ehun urte alferrik ez. <i>Euskonews<\/i>,\u00a0 Donostia: Eusko Ikaskuntza.<\/p>\n<p style=\"text-align: justify;\">Salaburu, P. (2015) Gauzak ez dira sobera aldatu. <i>Hermes,<\/i> 50,\u00a0 ISBN: 1578-0058. pp. 100-101.<\/p>\n<p style=\"text-align: justify;\">Salaburu, P. (2015) Koldo Mitxelena, Unibertsitateko maisu handia. <i>OARSO<\/i> gehigarria, Errenteria. ISSN: 2386-9070. pp. 38-41.<\/p>\n<p style=\"text-align: justify;\">Salaburu, P. (2015) \u00bfPor qu\u00e9 no ha funcionado Bolonia?. <i>NR 151 <\/i>(<i>Universidad espa\u00f1ola, Reformas pendientes)<\/i>, Madrid: Unir. ISSN: 1130-0426. pp. 133-145.<\/p>\n<p style=\"text-align: justify;\">Urteaga, M. (2015) <a href=\"http:\/\/www.ehu.eus\/HEB\/wp-content\/uploads\/2015\/05\/Ikergazte_2015_Miren_Urteaga.pdf\" target=\"_blank\" rel=\"noopener noreferrer\">Hizkuntzaren prozesamendua garun-eremu motorrean.<\/a> In I. Alegria, A. Latatu &amp; M. J. Ormaetxea (Eds.), <i>I. Ikergazte: Nazioarteko ikerketa euskaraz. Kongresuko artikulu-bilduma, <em>Udako Euskal Unibertsitatea,<\/em> <\/i>pp. 63-69.<\/p>\n<p><\/p>","protected":false},"excerpt":{"rendered":"<p>2025\u00a0 \u00a0 \u00a0\u00a02024\u00a0 \u00a0 \u00a0 \u00a02023\u00a0 \u00a0 \u00a0\u00a0 2022\u00a0 \u00a0 \u00a0 \u00a0\u00a02021 \u00a0\u00a0 \u00a0 \u00a0 2020\u00a0\u00a0\u00a0 \u00a0 \u00a0 2019\u00a0 \u00a0 \u00a0 \u00a0\u00a02018\u00a0 \u00a0 \u00a0 \u00a0\u00a02017\u00a0 \u00a0 \u00a0 \u00a0\u00a02016 \u00a0\u00a0 \u00a0 \u00a0 2014\u00a0 \u00a0 \u00a0 \u00a0\u00a02013\u00a0 \u00a0 \u00a0 \u00a0 2002-2012\u00a0 \u00a0 &hellip; <a href=\"https:\/\/www.ehu.eus\/HEB\/publications-2015\/\">Continue reading <span class=\"meta-nav\">&rarr;<\/span><\/a><\/p>\n","protected":false},"author":2,"featured_media":0,"parent":0,"menu_order":0,"comment_status":"closed","ping_status":"closed","template":"","meta":{"footnotes":""},"_links":{"self":[{"href":"https:\/\/www.ehu.eus\/HEB\/wp-json\/wp\/v2\/pages\/11772"}],"collection":[{"href":"https:\/\/www.ehu.eus\/HEB\/wp-json\/wp\/v2\/pages"}],"about":[{"href":"https:\/\/www.ehu.eus\/HEB\/wp-json\/wp\/v2\/types\/page"}],"author":[{"embeddable":true,"href":"https:\/\/www.ehu.eus\/HEB\/wp-json\/wp\/v2\/users\/2"}],"replies":[{"embeddable":true,"href":"https:\/\/www.ehu.eus\/HEB\/wp-json\/wp\/v2\/comments?post=11772"}],"version-history":[{"count":34,"href":"https:\/\/www.ehu.eus\/HEB\/wp-json\/wp\/v2\/pages\/11772\/revisions"}],"predecessor-version":[{"id":17326,"href":"https:\/\/www.ehu.eus\/HEB\/wp-json\/wp\/v2\/pages\/11772\/revisions\/17326"}],"wp:attachment":[{"href":"https:\/\/www.ehu.eus\/HEB\/wp-json\/wp\/v2\/media?parent=11772"}],"curies":[{"name":"wp","href":"https:\/\/api.w.org\/{rel}","templated":true}]}}