{"id":1284,"date":"2012-05-11T11:38:19","date_gmt":"2012-05-11T11:38:19","guid":{"rendered":"http:\/\/www.ehu.eus\/HEB\/?page_id=1284"},"modified":"2025-02-11T10:47:10","modified_gmt":"2025-02-11T10:47:10","slug":"ane_odria","status":"publish","type":"page","link":"https:\/\/www.ehu.eus\/HEB\/ane_odria\/","title":{"rendered":"ANE ODRIA"},"content":{"rendered":"<p><\/p>\n<p style=\"text-align: center;\"><img loading=\"lazy\" decoding=\"async\" class=\"aligncenter\" title=\"Ane Odria\" src=\"http:\/\/www.ehu.es\/HEB\/wp-content\/uploads\/2014\/04\/ane.JPG\" alt=\"\" width=\"233\" height=\"237\" \/><\/p>\n<p style=\"text-align: center;\">Hizkuntzaren eta Literaturaren Didaktika Saila<br \/>\nHezkuntza, Filosofia eta Antropologia Fakultatea<br \/>\nUniversity of the Basque Country(UPV\/EHU)<br \/>\nO\u00f1ati Plaza, 3<br \/>\n20018 Donostia<br \/>\nEuskal Herria \/ Basque Country<br \/>\nemail: <a href=\"mailto:ane.odria@ehu.es\">ane.odria@ehu.es<\/a><br \/>\nPhone: +34 943 017021<\/p>\n<p style=\"text-align: center;\"><a href=\"http:\/\/basdisyn.net\/Bas&amp;Be\/en\/researchers\/phd-students\/?n=ane_odria\" target=\"_blank\" rel=\"noopener noreferrer\">BasDiSyn<\/a><\/p>\n<p style=\"text-align: justify;\"><span class=\"im\"> I am a teacher and researcher at the University of the Basque Country (UPV\/EHU), Department of Language and Literature Didactics. In May 2017, I defended my Ph.D. Dissertation entitled Differential Object Marking and datives in Basque syntax in the University of the Basque Country (UPV\/EHU). In the thesis, I analyze the syntax of the Differential Object Marking attested in certain Basque varieties and datives in general.<br \/>\nNowadays, I work in the research teams Basque &amp; Beyond and Bilingual Mind under the supervision of Beatriz Fern\u00e1ndez &amp; Itziar Laka, respectively.<br \/>\n<\/span><\/p>\n<p style=\"text-align: justify;\"><strong>Research interests<\/strong><\/p>\n<p style=\"text-align: justify;\">Syntactic Theory, Comparative Syntax, Basque, micro-variation, datives, differential object marking.<\/p>\n<p style=\"text-align: justify;\"><strong>Publications<\/strong><\/p>\n<p style=\"text-align: justify;\">(Argitarabidean) Odria, Ane &amp; Anna Pineda. A micro-comparative approach to DOM in language-contact environments: the case of Catalan, Basque and Spanish. In \u00a0<i>DOM in Romance: towards microvariation (John Benjamins)<\/i>.<\/p>\n<p style=\"text-align: justify;\">(Bidalia) Berro, Ane, Ane Odria &amp; Beatriz Fern\u00e1ndez.\u00a0Indirect causatives in Basque: The syntax of implicit causers and causees.\u00a0<em>Univ. of Deusto, UPV\/EHU<\/em>.<\/p>\n<p style=\"text-align: justify;\">(2025) Berro, Ane; Odria, Ane; Fern\u00e1ndez, Beatriz. Indirect causatives in Basque: The syntax of implicit causees. Natural Language\u00acLinguistic Theory,\u00a0 published online: 10 February 2025. <a href=\"https:\/\/doi.org\/10.1007\/s11049-024-09637-1\" target=\"_blank\" rel=\"noopener\">https:\/\/doi.org\/10.1007\/s11049-024-09637-1<\/a><\/p>\n<p style=\"text-align: justify;\">(2023) Odria, Ane &amp; Anna Pineda. A micro-comparative approach to DOM in language-contact environments: the case of Catalan, Basque and Spanish. In\u00a0 <em>DOM in Romance: towards microvariation (John Benjamins)<\/em>.<\/p>\n<p style=\"text-align: justify;\">(2022) Odria, Ane, Ane Berro &amp; Beatriz Fern\u00e1ndez.\u00a0<a href=\"https:\/\/basqueandbeyond.ehu.eus\/pdf\/FLV133_07.pdf\" target=\"_blank\" rel=\"noopener\" data-saferedirecturl=\"https:\/\/www.google.com\/url?q=https:\/\/basqueandbeyond.ehu.eus\/pdf\/FLV133_07.pdf&amp;source=gmail&amp;ust=1656764755554000&amp;usg=AOvVaw23X_579SyPtfl0XQLhaz84\">Pertsona murriztapenak ditu inpertsonaltasunak: euskararen kasua<\/a>.\u00a0<em>Fontes Linguae Vasconum<\/em>, 133. 191-219.<\/p>\n<p style=\"text-align: justify;\">(2022) Berro, Ane, Ane Odria &amp; Beatriz Fern\u00e1ndez. <a href=\"https:\/\/onlinelibrary.wiley.com\/journal\/14679612\" target=\"_blank\" rel=\"noopener\">Person matters in impersonality<\/a>. <em>Syntax, <\/em>25(1). Wiley. 1-41.<\/p>\n<p style=\"text-align: justify;\">(2022) Bilbao, Kristina, Ane Odria, Ane Berro, Josu Landa &amp; Beatriz Fern\u00e1ndez. <em>Euskara Bariazioan \/ Basque in Variation (BiV)\u00a0<\/em>(3rd ed.).<em>\u00a0<\/em>UPV\/EHU. ISBN: 978-84-1319-456-1.<\/p>\n<p style=\"text-align: justify;\">(2021) Anna Pineda &amp; Ane Odria. Estudi comparatiu del marcatge diferencial d\u2019objecte en situacions de contacte ling\u00fc\u00edstic (catal\u00e0-espanyol i basc-espanyol). Treballs de socioling\u00fc\u00edstica catalana. Volume 31.<\/p>\n<p style=\"text-align: justify;\">(2020) Leire Ugalde, Elena Bernaras, Eider Rodr\u00edguez &amp; Ane Odria. <a href=\"https:\/\/recyt.fecyt.es\/index.php\/RIFOP\/article\/download\/76567\/49202\">El Trabajo Interdisciplinar de M\u00f3dulo como herramienta para el desarrollo de competencias transversales<\/a>. <em>Revista Interuniversitaria de Formaci\u00f3n del Profesorado<\/em>. Volume: 34, Num. 1, pp. 243-262.<\/p>\n<p style=\"text-align: justify;\"><span lang=\"EN-US\"> (2019) Odria, Ane. <a href=\"https:\/\/benjamins.com\/catalog\/li.00027.odr\" target=\"_blank\" rel=\"noopener noreferrer\">DOM and datives in Basque: not as homogeneous as they might seem.<\/a> Anna Pineda &amp; <\/span>Monica Alexandrina Irimia (ed.) <em>Linguisticae Investigationes<\/em>. Amsterdam \/ Philadelphia: John Benjamins. 42(1), pages: 8-31.<\/p>\n<p style=\"text-align: justify;\">(2019) Odria, Ane. <a href=\"https:\/\/brill.com\/abstract\/book\/edcoll\/9789004395398\/BP000008.xml\" target=\"_blank\" rel=\"noopener noreferrer\">Differential Object Marking in Basque and Spanish dialects<\/a>. In Berro, Ane, Beatriz Fern\u00e1ndez &amp; Jon Ortiz de Urbina (ed.) <em>Basque and Romance: Aligning grammars<\/em>. Leiden\/Boston: Brill. Pages: 243-275.<\/p>\n<p style=\"text-align: justify;\">(2017) <span class=\"il\">Odria<\/span>, Ane. <em>Differential Object Marking and datives in Basque syntax<\/em>. Doctoral dissertation, University of the Basque Country.<\/p>\n<p style=\"text-align: justify;\">(2015) Odria, Ane. \u201cEuskarazko bigarren mailako predikazioaren murriztapen sintaktikoez\u201d. In Beatriz Fern\u00e1ndez &amp; Pello Salaburu (ed.) Ibon Sarasola gorazarren. Homenatge. Homenaje. Bilbo: UPV\/EHU Argitalpen Zerbitzua. 499-515<em>.<\/em><\/p>\n<p style=\"text-align: justify;\">(2014) Odria, Ane. \u201c<a href=\"https:\/\/benjamins.com\/#catalog\/journals\/lv.14.2.03odr\/details\" target=\"_blank\" rel=\"noopener noreferrer\">Differential Object Marking and the nature of dative case in Basque varieties<\/a>\u201d. Linguistic Variation, 14-2. Amsterdam\/Philadelphia: John Benjamins. 289-317.<\/p>\n<p style=\"text-align: justify;\">(2013) Odria, Ane. <a href=\"http:\/\/www.ehu.es\/seg\/morf\/5\/15\/1\/3\" target=\"_blank\" rel=\"noopener noreferrer\">\u201cAditz laguntzaileak eta berauen txandakatzeak\u201d<\/a>. P. Salaburu, P. Goenaga, I. Sarasola (ed.) <em>Sareko Euskal Gramatika. The New Online Basque Grammar (SEG)<\/em>.<\/p>\n<p style=\"text-align: justify;\">(2012) Odria, Ane. \u201cWhat lies behind differential object marking: a survey in Basque dialects. \u201d. In P. Salaburu, P. Goenaga &amp; I. Sarasola (ed.) <em>Sareko Euskal Gramatika. The New Online Basque Grammar (SEG)<\/em>. Master Tesia \/ Master Thesis. UPV\/EHU.<\/p>\n<p style=\"text-align: justify;\"><strong><strong>Presentations<\/strong><\/strong><\/p>\n<p style=\"text-align: justify;\">(2021) The interaction between the implicit subject and the person restriction in Basque impersonals. Berro, Ane, Ane Odria &amp; Beatriz Fern\u00e1ndez.\u00a0<em>54th Annual Meeting of the Societas Linguistica Europaea<\/em>. 2021\/8\/30-2021\/9\/3, Athens, Greece.<\/p>\n<p style=\"text-align: justify;\">(2021) Arazo pertsonalak dauzka inpertsonaltasunak. Odria, Ane, Ane Berro &amp; Beatriz Fern\u00e1ndez.\u00a0<em>Hizkuntzalari Euskaldunen V. Topaketa. Kimu berriak euskal hizkuntzalaritzan.<\/em>. 2021\/7\/2, Eibar, UEU.<\/p>\n<p style=\"text-align: justify;\">(2021) The interaction between the implicit subject and the person restriction in Basque impersonals. Berro, Ane, Ane Odria &amp; Beatriz Fern\u00e1ndez.\u00a0<em>54th Annual Meeting of the Societas Linguistica Europaea<\/em>. 2021\/8\/30-2021\/9\/3, Athens, Greece.<\/p>\n<p style=\"text-align: justify;\">(2021) Arazo pertsonalak dauzka inpertsonaltasunak. Odria, Ane, Ane Berro &amp; Beatriz Fern\u00e1ndez.\u00a0<em>Hizkuntzalari Euskaldunen V. Topaketa. Kimu berriak euskal hizkuntzalaritzan.<\/em>. 2021\/7\/2, Eibar, UEU.<\/p>\n<p style=\"text-align: justify;\">(2020) \u201cMDO, leismo y doblado de cl\u00edtico en euskera y el espa\u00f1ol del pa\u00eds vasco \u201d. Odria, Ane. <em>IV Encuentro de Dialectos del Espa\u00f1ol<\/em>. December 17, Online.<\/p>\n<p style=\"text-align: justify;\">(2020) \u201cA comparative study of DOM in language-contact environments: the case of Catalan, Basque and Spanish\u201d. Odria Ane &amp; Anna Pineda. <em>Linguistic consequences of language contact Lekua online<\/em>. June 26, Baiona (online).<\/p>\n<p style=\"text-align: justify;\">(2019) &#8220;Datiboen izaera sintaktikoa Bigarren Mailako Predikazioaren eta Pertsona Kasuaren Murriztapenaren argitan&#8221;. Odria, Ane.\u00a0 <em>FLV, 50 urte<\/em>. March, 6-7, Iru\u00f1ea.<\/p>\n<p style=\"text-align: justify;\">(2018)\u00a0 &#8220;<a href=\"http:\/\/www.ehu.eus\/HEB\/wp-content\/uploads\/2018\/11\/A.Odria_Paris.pdf\" target=\"_blank\" rel=\"noopener noreferrer\">Differential Object Marking in Basque and Spanish dialects: a micro-comparative approach.<\/a>&#8221; Odria, Ane.<em> International workshop on Differential Object Marking in Romance-towards microvariation.<\/em> INALCO (Institut national des langues et civilisations orientales). Paris.<em><a href=\"http:\/\/www.ehu.es\/HEB\/wp-content\/uploads\/2018\/11\/brochure_resumes_9.10nov2018final.pdf\" target=\"_blank\" rel=\"noopener noreferrer\"> [Workshop information]<\/a><br \/>\n<\/em><\/p>\n<p style=\"text-align: justify;\">(2015) \u201cDative Case in Basque DOM objects: a configurational approach\u201d. Odria, Ane.\u00a0<em>48th Annual Meeting of the Societas Linguistica Europaea<\/em>. Leiden.<\/p>\n<p style=\"text-align: justify;\">(2015) \u201cThe structural Case of Basque DOM objects: not only functional, but also configurational\u201d. Odria, Ane.\u00a0<em>Colloquium on Generative Grammar 25.<\/em> Baiona.<\/p>\n<p style=\"text-align: justify;\">(2014) &#8220;In favor of an Agree-based DOM dative in Basque (and beyond)&#8221;. Odria, Ane.\u00a0<em>Penn Linguistics Conference (PLC)<\/em>. March 28-30, Philadelphia.<\/p>\n<p style=\"text-align: justify;\">(2014) \u201cWhen the same morphological case does not mean the same Case assignment: the case of Basque datives\u201d. Odria, Ane.\u00a0<i>Console XXII<\/i>. January 8-10, Lisbon.<\/p>\n<p style=\"text-align: justify;\">(2013) \u201cTwo ways of getting a dative in Basque dialects\u201d. Odria, Ane. <i>1st UCL Graduate Conference in Linguistics<\/i>. November 7-8, London.<\/p>\n<p style=\"text-align: justify;\">(2013) \u201cOn the nature of case and agreement checking in Basque varieties with Differential Object Marking\u201d. Odria, Ane. <i>Societas Linguistica Europaea, 46th Annual Meeting<\/i>. September 18-21, Split.<\/p>\n<p style=\"text-align: justify;\">(2013) \u201cOsagarrien Markapen Bereizgarria euskal hizkeretan\u201d. Odria, Ane.<em>Hizkuntzalari Euskaldunen I. Topaketak (UEU)<\/em>. July 4, Eibar.<\/p>\n<p style=\"text-align: justify;\">(2013) \u201cWhen Basque and Spanish met: A micro and macrocomparative approach to Differential Object Marking\u201d. Ane Odria, Beatriz Fern\u00e1ndez &amp; Milan Rezac.\u00a0<em>25th Scandinavian Conference on Linguistics<\/em>. May 13-15, Reykjavik.<\/p>\n<p style=\"text-align: justify;\">(2012) \u201cDifferential object marking and object case\/agreement checking in Basque dialects\u201d. Odria, Ane. <em>NYU Syntax\/Semantics Brown Bag, New York University (NYU)<\/em>. November 16, New York.<\/p>\n<p style=\"text-align: justify;\">(2012) \u201cThe Basque auxiliary verb\u201d. Odria, Ane. <em>Grammatical Diversity, New York University (NYU)<\/em>. November 8, New York.<\/p>\n<p style=\"text-align: justify;\">(2012) \u201cPostpositional and structural datives in Basque DOM constructions\u201d. Odria, Ane.\u00a0<em>Hizkuntzalaritza Formaleko Ikertzaile Gazteen Topaketa (UPV\/EHU)<\/em>. June 27, Gasteiz.<\/p>\n<p style=\"text-align: justify;\"><span style=\"text-align: justify;\">(2012) \u201cZergatik ikusi dizut?\u201d. Odria, Ane.\u00a0<em>IKER Mintegia (IKER-UMR)<\/em>. June 7, Baiona.<\/span><\/p>\n<p style=\"text-align: justify;\"><span style=\"text-align: justify;\">(2012) \u201cIntransitivization of reflexive and reciprocal predicates in Basque. The case of bivalent ditransitive predicates\u201d. Berro, Ane &amp; Ane Odria. <\/span><em style=\"text-align: justify;\">Wedisyn&#8217;s 3rd Workshop on Syntactic Variation<\/em><span style=\"text-align: justify;\">. March 22-23, Uvi\u00e9u-Oviedo.<\/span><\/p>\n<p style=\"text-align: justify;\">(2011) \u201cFactors involved in the Dative\/Absolutive marking of the object in Basque: affectedness and animacy \u201d. Odria, Ane. <em>Seminario del Centre de Ling\u00fc\u00edstica Te\u00f2rica (CLT) de la Universidad Aut\u00f3noma de Barcelona (UAB)<\/em>. September 30, Barcelona.<\/p>\n<p style=\"text-align: justify;\">(2011) \u201cSubject and object case variation: Dialectal evidence from Basque\u201d. Berro, Ane &amp; Ane Odria. <em>Variation and Typology: New trends in syntactic research<\/em>. August 25-27, Helsinki.<\/p>\n<p style=\"text-align: justify;\">(2010) \u201cAbsolutive\/dative alternating verbs in Basque\u201d. Odria, Ane.\u00a0<em>Wedisyn&#8217;s 1st Workshop on Syntactic Variation (IKER-UMR)<\/em>. March 4-5, Baiona.<\/p>\n<p style=\"text-align: justify;\"><strong>Visiting fellowships<\/strong><\/p>\n<p>December 2018 &#8211; March 2019: CNRS IKER UMR 5478<\/p>\n<div style=\"text-align: justify;\">\n<div>\n<p>September 2012 &#8211; December 2012: New York University (NYU)\u00a0(under supervision of Professor Richard S. Kayne)<\/p>\n<\/div>\n<\/div>\n<div style=\"text-align: justify;\">\n<p><strong>Organization of scientific meetings<\/strong><\/p>\n<div>\n<p>2013: Towards a Theory of Syntactic Variation<\/p>\n<p>2011: Basque Comparative Syntax (An Encounter with Richard S. Kayne)<\/p>\n<\/div>\n<\/div>\n<div style=\"text-align: justify;\">\n<p style=\"text-align: justify;\"><strong>\u00a0Research Projects<\/strong><\/p>\n<p style=\"font-weight: 400;\">Gogo Elebiduna\/The Bilingual Mind (GIU 09\/44-IT414-10) (Principal Investigator: Itziar Laka)<\/p>\n<p style=\"font-weight: 400;\">Gogo Elebiduna\/The Bilingual Mind (IT1439-22) (Principal Investigator: Itziar Laka)<\/p>\n<p>Resolviendo el puzle del lenguaje: morfosint\u00e1xis vasca en variaci\u00f3n (PGC2018-096380-B-I00) (Principal Investigator: Beatriz Fern\u00e1ndez)<\/p>\n<p>Gogo Elebiduna\/La Mente Biling\u00fce [ IT1169-19 (2019-2021)]. Consolidated Research Group of Excellence, A grade. (Principal Investigator: Itziar Laka Mugarza)<\/p>\n<p>Gaztesare: multiling\u00fc\u00edsmo e identidades glocales en las redes sociales entre los j\u00f3venes vascos (<span lang=\"EU\">2018\/04 A.E.C.T.<\/span>) (Principal Investigator\/Ikertzaile Nagusia: Agurtzane Elordui)<\/p>\n<p><span lang=\"EU\">M\u00e9dias et langues au Pays Basque: code-mixing chez les professionnels de la t\u00e9l\u00e9vision &amp; radio (2017-1R40306) (Principal Investigator\/Ikertzaile Nagusia: Irantzu Epelde)<\/span><\/p>\n<div class=\"laukiaArr\">\n<p>Towards a Theory of Syntactic (micro)Variation: Basque and Beyond (FFI2014-51878-P) (Principal Investigator: Beatriz Fern\u00e1ndez)<\/p>\n<p>AThEME &#8211; Advancing the European Multilingual Experience EC FP7\/SSH-2013-1 AThEME (613465) (Principal Investigator\/Ikertzaile Nagusia: Lisa L. Cheng, Leiden University)<\/p>\n<p>Gogo elebiduna\/La mente biling\u00fce (IT 665-13) (Principal Investigator: Itziar Laka Mugarza)<\/p>\n<p>Sintaxis comparativa del euskera: hacia una gram\u00e1tica vasca dialectal (Basque Dialect Grammar) (FF2011-26906) (Principal Investigator\/Ikertzaile Nagusia: Beatriz Fern\u00e1ndez)<\/p>\n<p>The Edisyn project: towards a network of European dialect syntax (HM-2009-1-25) (Principal Investigator\/Ikertzaile Nagusia: Beatriz Fern\u00e1ndez)<\/p>\n<p>Gram\u00e1tica Vasca en la Red (HUM2007-29151-E\/FILO) (Principal Investigators: Pello Salaburu, Patxi Goenaga\u00a0&amp; Ibon Sarasola)<\/p>\n<p>Syntactic microvariation in Basque: a theoretic and typological approach (FFI2008-00240\/FILO)\u00a0(Principal Investigator: Beatriz Fern\u00e1ndez)<\/p>\n<\/div>\n<p style=\"text-align: justify;\"><strong>Others<\/strong><\/p>\n<div>\n<p style=\"text-align: justify;\">2013 June National Award 2009-2010 in Undergraduate Studies (Premio Nacional de Fin de Carrera de Educaci\u00f3n Universitaria 2009-2010. Ministry of Education, Culture and Sports, Spain).<\/p>\n<p style=\"text-align: justify;\">2013 April Best Linguistics Master student 2011\/2012 (University of the Basque Country)<\/p>\n<p style=\"text-align: justify;\">2011 &#8211; 2014 PhD Fellowship (Basque Government) (BFI-2010-185)<\/p>\n<p style=\"text-align: justify;\">September 2010 &#8211; December 2010 researcher under contract (UPV\/EHU) (PIC 269\/09)<\/p>\n<p style=\"text-align: justify;\">June 2010 Graduated with distinction in Basque Studies (UPV\/EHU)<\/p>\n<p style=\"text-align: justify;\">October 2009 &#8211; June 2010 Collaboration Fellowship (Basque Government)<\/p>\n<\/div>\n<\/div>\n<p><\/p>","protected":false},"excerpt":{"rendered":"<p>Hizkuntzaren eta Literaturaren Didaktika Saila Hezkuntza, Filosofia eta Antropologia Fakultatea University of the Basque Country(UPV\/EHU) O\u00f1ati Plaza, 3 20018 Donostia Euskal Herria \/ Basque Country email: ane.odria@ehu.es Phone: +34 943 017021 BasDiSyn I am a teacher and researcher at the &hellip; <a href=\"https:\/\/www.ehu.eus\/HEB\/ane_odria\/\">Continue reading <span class=\"meta-nav\">&rarr;<\/span><\/a><\/p>\n","protected":false},"author":2,"featured_media":0,"parent":0,"menu_order":0,"comment_status":"closed","ping_status":"closed","template":"","meta":{"footnotes":""},"_links":{"self":[{"href":"https:\/\/www.ehu.eus\/HEB\/wp-json\/wp\/v2\/pages\/1284"}],"collection":[{"href":"https:\/\/www.ehu.eus\/HEB\/wp-json\/wp\/v2\/pages"}],"about":[{"href":"https:\/\/www.ehu.eus\/HEB\/wp-json\/wp\/v2\/types\/page"}],"author":[{"embeddable":true,"href":"https:\/\/www.ehu.eus\/HEB\/wp-json\/wp\/v2\/users\/2"}],"replies":[{"embeddable":true,"href":"https:\/\/www.ehu.eus\/HEB\/wp-json\/wp\/v2\/comments?post=1284"}],"version-history":[{"count":108,"href":"https:\/\/www.ehu.eus\/HEB\/wp-json\/wp\/v2\/pages\/1284\/revisions"}],"predecessor-version":[{"id":17230,"href":"https:\/\/www.ehu.eus\/HEB\/wp-json\/wp\/v2\/pages\/1284\/revisions\/17230"}],"wp:attachment":[{"href":"https:\/\/www.ehu.eus\/HEB\/wp-json\/wp\/v2\/media?parent=1284"}],"curies":[{"name":"wp","href":"https:\/\/api.w.org\/{rel}","templated":true}]}}