{"id":13103,"date":"2017-04-11T08:18:19","date_gmt":"2017-04-11T08:18:19","guid":{"rendered":"http:\/\/www.ehu.eus\/HEB\/?page_id=13103"},"modified":"2018-11-12T11:38:31","modified_gmt":"2018-11-12T11:38:31","slug":"conferences-2016","status":"publish","type":"page","link":"https:\/\/www.ehu.eus\/HEB\/conferences-2016\/","title":{"rendered":"CONFERENCES 2016"},"content":{"rendered":"<p style=\"text-align: justify;\">Berro, A. Basque and Romance in contact. The case of some intransitive verbs. <em>Language Contact from an I-Language Perspective<\/em>. Donostia \/ San Sebasti\u00e1n. October 27-28, 2016.<\/p>\n<p style=\"text-align: justify;\">Fern\u00e1ndez, B. Some (typological) thoughts on the applicative analysis of Basque -(k)i. <em>49th Annual Meeting of the Societas Linguistica Europaea (SLE), <\/em>Napoli. August 31 \u2013 September 3, 2016.<\/p>\n<p style=\"text-align: justify;\"><span lang=\"EN-US\">L\u00f3pez-Sancio, S. Testing syntactic islands in Spanish. Oral communication. <em>XII Congreso Internacional de Ling\u00fc\u00edstica General (CILG2016),<\/em> Alcal\u00e1 de Henares (Madrid). May 23, 2016.<br \/>\n<\/span><\/p>\n<p style=\"text-align: justify;\">Antzaka, A., Lallier, M., Acha, J., &amp; Carreiras., M. Morphological awareness and visual attention span in reading development: Is their role modulated by lexicality and morphological complexity when reading aloud or copying?. <em>International Workshop on Reading and Developmental Dyslexia<\/em>, Bilbao. May 2016.<\/p>\n<p style=\"text-align: justify;\"><span lang=\"EN-US\">Laka, I. Verb agreement inside-out: features, distance and attraction. Invited talk. <em>GLIF (Formal Linguistics Research Group) Seminar<\/em>, Universitat Pompeu Fabra. May 20, 2016.<\/span><\/p>\n<p style=\"text-align: justify;\">Berro, A. On the relation between ergativity and the subeventive structure in Basque. <em>LaGraM Seminar. Structures Formelles du Langage<\/em>. Paris. May 2, 2016.<\/p>\n<p style=\"text-align: justify;\"><span lang=\"EN-US\">Laka, I. Hizkuntzen ikaskuntza eta ikerkuntza [Ense\u00f1anza e investigaci\u00f3n de las lenguas]. Invited talk. <em>IV edici\u00f3n de las jornadas<\/em> <em>Euskal Eskola Publikoa<\/em>, Donostia-San Sebasti\u00e1n. April 21, 2016.<br \/>\n<\/span><\/p>\n<p style=\"text-align: justify;\"><span lang=\"EN-US\">Laka, I. Theoretical and experimental perspectives on ergativity. Invited talk. <em>42<sup>nd<\/sup> Generative Grammar Meeting<\/em>, University of Salento, Lecce (Italy). February 18-20, 2016.<br \/>\n<\/span><\/p>\n<p style=\"text-align: justify;\">Berro, A. Looking for the verbal category in Basque syntax: not found. <em>42 Incontro di Grammatica Generativa<\/em>. Lecce (Italy). February 18-20, 2016.<\/p>\n<p style=\"text-align: justify;\">Laka, I. Encender frente a llenar, entender frente a saber. <span lang=\"EN-US\">Invited talk<\/span>.<i> III JORNADAS GrOC<\/i> <i>(Gram\u00e1tica Orientada a las Competencias). <\/i>Universitat de Barcelona (Barcelona). February 4-5, 2016.<\/p>\n<p style=\"text-align: justify;\"><span lang=\"EN-US\">Laka I. All we ever look for: an agent. Invited talk. <i>Experimental Approaches to Arabic and Other Understudied Languages (EXAL+).<\/i> <\/span>NYU Abu Dhabi (EAU). January 16-17, 2016.<\/p>\n<p style=\"text-align: justify;\"><span lang=\"EN-US\">Ros, I., Egusquiza, N. &amp; Laka, I. Agreement attraction effects in Basque production and judgement acceptability data. <\/span>Talk. <i>Experimental Approaches to Arabic and Other Understudied Languages (EXAL+).<\/i> NYU Abu Dhabi (EAU). January 16-17, 2016.<\/p>\n<p>&nbsp;<\/p>\n<p>&nbsp;<\/p>\n<p class=\"MsoNormal\"><span style=\"font-family: 'Times New Roman','serif'; color: white;\">.<\/span><\/p>\n<p class=\"MsoNormal\"><span style=\"font-family: 'Times New Roman','serif'; color: white;\">.<\/span><\/p>\n<p class=\"MsoNormal\"><span style=\"font-family: 'Times New Roman','serif'; color: white;\">.<\/span><\/p>\n<p class=\"MsoNormal\"><span style=\"font-family: 'Times New Roman','serif'; color: white;\">.<\/span><\/p>\n<p class=\"MsoNormal\"><span style=\"font-family: 'Times New Roman','serif'; color: white;\">.<\/span><\/p>\n<p class=\"MsoNormal\"><span style=\"font-family: 'Times New Roman','serif'; color: white;\">.<\/span><\/p>\n<p class=\"MsoNormal\"><span style=\"font-family: 'Times New Roman','serif'; color: white;\">.<\/span><\/p>\n<p class=\"MsoNormal\"><span style=\"font-family: 'Times New Roman','serif'; color: white;\">.<\/span><\/p>\n<p class=\"MsoNormal\"><span style=\"font-family: 'Times New Roman','serif'; color: white;\">.<\/span><\/p>\n<p class=\"MsoNormal\"><span style=\"font-family: 'Times New Roman','serif'; color: white;\">.<\/span><\/p>\n<p class=\"MsoNormal\"><span style=\"font-family: 'Times New Roman','serif'; color: white;\">.<\/span><\/p>\n","protected":false},"excerpt":{"rendered":"<p>Berro, A. Basque and Romance in contact. The case of some intransitive verbs. Language Contact from an I-Language Perspective. Donostia \/ San Sebasti\u00e1n. October 27-28, 2016. Fern\u00e1ndez, B. Some (typological) thoughts on the applicative analysis of Basque -(k)i. 49th Annual &hellip; <a href=\"https:\/\/www.ehu.eus\/HEB\/conferences-2016\/\">Continue reading <span class=\"meta-nav\">&rarr;<\/span><\/a><\/p>\n","protected":false},"author":2,"featured_media":0,"parent":0,"menu_order":0,"comment_status":"closed","ping_status":"closed","template":"","meta":{"footnotes":""},"_links":{"self":[{"href":"https:\/\/www.ehu.eus\/HEB\/wp-json\/wp\/v2\/pages\/13103"}],"collection":[{"href":"https:\/\/www.ehu.eus\/HEB\/wp-json\/wp\/v2\/pages"}],"about":[{"href":"https:\/\/www.ehu.eus\/HEB\/wp-json\/wp\/v2\/types\/page"}],"author":[{"embeddable":true,"href":"https:\/\/www.ehu.eus\/HEB\/wp-json\/wp\/v2\/users\/2"}],"replies":[{"embeddable":true,"href":"https:\/\/www.ehu.eus\/HEB\/wp-json\/wp\/v2\/comments?post=13103"}],"version-history":[{"count":3,"href":"https:\/\/www.ehu.eus\/HEB\/wp-json\/wp\/v2\/pages\/13103\/revisions"}],"predecessor-version":[{"id":14022,"href":"https:\/\/www.ehu.eus\/HEB\/wp-json\/wp\/v2\/pages\/13103\/revisions\/14022"}],"wp:attachment":[{"href":"https:\/\/www.ehu.eus\/HEB\/wp-json\/wp\/v2\/media?parent=13103"}],"curies":[{"name":"wp","href":"https:\/\/api.w.org\/{rel}","templated":true}]}}