{"id":13428,"date":"2018-01-24T15:07:32","date_gmt":"2018-01-24T15:07:32","guid":{"rendered":"http:\/\/www.ehu.eus\/HEB\/?page_id=13428"},"modified":"2020-02-25T15:04:48","modified_gmt":"2020-02-25T15:04:48","slug":"conferences-2017","status":"publish","type":"page","link":"https:\/\/www.ehu.eus\/HEB\/conferences-2017\/","title":{"rendered":"CONFERENCES 2017"},"content":{"rendered":"<p><\/p>\n<p style=\"text-align: justify;\">Azkarate, M. Basque at a Crossroads: Crossing the Bridge from Formal to Informal Uses. Ponencia invitada en el Symposium\u00a0<em>Language Policies in Spain: Multidisciplinary\/Critical Approaches<\/em>, Barcelona. November 13 &amp; 14, 2017.<\/p>\n<p style=\"text-align: justify;\">Lindemann, D.; Kliche, F. <a href=\"http:\/\/www.ehu.eus\/HEB\/wp-content\/uploads\/2012\/06\/eLex2017_Lindemann_Kliche_Slides_Final.pdf\" target=\"_blank\" rel=\"noopener noreferrer\">Bilingual Dictionary Drafting: Bootstrapping WordNet and BabelNet.<\/a> Oral Communication. <em>ELex 2017 Conference. <\/em>Leiden (Netherlands). September 19-21, 2017.<\/p>\n<p style=\"text-align: justify;\">Orbegozo, I, Berro, A. &amp; Fern\u00e1ndez, B.\u00a0 Basque in Variation \/ Euskara Bariazioan (BiV): An Online Database on Basque Morphosyntactic Variation.\u00a0\u00a0<em>50th Annual Meeting of the Societas Linguistica Europaea<\/em>.\u00a0 Zurich (Switzerland).\u00a0September 10-13, 2017.<\/p>\n<p style=\"text-align: justify;\">Berro, A. Basque adjectival participles are functionally richer.\u00a0<em>50th Annual Meeting of Societas Linguistica Europaea 2017<\/em>. Z\u00fcrich (Switzerland). September 10-13, 2017.<\/p>\n<p style=\"text-align: justify;\">L\u00f3pez-Sancio, S. &amp; Laka, I. (2017). Subject island variation across dependency types in Spanish and Italian. Poster at\u00a0<em>AMLaP 2017.\u00a0<\/em>Lancaster (UK). September 5-7, 2017.<\/p>\n<p style=\"text-align: justify;\">Pastor, L. &amp; Laka, I. (2017). How Basque reduces it. Poster at <em>AMLaP 2017.\u00a0<\/em>Lancaster (UK). September 5-7, 2017.<\/p>\n<p style=\"text-align: justify;\">L\u00f3pez-Sancio, S. (2017). An experimental evaluation of subject islands in Spanish and Italian. Talk at\u00a0<em>Experimental Psycholinguistics Conference.\u00a0<\/em>Menorca (Spain). June 28, 2017.<\/p>\n<p style=\"text-align: justify;\">Ros, I.; Egusquiza, N. &amp; Laka, I. Attraction effects in Basque: Comprehension data. Talk at <i>Experimental Psycholinguistics Conference.<\/i>\u00a0UNED, Mah\u00f3n-Ma\u00f3, Menorca. June 27-30, 2017.<\/p>\n<p style=\"text-align: justify;\"><span lang=\"EN-US\">Orbegozo, I.; Berro, A. &amp; Fern\u00e1ndez, B.<\/span> Euskara Bariazioan \/ Basque in Variation (BiV): Euskal aldakortasun morfosintaktikoa erakusten duen sareko datu basea.<span lang=\"EN-US\"> <em>EUDIA-6 WORKSHOP Linguistic variation in the Basque language and Education<\/em>. Leioa. June 9, 2017<\/span>.<\/p>\n<p style=\"text-align: justify;\">Berro, A.; Pineda, A. Aparent unaccusative unergatives in Basque and Romance. Berro, Ane &amp; Anna Pineda.\u00a0<em>Workshop on Voice<\/em>. Cambridge. May 22-24, 2017.<\/p>\n<p style=\"text-align: justify;\">Ros, I.; Zawiszewski, A.;\u00a0 Santesteban, M. &amp; Itziar Laka. The impact of language specific distributional patterns on the bias for short dependencies: Cross-linguistic evidence from Basque, Polish and Spanish. Talk at <i>Linguistic diversity meets the brain: Future directions on language sciences<\/i>. University of Z\u00fcrich, May 14-17, 2017.<\/p>\n<p style=\"text-align: justify;\"><span lang=\"EN-US\">Pastor, L.; Laka, I. Reducing animacy interference in Basque: pro-drop or postverbal scrambling?. Poster. <em>The 30th CUNY Conference on Human Sentence Proceessing,<\/em> MIT, Cambridge. April 1, 2017.<\/span><\/p>\n<p style=\"text-align: justify;\">Ros, I.; Egusquiza, N.; Laka, I. Facilitatory effects in grammatical and ungrammatical sentences in Basque: a novel of agreement attraction. Poster presented at <em>the 30th Annual CUNY Conference on Human Sentence Processing<\/em>. MIT, Cambridge, Massachusetts. March 30-April, 1, 2017.<\/p>\n<p style=\"text-align: justify;\">Ros, I.; Santesteban, M.; Laka, I. The effect of memory demands on dependency length minimization. Poster presented at <em>the 30th Annual CUNY Conference on Human Sentence Processing<\/em>. MIT, Cambridge, Massachusetts. March 30-April, 1, 2017.<\/p>\n<p style=\"text-align: justify;\">Dom\u00ednguez V\u00e1zquez, M.J.; Lindemann, D.; Valc\u00e1rcel, C. PORTLEX: Development and application of a multilingual noun valency dictionary. Oral Communication.<em> IV EMLex International Conference.<\/em> Santiago de Compostela (Spain). March 30, 2017.<\/p>\n<p style=\"text-align: justify;\">Berro, A. The syntax and semantics of KA. A cumulative suffix in Basque. <em>IKER UMR 5478 (CNRS).<\/em> Baiona. March 15, 2017.<\/p>\n<p style=\"text-align: justify;\">Berro, A. Pluractionals and more. The cumulative suffix KA in Basque. <em>LaGraM Seminar. Structures Formelles du Langage<\/em>. Paris. March 13, 2017.<span style=\"font-family: 'Times New Roman','serif'; color: white;\">.<\/span><\/p>\n<p class=\"MsoNormal\"><span style=\"font-family: 'Times New Roman','serif'; color: white;\">.<\/span><\/p>\n<p class=\"MsoNormal\"><span style=\"font-family: 'Times New Roman','serif'; color: white;\">.<\/span><\/p>\n<p class=\"MsoNormal\"><span style=\"font-family: 'Times New Roman','serif'; color: white;\">.<\/span><\/p>\n<p class=\"MsoNormal\"><span style=\"font-family: 'Times New Roman','serif'; color: white;\">.<\/span><\/p>\n<p class=\"MsoNormal\"><span style=\"font-family: 'Times New Roman','serif'; color: white;\">.<\/span><\/p>\n<p class=\"MsoNormal\"><span style=\"font-family: 'Times New Roman','serif'; color: white;\">.<\/span><\/p>\n<p class=\"MsoNormal\"><span style=\"font-family: 'Times New Roman','serif'; color: white;\">.<\/span><\/p>\n<p class=\"MsoNormal\"><span style=\"font-family: 'Times New Roman','serif'; color: white;\">.<\/span><\/p>\n<p><\/p>","protected":false},"excerpt":{"rendered":"<p>Azkarate, M. Basque at a Crossroads: Crossing the Bridge from Formal to Informal Uses. Ponencia invitada en el Symposium\u00a0Language Policies in Spain: Multidisciplinary\/Critical Approaches, Barcelona. November 13 &amp; 14, 2017. Lindemann, D.; Kliche, F. Bilingual Dictionary Drafting: Bootstrapping WordNet and &hellip; <a href=\"https:\/\/www.ehu.eus\/HEB\/conferences-2017\/\">Continue reading <span class=\"meta-nav\">&rarr;<\/span><\/a><\/p>\n","protected":false},"author":2,"featured_media":0,"parent":0,"menu_order":0,"comment_status":"closed","ping_status":"closed","template":"","meta":{"footnotes":""},"_links":{"self":[{"href":"https:\/\/www.ehu.eus\/HEB\/wp-json\/wp\/v2\/pages\/13428"}],"collection":[{"href":"https:\/\/www.ehu.eus\/HEB\/wp-json\/wp\/v2\/pages"}],"about":[{"href":"https:\/\/www.ehu.eus\/HEB\/wp-json\/wp\/v2\/types\/page"}],"author":[{"embeddable":true,"href":"https:\/\/www.ehu.eus\/HEB\/wp-json\/wp\/v2\/users\/2"}],"replies":[{"embeddable":true,"href":"https:\/\/www.ehu.eus\/HEB\/wp-json\/wp\/v2\/comments?post=13428"}],"version-history":[{"count":9,"href":"https:\/\/www.ehu.eus\/HEB\/wp-json\/wp\/v2\/pages\/13428\/revisions"}],"predecessor-version":[{"id":14787,"href":"https:\/\/www.ehu.eus\/HEB\/wp-json\/wp\/v2\/pages\/13428\/revisions\/14787"}],"wp:attachment":[{"href":"https:\/\/www.ehu.eus\/HEB\/wp-json\/wp\/v2\/media?parent=13428"}],"curies":[{"name":"wp","href":"https:\/\/api.w.org\/{rel}","templated":true}]}}