{"id":13887,"date":"2018-10-01T10:20:31","date_gmt":"2018-10-01T10:20:31","guid":{"rendered":"http:\/\/www.ehu.eus\/HEB\/?page_id=13887"},"modified":"2021-09-28T11:11:34","modified_gmt":"2021-09-28T11:11:34","slug":"svetlana_zimnukhova","status":"publish","type":"page","link":"https:\/\/www.ehu.eus\/HEB\/svetlana_zimnukhova\/","title":{"rendered":"SVETLANA ZIMNUKHOVA"},"content":{"rendered":"<p><img loading=\"lazy\" decoding=\"async\" class=\"aligncenter\" src=\"http:\/\/www.ehu.eus\/HEB\/wp-content\/uploads\/2012\/05\/Svetlana_web.jpg\" alt=\"\" width=\"296\" height=\"349\" \/><\/p>\n<p style=\"text-align: center;\">Dto. Filolog\u00eda Inglesa y Alemana y Traducci\u00f3n e Interpretaci\u00f3n<br \/>\nFaculty of Arts<br \/>\nUniversity of the Basque Country (UPV\/EHU)<br \/>\n<a href=\"mailto:svetlana.zimnukhova@ehu.eus\" target=\"_blank\" rel=\"noopener noreferrer\">svetlana.zimnukhova@ehu.eus<\/a><\/p>\n<p style=\"text-align: justify;\">I received my higher education degree of a foreign language professor and linguist specialized in English and Spanish in 2005 at Omsk State University and in 2011 I defended the doctoral thesis entitled \u201cElliptical constructions without a verb in their relation to the grammatical system of the language\u201d at Altai State University. Later I got the abovementioned studies accredited to the degree in English Philology and to the degree of PhD in Philology correspondingly at the University of the Basque Country. In 2015 I completed my studies for the degree of Master in Cognitive Neuroscience of Language at the same university. During the studying process I was involved in the investigation focused on the effect of language dominance on simultaneous bilinguals\u2019 grammatical gender processing. Now my aim is to expand my expertise in the area of bilingual\u2019s syntactic and morphosyntactic processing. To see my complete CV, <a href=\"http:\/\/www.ehu.eus\/HEB\/wp-content\/uploads\/2018\/10\/CURRICULUM VITAE Svetlana 2018.pdf\" target=\"_blank\" rel=\"noopener noreferrer\">click here<\/a>.<\/p>\n<p><strong><u>Teaching experience<\/u><\/strong><\/p>\n<p style=\"text-align: justify;\"><strong>2005- 2012:<\/strong> Teaching \u2018English Language\u2019 (Bachelor and Master programs at Omsk State University, Russia).<\/p>\n<p style=\"text-align: justify;\"><strong>2015- present:<\/strong> Working as a temporary professor at the University of the Basque Country<\/p>\n<p style=\"text-align: justify;\">Subjects I\u2019ve had a chance to teach: English Language I (degree in Basque Studies and degree in Philology); Academic English and English Language V (degree in English Philology); English Language B II (degree in Translation and Interpreting); Business English I (degree in Business Management).<\/p>\n<p style=\"text-align: justify;\">Now I\u2019m focused on technical language and teach \u2018English for Industrial Engineering\u2019 and \u2018English for Renewable Energy Engineering\u2019 (degree in engineering, \u00a0Campuses: San Sebastian, Vitoria-Gasteiz and Eibar).<\/p>\n<p><strong><u>Languages<\/u><\/strong><\/p>\n<p>Russian (native speaker)<\/p>\n<p>English (advanced)<\/p>\n<p>Spanish (advanced)<\/p>\n<p>Basque (advanced, EGA)<\/p>\n<p><strong><u>Recent publications<\/u><\/strong><\/p>\n<p style=\"text-align: justify;\">Zimnukhova, S. &amp; Erdozia, K. (2021) Begi-mugimenduen erregistroa bigarren hizkuntzen prozesamendu sintaktikoan. <i>Bi hizkuntza garun bakarrean: euskal psikohizkuntzalaritzaren ekarpenak eta erronkak<\/i>. Udako Euskal Unibertsitateak eta Euskal Herriko Unibertsitateak lankidetzan argitaratuta, p. 159-.<\/p>\n<p style=\"text-align: justify;\">Caffarra, S., Zimnukhova, S., &amp; Mancini, S. (2016) What usage can do: The effect of language dominance on simultaneous bilinguals\u2019 morphosyntactic processing. Linguistics Vanguard. <a href=\"http:\/\/DOI 10.1515\/lingvan-2016-0020\" target=\"_blank\" rel=\"noopener noreferrer\"><strong>DOI 10.1515\/lingvan-2016-0020<\/strong><\/a><\/p>\n<p style=\"text-align: center;\">\n<p><\/p>","protected":false},"excerpt":{"rendered":"<p>Dto. Filolog\u00eda Inglesa y Alemana y Traducci\u00f3n e Interpretaci\u00f3n Faculty of Arts University of the Basque Country (UPV\/EHU) svetlana.zimnukhova@ehu.eus I received my higher education degree of a foreign language professor and linguist specialized in English and Spanish in 2005 at &hellip; <a href=\"https:\/\/www.ehu.eus\/HEB\/svetlana_zimnukhova\/\">Continue reading <span class=\"meta-nav\">&rarr;<\/span><\/a><\/p>\n","protected":false},"author":2,"featured_media":0,"parent":0,"menu_order":0,"comment_status":"closed","ping_status":"closed","template":"","meta":{"footnotes":""},"_links":{"self":[{"href":"https:\/\/www.ehu.eus\/HEB\/wp-json\/wp\/v2\/pages\/13887"}],"collection":[{"href":"https:\/\/www.ehu.eus\/HEB\/wp-json\/wp\/v2\/pages"}],"about":[{"href":"https:\/\/www.ehu.eus\/HEB\/wp-json\/wp\/v2\/types\/page"}],"author":[{"embeddable":true,"href":"https:\/\/www.ehu.eus\/HEB\/wp-json\/wp\/v2\/users\/2"}],"replies":[{"embeddable":true,"href":"https:\/\/www.ehu.eus\/HEB\/wp-json\/wp\/v2\/comments?post=13887"}],"version-history":[{"count":7,"href":"https:\/\/www.ehu.eus\/HEB\/wp-json\/wp\/v2\/pages\/13887\/revisions"}],"predecessor-version":[{"id":15577,"href":"https:\/\/www.ehu.eus\/HEB\/wp-json\/wp\/v2\/pages\/13887\/revisions\/15577"}],"wp:attachment":[{"href":"https:\/\/www.ehu.eus\/HEB\/wp-json\/wp\/v2\/media?parent=13887"}],"curies":[{"name":"wp","href":"https:\/\/api.w.org\/{rel}","templated":true}]}}