{"id":13963,"date":"2018-10-31T13:47:58","date_gmt":"2018-10-31T13:47:58","guid":{"rendered":"http:\/\/www.ehu.eus\/HEB\/?page_id=13963"},"modified":"2026-02-12T09:39:13","modified_gmt":"2026-02-12T09:39:13","slug":"noelia_sanahuja","status":"publish","type":"page","link":"https:\/\/www.ehu.eus\/HEB\/noelia_sanahuja\/","title":{"rendered":"NO\u00c8LIA SANAHUJA COBACHO"},"content":{"rendered":"<p><img loading=\"lazy\" decoding=\"async\" class=\"aligncenter \" src=\"http:\/\/www.ehu.eus\/HEB\/wp-content\/uploads\/2012\/05\/Noelia.jpg\" width=\"271\" height=\"204\" \/><\/p>\n<p style=\"text-align: center;\">University of the Basque Country<br \/>\nnoelia.sanahuja@ehu.eus<br \/>\nOrcid code: <a href=\"https:\/\/orcid.org\/0000-0003-3034-9046\">0000-0003-3034-9046<\/a><\/p>\n<p style=\"text-align: center;\">Micaela Portilla Research Centre, Office 3.2<br \/>\nJusto V\u00e9lez de Elorriaga, 1<br \/>\n01006 Vitoria-Gasteiz<\/p>\n<p style=\"text-align: justify;\">I hold a PhD in Linguistics (International, Cum Laude) from the University of the Basque Country. My main research interest is the interaction between lexical and syntactic processing in second language learning.<\/p>\n<p><strong>RESEARCH INTERESTS<\/strong><\/p>\n<p>Second language learning, lexis, syntax, psycholinguistics, neurolinguistics<\/p>\n<p><strong>EDUCATION<\/strong><\/p>\n<p><strong>2020-2024:<\/strong> PhD in Linguistics, Department of Linguistics and Basque Studies, University of the Basque Country.<\/p>\n<p><strong>2018-2019:<\/strong> Master\u2019s degree in Theoretical and Experimental Linguistics, University of the Basque Country.<\/p>\n<p><strong>2014-2018:<\/strong> Bachelor\u2019s degree in English and French studies, Autonomous University of Barcelona.<\/p>\n<p><strong>EXPERIENCE AS RESEARCH ASSISTANT<br \/>\n<\/strong><\/p>\n<p><strong>November 2018 &#8211; July 2019: <\/strong>Research assistant in the Department of Linguistics and Basque Studies, University of the Basque Country.<\/p>\n<p><strong>September 2017 &#8211; January 2018: <\/strong>Research assistant in the Department of English and German Studies, Autonomous University of Barcelona.<\/p>\n<p><strong>PUBLICATIONS<\/strong><\/p>\n<p style=\"text-align: justify;\"><strong>Sanahuja, N.;<\/strong> Erdozia, K. (2026).\u00a0<a href=\"https:\/\/www.sciencedirect.com\/science\/article\/pii\/S0001691826002064\" target=\"_blank\" rel=\"noopener\">The facilitative role of lexical frequency in adults\u2019 initial L2 syntax acquisition.<\/a>\u00a0<i>Acta Psychologica, Volume 264.\u00a0<\/i><a href=\"https:\/\/doi.org\/10.1016\/j.actpsy.2026.106405\" target=\"_blank\" rel=\"noopener\">https:\/\/doi.org\/10.1016\/j.actpsy.2026.106405<\/a><\/p>\n<p style=\"text-align: justify;\"><strong>Sanahuja, N.,<\/strong> &amp; Erdocia, K. (2024). The impact of cognate vocabulary on explicit L2 rule learning.\u00a0<i>Language Teaching Research<\/i>, 0(0).\u00a0<a href=\"https:\/\/doi.org\/10.1177\/13621688241254617\" target=\"_blank\" rel=\"noopener\" data-saferedirecturl=\"https:\/\/www.google.com\/url?q=https:\/\/doi.org\/10.1177\/13621688241254617&amp;source=gmail&amp;ust=1719384669991000&amp;usg=AOvVaw1oHtu-lQQQNy8ceUa6RV1p\">https:\/\/doi.org\/10.1177\/<wbr \/>13621688241254<\/a><\/p>\n<p style=\"text-align: justify;\"><strong>Sanahuja, N.,<\/strong> &amp; Pastor, L. (2023). Can the native language be forgotten?. <em>Mapping ignorance.<\/em> <em>Chair for Scientific Culture of the University of the Basque Country.<\/em> Available on-line at: https:\/\/mappingignorance.org\/2023\/03\/29\/can-the-native-language-be-forgotten\/<\/p>\n<p style=\"text-align: justify;\">Erdozia, K- &amp; <strong>Sanahuja, N.<\/strong> (2021) Bigarren hizkuntzen ikasketa-prozesua. <i>Bi hizkuntza garun bakarrean: euskal psikohizkuntzalaritzaren ekarpenak eta erronkak [The learning process of second languages. Two languages in one brain: the contributions and challenges of Basque psycholinguistics]<\/i>. Udako Euskal Unibertsitateak eta Euskal Herriko Unibertsitateak lankidetzan argitaratuta, p. 15 -32.<\/p>\n<p><strong>CONFERENCES<\/strong><\/p>\n<p style=\"text-align: justify;\"><strong>Sanahuja, N., <\/strong>de Diego-Balaguer &amp; Erdocia, K. (2024). The facilitative role of cognates in adults&#8217; initial acquisition of cross-linguistically similar and dissimilar L2 structures [oral communication]. <em>LII Symposium of the Spanish Society of Linguistics<\/em>. Madrid, 22-25th of January.<\/p>\n<p style=\"text-align: justify;\"><strong>Sanahuja, N., <\/strong>de Diego-Balaguer &amp; Erdocia, K. (2023). The facilitative role of cognates and cross-linguistic syntactic similarity in initial L2 syntax learning [poster]. <em>XVI International Symposium of Psycholinguistics. <\/em>Vitoria-Gasteiz, 31st of May &#8211; 2nd of June.<\/p>\n<p style=\"text-align: justify;\"><strong>Sanahuja, N.,<\/strong> &amp; Erdocia, K. (2022). The facilitatory role of cognates in second language syntax learning [oral communication].<em> International APPE-SEPEX Meeting.\u00a0<\/em>Faro, 5-7th of May.<\/p>\n<p style=\"text-align: justify;\"><strong>Sanahuja, N.,<\/strong> &amp; Erdocia, K. (2021). The facilitatory role of L1 syntax in the initial learning of L2 syntax [oral communication]. X-PPL: <em>Crosslinguistic Perspectives on Processing and Learning 2021<\/em>. Zurich, 16-17th of September.<\/p>\n<p style=\"text-align: justify;\"><strong>Sanahuja, N.,<\/strong> &amp; Erdocia, K. (2021). The impact of lexical co-activation through cognates on L2 rule learning [oral communication].<em> Societas Linguistica Europaea 54th Annual Meeting<\/em>. Athens, 30th of August &#8211; 3rd of September.<\/p>\n<p style=\"text-align: justify;\">Erdocia, K., &amp;<strong> Sanahuja, N.<\/strong> (2021). The facilitatory role of L1 syntax in the initial acquisition of L2 syntax [oral communication]. <em>Societas Linguistica Europaea 54th Annual Meeting<\/em>. Athens, 30th of August &#8211; 3rd of September.<\/p>\n<p style=\"text-align: justify;\"><strong>Sanahuja, N.,<\/strong> &amp; Erdocia, K. (2021). The facilitatory role of cognates in second language syntax learning [oral communication]. <em>International Symposium on Bilingualism ISB13. <\/em>Warsaw, 10-14th of July.<\/p>\n<p style=\"text-align: justify;\">Erdocia, K., &amp;<strong> Sanahuja, N.<\/strong> (2021). Cross-Linguistic influence in initial L2 syntax acquisition [poster]. <em>International Symposium on Bilingualism ISB13. <\/em>Warsaw, 10-14th of July.<\/p>\n<p style=\"text-align: justify;\"><strong>Sanahuja, N.,<\/strong> &amp; Erdocia, K. (2021). The impact of lexical co-activation through cognates on L2 rule learning [oral communication]. <em>XV International Symposium of Psycholinguistics. <\/em>Madrid, 22-25th of June.<\/p>\n<p style=\"text-align: justify;\"><strong>Sanahuja, N.,<\/strong> &amp; Erdocia, K. (2021). The cognate facilitation effect and its role in second language rule learning [oral communication]. <em>M\u00fcnster Conference of Linguistic Representations and Language Processing (LiRLaP 2021)<\/em>. Munich, 25-27th of March.<\/p>\n<p style=\"text-align: justify;\"><strong>Sanahuja, N.,<\/strong> &amp; Erdocia, K. (2019). The impact of lexical co-activation through cognates on L2 rule learning [oral communication]. <em>X-PPL: Crosslinguistic Perspectives on Processing and Learning 2019.\u00a0<\/em>Zurich, 4-5th of November.<\/p>\n<p><strong>NATIONAL AND INTERNATIONAL SEMINARS<br \/>\n<\/strong><\/p>\n<p style=\"text-align: justify;\"><strong>Sanahuja, N.,<\/strong> &amp; Erdocia, K. (2023). Facilitating initial L2 syntax acquisition: the role of cross-linguistic similarity and lexical frequency [invited speaker].<em> Linguistics colloquium.<\/em> Technical University of Brunswick, 24th of April.<\/p>\n<p style=\"text-align: justify;\"><strong>Sanahuja, N.,<\/strong> &amp; Erdocia, K. (2021). The facilitatory role of lexical co-activation in second language rule learning [invited speaker].<em> Brain mechanisms of language learning seminars.<\/em> University of Barcelona, 20th of December.<\/p>\n<p style=\"text-align: justify;\"><strong>Sanahuja, N.,<\/strong> &amp; Erdocia, K. (2020). The impact of lexical co-activation through cognates on L2 rule learning [invited speaker]. <em>Talks on Formal Linguistics.<\/em> Vitoria-Gasteiz, 5th of November.<\/p>\n<p><strong>REVISION OF ARTICLES<br \/>\n<\/strong><\/p>\n<p>Reviewer of scientific articles for the <span class=\"fusion-contact-info-phone-number\">Journal of the Spanish Society for Experimental Psychology (Psic\u00f3logica). URI of the review: http:\/\/hdl.handle.net\/10261\/362459<br \/>\n<\/span><\/p>\n<p><strong>STAYS IN PUBLIC UNIVERSITIES<br \/>\n<\/strong><\/p>\n<p style=\"text-align: justify;\"><strong>April &#8211; July 2023: <\/strong>Pre-doctoral research stay at the Department of English and American Studies, Technical University of Brunswick\u00a0 (Germany).<\/p>\n<p style=\"text-align: justify;\"><strong>March &#8211; May 2022: <\/strong>Pre-doctoral research stay at the Department of Cognition, Development and Educational Psychology, University of Barcelona\u00a0 (Spain).<\/p>\n<p><strong>September &#8211; November 2021: <\/strong>Pre-doctoral research stay at the Department of Cognition, Development and Educational Psychology, University of Barcelona\u00a0 (Spain).<\/p>\n<p><strong>ORGANIZING COMMITTEES<\/strong><\/p>\n<p style=\"text-align: justify;\"><strong>2023: <\/strong>Member of the organizing committee of the <em>XVI International Symposium of Psycholinguistics.<\/em> Vitoria-Gasteiz, 31st of May &#8211; 2nd of June.<\/p>\n<p style=\"text-align: justify;\"><strong>2022: <\/strong>Member of the committee coordinating the <em>XXII Week of Science, Technology and Innovation. <\/em>Vitoria-Gasteiz, 9 &#8211; 13th of November.<\/p>\n<p><strong>FAIRS AND EXHIBITIONS<br \/>\n<\/strong><\/p>\n<p style=\"text-align: justify;\"><strong>Participation <\/strong>in the 2021, 2022 and 2023 editions of the Week of Science, Technology and Innovation organized by the University of the Basque Country.<\/p>\n<p style=\"text-align: justify;\"><strong>Oral communication: <\/strong>Facilitating second language learning. <em>Zientzia Club (XXII Week of Science, Technology and Innovation). <\/em>Vitoria-Gasteiz, 11th of November 2022. Video of the communication available at: https:\/\/vimeo.com\/835382830<\/p>\n<p><strong>RESEARCH PROJECTS FUNDED THROUGH COMPETITIVE CALLS<br \/>\n<\/strong><\/p>\n<p style=\"text-align: justify;\"><strong>Cross-linguistic influence in language learning, processing and aging (CROSSLANGUAGING) <\/strong><\/p>\n<p>PID2021-124056NB-I00 (2022-<wbr \/>2025)<br \/>\nFunding agency: Ministry of Science, Innovation and Universities<br \/>\nPrincipal Investigators: Mikel Santesteban &amp; Kepa Erdozia.<br \/>\nMembers: Victoria Cano, <strong>No\u00e8lia Sanahuja<\/strong>, Eduardo Navarrete and Anna Hatzidaki<br \/>\nDotation: 51.424 \u20ac<\/p>\n<p><strong>The Bilingual Mind<\/strong><\/p>\n<p>IT1439-22 (2022-2025)<br \/>\nConsolidated Research Group of Excellence, A grade.<br \/>\nFunding agency: Department of Education, Universities and Research, Eusko Jaurlaritza.<br \/>\nPrincipal Investigator: Itziar Laka Mugarza.<br \/>\nMembers: Miren Azkarate,\u00a0 Beatriz Fern\u00e1ndez, Mikel Santesteban, Kepa Erdocia, Adam Zawiszewski, Irene De la Cruz Pav\u00eda, Ane Berro, Ane Odria,\u00a0 Miren Arantzeta, \u00a0Itziar San Mart\u00edn, Svetlana Zimnukhova, Beatriz G\u00f3mez, Marta de Pedis, <strong>No\u00e8lia Sanahuja,<\/strong> Victoria Cano, Marta S\u00e1nchez, Patricia Fuente.<br \/>\nDotation: 173.000 \u20ac<\/p>\n<p><strong>Cross-Ling<\/strong>:\u00a0<strong>Cross-linguistic activation effects in bilingual language processing and learning<\/strong><\/p>\n<p>PGC2018-097970-B-I00 (2019-2021)<br \/>\nFunding agency: Ministry of Science, Innovation and Universities.<br \/>\nPrincipal Investigator: <span class=\"il\">Kepa<\/span> Erdozia &amp; Mikel Santesteban.<br \/>\nMembers: \u00a0Svetlana Zimnukhova, Anna Hatzidaki, Miren Arantzeta,<strong> No\u00e8lia Sanahuja,<\/strong> Victoria Cano.<br \/>\nDotation: 60.500\u20ac<\/p>\n<p><strong>The Bilingual Mind<\/strong><\/p>\n<p>IT1169-19 (2019-2021)<br \/>\nConsolidated Research Group of Excellence, A grade.<br \/>\nFunding agency: Department of Education, Universities and Research, Eusko Jaurlaritza.<br \/>\nPrincipal Investigator: Itziar Laka Mugarza.<br \/>\nMembers: Miren Azkarate,\u00a0 Xabier Alberdi, Beatriz Fern\u00e1ndez, Maitena Echebarria, Mikel Santesteban, Kepa Erdocia, Adam Zawiszewski, Miren Arantzeta, Ane Berro, Ane Odria,\u00a0 Luis Pastor,\u00a0 David Lindemann, Sergio L\u00f3pez-Sancio, Gillen Mart\u00ednez de la Hidalga, Svetlana Zimnukhova, Marta de Pedis, <strong>No\u00e8lia Sanahuja,<\/strong> Victoria Cano.<br \/>\nDotation: 202.300 \u20ac<\/p>\n<p><strong>SCHOLARSHIPS AND AWARDS<\/strong><\/p>\n<p><strong>2019:<\/strong> Pre-doctoral scholarship for the training of researchers at the University of the Basque Country (PIF19\/08).<\/p>\n<p><strong>2019:<\/strong> End-of-degree award. University of the Basque Country.<\/p>\n<p><strong>2018:<\/strong> Graduate collaboration scholarship at the University of the Basque Country, Ministry of Education, Culture and Sport.<\/p>\n<p><strong>2018:<\/strong> End-of-degree award. Autonomous University of Barcelona.<\/p>\n<p><strong>LANGUAGES<\/strong><\/p>\n<p><strong>Catalan: <\/strong>native speaker<br \/>\n<strong>Spanish: <\/strong>native speaker<br \/>\n<strong>English: <\/strong>C2<br \/>\n<strong>French: <\/strong>C1<br \/>\n<strong>Basque: <\/strong>A2<\/p>\n","protected":false},"excerpt":{"rendered":"<p>University of the Basque Country noelia.sanahuja@ehu.eus Orcid code: 0000-0003-3034-9046 Micaela Portilla Research Centre, Office 3.2 Justo V\u00e9lez de Elorriaga, 1 01006 Vitoria-Gasteiz I hold a PhD in Linguistics (International, Cum Laude) from the University of the Basque Country. My main &hellip; <a href=\"https:\/\/www.ehu.eus\/HEB\/noelia_sanahuja\/\">Continue reading <span class=\"meta-nav\">&rarr;<\/span><\/a><\/p>\n","protected":false},"author":2,"featured_media":0,"parent":0,"menu_order":0,"comment_status":"closed","ping_status":"closed","template":"","meta":{"footnotes":""},"_links":{"self":[{"href":"https:\/\/www.ehu.eus\/HEB\/wp-json\/wp\/v2\/pages\/13963"}],"collection":[{"href":"https:\/\/www.ehu.eus\/HEB\/wp-json\/wp\/v2\/pages"}],"about":[{"href":"https:\/\/www.ehu.eus\/HEB\/wp-json\/wp\/v2\/types\/page"}],"author":[{"embeddable":true,"href":"https:\/\/www.ehu.eus\/HEB\/wp-json\/wp\/v2\/users\/2"}],"replies":[{"embeddable":true,"href":"https:\/\/www.ehu.eus\/HEB\/wp-json\/wp\/v2\/comments?post=13963"}],"version-history":[{"count":59,"href":"https:\/\/www.ehu.eus\/HEB\/wp-json\/wp\/v2\/pages\/13963\/revisions"}],"predecessor-version":[{"id":17856,"href":"https:\/\/www.ehu.eus\/HEB\/wp-json\/wp\/v2\/pages\/13963\/revisions\/17856"}],"wp:attachment":[{"href":"https:\/\/www.ehu.eus\/HEB\/wp-json\/wp\/v2\/media?parent=13963"}],"curies":[{"name":"wp","href":"https:\/\/api.w.org\/{rel}","templated":true}]}}