{"id":14206,"date":"2019-02-04T09:48:15","date_gmt":"2019-02-04T09:48:15","guid":{"rendered":"http:\/\/www.ehu.eus\/HEB\/?page_id=14206"},"modified":"2020-06-17T14:34:37","modified_gmt":"2020-06-17T14:34:37","slug":"conferences-2018","status":"publish","type":"page","link":"https:\/\/www.ehu.eus\/HEB\/conferences-2018\/","title":{"rendered":"CONFERENCES 2018"},"content":{"rendered":"<p><\/p>\n<p style=\"text-align: justify;\">Odria, A. <a href=\"http:\/\/www.ehu.eus\/HEB\/wp-content\/uploads\/2018\/11\/A.Odria_Paris.pdf\" target=\"_blank\" rel=\"noopener noreferrer\">Differential Object Marking in Basque and Spanish dialects: a micro-comparative approach.<\/a> Oral communication. <em>International workshop on Differential Object Marking in Romance-towards microvariation.<\/em> INALCO (Institut national des langues et civilisations orientales). Paris. November 9-10, 2018.<em><a href=\"http:\/\/www.ehu.es\/HEB\/wp-content\/uploads\/2018\/11\/brochure_resumes_9.10nov2018final.pdf\" target=\"_blank\" rel=\"noopener noreferrer\"> [Workshop information]<\/a><br \/>\n<\/em><\/p>\n<p style=\"text-align: justify;\">Erdocia, K.; Romo, A.; Martinez de la Hidalga, G.; Vela Plo, L.; Laka, I. <a href=\"http:\/\/www.ehu.eus\/HEB\/wp-content\/uploads\/2018\/09\/Consall2018Erdocia.pdf\" target=\"_blank\" rel=\"noopener noreferrer\">Delayed disambiguation when L2 differs from L1 in argument alignment and word order.<\/a>\u00a0Oral communication.\u00a0 <em>CoNSALL: Cognitive Neuroscience of Second and Artificial Language Learning.<\/em>\u00a0Bangor University. September, 21-23, 2018.<\/p>\n<p style=\"text-align: justify;\">Santesteban, M.; Lorusso, P.; Hatzidaki, A.; Zawiszewski, A.; Laka, I. Lexical prediction does not interact with morphophonological prediction during early stages of sentence processing. Poster. <em>Architectures and Mechanisms of Language Processing (AMLaP) Conference<\/em>. Berlin, Alemania. September, 2018.<\/p>\n<p style=\"text-align: justify;\">L\u00f3pez-Sancio, S. &amp; Lau, E. <a href=\"http:\/\/www.ehu.eus\/HEB\/wp-content\/uploads\/2018\/09\/AMLaP%202018_poster_V3.pdf\" target=\"_blank\" rel=\"noopener noreferrer\">ERP indices of encoding effects in <em>wh<\/em>-dependency processing.<\/a> Poster. <em>AMLaP<\/em>. Berlin, Alemania. September, 2018.<\/p>\n<p>Ros, I.; Zawiszewski, A. &amp; Laka, I. The Role of Expectations in the Production Bias towards Short Dependencies.\u00a0Posterra. <em>AMLaP<\/em>. Berlin, Alemania. Semptember, 2018.<\/p>\n<p style=\"text-align: justify;\">Azkarate, M. Basque at a Crossroads: the Key ofMotivation and Language Practices. Comunicaci\u00f3n aceptada para su presentaci\u00f3n en la Conferencia\u00a0<em>Multidisciplinary Approaches in Language Policy and Planning<\/em>\u00a02018, Toronto. August 23-25, 2018.<\/p>\n<p style=\"text-align: justify;\">Acha, J., L\u00f3pez, A., Barreto, F.B., Arranz, E. Cognitive markers of language development in primary school children. FRIAS Workshop on Language comprehension across the life span. Freiburg, Germany. April, 2018.<\/p>\n<p style=\"text-align: justify;\">Fern\u00e1ndez, B. <a href=\"https:\/\/zaragozalinguistica.wordpress.com\/2018\/05\/16\/una-reflexion-heterodoxa-sobre-el-euskera-y-el-castellano\/\" target=\"_blank\" rel=\"noopener noreferrer\">Tan distintas y sin embargo, tan semejantes: una reflexi\u00f3n heterodoxa sobre el euskera y el castellano.<\/a> <em>Zaragoza Ling\u00fc\u00edstica. Seminario permanente de investigaciones ling\u00fc\u00edsticas. <\/em>Zaragoza, Spain. April 24, 2018.<\/p>\n<p style=\"text-align: justify;\">Laka, I. OVO: Originating Variation from Order. <a href=\"http:\/\/site.uit.no\/lava\/talv-workshop-transdisciplinary-approaches-to-language-variation\/\" target=\"_blank\" rel=\"noopener noreferrer\">TALV workshop: Transdisciplinary Approaches to Language Variation.<\/a>\u00a0UiT The Arctic University of Norway, Troms\u00f8, Norway. April 19-20, 2018.<\/p>\n<p style=\"text-align: justify;\">Santesteban, M. On the processing of agreement in a morphologically rich language: Basque. Invited talk presented at the\u00a0<a href=\"http:\/\/www.geisteswissenschaften.fu-berlin.de\/we05\/institut\/news\/2018_april_baskische_woche_flyer-1.pdf\" target=\"_blank\" rel=\"noopener noreferrer\"><em>Woche der\u00a0<\/em><i><em>baskischen Sprache<\/em><\/i>\u00a0(Basque Language Week)<\/a> organized by the Institut f\u00fcr Romanische Philologie of the Freie Universit\u00e4t, Berlin, Germany. April 9-12, 2018.<\/p>\n<p style=\"text-align: justify;\">Martinez de la Hidalga, G.;\u00a0Zawiszewski, A.\u00a0&amp; Laka, I.\u00a0<a href=\"http:\/\/www.ehu.eus\/HEB\/wp-content\/uploads\/2018\/03\/2018_CUNY.pdf\" target=\"_blank\" rel=\"noopener noreferrer\">Unaccusative and unergative predicates under ergativity: N400 signaling agent\/ergative interpretation difficulties.<\/a> Poster. <em>31st Annual CUNY Sentence Processing Conference,<\/em> UCDavis, March 16, 2018.<\/p>\n<p style=\"text-align: justify;\">Mart\u00ednez de la Hidalga, G.;\u00a0Zawiszewski, A.; Laka, I. <a href=\"https:\/\/ehutb.ehu.eus\/video\/5a6efe84f82b2bb42e8b473f\" target=\"_blank\" rel=\"noopener noreferrer\">The electrophysiology of unergative and unaccusative sentence processing in Basque.<\/a>\u00a0Talk.\u00a0<em>Unergative predicates. Architecture and variation.<\/em> University of the Basque Country, Bilbo. January, 19, 2018.<\/p>\n<p style=\"text-align: justify;\">Fern\u00e1ndez, B. Bidaia hizkuntzaren erraietaraino.\u00a0 <a href=\"https:\/\/www.jakiunde.eus\/en\/events\/jakin-mina\/detail\/e\/jakin-mina-2017-2018-araba\/\" target=\"_blank\" rel=\"noopener noreferrer\"><em>Jakin-mina, Jakiunde (Zientzia, Arte eta Letren Akademia)<\/em><\/a>.Vitoria-Gasteiz, Basque Country. January 19, 2018.<\/p>\n<p style=\"text-align: justify;\">Azkarate, M. Rescate de lenguas minoritarias: Experiencias de recuperaci\u00f3n de la lengua vasca. Conferencia impartida en las <em>sedes de Temuco y de Calama de la Universidad de Aconcagua<\/em>, Chile. January\u00a0 2018.<\/p>\n<p style=\"text-align: justify;\">Arantzeta, M., Webster, J., Laka, I., Mart\u00ednez-Zabaleta, M. &amp; Howard, D. Distinctive error patterns on verb inflection in Basque speakers with aphasia and healthy adults. Poster. <em>European Workshop on Cognitive Neuropsychology<\/em>. Bressanone. (IT). January, 22-26, 2018.<\/p>\n<p><\/p>","protected":false},"excerpt":{"rendered":"<p>Odria, A. Differential Object Marking in Basque and Spanish dialects: a micro-comparative approach. Oral communication. International workshop on Differential Object Marking in Romance-towards microvariation. INALCO (Institut national des langues et civilisations orientales). Paris. November 9-10, 2018. [Workshop information] Erdocia, K.; &hellip; <a href=\"https:\/\/www.ehu.eus\/HEB\/conferences-2018\/\">Continue reading <span class=\"meta-nav\">&rarr;<\/span><\/a><\/p>\n","protected":false},"author":2,"featured_media":0,"parent":0,"menu_order":0,"comment_status":"closed","ping_status":"closed","template":"","meta":{"footnotes":""},"_links":{"self":[{"href":"https:\/\/www.ehu.eus\/HEB\/wp-json\/wp\/v2\/pages\/14206"}],"collection":[{"href":"https:\/\/www.ehu.eus\/HEB\/wp-json\/wp\/v2\/pages"}],"about":[{"href":"https:\/\/www.ehu.eus\/HEB\/wp-json\/wp\/v2\/types\/page"}],"author":[{"embeddable":true,"href":"https:\/\/www.ehu.eus\/HEB\/wp-json\/wp\/v2\/users\/2"}],"replies":[{"embeddable":true,"href":"https:\/\/www.ehu.eus\/HEB\/wp-json\/wp\/v2\/comments?post=14206"}],"version-history":[{"count":5,"href":"https:\/\/www.ehu.eus\/HEB\/wp-json\/wp\/v2\/pages\/14206\/revisions"}],"predecessor-version":[{"id":14989,"href":"https:\/\/www.ehu.eus\/HEB\/wp-json\/wp\/v2\/pages\/14206\/revisions\/14989"}],"wp:attachment":[{"href":"https:\/\/www.ehu.eus\/HEB\/wp-json\/wp\/v2\/media?parent=14206"}],"curies":[{"name":"wp","href":"https:\/\/api.w.org\/{rel}","templated":true}]}}