{"id":14222,"date":"2019-02-25T09:48:05","date_gmt":"2019-02-25T09:48:05","guid":{"rendered":"http:\/\/www.ehu.eus\/HEB\/?page_id=14222"},"modified":"2025-02-17T14:25:59","modified_gmt":"2025-02-17T14:25:59","slug":"publications-2018","status":"publish","type":"page","link":"https:\/\/www.ehu.eus\/HEB\/publications-2018\/","title":{"rendered":"2018"},"content":{"rendered":"<p><\/p>\n<p style=\"text-align: center;\"><strong><a title=\"PUBLICACIONES 2024\" href=\"http:\/\/www.ehu.eus\/HEB\/publications\">2025<\/a>\u00a0 \u00a0 \u00a0\u00a0<a title=\"PUBLICACIONES 2024\" href=\"https:\/\/www.ehu.eus\/HEB\/publications-2024\">2024<\/a>\u00a0 \u00a0 \u00a0<a title=\"2023 ARGITALPENAK\" href=\"http:\/\/www.ehu.eus\/HEB\/publications-2023\">2023<\/a>\u00a0 \u00a0 \u00a0<a title=\"PUBLICATIONS 2022\" href=\"http:\/\/www.ehu.eus\/HEB\/publications\">2022<\/a>\u00a0 \u00a0 \u00a0 \u00a0\u00a0<a title=\"2021 ARGITALPENAK\" href=\"http:\/\/www.ehu.eus\/HEB\/publications-2021\/\">2021<\/a>\u00a0 \u00a0 \u00a0 \u00a0 <a title=\"PUBLICATIONS 2020\" href=\"http:\/\/www.ehu.eus\/HEB\/publications-2020\/\">2020 <\/a> \u00a0\u00a0 \u00a0 \u00a0 <a title=\"PUBLICATIONS 2019\" href=\"http:\/\/www.ehu.eus\/HEB\/publications-2019\/\"><span style=\"vertical-align: inherit;\"><span style=\"vertical-align: inherit;\">2019 <\/span><\/span><\/a>\u00a0 \u00a0 \u00a0 \u00a0\u00a0<a title=\"PUBLICATIONS 2017\" href=\"http:\/\/www.ehu.eus\/HEB\/publications-2017\/\"><span style=\"vertical-align: inherit;\"><span style=\"vertical-align: inherit;\">2017 <\/span><\/span><\/a>\u00a0 \u00a0 \u00a0 \u00a0\u00a0<a title=\"PUBLICATIONS 2016\" href=\"http:\/\/www.ehu.es\/HEB\/publications-2016\/\"><span style=\"vertical-align: inherit;\"><span style=\"vertical-align: inherit;\">2016 <\/span><\/span><\/a>\u00a0 \u00a0 \u00a0 \u00a0\u00a0<a title=\"PUBLICATIONS 2015\" href=\"http:\/\/www.ehu.es\/HEB\/publications-2015\/\"><span style=\"vertical-align: inherit;\"><span style=\"vertical-align: inherit;\">2015 <\/span><\/span><\/a> \u00a0\u00a0 \u00a0 \u00a0 <a title=\"PUBLICATIONS 2014\" href=\"http:\/\/www.ehu.eus\/HEB\/publications-2014\/\"><span style=\"vertical-align: inherit;\"><span style=\"vertical-align: inherit;\">2014 <\/span><\/span><\/a>\u00a0 \u00a0 \u00a0 \u00a0\u00a0<a title=\"PUBLICATIONS 2013\" href=\"http:\/\/www.ehu.eus\/HEB\/publications-2013\/\"><span style=\"vertical-align: inherit;\"><span style=\"vertical-align: inherit;\">2013 <\/span><\/span><\/a>\u00a0 \u00a0 \u00a0 \u00a0 <a title=\"PUBLICATIONS 2002-2010\" href=\"http:\/\/www.ehu.es\/HEB\/publications\/publications-2002-2012\"><span style=\"vertical-align: inherit;\"><span style=\"vertical-align: inherit;\">2002-2012<\/span><\/span><\/a>\u00a0 \u00a0 \u00a0 \u00a0\u00a0<a title=\"CORPORA\" href=\"http:\/\/www.ehu.es\/HEB\/?page_id=1678\"><span style=\"vertical-align: inherit;\"><span style=\"vertical-align: inherit;\"> CORPORA<\/span><\/span><\/a><\/strong><\/p>\n<p>&nbsp;<\/p>\n<p style=\"text-align: justify;\">Arantzeta, M.; Webster, J.; Laka, I.; Mart\u00ednez-Zabaleta, M.; Howard, D. (2018) <a href=\"http:\/\/www.tandfonline.com\/doi\/full\/10.1080\/02687038.2017.1423270\" target=\"_blank\" rel=\"noopener noreferrer\">What happens when they think they are right? Error awareness analysis of sentence comprehension deficits in apahasia.<\/a><em> Aphasiology<\/em>. 32, 1418-1444. DOI: 10.1080\/02687038.2017.1423270<\/p>\n<p style=\"text-align: justify;\">Hatzidaki, A.; Santesteban, M.; &amp; Duyck, W. (2018). <a href=\"https:\/\/www.cambridge.org\/core\/journals\/bilingualism-language-and-cognition\/article\/is-language-interference-when-it-occurs-a-graded-or-an-allornone-effect-evidence-from-bilingual-reported-speech-production\/8069FC3C11EF0DBDF1FEBD23DA06E6D7\" target=\"_blank\" rel=\"noopener noreferrer\">Is language interference (when it occurs) a graded or an all-or-none effect? Evidence from bilingual reported speech production.<\/a> <i>Bilingualism: Language and Cognition, <\/i>21(3), <span class=\"m_1620788976261055166date\">489-504<\/span>. doi:10.1017\/S1366728917000736<\/p>\n<p style=\"text-align: justify;\">L\u00e1zaro, M.; Illera, V.; Acha, J.; Escalonilla, A.; Garc\u00eda, S. &amp; Sainz, J. S (2018) <a href=\"https:\/\/link.springer.com\/article\/10.1007\/s11145-018-9858-1\" target=\"_blank\" rel=\"noopener noreferrer\">Morphological effects in word identification: tracking the developmental trajectory of derivational suffixes in Spanish.<\/a> <em>Reading and Writing<\/em>, 1-16.<\/p>\n<p style=\"text-align: justify;\">Alberdi, X. (2018) <a href=\"https:\/\/benjamins.com\/catalog\/prag.00009.alb\" target=\"_blank\" rel=\"noopener noreferrer\">Forms of address in Basque<\/a>. <em>Pragmatics. John Benjamins. <span class=\"titleboxinfo\">Vol. <a href=\"https:\/\/benjamins.com\/catalog\/prag.28.3\">28:3<\/a> (2018) pp. 303\u2013332.<\/span><\/em><\/p>\n<p style=\"text-align: justify;\">Azkarate.; M. &amp; Lindemann, D. (2018) <a href=\"https:\/\/doi.org\/10.1093\/ijl\/ecy003\">Basque Lexicography and Purism<\/a>. <em>International Journal of Lexicography. <\/em>DOI: <a href=\"https:\/\/doi.org\/10.1093\/ijl\/ecy003\" target=\"_blank\" rel=\"noopener noreferrer\">doi.org\/10.1093\/ijl\/ecy00<\/a><\/p>\n<p style=\"text-align: justify;\">Erdocia, K.; Laka, I. (2018). <a href=\"https:\/\/www.frontiersin.org\/articles\/10.3389\/fpsyg.2018.00337\/abstract\" target=\"_blank\" rel=\"noopener noreferrer\">Negative Transfer Effects on L2 Word Order Processing.<\/a> <em>Frontiers in Psychology-Language Sciences<\/em>. doi: 10.3389\/fpsyg.2018.00337<\/p>\n<p style=\"text-align: justify;\">Perea, M., Marcet, A., &amp; Acha, J. (2018). <a href=\"https:\/\/www.cambridge.org\/core\/journals\/applied-psycholinguistics\/article\/does-consonantvowel-skeletal-structure-play-a-role-early-in-lexical-processing-evidence-from-masked-priming\/B0BF40FC4AF7516DACA9C71D192110A9\" target=\"_blank\" rel=\"noopener noreferrer\">Does consonant-vowel skeletal structure play a role early in lexical processing? Evidence from masked priming.<\/a> <em>Applied Psycholinguistics<\/em>. DOI: 10.1017\/S0142716417000431<\/p>\n<p style=\"text-align: justify;\">Berro, A. ; Oihartzabal, B. &amp; Fern\u00e1ndez, B. (2018). <a href=\"http:\/\/basdisyn.net\/pdf\/04-FLV126-Berro,%20Oihartzabal%20eta%20Fdez%20(2018)%20Inkoatibo%20arazle%20alternantzia.pdf\" data-saferedirecturl=\"https:\/\/www.google.com\/url?q=http:\/\/basdisyn.net\/pdf\/04-FLV126-Berro,%2520Oihartzabal%2520eta%2520Fdez%2520(2018)%2520Inkoatibo%2520arazle%2520alternantzia.pdf&amp;source=gmail&amp;ust=1545909902257000&amp;usg=AFQjCNE7Du9Z8mGL-cciv4r4UV_zyFfoGw\">Inkoatibo\/arazle alternantzia euskaraz eratortzen<\/a>. Beatriz Fern\u00e1ndez &amp; Ane Berro (ed.) <em>Euskaratik giza hizkuntzara. Jon Ortiz de Urbinari gorazarre. Fontes Linguae Vasconum<\/em>, 126. Nafarroako Gobernua. 99-122.<\/p>\n<p style=\"text-align: justify;\">Fern\u00e1ndez, B. (2018). <a href=\"http:\/\/www.ehu.eus\/HEB\/wp-content\/uploads\/2018\/06\/FERNANDEZ ASJU 2018.pdf\" target=\"_blank\" rel=\"noopener noreferrer\">-(K)i hiztegian, eta hiztegiaz harantzago. The suffix -ki in the lexicon and beyond<\/a>. <em>ASJU (Anuario del Seminario de Filolog\u00eda Vasca &#8220;Julio Urquijo&#8221;)<\/em> 47-2 (2013 [2018]), 211-234. DOI: <a href=\"https:\/\/doi.org\/10.1387\/asju.18681\" target=\"_blank\" rel=\"noopener noreferrer\">https:\/\/doi.org\/10.1387\/asju.18681<\/a><\/p>\n<p style=\"text-align: justify;\">Fern\u00e1ndez, B. &amp; Berro, A. (eds.) (2018) <a href=\"http:\/\/www.culturanavarra.es\/eu\/126-zenbakia\" target=\"_blank\" rel=\"noopener noreferrer\"><em>Euskaratik giza hizkuntzara. Jon Ortiz de Urbinari gorazarre. Fontes Linguae Vasconum 126 (Uztaila-abendua)<\/em><\/a>. Iru\u00f1ea: Nafarroako Gobernua.<\/p>\n<p style=\"text-align: justify;\">Fern\u00e1ndez, B. &amp; Berro, A. <a href=\"http:\/\/basdisyn.net\/pdf\/01-FLV126-Fdez%20eta%20Berro%20(2018)%20Euskaratik%20giza%20hizkuntzara%20Atarikoa.pdf\" data-saferedirecturl=\"https:\/\/www.google.com\/url?q=http:\/\/basdisyn.net\/pdf\/01-FLV126-Fdez%2520eta%2520Berro%2520(2018)%2520Euskaratik%2520giza%2520hizkuntzara%2520Atarikoa.pdf&amp;source=gmail&amp;ust=1545909902257000&amp;usg=AFQjCNFiB90M9xiZ_pKS3JyhthcXNj9FlA\">Atarikoa<\/a>. (2018) Beatriz Fern\u00e1ndez &amp; Ane Berro (ed.) <em>Euskaratik giza hizkuntzara. Jon Ortiz de Urbinari gorazarre. Fontes Linguae Vasconum<\/em>, 126. Nafarroako Gobernua. 7-16.<\/p>\n<p style=\"text-align: justify;\">Fern\u00e1ndez, B. &amp; Berro, A. (2018) <a href=\"http:\/\/basdisyn.net\/pdf\/Fernandez%20&amp;%20Berro%202018%20ASJU.pdf\" target=\"_blank\" rel=\"noopener noreferrer\" data-saferedirecturl=\"https:\/\/www.google.com\/url?q=http:\/\/basdisyn.net\/pdf\/Fernandez%2520%26%2520Berro%25202018%2520ASJU.pdf&amp;source=gmail&amp;ust=1543919855224000&amp;usg=AFQjCNGsH7mdZKCbfAx7qF1qTWfwWVsGhg\"><em>Orhiko xoria Orhin lakhet<\/em>: izen\/adjektibo psikologikoak, gai lokatiboak eta predikazioa<\/a>. Joseba Lakarra &amp; Blanca Urgell (ed.) <em>Studia Diachronica et Philologica in honorem Joakin Gorrotxategi: Vasconica et Aquitanica. International Journal of Basque Lingustics and Philology (ASJU)<\/em>, 52 (1\/2). Vitoria-Gasteiz: UPV\/EHU. 253-270.<\/p>\n<p style=\"text-align: justify;\">Etxebarria, M. (2018) <a href=\"http:\/\/www.ehu.eus\/ojs\/index.php\/ASJU\/article\/view\/20201\" target=\"_blank\" rel=\"noopener noreferrer\">Biling\u00fcismo y realidad socioling\u00fc\u00edstica de la Lengua Inga en Colombia \/ Bilingualism and Sociolinguistic Reality in the Inga Language of Colombia.<\/a> <em>International Journal of Basque Linguistics and Philology. (ASJU)<\/em>. <em>ASJU <\/em>52-1\/2, pp. 237-251.<\/p>\n<p style=\"text-align: justify;\">Orbegozo, I.; Urrestarazu, I.; Berro, A.; Landa, J. &amp; Fern\u00e1ndez, B. (2018) <a href=\"http:\/\/basdisyn.net\/Bas&amp;Be\/biv\/?\" target=\"_blank\" rel=\"noopener noreferrer\"><em>Euskara Bariazioan. Basque in Variation (BiV)<\/em><\/a>. UPV\/EHU.<\/p>\n<p style=\"text-align: justify;\">Orbegozo, I.; Urrestarazu, I.; Berro, A. &amp; Fern\u00e1ndez, B. (2018) <a href=\"http:\/\/cilx2018.uvigo.gal\/actas\/pdf\/646702.pdf\" target=\"_blank\" rel=\"noopener noreferrer\">Basque in Variation (BiV): una base de datos online sobre la variaci\u00f3n morfosint\u00e1ctica del euskera<\/a>. In <em>A<\/em><i>ctas do XIII Congreso Internacional de Ling\u00fc\u00edstica Xeral<\/i>. Vigo: Univ. de Vigo. 677-684.<\/p>\n<p style=\"text-align: justify;\">Orbegozo, I. (2018) <a href=\"http:\/\/cilx2018.uvigo.gal\/actas\/pdf\/652782.pdf\" target=\"_blank\" rel=\"noopener noreferrer\">An\u00e1lisis formal de las oraciones imperativas y hortativas del euskera<\/a>. In <em>A<\/em><i>ctas do XIII Congreso Internacional de Ling\u00fc\u00edstica Xeral<\/i>. Vigo: Univ. de Vigo. 669-676.<\/p>\n<p style=\"text-align: justify;\">Salaburu, P. (2018) Euskara garaikidea. Batasunaren bide luzea. In <em>Euskararen historia (J. Gorrotxategi, I. Igartua, J.Lakarra, Eds.) Gasteiz: Eusko Jaurlaritza, Kultura Saila,<\/em> pp. 746-800.<\/p>\n<p style=\"text-align: justify;\">Salaburu, P. (2018) El euskera contempor\u00e1neo. El largo camino de la unificaci\u00f3n literaria. In <em>Historia de la Lengua Vasca, (J. Gorrotxategi, I. Igartua, J.Lakarra, Eds.). Gasteiz-Vitoria: Gobierno Vasco,<\/em> pp. 809-869.<\/p>\n<p><\/p>","protected":false},"excerpt":{"rendered":"<p>2025\u00a0 \u00a0 \u00a0\u00a02024\u00a0 \u00a0 \u00a02023\u00a0 \u00a0 \u00a02022\u00a0 \u00a0 \u00a0 \u00a0\u00a02021\u00a0 \u00a0 \u00a0 \u00a0 2020 \u00a0\u00a0 \u00a0 \u00a0 2019 \u00a0 \u00a0 \u00a0 \u00a0\u00a02017 \u00a0 \u00a0 \u00a0 \u00a0\u00a02016 \u00a0 \u00a0 \u00a0 \u00a0\u00a02015 \u00a0\u00a0 \u00a0 \u00a0 2014 \u00a0 \u00a0 \u00a0 \u00a0\u00a02013 \u00a0 \u00a0 &hellip; <a href=\"https:\/\/www.ehu.eus\/HEB\/publications-2018\/\">Continue reading <span class=\"meta-nav\">&rarr;<\/span><\/a><\/p>\n","protected":false},"author":2,"featured_media":0,"parent":0,"menu_order":0,"comment_status":"closed","ping_status":"closed","template":"","meta":{"footnotes":""},"_links":{"self":[{"href":"https:\/\/www.ehu.eus\/HEB\/wp-json\/wp\/v2\/pages\/14222"}],"collection":[{"href":"https:\/\/www.ehu.eus\/HEB\/wp-json\/wp\/v2\/pages"}],"about":[{"href":"https:\/\/www.ehu.eus\/HEB\/wp-json\/wp\/v2\/types\/page"}],"author":[{"embeddable":true,"href":"https:\/\/www.ehu.eus\/HEB\/wp-json\/wp\/v2\/users\/2"}],"replies":[{"embeddable":true,"href":"https:\/\/www.ehu.eus\/HEB\/wp-json\/wp\/v2\/comments?post=14222"}],"version-history":[{"count":15,"href":"https:\/\/www.ehu.eus\/HEB\/wp-json\/wp\/v2\/pages\/14222\/revisions"}],"predecessor-version":[{"id":17324,"href":"https:\/\/www.ehu.eus\/HEB\/wp-json\/wp\/v2\/pages\/14222\/revisions\/17324"}],"wp:attachment":[{"href":"https:\/\/www.ehu.eus\/HEB\/wp-json\/wp\/v2\/media?parent=14222"}],"curies":[{"name":"wp","href":"https:\/\/api.w.org\/{rel}","templated":true}]}}