{"id":14492,"date":"2019-10-15T14:47:47","date_gmt":"2019-10-15T14:47:47","guid":{"rendered":"http:\/\/www.ehu.eus\/HEB\/?page_id=14492"},"modified":"2023-09-15T10:42:13","modified_gmt":"2023-09-15T10:42:13","slug":"beatriz_gomez","status":"publish","type":"page","link":"https:\/\/www.ehu.eus\/HEB\/beatriz_gomez\/","title":{"rendered":"BEATRIZ G\u00d3MEZ-VIDAL"},"content":{"rendered":"<p><\/p>\n<p style=\"text-align: center;\"><img loading=\"lazy\" decoding=\"async\" class=\"aligncenter\" src=\"http:\/\/www.ehu.eus\/HEB\/wp-content\/uploads\/2012\/05\/Foto-Bea.jpg\" alt=\"\" width=\"229\" height=\"311\" \/><\/p>\n<p style=\"text-align: center;\">Micaela Portilla Research Center, Office 3.2<br \/>\n1 Justo V\u00e9lez de Elorriaga Street<br \/>\n01006 Vitoria-Gasteiz<\/p>\n<p style=\"text-align: center;\">email address: <a href=\"mailto:beatriz.gomezv@ehu.eus\" target=\"_blank\" rel=\"noopener noreferrer\">beatriz.gomezv@ehu.eus<\/a><br \/>\nTelephone number: +34 945 014 452<br \/>\nFax number: +34 945 013 200<\/p>\n<p style=\"text-align: justify;\">I am a pre-doctoral researcher at the Linguistics and Basque Studies Department in the University of the Basque Country (UPV\/EHU), as well as a member of the Bilingual Mind research group. My main research line is concerned with the processing of predicates with different argument structure types in Spanish, which I carry out under the supervision of Professor Dr. Itziar Laka and Dr. Miren Arantzeta.<\/p>\n<p style=\"text-align: center;\">__________________________________________________________________________________<\/p>\n<p style=\"text-align: center;\"><strong>RESEARCH LINES<\/strong><\/p>\n<p style=\"text-align: center;\">Psycholinguistics, syntactic processing, argument structure, eye-tracking<\/p>\n<p style=\"text-align: center;\">__________________________________________________________________________________<\/p>\n<p style=\"text-align: center;\"><strong>PUBLICATIONS<\/strong><\/p>\n<p style=\"text-align: justify;\">G\u00f3mez-Vidal B, Arantzeta M, Laka JP, Laka I (2022) <a href=\"https:\/\/journals.plos.org\/plosone\/article?id=10.1371\/journal.pone.0272211\" target=\"_blank\" rel=\"noopener\">Subjects are not all alike: Eye-tracking the agent preference in Spanish.<\/a> <em>PLoS ONE 17(8)<\/em>: e0272211. https:\/\/doi.org\/10.1371\/journal.pone.0272211<\/p>\n<p style=\"text-align: center;\">__________________________________________________________________________________<\/p>\n<p style=\"text-align: center;\"><strong>PARTICIPATION IN CONFERENCES AND SEMINARS<\/strong><\/p>\n<p style=\"text-align: justify;\">G\u00f3mez-Vidal, B., Arantzeta, M., &amp; Laka, I. Animate agents resemble inanimate patients: The effect of prototypicality in thematic role processing. Comunicaci\u00f3n oral en\u00a0<em>Crosslinguistic Perspectives on Processing and Learning Workshop 2022 (X-PPL 2022)<\/em>, Z\u00farich, Suiza. September, 12\u201313, 2022.<\/p>\n<p style=\"text-align: justify;\">G\u00f3mez-Vidal, B., Arantzeta, M., &amp; Laka, I. Fixations reveal preference: A VWP study of thematic role processing in Spanish. Comunicaci\u00f3n oral en The\u00a0<em>Attentive Listener in the Visual World 2022 (AttLis 2022)<\/em>, Storrs, CT, Estados Unidos. October, 27\u201328, 2022.<\/p>\n<p style=\"text-align: justify;\">G\u00f3mez-Vidal, Beatriz. La Hip\u00f3tesis Inacusativa en la mirada: un estudio de eye-tracking en espa\u00f1ol. Talk at <em>XLIX Simposio de la Sociedad Espa\u00f1ola de Ling\u00fc\u00edstica<\/em>, Tarragona (Spain), January 21<sup>st<\/sup>\u201324<sup>th<\/sup>, 2020.<\/p>\n<p style=\"text-align: justify;\">G\u00f3mez-Vidal, B., Arantzeta, M., &amp; Laka, I. Eye-tracking the Unaccusative Hypothesis in Spanish. Comunicaci\u00f3n oral en\u00a0<em>Going Romance XXXIV\u00a0<\/em>(modalidad no presencial). November, 25\u201327, 2020.<\/p>\n<p style=\"text-align: justify;\">G\u00f3mez-Vidal, B., Arantzeta, M., Laka, J.P., &amp; Laka, I. Investigating Argument Reactivation: On the validity of the Growth Curve Analysis. Comunicaci\u00f3n oral en\u00a0<em>International Online Conference of Psycholinguistic and Neurolinguistic Research: Methods, Materials, and Approaches<\/em> (modalidad no presencial). December, 17\u201319, 2020.<\/p>\n<p style=\"text-align: justify;\">G\u00f3mez-Vidal, Beatriz. La reactivaci\u00f3n argumental: investigando el procesamiento de predicados intransitivos. Talk at <em>Conferencias en Ling\u00fc\u00edstica Formal,\u00a0<\/em>Vitoria-Gasteiz (Spain), November\u00a0 20<sup>th<\/sup>, 2019.<\/p>\n<p style=\"text-align: center;\">__________________________________________________________________________________<\/p>\n<p style=\"text-align: center;\"><strong>STUDIES<\/strong><\/p>\n<ul>\n<li>Presently, pre-doctoral researcher, Linguistics and Basque Studies Department, University of the Basque Country (UPV\/EHU).<\/li>\n<li>2017-2019, Master in Theoretical and Experimental Linguistics, University of the Basque Country (UPV\/EHU).<\/li>\n<li>2013-2017, Degree in English language and literature, University of Santiago de Compostela (USC).<\/li>\n<\/ul>\n<p style=\"text-align: center;\">__________________________________________________________________________________<\/p>\n<p style=\"text-align: center;\"><strong>SCHOLARSHIPS AND AWARDS<\/strong><\/p>\n<ul>\n<li>2018, Scholarship for the training of university professors, (FPU18\/04268), Ministry of Science, Innovation and Universities.<\/li>\n<li>2018, End-of-degree award, Xunta de Galicia.<\/li>\n<li>2017-2018, Scholarship for the completion of Master degrees, University of the Basque Country (UPV\/EHU).<\/li>\n<li>2016-2017, Undergraduate collaboration scholarship in the University of Santiago de Compostela (USC), Ministry of Education, Culture and Sport.<\/li>\n<\/ul>\n<p style=\"text-align: center;\">__________________________________________________________________________________<\/p>\n<p style=\"text-align: center;\"><strong>LANGUAGES<\/strong><\/p>\n<ul>\n<li style=\"list-style-type: none;\">\n<ul>\n<li>Spanish: native speaker<\/li>\n<li>Galician: native speaker<\/li>\n<li>English: C2<\/li>\n<li>Basque: A2<\/li>\n<\/ul>\n<\/li>\n<\/ul>\n<p><\/p>","protected":false},"excerpt":{"rendered":"<p>Micaela Portilla Research Center, Office 3.2 1 Justo V\u00e9lez de Elorriaga Street 01006 Vitoria-Gasteiz email address: beatriz.gomezv@ehu.eus Telephone number: +34 945 014 452 Fax number: +34 945 013 200 I am a pre-doctoral researcher at the Linguistics and Basque Studies &hellip; <a href=\"https:\/\/www.ehu.eus\/HEB\/beatriz_gomez\/\">Continue reading <span class=\"meta-nav\">&rarr;<\/span><\/a><\/p>\n","protected":false},"author":2,"featured_media":0,"parent":0,"menu_order":0,"comment_status":"closed","ping_status":"closed","template":"","meta":{"footnotes":""},"_links":{"self":[{"href":"https:\/\/www.ehu.eus\/HEB\/wp-json\/wp\/v2\/pages\/14492"}],"collection":[{"href":"https:\/\/www.ehu.eus\/HEB\/wp-json\/wp\/v2\/pages"}],"about":[{"href":"https:\/\/www.ehu.eus\/HEB\/wp-json\/wp\/v2\/types\/page"}],"author":[{"embeddable":true,"href":"https:\/\/www.ehu.eus\/HEB\/wp-json\/wp\/v2\/users\/2"}],"replies":[{"embeddable":true,"href":"https:\/\/www.ehu.eus\/HEB\/wp-json\/wp\/v2\/comments?post=14492"}],"version-history":[{"count":17,"href":"https:\/\/www.ehu.eus\/HEB\/wp-json\/wp\/v2\/pages\/14492\/revisions"}],"predecessor-version":[{"id":16360,"href":"https:\/\/www.ehu.eus\/HEB\/wp-json\/wp\/v2\/pages\/14492\/revisions\/16360"}],"wp:attachment":[{"href":"https:\/\/www.ehu.eus\/HEB\/wp-json\/wp\/v2\/media?parent=14492"}],"curies":[{"name":"wp","href":"https:\/\/api.w.org\/{rel}","templated":true}]}}