{"id":14503,"date":"2019-10-18T11:29:09","date_gmt":"2019-10-18T11:29:09","guid":{"rendered":"http:\/\/www.ehu.eus\/HEB\/?page_id=14503"},"modified":"2019-10-18T12:02:36","modified_gmt":"2019-10-18T12:02:36","slug":"phd-research-position","status":"publish","type":"page","link":"https:\/\/www.ehu.eus\/HEB\/phd-research-position\/","title":{"rendered":""},"content":{"rendered":"<p><\/p>\n<header class=\"l-intro\">\n<pre class=\"mod mod-pagetitle\" style=\"text-align: center;\"><strong>PhD research position<\/strong><\/pre>\n<\/header>\n<section>\n<div class=\"mod mod-text skin-text-basics\">\n<div>\n<div>\n<p style=\"text-align: justify;\">Applications are invited for a <strong>full-time 4-year PhD research position<\/strong> (pre-doctoral grant for Formation of Researchers of the Spanish Government &#8211; <em>Ayudas para contratos predoctorales para la formaci\u00f3n de doctores \u2013 FPI<\/em>) in <a href=\"http:\/\/www.ehu.eus\/HEB\/\"><strong>The Bilingual Mind<\/strong><\/a><strong> group<\/strong> in the Dept. of Linguistics and Basque Studies at the University of the Basque Country (UPV\/EHU), Vitoria-Gasteiz.<\/p>\n<p style=\"text-align: justify;\">The successful applicant will work on a new research project titled <em>Cross-linguistic activation effects in bilingual language processing and learning<\/em> led by <a href=\"http:\/\/www.ehu.eus\/HEB\/kepa_erdozia\/\">Dr. Kepa Erdozia<\/a> and <a href=\"http:\/\/www.ehu.eus\/HEB\/mikel_santesteban\/\">Dr. Mikel Santesteban<\/a> (Official title in Spanish: <em>La activaci\u00f3n interling\u00fc\u00edstica en el cambio de lengua y el aprendizaje de segundas lenguas<\/em>; Acronym: CROSS-LING; Code: <em>PGC2018-097970-B-I00<\/em>), founded by the Ministry of Science, Innovation and Universities (Spanish Government).<\/p>\n<p><strong>Location<\/strong>: <a href=\"https:\/\/www.vitoria-gasteiz.org\/we001\/was\/we001Action.do?lang=en&amp;locale=en&amp;idioma=en&amp;accion=turismo&amp;accionWe001=ficha\">Vitoria-Gasteiz<\/a> (Spain)<br \/>\n<strong>University<\/strong>: <a href=\"https:\/\/www.ehu.eus\/en\/web\/guest\/en-home\">The University of the Basque Country<\/a> (UPV\/EHU)<br \/>\n<strong>Starting time<\/strong>: Beginning of 2020<br \/>\n<strong>Salary and conditions<\/strong>: 17.185\u20ac per year (gross salary, around 1200\u20ac per month)<br \/>\n<span style=\"color: #ffffff;\">&#8230;&#8230;&#8230;&#8230;&#8230;&#8230;&#8230;&#8230;&#8230;&#8230;&#8230;&#8230;&#8230;&#8230;<\/span>+ payment of the PhD program tuition fees<br \/>\n<span style=\"color: #ffffff;\">&#8230;&#8230;&#8230;&#8230;&#8230;&#8230;&#8230;&#8230;&#8230;&#8230;&#8230;&#8230;&#8230;&#8230;<\/span>+ additional financial support for research-related stays abroad (up to 6,250\u20ac)<br \/>\n<strong>Deadline<\/strong>: On 7th November 2019, 2pm (Spanish time, UTC+2)<\/p>\n<p style=\"text-align: justify;\"><strong>Project<\/strong><br \/>\nThis project aims to study important aspects related to bilingual language learning and processing. Although previous research shows that bilinguals are highly efficient at managing the activation of their two languages, it is well documented that cross-linguistic activation affects bilingual speakers\u2019 L2 learning and processing. However, it is still not well understood the extent to which this cross-linguistic activation affects the different processes involved in language use. Thus, part of this project will investigate effects of L1 influence on L2 processing and L2 rule-learning, and another part will investigate the way cross-linguistic activation modulates language control and language selection mechanisms of bilingual speakers and thus affects their decision to switch between languages. We will also investigate whether the costs of processing code-switched sentences affect bilingual speakers\u2019 sentence comprehension. The successful applicant will develop a research project related to these topics and will be able to investigate these issues making use of different experimental paradigms and techniques.<\/p>\n<p><strong>General selection criteria:<\/strong><\/p>\n<ul>\n<li>Previous experience in designing, running and analysing psycholinguistic experiments (behavioural, eye-tracking and\/or ERPs).<\/li>\n<li>Motivation to learn about bilingualism, language learning and\/or language production\/comprehension.<\/li>\n<li>Background in linguistics, psycholinguistics\/neurolinguistics, psychology and\/or cognitive psychology.<\/li>\n<li>Programming skills (R, Python, Matlab).<\/li>\n<li>Skill in working both independently and as part of a team.<\/li>\n<li>Good English language skills. (Basque and\/or Spanish would be a plus, but is not necessary.)<\/li>\n<\/ul>\n<p style=\"text-align: justify;\">Applicants must register for the <a href=\"https:\/\/www.ehu.eus\/en\/web\/doctoradolinguistica\/aurkezpena\">Linguistics PhD program<\/a> before the beginning of the contract, and have a Master\u2019s degree before signing the contract.<br \/>\nApplicants from outside the EU are welcome to apply but must qualify for a valid visa.<\/p>\n<p style=\"text-align: justify;\"><strong>How to apply<\/strong><br \/>\nApplications should be submitted through the Ministry of Science, Innovation and Universities (<a href=\"http:\/\/www.ciencia.gob.es\/portal\/site\/MICINN\/menuitem.791459a43fdf738d70fd325001432ea0\/?vgnextoid=14d767e8fd8cd610VgnVCM1000001d04140aRCRD&amp;vgnextchannel=115222e988f75610VgnVCM1000001d04140aRCRD&amp;vgnextfmt=formato2&amp;id3=695779e29e9cd610VgnVCM1000001d04140a____\">link<\/a>).<\/p>\n<p><strong>Deadline<\/strong>: On 7th November 2019, 2pm (Spanish time, UTC+2)<\/p>\n<p style=\"text-align: justify;\">For informal enquiries about the position and applications, please contact Kepa Erdozia (<a href=\"mailto:kepa.erdozia@ehu.eus\">kepa.erdozia@ehu.eus<\/a>) or Mikel Santesteban (<a href=\"mailto:mikel.santesteban@ehu.eus\">mikel.santesteban@ehu.eus<\/a>).<\/p>\n<p style=\"text-align: justify;\">For enquiries about the way to fill in the application, please contact Edurne Petrirena: <a href=\"mailto:edurne.petrirena@ehu.eus\">edurne.petrirena@ehu.eus<\/a>.<\/p>\n<p>Please pass on to interested parties.<\/p>\n<\/div>\n<\/div>\n<\/div>\n<\/section>\n<p><\/p>","protected":false},"excerpt":{"rendered":"<p>PhD research position Applications are invited for a full-time 4-year PhD research position (pre-doctoral grant for Formation of Researchers of the Spanish Government &#8211; Ayudas para contratos predoctorales para la formaci\u00f3n de doctores \u2013 FPI) in The Bilingual Mind group &hellip; <a href=\"https:\/\/www.ehu.eus\/HEB\/phd-research-position\/\">Continue reading <span class=\"meta-nav\">&rarr;<\/span><\/a><\/p>\n","protected":false},"author":2,"featured_media":0,"parent":0,"menu_order":0,"comment_status":"closed","ping_status":"closed","template":"","meta":{"footnotes":""},"_links":{"self":[{"href":"https:\/\/www.ehu.eus\/HEB\/wp-json\/wp\/v2\/pages\/14503"}],"collection":[{"href":"https:\/\/www.ehu.eus\/HEB\/wp-json\/wp\/v2\/pages"}],"about":[{"href":"https:\/\/www.ehu.eus\/HEB\/wp-json\/wp\/v2\/types\/page"}],"author":[{"embeddable":true,"href":"https:\/\/www.ehu.eus\/HEB\/wp-json\/wp\/v2\/users\/2"}],"replies":[{"embeddable":true,"href":"https:\/\/www.ehu.eus\/HEB\/wp-json\/wp\/v2\/comments?post=14503"}],"version-history":[{"count":16,"href":"https:\/\/www.ehu.eus\/HEB\/wp-json\/wp\/v2\/pages\/14503\/revisions"}],"predecessor-version":[{"id":14520,"href":"https:\/\/www.ehu.eus\/HEB\/wp-json\/wp\/v2\/pages\/14503\/revisions\/14520"}],"wp:attachment":[{"href":"https:\/\/www.ehu.eus\/HEB\/wp-json\/wp\/v2\/media?parent=14503"}],"curies":[{"name":"wp","href":"https:\/\/api.w.org\/{rel}","templated":true}]}}