{"id":14604,"date":"2019-12-11T13:39:42","date_gmt":"2019-12-11T13:39:42","guid":{"rendered":"http:\/\/www.ehu.eus\/HEB\/?page_id=14604"},"modified":"2019-12-16T10:42:30","modified_gmt":"2019-12-16T10:42:30","slug":"marcela_depiante","status":"publish","type":"page","link":"https:\/\/www.ehu.eus\/HEB\/marcela_depiante\/","title":{"rendered":"MARCELA DEPIANTE"},"content":{"rendered":"<div class=\"gmail_default\">\n<p style=\"text-align: center;\"><a href=\"http:\/\/www.ehu.eus\/HEB\/wp-content\/uploads\/2019\/12\/Marcela.jpg\"><img loading=\"lazy\" decoding=\"async\" class=\"alignnone size-medium wp-image-14608\" src=\"http:\/\/www.ehu.eus\/HEB\/wp-content\/uploads\/2019\/12\/Marcela-247x300.jpg\" alt=\"\" width=\"247\" height=\"300\" srcset=\"https:\/\/www.ehu.eus\/HEB\/wp-content\/uploads\/2019\/12\/Marcela-247x300.jpg 247w, https:\/\/www.ehu.eus\/HEB\/wp-content\/uploads\/2019\/12\/Marcela-768x932.jpg 768w, https:\/\/www.ehu.eus\/HEB\/wp-content\/uploads\/2019\/12\/Marcela-844x1024.jpg 844w, https:\/\/www.ehu.eus\/HEB\/wp-content\/uploads\/2019\/12\/Marcela.jpg 974w\" sizes=\"(max-width: 247px) 100vw, 247px\" \/><\/a><\/p>\n<p style=\"text-align: center;\">University of Wisconsin-Eau Claire<br \/>\nmail: <a href=\"mailto:depianma@uwec.edu\">depianma@uwec.edu<\/a><\/p>\n<p style=\"text-align: center;\"><a href=\"https:\/\/www.uwec.edu\/profiles\/depianma\/\" target=\"_blank\" rel=\"noopener noreferrer\">Personal web page<\/a><\/p>\n<p><strong>RESEARCH INTERESTS<\/strong><\/p>\n<p style=\"text-align: justify;\">Romance linguistics. Spanish and English syntax and morphology. Comparative syntax. Ellipsis and anaphora phenomena in natural languages. Bilingualism.<\/p>\n<p><strong>SELECTED PUBLICATIONS<br \/>\n<\/strong><\/p>\n<p style=\"text-align: justify;\">Depiante, Marcela (2019) \u2018Null Complement Anaphora\u201d in van Craenenbroeck, Jeroen &amp; Tanja Temmerman (eds.)\u00a0<a href=\"https:\/\/global.oup.com\/academic\/product\/the-oxford-handbook-of-ellipsis-9780198712398?cc=us&amp;lang=en&amp;\" target=\"_blank\" rel=\"noopener noreferrer\" data-saferedirecturl=\"https:\/\/www.google.com\/url?q=https:\/\/global.oup.com\/academic\/product\/the-oxford-handbook-of-ellipsis-9780198712398?cc%3Dus%26lang%3Den%26&amp;source=gmail&amp;ust=1576152728658000&amp;usg=AFQjCNHvEg1Q7cL42ucwIKvmkc9tJ1SCFg\"><em>Oxford Handbook of Ellipsis<\/em><\/a>. Oxford: Oxford University Press.<\/p>\n<p style=\"text-align: justify;\">Depiante, Marcela and Ellen Thompson (2013) \u201cPreposition Stranding in Heritage Speakers of Spanish\u201d\u00a0<a href=\"https:\/\/coyotepapers.sbs.arizona.edu\/volume-21-2013\" target=\"_blank\" rel=\"noopener noreferrer\" data-saferedirecturl=\"https:\/\/www.google.com\/url?q=https:\/\/coyotepapers.sbs.arizona.edu\/volume-21-2013&amp;source=gmail&amp;ust=1576152728658000&amp;usg=AFQjCNEUq-3i5Gfr3KeAj0rdbfmiBFYaIA\"><em>Coyote Papers 21: Proceedings of the Arizona Linguistics Circle<\/em><\/a>. Edited by H.K. Jung and J. Schertz.\u00a0 University of Arizona. Tucson, Arizona.<\/p>\n<p style=\"text-align: justify;\">Depiante, Marcela and Luis Vicente (2012) \u2018El movimiento y la morfolog\u00eda del verbo\u2019. In\u00a0<a href=\"https:\/\/www.visor-libros.com\/tienda\/el-movimiento-de-constituyentes.html\" target=\"_blank\" rel=\"noopener noreferrer\" data-saferedirecturl=\"https:\/\/www.google.com\/url?q=https:\/\/www.visor-libros.com\/tienda\/el-movimiento-de-constituyentes.html&amp;source=gmail&amp;ust=1576152728658000&amp;usg=AFQjCNFUIcfBGOVdyaLhR79X1jcAPDmSYg\"><em>El movimiento de constituyentes<\/em><\/a>\u00a0 Edited by\u00a0 Jos\u00e9 M. Brucart &amp; \u00c1ngel J. Gallego.\u00a0 Madrid: Visor.<\/p>\n<p style=\"text-align: justify;\">Depiante, Marcela and Jorge Hankamer (2005) \u201cLa condici\u00f3n de identidad en la elipsis: El caso del truncamiento.\u201d Sociedad Argentina de Ling\u00fc\u00edstica (SAL) Proceedings, Argentina.<\/p>\n<p style=\"text-align: justify;\">Depiante, Marcela (2004) \u201cDos casos de elipsis con part\u00edcula de polaridad en espa\u00f1ol.\u201d RASAL Ling\u00fc\u00edstica. N\u00famero 1:53-69. Buenos Aires, Argentina.<\/p>\n<p style=\"text-align: justify;\">Depiante, Marcela (2001) \u201c<a href=\"https:\/\/doi.org\/10.1515\/prbs.2001.003\" target=\"_blank\" rel=\"noopener noreferrer\" data-saferedirecturl=\"https:\/\/www.google.com\/url?q=https:\/\/doi.org\/10.1515\/prbs.2001.003&amp;source=gmail&amp;ust=1576152728658000&amp;usg=AFQjCNGBOxr8hr9_t51UJ4ZZKTJjLzdhTw\">On Null Complement Anaphora in Spanish and Italian<\/a>.\u201d Probus 13:193-221.<\/p>\n<p style=\"text-align: justify;\">Lasnik, Howard with Marcela Depiante and Arthur Stepanov (2000)\u00a0<a href=\"https:\/\/mitpress.mit.edu\/books\/syntactic-structures-revisited\" target=\"_blank\" rel=\"noopener noreferrer\" data-saferedirecturl=\"https:\/\/www.google.com\/url?q=https:\/\/mitpress.mit.edu\/books\/syntactic-structures-revisited&amp;source=gmail&amp;ust=1576152728658000&amp;usg=AFQjCNFppxjGS1Ec9pVggKJXsay46WyW2A\"><em>Syntactic Structures Revisited: Contemporary Lectures on Classical Transformational Theory<\/em><\/a>. Cambridge: MIT Press.<\/p>\n<p style=\"text-align: justify;\">Aus\u00edn, Adolfo and Marcela Depiante (2000) &#8220;On the syntax of parecer (\u2018To Seem\u201d) with and without an experiencer\u201d in Campos, H\u00e9ctor, Elena Herburger, Alfonso Morales-Front, and Thomas J. Walsh (eds.)\u00a0<a href=\"http:\/\/www.cascadilla.com\/hls3.html\" target=\"_blank\" rel=\"noopener noreferrer\" data-saferedirecturl=\"https:\/\/www.google.com\/url?q=http:\/\/www.cascadilla.com\/hls3.html&amp;source=gmail&amp;ust=1576152728658000&amp;usg=AFQjCNER3rBAdxfIoT0KXicQDUqO33Te6w\"><em>Hispanic Linguistics at the Turn of the Millennium. Papers from the 3rd Hispanic Linguistics Symposium<\/em><\/a>.\u00a0 155-170. Cascadilla Press. Somerville, MA.<\/p>\n<p style=\"text-align: justify;\">Depiante, Marcela (1998) \u201cOn the Representation of Downstep: The case of Krachi and Chumburung\u201d in Chen, Deborah, Tien-Hsin Hsin and Eric Short (eds.)\u00a0<a href=\"http:\/\/mitwpl.mit.edu\/catalog\/cwpl09\/\" target=\"_blank\" rel=\"noopener noreferrer\" data-saferedirecturl=\"https:\/\/www.google.com\/url?q=http:\/\/mitwpl.mit.edu\/catalog\/cwpl09\/&amp;source=gmail&amp;ust=1576152728658000&amp;usg=AFQjCNGLUbLccfLBaTEwKdn9XgMu671SMg\">\u201cPapers in Phonology\u201d University of Connecticut Working Papers in Linguistics<\/a> Number 9. Pages 129-148. Published by MIT Working Papers in Linguistics.<\/p>\n<\/div>\n","protected":false},"excerpt":{"rendered":"<p>University of Wisconsin-Eau Claire mail: depianma@uwec.edu Personal web page RESEARCH INTERESTS Romance linguistics. Spanish and English syntax and morphology. Comparative syntax. Ellipsis and anaphora phenomena in natural languages. Bilingualism. SELECTED PUBLICATIONS Depiante, Marcela (2019) \u2018Null Complement Anaphora\u201d in van Craenenbroeck, &hellip; <a href=\"https:\/\/www.ehu.eus\/HEB\/marcela_depiante\/\">Continue reading <span class=\"meta-nav\">&rarr;<\/span><\/a><\/p>\n","protected":false},"author":2,"featured_media":0,"parent":0,"menu_order":0,"comment_status":"closed","ping_status":"closed","template":"","meta":{"footnotes":""},"_links":{"self":[{"href":"https:\/\/www.ehu.eus\/HEB\/wp-json\/wp\/v2\/pages\/14604"}],"collection":[{"href":"https:\/\/www.ehu.eus\/HEB\/wp-json\/wp\/v2\/pages"}],"about":[{"href":"https:\/\/www.ehu.eus\/HEB\/wp-json\/wp\/v2\/types\/page"}],"author":[{"embeddable":true,"href":"https:\/\/www.ehu.eus\/HEB\/wp-json\/wp\/v2\/users\/2"}],"replies":[{"embeddable":true,"href":"https:\/\/www.ehu.eus\/HEB\/wp-json\/wp\/v2\/comments?post=14604"}],"version-history":[{"count":9,"href":"https:\/\/www.ehu.eus\/HEB\/wp-json\/wp\/v2\/pages\/14604\/revisions"}],"predecessor-version":[{"id":14614,"href":"https:\/\/www.ehu.eus\/HEB\/wp-json\/wp\/v2\/pages\/14604\/revisions\/14614"}],"wp:attachment":[{"href":"https:\/\/www.ehu.eus\/HEB\/wp-json\/wp\/v2\/media?parent=14604"}],"curies":[{"name":"wp","href":"https:\/\/api.w.org\/{rel}","templated":true}]}}