{"id":14728,"date":"2020-01-30T15:59:13","date_gmt":"2020-01-30T15:59:13","guid":{"rendered":"http:\/\/www.ehu.eus\/HEB\/?page_id=14728"},"modified":"2023-09-15T10:37:27","modified_gmt":"2023-09-15T10:37:27","slug":"conferences-2019","status":"publish","type":"page","link":"https:\/\/www.ehu.eus\/HEB\/conferences-2019\/","title":{"rendered":"CONFERENCES 2019"},"content":{"rendered":"<p><\/p>\n<p style=\"text-align: justify;\">Azkarate, M. Joxe Azurmendi: euskara batuaren bilbe eta irazki. Invited talk. <em>Joxe Azurmendi: euskal pentsamenduaren ur-jauzia (Joxe azurmendiren omenez) congress.<\/em> Jakin, UPV\/EHU, Gipuzkoako Foru Aldundia. December 11-13, 2019.<\/p>\n<p style=\"text-align: justify;\">G\u00f3mez-Vidal, B. La reactivaci\u00f3n argumental: investigando el procesamiento de predicados intransitivos. Comunicaci\u00f3n oral en <em>Conferencias en Ling\u00fc\u00edstica Formal,\u00a0<\/em>Vitoria-Gasteiz. November 20, 2019.<\/p>\n<p style=\"text-align: justify;\">Martinez de la Hidalga, G.; Zawiszewski,A. &amp; Laka, I. The Unaccusative Hypothesis in Basque: an ERP study. <i>Crosslinguistic prespectives on processing and learning (X-PPL)<\/i>. University of Zurich. Zurich, Suiza. November 4-5, 2019.<\/p>\n<p style=\"text-align: justify;\">Erdocia, K.; Sanahuja, N. <a href=\"http:\/\/www.ehu.eus\/HEB\/wp-content\/uploads\/2019\/12\/Cog-for-Learn.pdf\" target=\"_blank\" rel=\"noopener noreferrer\">The Impact of Lexical Co-activation trhough Cognates on L2 Rule Learning.<\/a> <i>Crosslinguistic prespectives on processing and learning (X-PPL)<\/i>. University of Zurich. Zurich, Suiza. November 4, 2019.<\/p>\n<p style=\"text-align: justify;\">L\u00f3pez-Sancio, S.; Ros, I. &amp; Laka, I. Antilocality effects in main clauses: Evidence from Basque. Poster at <em>AMLaP 2019<\/em>, Moscow, Russia, September 6\u20138, 2019.<\/p>\n<p style=\"text-align: justify;\">L\u00f3pez-Sancio, S. &amp; Laka, I. Locality in unbounded and local dependencies in Spanish. Poster at <em>AMLaP 2019<\/em>, Moscow, Russia, September 6\u20138, 2019.<\/p>\n<p style=\"text-align: justify;\">Martinez de la Hidalga, G.; Zawiszewski,A. &amp; Laka, I. <a href=\"http:\/\/www.ehu.eus\/HEB\/wp-content\/uploads\/2019\/09\/2019_Amlap_poster_better-AZ9final-.pdf\" target=\"_blank\" rel=\"noopener noreferrer\">Unaccusatives versus unergatives: ERP evidence from L1\/L2 speakers of Basque<\/a><a href=\"http:\/\/www.ehu.eus\/HEB\/wp-content\/uploads\/2019\/05\/Symposium_Erdocia2019.pdf\" target=\"_blank\" rel=\"noopener noreferrer\">.<\/a> Poster at <em>AMLaP 2019<\/em>, Moscow, Russia, September 6\u20138, 2019.<\/p>\n<p style=\"text-align: justify;\">Zimnukhova, S.; Erdocia, K.\u00a0 Subject and Object Pro-drop Sentence Processing in Bilinguals: An Eye-Tracking Study. <i>IKER mintegia<\/i>. IKER (UMR 5478, CNRS, UPPA &amp; UBM) Baiona, Frantzia. June 25, 2019.<\/p>\n<p style=\"text-align: justify;\">Santesteban, M., Lorusso, P., Hatzidaki, A., Laka, I., &amp; Zawiszewski, A. Lexical predictability effects on gender and number agreement encoding reveal their differences. Talk. Psycholinguistics in Iceland &#8211; Parsing and Prediction, Reykjavik, Islandia. June, 19-20, 2019.<\/p>\n<p style=\"text-align: justify;\">Martinez de la Hidalga, G. Garunaren elektrofisiologia eta euskara<a href=\"http:\/\/www.ehu.eus\/HEB\/wp-content\/uploads\/2019\/05\/Symposium_Erdocia2019.pdf\" target=\"_blank\" rel=\"noopener noreferrer\">.<\/a> Talk. <em>Bi hizkuntza garun bakarrean: Euskal psikohizkuntzalaritzaren ekarpenak eta erronkak.<\/em> Udako Euskal Unibertsitatea (UEU), Eibar. June, 4-5, 2019.<\/p>\n<p style=\"text-align: justify;\">Erdocia, K.; Romo, A.; Martinez de la Hidalga, G.; Vela Plo, L.; Laka, I. <a href=\"http:\/\/www.ehu.eus\/HEB\/wp-content\/uploads\/2019\/05\/Symposium_Erdocia2019.pdf\" target=\"_blank\" rel=\"noopener noreferrer\">Delayed ambiguity resolution in L2<\/a>. Talk.\u00a0 <em>XIV International Symposium of Psycholinguistics<\/em>. Universitat Rovira i Virgili. Tarragona. April, 10-13, 2019.<\/p>\n<p style=\"text-align: justify;\">Santesteban, M., Lorusso, P., Hatzidaki, A., Laka, I., &amp; Zawiszewski, A. Lexical predictability effects on agreement encoding reveal the differences between gender and number features. Comunicaci\u00f3n oral presentada en el XIV International Symposium of Psycholinguistics,Tarragona, Espa\u00f1a. April, 10-13, 2019.<\/p>\n<p style=\"text-align: justify;\">Odria, A. Datiboen izaera sintaktikoa Bigarren Mailako Predikazioaren eta Pertsona Kasuaren Murriztapenaren argitan. <em>FLV, 50 urte<\/em>. Pamplona. March, 6-7, 2019.<\/p>\n<p style=\"text-align: justify;\">Pastor, L.\u00a0 Hitz ordenaren eragina zenbait ezaugarri gramatikalen erabilera maiztasunean. Comunicaci\u00f3n oral. <em>FLV, 50 urte: metodo eta joera berriak (euskal) hizkuntzalaritzan. <\/em>Pamplona. March, 6-7, 2019.<\/p>\n<p style=\"text-align: justify;\">Berro, A. &amp; Fern\u00e1ndez, B.\u00a0 Aditzik gabeko aplikatiboak. Islandieratik euskarara, euskaratik giza hizkuntzara. FLV, 50 urte. Pamplona. March, 6-7, 2019.<\/p>\n<p style=\"text-align: justify;\">Lindemann, D. <a href=\"https:\/\/api.zotero.org\/users\/772439\/publications\/items\/NC2S5S4K\/file\/view\">The LexBib Project.<\/a> Presented at: <em>Elexis Observer Event<\/em>, Vienna. February 19, 2019.<\/p>\n<p style=\"text-align: justify;\">L\u00f3pez-Sancio, S. &amp; Laka, I. (2019). Dependency type modulates island effects: Evidence from Spanish. Comunicaci\u00f3n oral en el\u00a0<em>93rd Annual Meeting of the Linguistic Society of America<\/em>, Nueva York, EEUU. January 3\u20136, 2019.<\/p>\n<p><\/p>","protected":false},"excerpt":{"rendered":"<p>Azkarate, M. Joxe Azurmendi: euskara batuaren bilbe eta irazki. Invited talk. Joxe Azurmendi: euskal pentsamenduaren ur-jauzia (Joxe azurmendiren omenez) congress. Jakin, UPV\/EHU, Gipuzkoako Foru Aldundia. December 11-13, 2019. G\u00f3mez-Vidal, B. La reactivaci\u00f3n argumental: investigando el procesamiento de predicados intransitivos. Comunicaci\u00f3n &hellip; <a href=\"https:\/\/www.ehu.eus\/HEB\/conferences-2019\/\">Continue reading <span class=\"meta-nav\">&rarr;<\/span><\/a><\/p>\n","protected":false},"author":2,"featured_media":0,"parent":0,"menu_order":0,"comment_status":"closed","ping_status":"closed","template":"","meta":{"footnotes":""},"_links":{"self":[{"href":"https:\/\/www.ehu.eus\/HEB\/wp-json\/wp\/v2\/pages\/14728"}],"collection":[{"href":"https:\/\/www.ehu.eus\/HEB\/wp-json\/wp\/v2\/pages"}],"about":[{"href":"https:\/\/www.ehu.eus\/HEB\/wp-json\/wp\/v2\/types\/page"}],"author":[{"embeddable":true,"href":"https:\/\/www.ehu.eus\/HEB\/wp-json\/wp\/v2\/users\/2"}],"replies":[{"embeddable":true,"href":"https:\/\/www.ehu.eus\/HEB\/wp-json\/wp\/v2\/comments?post=14728"}],"version-history":[{"count":9,"href":"https:\/\/www.ehu.eus\/HEB\/wp-json\/wp\/v2\/pages\/14728\/revisions"}],"predecessor-version":[{"id":16357,"href":"https:\/\/www.ehu.eus\/HEB\/wp-json\/wp\/v2\/pages\/14728\/revisions\/16357"}],"wp:attachment":[{"href":"https:\/\/www.ehu.eus\/HEB\/wp-json\/wp\/v2\/media?parent=14728"}],"curies":[{"name":"wp","href":"https:\/\/api.w.org\/{rel}","templated":true}]}}