{"id":14794,"date":"2020-03-03T23:05:42","date_gmt":"2020-03-03T23:05:42","guid":{"rendered":"http:\/\/www.ehu.eus\/HEB\/?page_id=14794"},"modified":"2020-03-04T15:28:52","modified_gmt":"2020-03-04T15:28:52","slug":"jurgen-etxeberria","status":"publish","type":"page","link":"https:\/\/www.ehu.eus\/HEB\/jurgen-etxeberria\/","title":{"rendered":"J\u00dcRGEN ETXEBERRIA"},"content":{"rendered":"<p><\/p>\n<p style=\"text-align: center;\"><a href=\"http:\/\/www.ehu.eus\/HEB\/wp-content\/uploads\/2020\/03\/jurgen.jpg\"><img loading=\"lazy\" decoding=\"async\" class=\"alignnone size-full wp-image-14796\" src=\"http:\/\/www.ehu.eus\/HEB\/wp-content\/uploads\/2020\/03\/jurgen.jpg\" alt=\"\" width=\"258\" height=\"229\" \/><\/a><\/p>\n<p style=\"text-align: center;\">Centro de Investigaci\u00f3n Micaela Portilla Ikergunea, Oficina 3.2<br \/>\nCalle Justo V\u00e9lez de Elorriaga, 1<br \/>\n01006 Vitoria-Gasteiz<\/p>\n<p style=\"text-align: center;\"><a href=\"mailto:jetxeberria014@ikasle.ehu.eus\">jetxeberria014@ikasle.ehu.eus<\/a><br \/>\nTel\u00e9fono: +34 945 014 452<br \/>\nFax: +34 945 013 200<\/p>\n<p><strong>Studies<\/strong><\/p>\n<p style=\"text-align: justify;\">I am studying the Basque Studies degree at UPV\/EHU (2016-currently). Since I was a child, I have been interested in travelling and getting to know new languages. This interest on languages was the main reason to choose this degree. Currently, thanks to the Ikasiker Fellowship of Research, I am collaborating with the research group <em>The<\/em> <em>Bilingual Mind<\/em> directed by Itziar Laka. Particularly, I am analyzing the nature of adpositions with Beatriz Fern\u00e1ndez.<\/p>\n<p><strong>Languages<\/strong><\/p>\n<p>Basque (mother tongue), Spanish (mother tongue), English (B2), French (B2), Russian (beginner).<\/p>\n<p><strong>Research interests<\/strong><\/p>\n<p>Syntactic Theory, adpositions, adverbs, ablative, adlative, inesive.<\/p>\n<p><strong>Grants<\/strong><\/p>\n<p>Ikasiker Fellowship for Research (2019-2020)<\/p>\n<p>Institution: Department of Education, Language Policy and Culture of the Basque Government<\/p>","protected":false},"excerpt":{"rendered":"<p>Centro de Investigaci\u00f3n Micaela Portilla Ikergunea, Oficina 3.2 Calle Justo V\u00e9lez de Elorriaga, 1 01006 Vitoria-Gasteiz jetxeberria014@ikasle.ehu.eus Tel\u00e9fono: +34 945 014 452 Fax: +34 945 013 200 Studies I am studying the Basque Studies degree at UPV\/EHU (2016-currently). Since I &hellip; <a href=\"https:\/\/www.ehu.eus\/HEB\/jurgen-etxeberria\/\">Continue reading <span class=\"meta-nav\">&rarr;<\/span><\/a><\/p>\n","protected":false},"author":2,"featured_media":0,"parent":0,"menu_order":0,"comment_status":"closed","ping_status":"closed","template":"","meta":{"footnotes":""},"_links":{"self":[{"href":"https:\/\/www.ehu.eus\/HEB\/wp-json\/wp\/v2\/pages\/14794"}],"collection":[{"href":"https:\/\/www.ehu.eus\/HEB\/wp-json\/wp\/v2\/pages"}],"about":[{"href":"https:\/\/www.ehu.eus\/HEB\/wp-json\/wp\/v2\/types\/page"}],"author":[{"embeddable":true,"href":"https:\/\/www.ehu.eus\/HEB\/wp-json\/wp\/v2\/users\/2"}],"replies":[{"embeddable":true,"href":"https:\/\/www.ehu.eus\/HEB\/wp-json\/wp\/v2\/comments?post=14794"}],"version-history":[{"count":3,"href":"https:\/\/www.ehu.eus\/HEB\/wp-json\/wp\/v2\/pages\/14794\/revisions"}],"predecessor-version":[{"id":14799,"href":"https:\/\/www.ehu.eus\/HEB\/wp-json\/wp\/v2\/pages\/14794\/revisions\/14799"}],"wp:attachment":[{"href":"https:\/\/www.ehu.eus\/HEB\/wp-json\/wp\/v2\/media?parent=14794"}],"curies":[{"name":"wp","href":"https:\/\/api.w.org\/{rel}","templated":true}]}}