{"id":15347,"date":"2021-05-05T08:43:21","date_gmt":"2021-05-05T08:43:21","guid":{"rendered":"http:\/\/www.ehu.eus\/HEB\/?page_id=15347"},"modified":"2025-02-17T14:22:37","modified_gmt":"2025-02-17T14:22:37","slug":"publications-2020","status":"publish","type":"page","link":"https:\/\/www.ehu.eus\/HEB\/publications-2020\/","title":{"rendered":"2020"},"content":{"rendered":"<p><\/p>\n<p style=\"text-align: center;\"><strong><a title=\"PUBLICACIONES 2024\" href=\"http:\/\/www.ehu.eus\/HEB\/publications\">2025<\/a>\u00a0 \u00a0 \u00a0\u00a0<a title=\"PUBLICACIONES 2024\" href=\"https:\/\/www.ehu.eus\/HEB\/publications-2024\">2024<\/a> \u00a0 \u00a0 <a title=\"PUBLICATIONS 2023\" href=\"http:\/\/www.ehu.eus\/HEB\/publications-2023\">2023<\/a>\u00a0 \u00a0 \u00a0 <a title=\"PUBLICATIONS 2022\" href=\"http:\/\/www.ehu.eus\/HEB\/publications-2022\">2022<\/a>\u00a0 \u00a0 \u00a0\u00a0<a title=\"PUBLICATIONS 2021\" href=\"http:\/\/www.ehu.eus\/HEB\/publications-2021\">2021<\/a>\u00a0 \u00a0 \u00a0\u00a0<a title=\"PUBLICATIONS 2019\" href=\"http:\/\/www.ehu.eus\/HEB\/publications-2019\">2019<\/a>\u00a0 \u00a0 \u00a0 <a title=\"PUBLICATIONS 2018\" href=\"http:\/\/www.ehu.eus\/HEB\/publications-2018\/\">2018<\/a>\u00a0 \u00a0 \u00a0 <a title=\"PUBLICATIONS 2017\" href=\"http:\/\/www.ehu.eus\/HEB\/publications-2017\/\">2017<\/a>\u00a0 \u00a0 \u00a0 <a title=\"PUBLICATIONS 2016\" href=\"http:\/\/www.ehu.es\/HEB\/publications-2016\/\">2016<\/a>\u00a0 \u00a0 \u00a0 <a title=\"PUBLICATIONS 2015\" href=\"http:\/\/www.ehu.es\/HEB\/publications-2015\/\">2015<\/a>\u00a0 \u00a0 \u00a0 <a title=\"PUBLICATIONS 2014\" href=\"http:\/\/www.ehu.eus\/HEB\/publications-2014\/\">2014<\/a>\u00a0 \u00a0 \u00a0 <a title=\"PUBLICATIONS 2013\" href=\"http:\/\/www.ehu.eus\/HEB\/publications-2013\/\">2013<\/a>\u00a0 \u00a0 \u00a0 <a title=\"PUBLICATIONS 2002-2010\" href=\"http:\/\/www.ehu.es\/HEB\/publications\/publications-2002-2012\">2002-2012<\/a>\u00a0 \u00a0 \u00a0\u00a0<a title=\"CORPORA\" href=\"http:\/\/www.ehu.es\/HEB\/?page_id=1678\">CORPORA<\/a><\/strong><\/p>\n<p>&nbsp;<\/p>\n<p style=\"text-align: justify;\">Santesteban, M., Zawiszewski, A., &amp; Hatzidaki, A. (2020) <a href=\"https:\/\/www.sciencedirect.com\/science\/article\/pii\/S0093934X20300857?via%3Dihub\" target=\"_blank\" rel=\"noopener noreferrer\">ERP indexes of number attraction and word order during correct verb agreement production<\/a>. <em>Brain and Language<\/em>. <a href=\"https:\/\/doi.org\/10.1016\/j.bandl.2020.104826\" target=\"_blank\" rel=\"noopener noreferrer\" data-saferedirecturl=\"https:\/\/www.google.com\/url?q=https:\/\/doi.org\/10.1016\/j.bandl.2020.104826&amp;source=gmail&amp;ust=1592467384665000&amp;usg=AFQjCNEz4BdqVNokLYQlJ_laXFtXZbtSYQ\">https:\/\/doi.org\/10.1016\/j.<wbr \/>bandl.2020.104826<\/a> (pre-print available upon request)<\/p>\n<p style=\"text-align: justify;\">Zawiszewski, A.; Laka, I. (2020) <a href=\"https:\/\/www.sciencedirect.com\/science\/article\/pii\/S0911604419301447\" target=\"_blank\" rel=\"noopener noreferrer\">Bilinguals processing noun morphology: Evidence for the Language Distance Hypothesis from event-related potentials<\/a>. <em>Journal of Neurolinguistics.<\/em> Volume 55. DOI: <a href=\"https:\/\/doi.org\/10.1016\/j.jneuroling.2020.100908\" target=\"_blank\" rel=\"noopener noreferrer\">10.1016\/j.jneuroling.2020.100908<\/a><\/p>\n<p style=\"text-align: justify;\">Baus, C., Santesteban, M., Runnqvist, E., Strijkers, K., &amp; Costa, A. (2020) <a href=\"https:\/\/doi.org\/10.1016\/j.jneuroling.2020.100934\" target=\"_blank\" rel=\"noopener noreferrer\">Characterizing lexicalization and self-monitoring processes in bilingual speech production<\/a>. <em>Journal of Neurolinguistics, 56, <\/em>100934<em>. <\/em>DOI: <a href=\"https:\/\/doi.org\/10.1016\/j.jneuroling.2020.100934\">10.1016\/j.jneuroling.2020.100934<\/a><\/p>\n<p style=\"text-align: justify;\">Santesteban, M., &amp; Schwieter, J. W. (2020) <a href=\"http:\/\/www.ehu.eus\/HEB\/wp-content\/uploads\/2018\/09\/Lexical%20selection%20and%20competition%20FINAL_submitted.pdf\" target=\"_blank\" rel=\"noopener noreferrer\">Lexical selection and competition in bilinguals.<\/a> In R. R. Heredia &amp; A. B. Cie\u015blicka (Eds.). <i>Bilingual lexical ambiguity resolution.<\/i> New York, NY: Cambridge University Press.<\/p>\n<p style=\"text-align: justify;\">de la Cruz-Pav\u00eda, I.; Elordieta, G.; Villegas, J.; Gervain, J.; Laka, I. (2020) <a href=\"http:\/\/www.ehu.eus\/HEB\/wp-content\/uploads\/2020\/01\/2020de la Cruz Pavia et al.pdf\" target=\"_blank\" rel=\"noopener noreferrer\">Segmental information drives adult bilingual phrase segmentation preference.<\/a> <i>International Journal of Bilingual Education and Bilingualism<\/i>. DOI: <a href=\"https:\/\/www.tandfonline.com\/doi\/full\/10.1080\/13670050.2020.1713045\" target=\"_blank\" rel=\"noopener noreferrer\">10.1080\/13670050.2020.1713045<\/a><\/p>\n<p style=\"text-align: justify;\">de la Cruz-Pav\u00eda, I.; Werker, J. F.; Vatikiotis-Bateson, E. &amp; Gervain, J. (2020). <a href=\"https:\/\/journals.sagepub.com\/doi\/full\/10.1177\/0023830919842353\" target=\"_blank\" rel=\"noopener noreferrer\">Finding phrases: The interplay of word frequency, phrasal prosody and co-speech visual information in chunking speech by monolingual and bilingual adults<\/a>. <em>Language and Speech<\/em> <em>63<\/em>(2), 264-291.DOI: 10.1177\/0023830919842353<\/p>\n<p style=\"text-align: justify;\">Gervain, J.; de la Cruz-Pav\u00eda, I. &amp; Gerken, L. (2020 \u2013 published online on Dec 2018). <a href=\"https:\/\/hal.archives-ouvertes.fr\/hal-02346054\/document\" target=\"_blank\" rel=\"noopener noreferrer\">Behavioural and imaging studies of infant artificial grammar learning<\/a>. <em>Topics in Cognitive Science 12,<\/em> 815-827. DOI: 10.1111\/tops.12400<\/p>\n<p style=\"text-align: justify;\">Fern\u00e1ndez, B.; Zu\u00f1iga, F. &amp; Berro, A. (2020) <a href=\"https:\/\/www.degruyter.com\/view\/journals\/flin\/ahead-of-print\/article-10.1515-folia-2020-2050\/article-10.1515-folia-2020-2050.xml?tab_body=fullHtml-78567\" target=\"_blank\" rel=\"noopener noreferrer\">Datives with psych nouns and adjectives in Basque<\/a>. <em>Folia Linguistica<\/em>. <span lang=\"EN-US\">DOI: <a href=\"https:\/\/doi.org\/10.1515\/folia-2020-2050\" target=\"_blank\" rel=\"noopener noreferrer\">https:\/\/doi.org\/10.1515\/folia-2020-2050<\/a><\/span><\/p>\n<p style=\"text-align: justify;\">Pineda, A. &amp; Berro, A. (2020) <a href=\"https:\/\/www.glossa-journal.org\/articles\/10.5334\/gjgl.824\/\" target=\"_blank\" rel=\"noopener noreferrer\" data-saferedirecturl=\"https:\/\/www.google.com\/url?q=https:\/\/www.glossa-journal.org\/articles\/10.5334\/gjgl.824\/&amp;source=gmail&amp;ust=1602255024596000&amp;usg=AFQjCNH_KJIeyRguBMrrIIGlMkMUNMIHkA\">Hybrid intransitives in Basque<\/a>. <em>Glossa: a journal of general linguistics<\/em>, 5(1), 22.<\/p>\n<table border=\"0\" width=\"672\" cellspacing=\"0\" cellpadding=\"0\">\n<tbody>\n<tr>\n<td valign=\"top\" width=\"26\"><a href=\"http:\/\/www.ehu.eus\/HEB\/wp-content\/uploads\/2021\/03\/41PxslgkXHL._SX315_BO1204203200_.jpg\"><img loading=\"lazy\" decoding=\"async\" class=\"alignnone size-medium wp-image-15324\" src=\"http:\/\/www.ehu.eus\/HEB\/wp-content\/uploads\/2021\/03\/41PxslgkXHL._SX315_BO1204203200_-191x300.jpg\" alt=\"\" width=\"191\" height=\"300\" srcset=\"https:\/\/www.ehu.eus\/HEB\/wp-content\/uploads\/2021\/03\/41PxslgkXHL._SX315_BO1204203200_-191x300.jpg 191w, https:\/\/www.ehu.eus\/HEB\/wp-content\/uploads\/2021\/03\/41PxslgkXHL._SX315_BO1204203200_.jpg 317w\" sizes=\"(max-width: 191px) 100vw, 191px\" \/><\/a><\/td>\n<td valign=\"top\" width=\"810\">(2020) Fern\u00e1ndez, Beatriz &amp; Nahia Zubeldia (itzultzailea). <a href=\"https:\/\/web-argitalpena.adm.ehu.es\/listaproductos.asp?IdProducts=UHF00202420&amp;titulo=Le%20basque%20pour%20les%20francophones\" target=\"_blank\" rel=\"noopener noreferrer\"><em>Le basque pour les francophones (Ou en quoi deux langues si diff\u00e9rentes se ressemblent tellement)<\/em>.<\/a> <em>Lapurdumeko ale berezia<\/em>, 5. UMR 5478 du CNRS, UPV\/EHU &amp; Etxepare Euskal Institutua. I<span class=\"bkisbn\"><span class=\"a-list-item\"><span class=\"a-text-bold\">SBN-10 : <\/span>8413192420. I<span class=\"a-text-bold\">SBN-13 : <\/span> 978-8413192420. <\/span><\/span>Pages: 142.<\/td>\n<\/tr>\n<\/tbody>\n<\/table>\n<p style=\"text-align: justify;\">Azkarate, M. (2020) <a href=\"http:\/\/www.ehu.eus\/HEB\/wp-content\/uploads\/2020\/09\/Azkarate%20Jakin%20237%20238.pdf\" target=\"_blank\" rel=\"noopener noreferrer\">Azurmendi: euskara batuaren bilbe eta irazki<\/a>. <em>Jakin.eus, martxoa-ekaina<\/em>, pp. 207-220.<\/p>\n<p style=\"text-align: justify;\">Berro, A.; Orbegozo, I. &amp; Fern\u00e1ndez, B. (2020) <a href=\"http:\/\/basdisyn.net\/pdf\/5_Berro_Orbegozo_Fernandez.pdf\" target=\"_blank\" rel=\"noopener noreferrer\">Gramatikak dialektologiatik ikasi duenaz, dialektologiak gramatikatik ikas dezakeenaz<\/a>. In I\u00f1aki Camino, Xabier Artiagoitia, Irantzun Epelde eta Koldo Ulibarri (ed.) <em>Eibartik Zuberoara euskalkietan barrena. Koldo Zuazori gorazarre<\/em>. Bilbo: UPV\/EHU. 115-133.<\/p>\n<p style=\"text-align: justify;\">Etxebarria, M. (2020) <a href=\"http:\/\/www.ehu.eus\/HEB\/wp-content\/uploads\/2021\/07\/12_Maitena-Etxebarria.pdf\" target=\"_blank\" rel=\"noopener noreferrer\">Pol\u00edtica ling\u00fc\u00edstica y vitalidad socioling\u00fc\u00edstica del euskera hoy: la transmisi\u00f3n de la lengua.<\/a> In I\u00f1aki Camino, Xabier Artiagoitia, Irantzun Epelde eta Koldo Ulibarri (ed.) <em>Eibartik Zuberoara euskalkietan barrena. Koldo Zuazori gorazarre<\/em>. Bilbo: UPV\/EHU. 245-258.<\/p>\n<p style=\"text-align: justify;\">Perez Gaztelu, E.; Azkarate, M. (2020) <a href=\"http:\/\/www.ehu.eus\/HEB\/wp-content\/uploads\/2021\/07\/perezgaztelu_azkarate.pd\" target=\"_blank\" rel=\"noopener noreferrer\">Euskara estandarrak bernakularizazio aldian.<\/a> In I\u00f1aki Camino, Xabier Artiagoitia, Irantzun Epelde eta Koldo Ulibarri (ed.) <em>Eibartik Zuberoara euskalkietan barrena. Koldo Zuazori gorazarre<\/em>. Bilbo: UPV\/EHU. 601-616.<\/p>\n<p style=\"text-align: justify;\">Etxebarria, M. (2020) Pol\u00edtica ling\u00fc\u00edstica y vitalidad socioling\u00fc\u00edstica del euskera en el Pa\u00eds Vasco. <em>In Estudios soioling\u00fc\u00edsticos en Homenaje a Emilio Ridruejo.<\/em> Valencia: Unibersitat de Valencia, pp. 415-427.<\/p>\n<p style=\"text-align: justify;\">Etxebarria, M. (2020) Diversidad ling\u00fc\u00edstica: multiling\u00fc\u00edsmo y lenguas en situaci\u00f3n de minorizaci\u00f3n. <em>In Bihotz Ahots: O\u00f1ederra irakaslearen omenez.<\/em> Bilbao: Euskal Herriko Unibertsitatea\/Universidad del Pa\u00eds Vasco, pp. 265-279.<\/p>\n<p style=\"text-align: justify;\">Ugalde, L.; Bernaras, E.; Rodr\u00edguez, E. &amp; Odria, A. (2020) <a href=\"https:\/\/recyt.fecyt.es\/index.php\/RIFOP\/article\/download\/76567\/49202\">El Trabajo Interdisciplinar de M\u00f3dulo como herramienta para el desarrollo de competencias transversales<\/a>. <em>Revista Interuniversitaria de Formaci\u00f3n del Profesorado<\/em>. Volume: 34, Num. 1, pp. 243-262.<\/p>\n<p><\/p>","protected":false},"excerpt":{"rendered":"<p>2025\u00a0 \u00a0 \u00a0\u00a02024 \u00a0 \u00a0 2023\u00a0 \u00a0 \u00a0 2022\u00a0 \u00a0 \u00a0\u00a02021\u00a0 \u00a0 \u00a0\u00a02019\u00a0 \u00a0 \u00a0 2018\u00a0 \u00a0 \u00a0 2017\u00a0 \u00a0 \u00a0 2016\u00a0 \u00a0 \u00a0 2015\u00a0 \u00a0 \u00a0 2014\u00a0 \u00a0 \u00a0 2013\u00a0 \u00a0 \u00a0 2002-2012\u00a0 \u00a0 \u00a0\u00a0CORPORA &nbsp; Santesteban, M., Zawiszewski, &hellip; <a href=\"https:\/\/www.ehu.eus\/HEB\/publications-2020\/\">Continue reading <span class=\"meta-nav\">&rarr;<\/span><\/a><\/p>\n","protected":false},"author":2,"featured_media":0,"parent":0,"menu_order":0,"comment_status":"closed","ping_status":"closed","template":"","meta":{"footnotes":""},"_links":{"self":[{"href":"https:\/\/www.ehu.eus\/HEB\/wp-json\/wp\/v2\/pages\/15347"}],"collection":[{"href":"https:\/\/www.ehu.eus\/HEB\/wp-json\/wp\/v2\/pages"}],"about":[{"href":"https:\/\/www.ehu.eus\/HEB\/wp-json\/wp\/v2\/types\/page"}],"author":[{"embeddable":true,"href":"https:\/\/www.ehu.eus\/HEB\/wp-json\/wp\/v2\/users\/2"}],"replies":[{"embeddable":true,"href":"https:\/\/www.ehu.eus\/HEB\/wp-json\/wp\/v2\/comments?post=15347"}],"version-history":[{"count":22,"href":"https:\/\/www.ehu.eus\/HEB\/wp-json\/wp\/v2\/pages\/15347\/revisions"}],"predecessor-version":[{"id":17319,"href":"https:\/\/www.ehu.eus\/HEB\/wp-json\/wp\/v2\/pages\/15347\/revisions\/17319"}],"wp:attachment":[{"href":"https:\/\/www.ehu.eus\/HEB\/wp-json\/wp\/v2\/media?parent=15347"}],"curies":[{"name":"wp","href":"https:\/\/api.w.org\/{rel}","templated":true}]}}