{"id":15712,"date":"2022-01-11T09:19:24","date_gmt":"2022-01-11T09:19:24","guid":{"rendered":"http:\/\/www.ehu.eus\/HEB\/?page_id=15712"},"modified":"2026-03-05T13:10:49","modified_gmt":"2026-03-05T13:10:49","slug":"itziar-san-martin","status":"publish","type":"page","link":"https:\/\/www.ehu.eus\/HEB\/itziar-san-martin\/","title":{"rendered":"ITZIAR SAN MARTIN"},"content":{"rendered":"<p><\/p>\n<p style=\"text-align: center;\"><a href=\"http:\/\/www.ehu.eus\/HEB\/wp-content\/uploads\/2022\/01\/SanMartin.png\"><img loading=\"lazy\" decoding=\"async\" class=\"alignnone size-medium wp-image-15713\" src=\"http:\/\/www.ehu.eus\/HEB\/wp-content\/uploads\/2022\/01\/SanMartin-253x300.png\" alt=\"\" width=\"253\" height=\"300\" srcset=\"https:\/\/www.ehu.eus\/HEB\/wp-content\/uploads\/2022\/01\/SanMartin-253x300.png 253w, https:\/\/www.ehu.eus\/HEB\/wp-content\/uploads\/2022\/01\/SanMartin-768x910.png 768w, https:\/\/www.ehu.eus\/HEB\/wp-content\/uploads\/2022\/01\/SanMartin-864x1024.png 864w\" sizes=\"(max-width: 253px) 100vw, 253px\" \/><\/a><\/p>\n<p style=\"text-align: center;\">Itziar San Martin<br \/>\nBasque Language and Communication<br \/>\nFaculty of Medicine and Nursery<br \/>\nUniversity of the Basque Country (UPV\/EHU)<br \/>\n<a href=\"itziar.sanmartin@ehu.eus\">itziar.sanmartin@ehu.eus<\/a><\/p>\n<p style=\"text-align: justify;\">Associate Professor and Researcher in the Department of Basque Language and Communication. I graduated in English Philology from the University of Deusto (1996). I obtained a predoctoral grant from the Basque Government, thanks to which I was able to complete my master\u2019s and doctorate in the USA: Master\u2019s Degree in Computational Linguistics (1998) and PhD in Linguistics, both from the University of Maryland (2004). In 2004 I joined the UPV\/EHU with a postdoctoral fellowship, and since then I have been a professor and researcher in the Basque Language and Communication Department. I have been an Associate Professor since 2011. My field of research has been syntax within the framework of theoretical linguistics and specifically, subordination and nominal structures. In recent years, I have worked on the standardization of Basque and in particular on health terminology. Since bilingualism is a characteristic of our community, I am particularly interested in analyzing the characteristics of bilingualism in the mental representations and cognitive processes of the speakers.<\/p>\n<p style=\"text-align: justify;\"><strong>PUBLICATIONS<\/strong><\/p>\n<p style=\"text-align: justify;\">Arantzeta, M.; San Mart\u00edn, I.; &amp; Laka, I. (2026). <a href=\"https:\/\/doi.org\/10.1017\/S1366728926101072\" target=\"_blank\" rel=\"noopener\">Types of language use and interference control in aging bilinguals: Insights from the Word\u2013Color Stroop Task<\/a><i>. Published online by Cambridge University Press.\u00a0<\/i>DOI:\u00a0<a class=\"app-link app-link__text app-link--accent\" href=\"https:\/\/doi.org\/10.1017\/S1366728926101072\" target=\"_blank\" rel=\"noopener\" data-v-63dfaf6e=\"\" data-v-7010c528=\"\"><span class=\"text\" data-v-63dfaf6e=\"\">https:\/\/doi.org\/10.1017\/S1366728926101072<\/span><\/a><\/p>\n<p style=\"text-align: justify;\">Goikoetxea, J.; San Martin, I.; Arantzeta, M. (2024). <a href=\"https:\/\/www.frontiersin.org\/journals\/language-sciences\/articles\/10.3389\/flang.2024.1458887\/full?utm_source=F-NTF&amp;utm_medium=EMLX&amp;utm_campaign=PRD_FEOPS_20170000_ARTICLE\" target=\"_blank\" rel=\"noopener\">Bridging Natural Language Processing and psycholinguistics: computationally grounded semantic similarity datasets for Basque and Spanish<\/a>. <em>Frontiers in Language Sciences<\/em>, DOI: https:\/\/doi.org\/10.3389\/flang.2024.1458887.<\/p>\n<p style=\"text-align: justify;\">Bidaurrazaga, A.; Elezgarai, I.; Gerrikagoitia, I; Mendizabal, J.L.; Sarria, R.; San Martin, I.; Zabala, I.; Azkue, J.J.; \u00a0Bengoetxea, H. (2019) <em>Terminologia anatomica. Anatomiaren nazioarteko terminologia<\/em>.\u00a0 UPV\/EHU arg. ISBN 978-84-1319-093-8.<\/p>\n<p style=\"text-align: justify;\">Ezeiza, J.; \u00a0San Martin, I. (2018) \u201cAitzinatu\u201d programa: hizkuntza-gaitasun aurreratuak garatuz euskarazko irakaskuntzaren bikaintasuna sustatzeko programa. <em>OSAGAIZ: osasun-zientzien aldizkaria<\/em> (ISSN-e: 2530-9412)\u00a0 (Ale berezia Osasuna eta Hizkuntza: erronkak eta aukerak).<\/p>\n<p style=\"text-align: justify;\">San Martin, I. (2017). Terminologia Erreala Ikusgai egiten: Terminologia Sareak Ehunduz programa. <em>OSAGAIZ: osasun-zientzien aldizkaria<\/em>, (ISSN-e: 2530-9412).<\/p>\n<p style=\"text-align: justify;\">Zabala I.; San Martin I.; Lersundi M.\u00a0(2016) Learning terminology in order to become an active agent in the development of Basque biomedical registers. <em>Language Learning in Higher Education. Journal of CercleS (<\/em>European Confederation of Language Centres in Higher Education). De Gruyter Mouton. Volume 6, Issue 1. Special issue: <em>Teaching Medical Discourse in Higher Education<\/em>. ISSN (Online) 2191-6128, ISSN (Print) 2191-611X.<\/p>\n<p style=\"text-align: justify;\">Zabala I.; San Martin I.; Lersundi M.\u00a0(2015) Managing Terminological Variation in Basque: Resources and Tools for the Development of Biomedical Registers. <em>The Language of Medicine<\/em> (Samara State Medical University: KRIPTEN-Bo&amp;#960;ra) Vol 5, 2015 (Special issue dedicated to V. F. Novodranova): 470-475 ISBN: 978-5-9904839-2-7<\/p>\n<p style=\"text-align: justify;\">Zabala I.; San Martin I.; Lersundi M.\u00a0(2014) Linguistic and sociolinguistic factors that influence the detection, implantation and circulation of natural terminology in academic uses of Basque. Pascaline Dury; Jos\u00e9 Carlos de Hoyos; Julie Makri-Morel; Fran\u00e7ois Maniez; Vincent Renner; Mar\u00eda Bel\u00e9n Villar D\u00edaz (ed.) <em>La n\u00e9ologie en langue de sp\u00e9cialit\u00e9. D\u00e9tection, implantation eta circulation des nouveaux termes<\/em>. Travaux du CRTT (Centre de Recherche en Terminologie et Traduction. Universit\u00e9 Lumi\u00e8re Lyon 2):141-164 ISBN: 978-2-9533061-0-1.<\/p>\n<p style=\"text-align: justify;\">Zabala I.; San Martin I.; Lersundi M.\u00a0(2013) La gesti\u00f3n de la variaci\u00f3n terminol\u00f3gica en una lengua en proceso de normalizaci\u00f3n: el caso de la terminolog\u00eda anat\u00f3mica del euskera. Angels Llanes; Lirian Astrid Ciro; L\u00eddia Gallego; Rosa Mateu (ed.) <em>Applied Linguistics in the Age of globalization<\/em> Editorial: Edicions i Publicacions de la Universitat de Lleida:189-294 ISBN: 978-84-8409-593-4.<\/p>\n<p style=\"text-align: justify;\">San Martin, I.; Arriola, J.M.; Zabala, I.; Lersundi, M.; Aranzabe, M.J.; Alberdi, X.; Aldezabal,I.; Elordui, A.\u00a0(2012) A Corpus Based Study for Designing Language Resources in Basque for Academic Purposes. In G\u00f3mez L., I. Candel, A. L\u00f3pez (arg.), <em>Proceedings of the 4th International Conference on Education and New Learning Technologies<\/em> (EDULEARN 12), pp. 1196-1203, International Association of Technology, Education and Development (IATED), Barcelona (Spain). ISBN: 978-84-695-3491-5 Consultado en\u00a0<a href=\"http:\/\/library.iated.org\/view\/SANMARTIN2012ACO\">http:\/\/library.iated.org\/view\/SANMARTIN2012ACO<\/a><\/p>\n<p style=\"text-align: justify;\">San Martin, I.; Zabala, I.; Lersundi, M.; Aranzabe, M.J.; Alberdi, X.; Aldezabal,I.; Arriola, J.M.; Elordui, A. \u00a0(2012) Desarrollo cooperativo de recursos telem\u00e1ticos de autoaprendizaje para las asignaturas de comunicaci\u00f3n en euskera. <em>IX Foro Internacional sobre Evaluaci\u00f3n de la Calidad de la Investigaci\u00f3n y la Educaci\u00f3n Superior<\/em> (FECIES). Santiago de Compostela ISBN: 978 &#8211; 84 &#8211; 695 &#8211; 3701 &#8211; 5<\/p>\n<p style=\"text-align: justify;\">Zabala I.; San Martin I.; Lersundi M.; Azkue J. J.; Mendizabal J.L.\u00a0(2012) The Elaboration of Human Anatomy Terminology for the Basque Language: the Contribution of Translators, Linguists and Experts <em>Termin\u00e0lia<\/em> Vol. 6: 15-25 DOI: 0.2436\/20.2503.01.41 ISNN: 2013-6692 (impresa); 2013-6706 (electr\u00f3nica).<\/p>\n<p style=\"text-align: justify;\">Zabala I.; San Martin I.\u00a0(2012) Basque and Romance Languages: Languages with Different Structures. Pello Salaburu &amp; Xabier Alberdi (ed.) <em>The Basque Country, a Bilingual Society<\/em>. Center for Basque Studies University of Nevada: 51-72 ISBN: 978-1-935709-30-5<\/p>\n<p style=\"text-align: justify;\">Zabala I.; San Martin I.; Lersundi M.; Elordui A.\u00a0(2011) Graduate Teaching of Specialized Registers in a Language in the Normalization Process: Towards a Comprehensive and Interdisciplinary Treatement of Academic Basque. Sergio Maruenda-Bataller y Bego\u00f1a Clavel-Arroitia (ed.) <em>Multiple Voices in Academic and Professional Discourse: Current Issues in Specialised Language Research, Teaching and New Technologies<\/em>. Cambridge Scholars Publishing: 208-229 ISBN (10) 1-4438-2971-4; ISBN (13): 978-1-4438-2971-7<\/p>\n<p style=\"text-align: justify;\">San Martin I.; Ezeiza J.; Zabala I.\u00a0(2010) Aditzetiko izenak erregistro bereizle gisa: corpus espezializatu baten azterketa morfopragmatikoa. Xabier Alberdi &amp; Pello Salaburu (ed.) <em>Euskararen garapena esparru akademikoetan<\/em>. UPV\/EHUko Argitalpen Zerbitzua: 224-242 ISBN: 978-84-693-3971-8.<\/p>\n<p style=\"text-align: justify;\">San Martin, I. (2009) Derived Nominals from the Nominal Perspective.\u00a0<em>Anuario Del Seminario De Filolog\u00eda Vasca &#8220;Julio De Urquijo&#8221;<\/em>\u00a043 (1-2):831-45. <a href=\"https:\/\/doi.org\/10.1387\/asju.1764\">https:\/\/doi.org\/10.1387\/asju.1764<\/a>.<\/p>\n<p style=\"text-align: justify;\">San Martin, I. (2008). Defective Domains in Basque Nominalized Dependants.\u00a0<em>Anuario Del Seminario De Filolog\u00eda Vasca &#8220;Julio De Urquijo&#8221;<\/em>, otsailak, 753-67. <a href=\"https:\/\/doi.org\/10.1387\/asju.9845\">https:\/\/doi.org\/10.1387\/asju.9845<\/a><\/p>\n<p style=\"text-align: justify;\">Zabala I.; Aierbe A.; Aldezabal I.; Aranzabe M.; Arregi X.; Arriola J.M.; Elordui A.; Elosegi A.; Elosegi K.; Ezeiza J.; Garcia I.; Garcia J.; Lersundi M.; San Martin I; eta Ugarteburu I. (2008) GARATERM: Diskurtso akademiko-profesionalaren didaktika eta garapena uztartzeko tresna informatikoen diseinua eta integrazioa helburu duen proiektua. In I\u00f1aki Ugarteburu eta Pello Salaburu (arg.), E<em>spezialitate hizkerak eta terminologia III: espezialitate hizkeren didaktika eta komunikazioa<\/em>, 211-219, UPV\/EHUko argitalpen zerbitzua. Bilbo (Bizakia). ISBN: 978-84-691-6424-2.<\/p>\n<p style=\"text-align: justify;\">San Martin, I. (2007). The Complementary Distribution Between PRO and Lexical Subjects. <em>Anuario Del Seminario De Filolog\u00eda Vasca &#8220;Julio De Urquijo&#8221;<\/em> 41 (1):139-74. <a href=\"https:\/\/doi.org\/10.1387\/asju.4313\">https:\/\/doi.org\/10.1387\/asju.4313<\/a>.<\/p>\n<p style=\"text-align: justify;\">San Martin, I. (2007). Beyond the Infinitive vs. Subjunctive Rivalry: surviving changes in Mood. In Luis Eguren &amp; Olga Fern\u00e1ndez Soriano (eds.), Coreference, Modality, and Focus: Studies on the syntax\u2013semantics interface. [Linguistik Aktuell\/Linguistics Today 111]. John Benjamins. [ISBN\/ISSN: 978 90 272 3375 2]<\/p>\n<p style=\"text-align: justify;\">San Martin, I. (2004) PROren Banaketa eta Kasua. In: P. Albizu &amp; B. Fernandez (eds.), <em>Euskal gramatika XXI. mendearen atarian: arazo zaharrak, azterbide berriak<\/em>. Arabako Foru Aldundia &amp; EHU.<\/p>\n<p style=\"text-align: justify;\">San Martin, Itziar. (2003). PRO receives Regular Structural Case in Basque, in Yoon Hang-Jim, <em>Generative Grammar in a Broader Perspective: Procedings of the 4th GLOW in Asia 2003.<\/em><\/p>\n<p style=\"text-align: justify;\">San Martin, I.; Uriagereka, J.\u00a0 (2002) Infinitival Complementation in Basque. <em>Anuario Del Seminario De Filolog\u00eda Vasca &#8220;Julio De Urquijo&#8221;,<\/em> otsailak, 597-609. <a href=\"https:\/\/doi.org\/10.1387\/asju.9698\">https:\/\/doi.org\/10.1387\/asju.9698<\/a>.<\/p>\n<p style=\"text-align: justify;\">Hornstein, N; San Martin, I. (2001) Obviation As Anti-Control. <em>Anuario Del Seminario De Filolog\u00eda Vasca &#8220;Julio De Urquijo&#8221;<\/em> 35 (1):367-84. <a href=\"https:\/\/doi.org\/10.1387\/asju.8837\">https:\/\/doi.org\/10.1387\/asju.8837<\/a>.<\/p>\n<p style=\"text-align: justify;\">San Martin, I. (2000). Control in Basque. <em>In Proceedings of WCCFL 19<\/em>, Roger Billerey and Brook Danielle Lillehaugen (eds.), 425\u2013438. Somerville, MA: Cascadilla Press.<\/p>\n<p><\/p>","protected":false},"excerpt":{"rendered":"<p>Itziar San Martin Basque Language and Communication Faculty of Medicine and Nursery University of the Basque Country (UPV\/EHU) itziar.sanmartin@ehu.eus Associate Professor and Researcher in the Department of Basque Language and Communication. I graduated in English Philology from the University of &hellip; <a href=\"https:\/\/www.ehu.eus\/HEB\/itziar-san-martin\/\">Continue reading <span class=\"meta-nav\">&rarr;<\/span><\/a><\/p>\n","protected":false},"author":2,"featured_media":0,"parent":0,"menu_order":0,"comment_status":"closed","ping_status":"closed","template":"","meta":{"footnotes":""},"_links":{"self":[{"href":"https:\/\/www.ehu.eus\/HEB\/wp-json\/wp\/v2\/pages\/15712"}],"collection":[{"href":"https:\/\/www.ehu.eus\/HEB\/wp-json\/wp\/v2\/pages"}],"about":[{"href":"https:\/\/www.ehu.eus\/HEB\/wp-json\/wp\/v2\/types\/page"}],"author":[{"embeddable":true,"href":"https:\/\/www.ehu.eus\/HEB\/wp-json\/wp\/v2\/users\/2"}],"replies":[{"embeddable":true,"href":"https:\/\/www.ehu.eus\/HEB\/wp-json\/wp\/v2\/comments?post=15712"}],"version-history":[{"count":6,"href":"https:\/\/www.ehu.eus\/HEB\/wp-json\/wp\/v2\/pages\/15712\/revisions"}],"predecessor-version":[{"id":17865,"href":"https:\/\/www.ehu.eus\/HEB\/wp-json\/wp\/v2\/pages\/15712\/revisions\/17865"}],"wp:attachment":[{"href":"https:\/\/www.ehu.eus\/HEB\/wp-json\/wp\/v2\/media?parent=15712"}],"curies":[{"name":"wp","href":"https:\/\/api.w.org\/{rel}","templated":true}]}}