{"id":15927,"date":"2022-05-03T11:11:54","date_gmt":"2022-05-03T11:11:54","guid":{"rendered":"https:\/\/www.ehu.eus\/HEB\/?page_id=15927"},"modified":"2024-03-19T10:48:34","modified_gmt":"2024-03-19T10:48:34","slug":"conferences-2021","status":"publish","type":"page","link":"https:\/\/www.ehu.eus\/HEB\/conferences-2021\/","title":{"rendered":"CONFERENCES 2021"},"content":{"rendered":"<p><\/p>\n<p style=\"text-align: justify;\">Bilbao, K. &amp; Berro, A. Inkoatibo\/arazleak, bihurkari eta elkarkariak eta beste (alegiazko solasaldiak egitura iragangaiztuez). <em>Euskal Hizkuntzalaritza 2021 DU Jardunaldia<\/em>. Bilbo, Deustuko Unibertsitatea. December 17, 2021.<\/p>\n<p style=\"text-align: justify;\">Gemignani, J., Martinez-Alvarez, A., Nallet, C., Martin, L., Pasquini, A., Gervain, J., &amp; de la Cruz-Pav\u00eda, I. (2021).\u00a0<em>Infants\u2019 perception of repetition- and diversity-based regularities in speech: A meta-analysis of neural evidence<\/em>. Poster presented at: Boston University Conference on Language Development, BUCLD 46, Virtual congress,\u00a0Nov 4-7.<\/p>\n<p style=\"text-align: justify;\">Gemignani, J., Martinez-Alvarez, A., Nallet, C., Martin, L., Pasquini, A., Gervain, J., &amp; de la Cruz-Pav\u00eda, I. (2021).\u00a0<em>A meta-analysis of fNIRS studies on infants\u2019 detection of repetition and diversity-based regularities in speech<\/em>. Poster presented at: fNIRS 2021 Virtual Conference, Virtual congress,\u00a0Oct 18-22.<\/p>\n<p style=\"text-align: justify;\">de la Cruz-Pav\u00eda, I., &amp; Gervain, J. (2021).\u00a0<em>Six-month-old infants\u2019 abilities to represent regularities in speech: A near-infrared spectroscopy study<\/em>. Poster presented at: fNIRS 2021 Virtual Conference, Virtual congress,\u00a0Oct 18-22.<\/p>\n<p style=\"text-align: justify;\">de la Cruz-Pav\u00eda, I. Bootstrapping the beginnings of word order. Keynote given jointly with Judit Gervain at the\u00a0<em>Crossing the Borders<\/em> consortium meeting, Max Planck Institute for Human Cognitive and Brain Sciences, Germany. October 7, 2021.<\/p>\n<p style=\"text-align: justify;\">Lorenzoni A., Santesteban M., Peressotti F., Baus C., &amp; Navarrete E. (2021). Esplorando il ruolo del linguaggio come spunto per la categorizzazione sociale. <em>XXVII Congresso Associazione Italiana di Psicologia-Sezione Sperimentale<\/em>, Lecce, Italia. September 8-10, 2021.<\/p>\n<p class=\"Default\" style=\"text-align: justify;\">Sanahuja, N. y Erdozia, K. (2021). <i>The facilitatory role of L1 syntax in the initial learning of L2 syntax <\/i>[Comunicaci\u00f3n oral]. Crosslinguistic Perspectives on Processing and Learning 2021 (X-PPL 2021), online.\u00a0 September 16 \u2013 17, 2021.<\/p>\n<p style=\"text-align: justify;\">Cano, V., Laka, I., &amp; Santesteban, M. Eyetracking prediction and ungrammaticality detection in the healthy aging brain. <span lang=\"EN-US\">P\u00f3ster presentado en la <a href=\"http:\/\/www.llf.cnrs.fr\/fr\/node\/6802\" target=\"_blank\" rel=\"noopener noreferrer\"><i>Architectures and Mechanisms of Language Processing (AMLaP) Conference<\/i><\/a>, Paris, France. September 2-4, 2021.<\/span><\/p>\n<p style=\"text-align: justify;\">Hatzidaki, A., &amp; Santesteban, M. Emotional attractors in subject-verb number agreement. Comunicaci\u00f3n oral presentada en el <i>54th Annual Meeting of the Societas Linguistica Europaea, <\/i>Atenas, Grecia. August 30 &#8211; September 3, 2021.<\/p>\n<p style=\"text-align: justify;\">Sanahuja, N. y Erdozia, K. (2021). <em>The impact of lexical co-activation through cognates on L2 rule learning <\/em>[Comunicaci\u00f3n oral]. Societas Linguistica Europaea 54th Annual Meeting, online. August 30 &#8211; September 3, 2021.<\/p>\n<p style=\"text-align: justify;\">Erdozia, K. y Sanahuja, N. (2021). <em>The facilitatory role of L1 syntax in the initial acquisition of L2 syntax <\/em>[Comunicaci\u00f3n oral]. Societas Linguistica Europaea 54th Annual Meeting, online. August 30 &#8211; September 3, 2021.<\/p>\n<p style=\"text-align: justify;\">Berro, A.; Odria, A.; Fern\u00e1ndez. B. The interaction between the implicit subject and the person restriction in Basque impersonals. <em>54th Annual Meeting of the Societas Linguistica Europaea<\/em>. Athens, August 30 &#8211; September 3, 2021.<\/p>\n<p style=\"text-align: justify;\">de la Cruz-Pav\u00eda, I., &amp; Gervain, J. (2021).\u00a0<em>Prelexical infants&#8217; abilities to represent regularities in speech: A near-infrared spectroscopy study<\/em>. Talk presented at: 6th Lancaster International Conference on Infant and Early Child Development, LCICD, Virtual congress, Aug 25-27, 2021.<\/p>\n<p style=\"text-align: justify;\">Sanahuja, N. y Erdocia, K. (2021). <em>The Facilitatory Role of Cognates in Second Language Syntax Learning <\/em>[Comunicaci\u00f3n oral]. International Symposium on Bilingualism, online. July 10-14, 2021<\/p>\n<p style=\"text-align: justify;\">Odria, A.; Fern\u00e1ndez, B.; Berro, A. Arazo pertsonalak dauzka inpertsonaltasunak. <em>Hizkuntzalari Euskaldunen V. Topaketa<\/em>. Eibar. July 2, 2021.<\/p>\n<p style=\"text-align: justify;\">Santesteban, M., &amp; Isasi-Isasmendi, A. The effect of language switching on syntactic processing. Comunicaci\u00f3n oral presentada en el <i>XV International Symposium of Psycholinguistics,<\/i> Madrid, Espa\u00f1a. June\u00a022-25, 2021.<\/p>\n<p style=\"text-align: justify;\">Sanahuja, N. y Erdocia, K. (2021). <em>The impact of lexical co-activation through cognates on L2 rule learning <\/em>[Comunicaci\u00f3n oral]. XV International Symposium of Psycholinguistics, online. June 22-25, 2021.<\/p>\n<p style=\"text-align: justify;\">Hatzidaki, A., &amp; Santesteban, M. Investigating the effect of a non-standard foreign script on emotional word processing. Comunicaci\u00f3n oral presentada en el <i>XV International Symposium of Psycholinguistics,<\/i> Madrid, Espa\u00f1a. June 22-25, 2021.<\/p>\n<p style=\"text-align: justify;\">Cano, V., Laka, I., &amp; Santesteban, M. Predictability and grammaticality detection in the healthy aging brain: an eyetracking study of sentence comprehension in older adult Spanish speakers. Poster presentado en el <i>XV International Symposium of Psycholinguistics,<\/i> Madrid, Espa\u00f1a. June 22-25, 2021.<\/p>\n<p style=\"text-align: justify;\">Cano, V., Laka, I., &amp; Santesteban, M. Prediction and ungrammaticality detection: Young versus old adults. Comunicaci\u00f3n oral presentada en <i><a href=\"https:\/\/agelang.wordpress.com\/\" target=\"_blank\" rel=\"noopener noreferrer\">The International Online Workshop on Language in Healthy and Pathological Aging<\/a>. <\/i>29-30 April, 2021.<\/p>\n<p style=\"text-align: justify;\">Sanahuja, N. y Erdocia, K. (2021). <i>The cognate facilitation effect and its role in second language rule learning <\/i>[Comunicaci\u00f3n oral]. M\u00fcnster Conference of Linguistic Representations and Language Processing (LiRLaP 2021), online. March 25-27, 2021.<\/p>\n<p style=\"text-align: justify;\">de la Cruz-Pav\u00eda, I., &amp; Gervain, J. (2021).\u00a0<em>Six-month-old infants\u2019 abilities to represent regularities in speech<\/em>. Short talk presented at: 34th Annual CUNY Conference on Human Sentence Processing, CUNY21, Virtual congress, Mar ch 4-6, 2021.<\/p>\n<p style=\"text-align: justify;\">Azkarate, M. La estandarizaci\u00f3n del euskara: historia, situaci\u00f3n y desaf\u00edos. <em>SIMPOSIO INSTITUTO DA LINGUA GALEGA 2020. Est\u00e1ndar, norma e variaci\u00f3n: procesos, problemas e perspectivas<\/em>. Talk. February 10, 2021.<\/p>\n<p style=\"text-align: justify;\">de la Cruz-Pav\u00eda, I., &amp; Gervain, J. (2021).\u00a0<em>Six-month-old infants\u2019 abilities to represent sameness and difference in speech.<\/em> Video-poster presented at: Budapest CEU Conference on Cognitive Development, BCCCD21, Virtual congress, January 4-8, 2021.<\/p>\n<p>&nbsp;<\/p>","protected":false},"excerpt":{"rendered":"<p>Bilbao, K. &amp; Berro, A. Inkoatibo\/arazleak, bihurkari eta elkarkariak eta beste (alegiazko solasaldiak egitura iragangaiztuez). Euskal Hizkuntzalaritza 2021 DU Jardunaldia. Bilbo, Deustuko Unibertsitatea. December 17, 2021. Gemignani, J., Martinez-Alvarez, A., Nallet, C., Martin, L., Pasquini, A., Gervain, J., &amp; de &hellip; <a href=\"https:\/\/www.ehu.eus\/HEB\/conferences-2021\/\">Continue reading <span class=\"meta-nav\">&rarr;<\/span><\/a><\/p>\n","protected":false},"author":2,"featured_media":0,"parent":0,"menu_order":0,"comment_status":"closed","ping_status":"closed","template":"","meta":{"footnotes":""},"_links":{"self":[{"href":"https:\/\/www.ehu.eus\/HEB\/wp-json\/wp\/v2\/pages\/15927"}],"collection":[{"href":"https:\/\/www.ehu.eus\/HEB\/wp-json\/wp\/v2\/pages"}],"about":[{"href":"https:\/\/www.ehu.eus\/HEB\/wp-json\/wp\/v2\/types\/page"}],"author":[{"embeddable":true,"href":"https:\/\/www.ehu.eus\/HEB\/wp-json\/wp\/v2\/users\/2"}],"replies":[{"embeddable":true,"href":"https:\/\/www.ehu.eus\/HEB\/wp-json\/wp\/v2\/comments?post=15927"}],"version-history":[{"count":16,"href":"https:\/\/www.ehu.eus\/HEB\/wp-json\/wp\/v2\/pages\/15927\/revisions"}],"predecessor-version":[{"id":16575,"href":"https:\/\/www.ehu.eus\/HEB\/wp-json\/wp\/v2\/pages\/15927\/revisions\/16575"}],"wp:attachment":[{"href":"https:\/\/www.ehu.eus\/HEB\/wp-json\/wp\/v2\/media?parent=15927"}],"curies":[{"name":"wp","href":"https:\/\/api.w.org\/{rel}","templated":true}]}}