{"id":16063,"date":"2022-09-20T12:56:09","date_gmt":"2022-09-20T12:56:09","guid":{"rendered":"https:\/\/www.ehu.eus\/HEB\/?page_id=16063"},"modified":"2025-02-17T14:22:39","modified_gmt":"2025-02-17T14:22:39","slug":"publications-2021","status":"publish","type":"page","link":"https:\/\/www.ehu.eus\/HEB\/publications-2021\/","title":{"rendered":"2021"},"content":{"rendered":"<p><\/p>\n<p style=\"text-align: center;\"><strong><a title=\"PUBLICACIONES 2024\" href=\"http:\/\/www.ehu.eus\/HEB\/publications\">2025<\/a>\u00a0 \u00a0 \u00a0\u00a0<a title=\"PUBLICACIONES 2024\" href=\"https:\/\/www.ehu.eus\/HEB\/publications-2024\">2024<\/a> \u00a0 \u00a0 <a title=\"PUBLICATIONS 2023\" href=\"http:\/\/www.ehu.eus\/HEB\/publications-2023\">2023<\/a>\u00a0 \u00a0 \u00a0 <a title=\"PUBLICATIONS 2022\" href=\"http:\/\/www.ehu.eus\/HEB\/publications-2022\">2022<\/a>\u00a0 \u00a0 \u00a0\u00a0<a title=\"PUBLICATIONS 2020\" href=\"http:\/\/www.ehu.eus\/HEB\/publications-2020\">2020<\/a>\u00a0 \u00a0 \u00a0 <a title=\"PUBLICATIONS 2019\" href=\"http:\/\/www.ehu.eus\/HEB\/publications-2019\">2019<\/a>\u00a0 \u00a0 \u00a0 <a title=\"PUBLICATIONS 2018\" href=\"http:\/\/www.ehu.eus\/HEB\/publications-2018\/\">2018<\/a>\u00a0 \u00a0 \u00a0 <a title=\"PUBLICATIONS 2017\" href=\"http:\/\/www.ehu.eus\/HEB\/publications-2017\/\">2017<\/a>\u00a0 \u00a0 \u00a0 <a title=\"PUBLICATIONS 2016\" href=\"http:\/\/www.ehu.es\/HEB\/publications-2016\/\">2016<\/a>\u00a0 \u00a0 \u00a0 <a title=\"PUBLICATIONS 2015\" href=\"http:\/\/www.ehu.es\/HEB\/publications-2015\/\">2015<\/a>\u00a0 \u00a0 \u00a0 <a title=\"PUBLICATIONS 2014\" href=\"http:\/\/www.ehu.eus\/HEB\/publications-2014\/\">2014<\/a>\u00a0 \u00a0 \u00a0 <a title=\"PUBLICATIONS 2013\" href=\"http:\/\/www.ehu.eus\/HEB\/publications-2013\/\">2013<\/a>\u00a0 \u00a0 \u00a0 <a title=\"PUBLICATIONS 2002-2010\" href=\"http:\/\/www.ehu.es\/HEB\/publications\/publications-2002-2012\">2002-2012<\/a>\u00a0 \u00a0 \u00a0\u00a0<a title=\"CORPORA\" href=\"http:\/\/www.ehu.es\/HEB\/?page_id=1678\">CORPORA<\/a><\/strong><\/p>\n<p>&nbsp;<\/p>\n<table border=\"0\" width=\"672\" cellspacing=\"0\" cellpadding=\"0\">\n<tbody>\n<tr>\n<td valign=\"top\" width=\"26\"><img loading=\"lazy\" decoding=\"async\" class=\"alignnone wp-image-15629 \" src=\"http:\/\/www.ehu.eus\/HEB\/wp-content\/uploads\/2021\/10\/liburua.jpg\" alt=\"\" width=\"52\" height=\"69\" \/><\/td>\n<td valign=\"top\" width=\"810\">Erdozia, K., Santesteban, M., &amp; Zawiszewski, A. (coord.) (2021) <a href=\"https:\/\/www.buruxkak.eus\/liburua\/bi-hizkuntza-garun-bakarrean-euskal-psikohizkuntzalaritzaren-ekarpenak-eta-erronkak\/2538\" target=\"_blank\" rel=\"noopener noreferrer\"><i>Bi hizkuntza garun bakarrean: euskal psikohizkuntzalaritzaren ekarpenak eta erronkak<\/i>.<\/a> Udako Euskal Unibertsitateak eta Euskal Herriko Unibertsitateak lankidetzan argitaratuta (UEUko ISBNa: 978-84-8438-800-5; EHUko ISBNa 978-84-1319-362-5). Bilbo. Pages: 184..<\/td>\n<\/tr>\n<\/tbody>\n<\/table>\n<table border=\"0\" width=\"672\" cellspacing=\"0\" cellpadding=\"0\">\n<tbody>\n<tr>\n<td valign=\"top\" width=\"26\"><a href=\"http:\/\/www.ehu.eus\/HEB\/wp-content\/uploads\/2021\/05\/portada1503.jpg\"><img loading=\"lazy\" decoding=\"async\" class=\"alignnone size-medium wp-image-15423\" src=\"http:\/\/www.ehu.eus\/HEB\/wp-content\/uploads\/2021\/05\/portada1503-187x300.jpg\" alt=\"\" width=\"187\" height=\"300\" srcset=\"https:\/\/www.ehu.eus\/HEB\/wp-content\/uploads\/2021\/05\/portada1503-187x300.jpg 187w, https:\/\/www.ehu.eus\/HEB\/wp-content\/uploads\/2021\/05\/portada1503.jpg 249w\" sizes=\"(max-width: 187px) 100vw, 187px\" \/><\/a><\/td>\n<td valign=\"top\" width=\"810\">Fern\u00e1ndez, B. (2021) <a href=\"https:\/\/www.erein.eus\/liburua\/hizkuntza-gogoan\" target=\"_blank\" rel=\"noopener noreferrer\"><em>Hizkuntza gogoan<\/em><\/a>. Donostia: Erein. ISBN: 978-84-9109-728-0. Pages: 120.<\/td>\n<\/tr>\n<\/tbody>\n<\/table>\n<table border=\"0\" width=\"672\" cellspacing=\"0\" cellpadding=\"0\">\n<tbody>\n<tr>\n<td valign=\"top\" width=\"26\"><a href=\"http:\/\/www.ehu.eus\/HEB\/wp-content\/uploads\/2022\/02\/BasqueAzala-scaled.jpg\"><img loading=\"lazy\" decoding=\"async\" class=\"alignnone size-medium wp-image-15776\" src=\"http:\/\/www.ehu.eus\/HEB\/wp-content\/uploads\/2022\/02\/BasqueAzala-209x300.jpg\" alt=\"\" width=\"209\" height=\"300\" srcset=\"https:\/\/www.ehu.eus\/HEB\/wp-content\/uploads\/2022\/02\/BasqueAzala-209x300.jpg 209w, https:\/\/www.ehu.eus\/HEB\/wp-content\/uploads\/2022\/02\/BasqueAzala-713x1024.jpg 713w, https:\/\/www.ehu.eus\/HEB\/wp-content\/uploads\/2022\/02\/BasqueAzala-768x1102.jpg 768w, https:\/\/www.ehu.eus\/HEB\/wp-content\/uploads\/2022\/02\/BasqueAzala-1070x1536.jpg 1070w, https:\/\/www.ehu.eus\/HEB\/wp-content\/uploads\/2022\/02\/BasqueAzala-1427x2048.jpg 1427w, https:\/\/www.ehu.eus\/HEB\/wp-content\/uploads\/2022\/02\/BasqueAzala-scaled.jpg 1783w\" sizes=\"(max-width: 209px) 100vw, 209px\" \/><\/a><\/td>\n<td valign=\"top\" width=\"810\">Fern\u00e1ndez, B. &amp; Etxebarria, E. (itzultzailea). <a href=\"https:\/\/www.ehu.eus\/HEB\/wp-content\/uploads\/2022\/02\/BasqueAzala.pdf\" target=\"_blank\" rel=\"noopener\"><i>Basque for English speakers<\/i><\/a>. Nevada: Center for Basque Studies, Univ. of Nevada, Reno. ISBN: 978-1-949805-37-b. Pages: 144.<\/td>\n<\/tr>\n<\/tbody>\n<\/table>\n<p style=\"text-align: justify;\">Lorenzoni, A.; Santesteban, M.; Peressotti, F.; Baus, C. &amp; Navarrete, E. (2021) Dimensions of social categorization: Inside the role of language. PLoS ONE 16(7): e0254513. Doi: 10.1371\/journal.pone.0254513<\/p>\n<p style=\"text-align: justify;\">Baus, C.; Calabria, M.; Du\u00f1abeitia, J. A.; Hern\u00e1ndez, M.; Ivanova, I.; Mahon, B.; Martin, C.; Navarrete, E.; Rodr\u00edguez-Cuadrado, S.; Romero-Rivas, C.; Runnqvist, E.; Santesteban, M.; &amp; Strijkers, K. (2021) Memories: Albert Costa\u2019s legacy. <em>Journal of Neurolinguistics, 58<\/em>, 100967. DOI: 10.1016\/j.jneuroling.2020.100967<\/p>\n<p style=\"text-align: justify;\">de la Cruz-Pav\u00eda, I., Marino, C., &amp; Gervain, J. (2021) <a href=\"https:\/\/www.sciencedirect.com\/science\/article\/pii\/S1364661321001212?via%3Dihub\" target=\"_blank\" rel=\"noopener noreferrer\" data-saferedirecturl=\"https:\/\/www.google.com\/url?q=https:\/\/www.sciencedirect.com\/science\/article\/pii\/S1364661321001212?via%253Dihub&amp;source=gmail&amp;ust=1622539407466000&amp;usg=AFQjCNG8FcK962S6j5oYxihzyPRy7DmBOQ\">Learning word order: Early beginnings<\/a>. <i>Trends in Cognitive Sciences. <\/i>DOI: 10.1016\/j.tics.2021.04.011<\/p>\n<p style=\"text-align: justify;\">Zu\u00f1iga, F. &amp; Fern\u00e1ndez, B. (2021) <a href=\"https:\/\/benjamins.com\/catalog\/tsl.130.19zun\" target=\"_blank\" rel=\"noopener noreferrer\">Basque antipassives revisited<\/a>. In Katarzyna Janic &amp; Alena Witzlack-Makarevich (ed.) <a href=\"https:\/\/benjamins.com\/catalog\/tsl.130\" target=\"_blank\" rel=\"noopener noreferrer\"><em>Antipassive. Tipology, diachrony, and related constructions<\/em><\/a>. Typological Studies in Language series130. Amsterdam\/Philadelphia: John Benjamins. 621-640. DOI: 10.1075\/tsl.<wbr \/>130.19zun.<\/p>\n<p style=\"text-align: justify;\">Berent, I., de la Cruz-Pav\u00eda, I. Brentari, D., &amp; Gervain, J. (2021) <a href=\"https:\/\/www.nature.com\/articles\/s41598-021-99539-8\" target=\"_blank\" rel=\"noreferrer noopener\">Infants<\/a><a href=\"https:\/\/www.nature.com\/articles\/s41598-021-99539-8\">\u00a0differentially extract rules from language<\/a>.\u00a0<em>Scientific Reports<\/em>,\u00a0<em>11<\/em>, 20001. DOI: 10.1038\/s41598-021-99539-8<em>.<\/em><\/p>\n<p style=\"text-align: justify;\">de la Cruz-Pav\u00eda, I. &amp; Gervain, J. (2021) <a href=\"https:\/\/www.sciencedirect.com\/science\/article\/pii\/S2352154620301790\">Infants\u2019 perception of repetition-based regularities in speech: a look from the perspective of the same\/different distinction<\/a>. C<em>urrent Opinion in Behavioral Sciences, 37<\/em>:125\u2013132. DOI: 10.1016\/j.cobeha.2020.11.014<\/p>\n<p style=\"text-align: justify;\">Mtz.de la Hidalga, G.; Zawiszewski, A. Laka, I. (2021) <a href=\"https:\/\/www.frontiersin.org\/articles\/10.3389\/fpsyg.2021.742127\/abstract\" target=\"_blank\" rel=\"noopener noreferrer\">Going Native? Yes, If Allowed by Cross-Linguistic Similarity.<\/a> <i>Frontiers in Psychology-Language Sciences. <\/i>Doi: 10.3389\/fpsyg.2021.742127<\/p>\n<p style=\"text-align: justify;\">Fern\u00e1ndez, B. &amp; Berro, A. (2021) <a href=\"https:\/\/www.degruyter.com\/document\/doi\/10.1515\/ling-2020-0057\/html\" target=\"_blank\" rel=\"noopener noreferrer\">Basque impersonals in comparison. <i>Linguistics. An Interdisciplinary Journal of the Language Sciences<\/i>.<\/a> Doi: 10.1515\/ling-2020-0057<\/p>\n<p style=\"text-align: justify;\">Laka, I. (2021) Euskara eta elebitasuna, premiazko ezagutza. <i>Bi hizkuntza garun bakarrean: euskal psikohizkuntzalaritzaren ekarpenak eta erronkak<\/i>. Udako Euskal Unibertsitateak eta Euskal Herriko Unibertsitateak lankidetzan argitaratuta, p. 11 -14.<\/p>\n<p style=\"text-align: justify;\">Erdozia, K- &amp; Sanahuja, N. (2021) Bigarren hizkuntzen ikasketa-prozesua. <i>Bi hizkuntza garun bakarrean: euskal psikohizkuntzalaritzaren ekarpenak eta erronkak<\/i>. Udako Euskal Unibertsitateak eta Euskal Herriko Unibertsitateak lankidetzan argitaratuta, p. 15 -32.<\/p>\n<p style=\"text-align: justify;\">Arantzeta, M. (2021) Afasiaren diagnostikoa eta terapia pertsona elebidunetan: eraginkortasuna eztabaidan. <i>Bi hizkuntza garun bakarrean: euskal psikohizkuntzalaritzaren ekarpenak eta erronkak<\/i>. Udako Euskal Unibertsitateak eta Euskal Herriko Unibertsitateak lankidetzan argitaratuta, p. 65 -88.<\/p>\n<p style=\"text-align: justify;\">Santesteban, M. &amp; Ugarte, M. (2021) Bi hizkuntza garun bakarrean: \u00bfC\u00f3mo controlamos zein hizkuntzatan hitz egin nahi dugun? <i>Bi hizkuntza garun bakarrean: euskal psikohizkuntzalaritzaren ekarpenak eta erronkak<\/i>. Udako Euskal Unibertsitateak eta Euskal Herriko Unibertsitateak lankidetzan argitaratuta, p. 89-110.<\/p>\n<p style=\"text-align: justify;\">Mart\u00ednez de la Hidalga, G. (2021) Garunaren elektrofisiologia eta euskara. <i>Bi hizkuntza garun bakarrean: euskal psikohizkuntzalaritzaren ekarpenak eta erronkak<\/i>. Udako Euskal Unibertsitateak eta Euskal Herriko Unibertsitateak lankidetzan argitaratuta, p. 111-128.<\/p>\n<p style=\"text-align: justify;\">Zawiszewski, A. (2021) Bigarren hizkuntzaren prozesamenduaz. Zerk eragiten dio? <i>Bi hizkuntza garun bakarrean: euskal psikohizkuntzalaritzaren ekarpenak eta erronkak<\/i>. Udako Euskal Unibertsitateak eta Euskal Herriko Unibertsitateak lankidetzan argitaratuta, p. 129-144.<\/p>\n<p style=\"text-align: justify;\">Zimnukhova, S. &amp; Erdozia, K. (2021) Begi-mugimenduen erregistroa bigarren hizkuntzen prozesamendu sintaktikoan. <i>Bi hizkuntza garun bakarrean: euskal psikohizkuntzalaritzaren ekarpenak eta erronkak<\/i>. Udako Euskal Unibertsitateak eta Euskal Herriko Unibertsitateak lankidetzan argitaratuta, p. 159-.<\/p>\n<p style=\"text-align: justify;\">Arantzeta, M. (2021) <a href=\"https:\/\/www.euskonews.eus\/zbk\/765\/elebitasunaren-onura-zahartzaroan\/ar-0765001003E\/?utm_source=Eusko+Ikaskuntza+-+Buletinak&amp;utm_campaign=3c81a63060-EMAIL_CAMPAIGN_2018_12_11_10_11_COPY_01&amp;utm_medium=email&amp;utm_term=0_28dd1f2e5f-3c81a63060-197767089\" target=\"_blank\" rel=\"noopener noreferrer\">Elebitasunaren onura zahartzaroan<\/a>. <em>Euskonews, 765. Eusko Ikaskuntza<\/em>. ISSN 1139-3628.\u00a0<u><\/u><\/p>\n<p style=\"text-align: justify;\">Azkarate, M. (2021) <a href=\"http:\/\/www.ehu.eus\/HEB\/wp-content\/uploads\/2021\/07\/Gramatiken-auzi-batzuk.pdf\" target=\"_blank\" rel=\"noopener noreferrer\">Gramatiken auzi batzuk.<\/a>\u00a0 <em>Euskera<\/em> 2020, 65, 2, 257-281.<\/p>\n<p style=\"text-align: justify;\">Azkarate, M. Perez Gaztelu, E. (2021) <a href=\"http:\/\/www.ehu.eus\/HEB\/wp-content\/uploads\/2021\/05\/Procesos_de_estandarizacion_los_casos_de.pdf\" target=\"_blank\" rel=\"noopener noreferrer\">Procesos de estandarizaci\u00f3n: los casos del euskera y del gallego.<\/a> <em>Treballs de Socioling\u00fc\u00edstica Catalana<\/em>, Volume 31, p. 81-94<\/p>\n<p style=\"text-align: justify;\">Pineda, A. &amp; Odria, A. (2021) Estudi comparatiu del marcatge diferencial d\u2019objecte en situacions de contacte ling\u00fc\u00edstic (catal\u00e0-espanyol i basc-espanyol). Treballs de socioling\u00fc\u00edstica catalana. Volume 31.<\/p>\n<p><\/p>","protected":false},"excerpt":{"rendered":"<p>2025\u00a0 \u00a0 \u00a0\u00a02024 \u00a0 \u00a0 2023\u00a0 \u00a0 \u00a0 2022\u00a0 \u00a0 \u00a0\u00a02020\u00a0 \u00a0 \u00a0 2019\u00a0 \u00a0 \u00a0 2018\u00a0 \u00a0 \u00a0 2017\u00a0 \u00a0 \u00a0 2016\u00a0 \u00a0 \u00a0 2015\u00a0 \u00a0 \u00a0 2014\u00a0 \u00a0 \u00a0 2013\u00a0 \u00a0 \u00a0 2002-2012\u00a0 \u00a0 \u00a0\u00a0CORPORA &nbsp; Erdozia, K., &hellip; <a href=\"https:\/\/www.ehu.eus\/HEB\/publications-2021\/\">Continue reading <span class=\"meta-nav\">&rarr;<\/span><\/a><\/p>\n","protected":false},"author":2,"featured_media":0,"parent":0,"menu_order":0,"comment_status":"closed","ping_status":"closed","template":"","meta":{"footnotes":""},"_links":{"self":[{"href":"https:\/\/www.ehu.eus\/HEB\/wp-json\/wp\/v2\/pages\/16063"}],"collection":[{"href":"https:\/\/www.ehu.eus\/HEB\/wp-json\/wp\/v2\/pages"}],"about":[{"href":"https:\/\/www.ehu.eus\/HEB\/wp-json\/wp\/v2\/types\/page"}],"author":[{"embeddable":true,"href":"https:\/\/www.ehu.eus\/HEB\/wp-json\/wp\/v2\/users\/2"}],"replies":[{"embeddable":true,"href":"https:\/\/www.ehu.eus\/HEB\/wp-json\/wp\/v2\/comments?post=16063"}],"version-history":[{"count":11,"href":"https:\/\/www.ehu.eus\/HEB\/wp-json\/wp\/v2\/pages\/16063\/revisions"}],"predecessor-version":[{"id":17320,"href":"https:\/\/www.ehu.eus\/HEB\/wp-json\/wp\/v2\/pages\/16063\/revisions\/17320"}],"wp:attachment":[{"href":"https:\/\/www.ehu.eus\/HEB\/wp-json\/wp\/v2\/media?parent=16063"}],"curies":[{"name":"wp","href":"https:\/\/api.w.org\/{rel}","templated":true}]}}