{"id":16437,"date":"2023-12-19T11:25:57","date_gmt":"2023-12-19T11:25:57","guid":{"rendered":"https:\/\/www.ehu.eus\/HEB\/?page_id=16437"},"modified":"2025-02-12T14:56:29","modified_gmt":"2025-02-12T14:56:29","slug":"garbi-almanza","status":"publish","type":"page","link":"https:\/\/www.ehu.eus\/HEB\/garbi-almanza\/","title":{"rendered":"GARBI\u00d1E ALMANZA"},"content":{"rendered":"<p><img loading=\"lazy\" decoding=\"async\" class=\"aligncenter\" src=\"https:\/\/www.ehu.eus\/HEB\/wp-content\/uploads\/2012\/05\/Garbi\u00f1e.jpg\" width=\"304\" height=\"264\" \/><\/p>\n<p style=\"text-align: center;\">Micaela Portilla Ikergunea, 3.2 bulegoa<br \/>\nJusto V\u00e9lez de Elorriaga kalea, 1<br \/>\n01006 Vitoria-Gasteiz<\/p>\n<p style=\"text-align: center;\"><a href=\"mailto:garbiehu@gmail.com\">garbiehu@gmail.com<\/a><\/p>\n<p><strong>Education<\/strong>:<\/p>\n<p style=\"text-align: justify;\">I am a student of the bachelor\u2019s degree in Philology at the University of the Basque Country, UPV\/EHU (2020-current). Among my hobbies and interests I would highlight art, sports, travelling and getting to know other cultures and languages. Since I was a kid, I have felt a great interest in different languages especially in the way we use them to communicate and structure our ideas. However, my curiosity about nature led me to start the degree in Biology, but time made me realize that my real interest was the study of languages and the way humans are able to communicate.<\/p>\n<p style=\"text-align: justify;\">This year, thanks to the IKASIKER collaboration grant I am doing an internship in the group Gogo Elebiduna, La mente biling\u00fce directed by Itziar Laka and under the supervision of Miren Arantzeta.<\/p>\n<p><strong>\u00a0<\/strong><\/p>\n<p><strong>Research line: <\/strong><\/p>\n<p>Language and Bilingualism in healthy aging, aphasia.<\/p>\n<p><strong>\u00a0<\/strong><\/p>\n<p><strong>Languages<\/strong>:<\/p>\n<p>Spanish (native), Basque (native), English (C1) and Catal\u00e0 (A2)<\/p>\n<p><strong>\u00a0<\/strong><\/p>\n<p><strong>Scholarships<\/strong>:<\/p>\n<p>IKASIKER collaboration grant (2023-2024)<\/p>\n<p>Department of Education, culture and sport of the Basque Government.<\/p>\n<p>Erasmus (2022-2023): ELTE, E\u00f6tv\u00f6s Lor\u00e1nd University, Budapest.<\/p>\n<p>Department of Education, culture and sport of the Basque Government.<\/p>\n<p>Scholarship from the Basque Government called <em>Academic Excellence Scholarship<\/em> for the completion of the first university year. (2018-2019).<\/p>","protected":false},"excerpt":{"rendered":"<p>Micaela Portilla Ikergunea, 3.2 bulegoa Justo V\u00e9lez de Elorriaga kalea, 1 01006 Vitoria-Gasteiz garbiehu@gmail.com Education: I am a student of the bachelor\u2019s degree in Philology at the University of the Basque Country, UPV\/EHU (2020-current). Among my hobbies and interests I &hellip; <a href=\"https:\/\/www.ehu.eus\/HEB\/garbi-almanza\/\">Continue reading <span class=\"meta-nav\">&rarr;<\/span><\/a><\/p>\n","protected":false},"author":2,"featured_media":0,"parent":0,"menu_order":0,"comment_status":"closed","ping_status":"closed","template":"","meta":{"footnotes":""},"_links":{"self":[{"href":"https:\/\/www.ehu.eus\/HEB\/wp-json\/wp\/v2\/pages\/16437"}],"collection":[{"href":"https:\/\/www.ehu.eus\/HEB\/wp-json\/wp\/v2\/pages"}],"about":[{"href":"https:\/\/www.ehu.eus\/HEB\/wp-json\/wp\/v2\/types\/page"}],"author":[{"embeddable":true,"href":"https:\/\/www.ehu.eus\/HEB\/wp-json\/wp\/v2\/users\/2"}],"replies":[{"embeddable":true,"href":"https:\/\/www.ehu.eus\/HEB\/wp-json\/wp\/v2\/comments?post=16437"}],"version-history":[{"count":10,"href":"https:\/\/www.ehu.eus\/HEB\/wp-json\/wp\/v2\/pages\/16437\/revisions"}],"predecessor-version":[{"id":17261,"href":"https:\/\/www.ehu.eus\/HEB\/wp-json\/wp\/v2\/pages\/16437\/revisions\/17261"}],"wp:attachment":[{"href":"https:\/\/www.ehu.eus\/HEB\/wp-json\/wp\/v2\/media?parent=16437"}],"curies":[{"name":"wp","href":"https:\/\/api.w.org\/{rel}","templated":true}]}}