{"id":17263,"date":"2025-02-12T15:14:17","date_gmt":"2025-02-12T15:14:17","guid":{"rendered":"https:\/\/www.ehu.eus\/HEB\/?page_id=17263"},"modified":"2025-02-12T15:17:50","modified_gmt":"2025-02-12T15:17:50","slug":"conferences-2023","status":"publish","type":"page","link":"https:\/\/www.ehu.eus\/HEB\/conferences-2023\/","title":{"rendered":"CONFERENCES 2023"},"content":{"rendered":"<p style=\"text-align: justify;\">S\u00e1nchez-L\u00f3pez, M., Santesteban, M., &amp;amp; Laka, I. (2023). Proto-roles vs. Papeles Tem\u00e1ticos: el experimentante entre agentes y temas. Talk at Congreso Internacional de J\u00f3venes Ling\u00fcistas, Madrid, Spain, November 6-8, 2023.<\/p>\n<p style=\"text-align: justify;\">S\u00e1nchez-L\u00f3pez, M., Santesteban, M., &amp;amp; Laka, I. (2023). Proto-roles vs. Papeles Tem\u00e1ticos: el experimentante entre agentes y temas. Talk at IX Congreso Internacional de Ling\u00fc\u00edstica Hisp\u00e1nica, Leipzig, Germany, September 27 \u2013 October 1, 2023.<\/p>\n<p style=\"text-align: justify;\">S\u00e1nchez-L\u00f3pez, M., Santesteban, M., &amp;amp; Laka, I. (2023). Dowty was right: eye-tracking<br \/>\nexperiencers among agents and themes. Poster at AMLAP 2023, San Sebastian\/ Donosti, Spain, August 31 \u2013 September 2, 2023.<\/p>\n<p style=\"text-align: justify;\">de la Cruz-Pav\u00eda, I., Nallet, C., Lucarini, G., &amp; Gervain. J. Are babies\u2019 cries already language?\u00a0Poster presented at <em>8th Lancaster International Conference on Infant and Early Child Development, <\/em>Lancaster, UK.\u00a0Aug 23-25, 2023.<\/p>\n<p style=\"text-align: justify;\">Fuente, P., Urquijo, R., Gervain, J., &amp;\u00a0de la Cruz-Pav\u00eda, I. Exposure length to an artificial language significantly impacts adult mono- and bilinguals\u2019 segmentation strategies<em>.\u00a0<\/em>Oral communication presented at <em>the XVI International Symposium of Psycholinguistics,<\/em> Vitoria-Gasteiz, Spain, May 31-Jun 2, 2023.<\/p>\n<p>S\u00e1nchez-L\u00f3pez, M., Santesteban, M., &amp;amp; Laka, I. (2023). Eye-tracking the Experiencer Thematic Role, Poster at International Spymposium of Psycholinguistics, Vitoria-Gasteiz, Spain, May 31-June 2, 2023.<\/p>\n<p style=\"text-align: justify;\">Cano-S\u00e1nchez, V., Laka, I., Lago, S., Reifegerste, J. y Santeseban, M. (2023). Eyetracking agreement and attraction effects in the aging brain: A Subject-verb agreement comprehension study in Spanish. Poster en el\u00a0<em>XVI International Symposium of Psycholinguistics<\/em>, Vitoria-Gasteiz (Pa\u00eds Vasco), May 31-Jun 2, 2023.<\/p>\n<p style=\"text-align: justify;\">de la Cruz-Pav\u00eda, I.\u00a0(2023).\u00a0\u00a0Tracing infants\u2019 earliest encoding of structural regularities in speech.Invited talk given at the\u00a0<em>SfNIRS Research Webminar Series<\/em>, organised by the International Society for functional Near-Infrared Spectroscopy, June 23, 2023.<\/p>\n<p style=\"text-align: justify;\">Nallet, C., Lucarini, G.,\u00a0de la Cruz-Pav\u00eda, I., &amp; Gervain. J. <em>Are babies\u2019 cries already language?\u00a0<\/em>Oral communication presented at the XVI International Symposium of Psycholinguistics, Vitoria-Gasteiz, Spain, Mar 31-Jun 2, 2023.<\/p>\n<p style=\"text-align: justify;\">Gemignani, J.,\u00a0de la Cruz-Pav\u00eda, I., Martinez, A., Nallet, C., Pasquini, A., , Lucarini, G. &amp; Gervain, ,J. <em>T<\/em>he reproducibility of infant fNIRS studies: a meta-analytic approach. Oral communication presented at <em>the XVI International Symposium of Pscyholinguistics<\/em>, Vitoria-Gasteiz, Spain, May 31-Jun 2, 2023.<\/p>\n<p style=\"text-align: justify;\">Fuente, P., Urquijo, R., Gervain, J., &amp; de la Cruz-Pav\u00eda, I. Exposure length to an artificial language significantly impacts adult mono- and bilinguals\u2019 segmentation strategies<em>.\u00a0<\/em>Oral communication presented at <em>the I Congreso Internacional Multidisdiplinar de Estudiantes de Doctorado (CIMED),<\/em> La Laguna, Spain, Mar 22-24, 2023.<\/p>\n<p style=\"text-align: justify;\">Cano-S\u00e1nchez, V., Laka, I. &amp; Santesteban, M. (2023). Eye tracking agreement processing and attraction errors in aging: A Subject-Verb agreement study in Spanish. Comunicaci\u00f3n oral en\u00a0<em>Congreso Internacional Multidisciplinar de Estudiantes de Doctorado (CIMED)<\/em>, San Crist\u00f3bal de La Laguna (Tenerife), March 22-24, 2023.<\/p>\n<p style=\"text-align: justify;\">S\u00e1nchez-L\u00f3pez, M., Santesteban, M., &amp;amp; Laka, I. (2023). Eye-tracking the Experiencer Thematic Role, Poster at HSP 2023, Pittsburgh, USA, March 9-11, 2023.<\/p>\n<p style=\"text-align: justify;\">S\u00e1nchez-L\u00f3pez, M., Santesteban, M., &amp;amp; Laka, I. (2023). Experiencer Role Has Particular Processing Correlates, Poster at 48\u00ba Incontro di Gramatica Generativa, Florence, Italy, February 16-18, 2023.<\/p>\n","protected":false},"excerpt":{"rendered":"<p>S\u00e1nchez-L\u00f3pez, M., Santesteban, M., &amp;amp; Laka, I. (2023). Proto-roles vs. Papeles Tem\u00e1ticos: el experimentante entre agentes y temas. Talk at Congreso Internacional de J\u00f3venes Ling\u00fcistas, Madrid, Spain, November 6-8, 2023. S\u00e1nchez-L\u00f3pez, M., Santesteban, M., &amp;amp; Laka, I. (2023). Proto-roles vs. &hellip; <a href=\"https:\/\/www.ehu.eus\/HEB\/conferences-2023\/\">Continue reading <span class=\"meta-nav\">&rarr;<\/span><\/a><\/p>\n","protected":false},"author":2,"featured_media":0,"parent":0,"menu_order":0,"comment_status":"closed","ping_status":"closed","template":"","meta":{"footnotes":""},"_links":{"self":[{"href":"https:\/\/www.ehu.eus\/HEB\/wp-json\/wp\/v2\/pages\/17263"}],"collection":[{"href":"https:\/\/www.ehu.eus\/HEB\/wp-json\/wp\/v2\/pages"}],"about":[{"href":"https:\/\/www.ehu.eus\/HEB\/wp-json\/wp\/v2\/types\/page"}],"author":[{"embeddable":true,"href":"https:\/\/www.ehu.eus\/HEB\/wp-json\/wp\/v2\/users\/2"}],"replies":[{"embeddable":true,"href":"https:\/\/www.ehu.eus\/HEB\/wp-json\/wp\/v2\/comments?post=17263"}],"version-history":[{"count":3,"href":"https:\/\/www.ehu.eus\/HEB\/wp-json\/wp\/v2\/pages\/17263\/revisions"}],"predecessor-version":[{"id":17266,"href":"https:\/\/www.ehu.eus\/HEB\/wp-json\/wp\/v2\/pages\/17263\/revisions\/17266"}],"wp:attachment":[{"href":"https:\/\/www.ehu.eus\/HEB\/wp-json\/wp\/v2\/media?parent=17263"}],"curies":[{"name":"wp","href":"https:\/\/api.w.org\/{rel}","templated":true}]}}