{"id":17626,"date":"2025-11-13T15:25:30","date_gmt":"2025-11-13T15:25:30","guid":{"rendered":"https:\/\/www.ehu.eus\/HEB\/?page_id=17626"},"modified":"2025-11-13T15:39:06","modified_gmt":"2025-11-13T15:39:06","slug":"andrea-perez","status":"publish","type":"page","link":"https:\/\/www.ehu.eus\/HEB\/andrea-perez\/","title":{"rendered":"ANDREA P\u00c9REZ GARC\u00cdA"},"content":{"rendered":"<p><img loading=\"lazy\" decoding=\"async\" class=\"aligncenter\" src=\"https:\/\/www.ehu.eus\/HEB\/wp-content\/uploads\/2012\/05\/Andrea.png\" width=\"358\" height=\"295\" \/><\/p>\n<p style=\"text-align: center;\">Investigadora Predoctoral<br \/>\n<a href=\"mailto:andrea.perez@ehu.eus\">andrea.perez@ehu.eus<\/a><br \/>\nTel\u00e9fono: +34 945 014 452<\/p>\n<p style=\"text-align: center;\">Centro de Investigaci\u00f3n Micaela Portilla, Oficina 3.2<br \/>\nCalle Justo V\u00e9lez de Elorriaga, 1<br \/>\n01006 Vitoria-Gasteiz<\/p>\n<p style=\"text-align: justify;\">Soy investigadora predoctoral en el <em>Departamento de Ling\u00fc\u00edstica y Estudios Vascos<\/em> de la Universidad del Pa\u00eds Vasco (UPV\/EHU) y miembro del grupo de investigaci\u00f3n Gogo Elebiduna \/ La Mente Biling\u00fce. Mi principal l\u00ednea de investigaci\u00f3n se centra en los efectos del multiling\u00fcismo en la adquisici\u00f3n de lenguas, un trabajo que desarrollo bajo la supervisi\u00f3n de los doctores Kepa Erdozia Uriarte e Irene de la Cruz Pav\u00eda.<\/p>\n<p style=\"text-align: center;\">________________________________________________________<\/p>\n<p style=\"text-align: center;\"><strong>\u00c1REAS DE INTER\u00c9S<\/strong><\/p>\n<p>Psicoling\u00fc\u00edstica, biling\u00fcismo y multiling\u00fcismo, distancia ling\u00fc\u00edstica, entorno ling\u00fc\u00edstico, bagaje ling\u00fc\u00edstico<\/p>\n<p style=\"text-align: center;\">________________________________________________________<\/p>\n<p style=\"text-align: center;\"><strong>FORMACI\u00d3N ACAD\u00c9MICA<\/strong><\/p>\n<p><strong>2025\u2013Actualidad<\/strong>: Investigadora predoctoral, Departamento de Ling\u00fc\u00edstica y Estudios Vascos, Universidad del Pa\u00eds Vasco (UPV\/EHU).<\/p>\n<p><strong>2022\u20132023<\/strong>: M\u00e1ster Universitario en Ense\u00f1anza de Espa\u00f1ol como Lengua Extranjera, Universidad de Oviedo.<\/p>\n<p style=\"text-align: left;\"><strong>2018\u20132022<\/strong>: Grado en Estudios Ingleses, Universidad de Oviedo.<\/p>\n<p style=\"text-align: center;\">_____________________________________________________________<\/p>\n<p style=\"text-align: center;\"><strong>\u00a0<\/strong><strong>EXPERIENCIA DOCENTE<\/strong><\/p>\n<p><strong>2023\u20132024<\/strong> \u2013 Lectora de espa\u00f1ol, Universidad de Kent (Reino Unido).<\/p>\n<p style=\"text-align: center;\">_____________________________________________________________<\/p>\n<p style=\"text-align: center;\"><strong>BECAS<\/strong><\/p>\n<p><strong>2025<\/strong> \u2013 Contrataci\u00f3n para formaci\u00f3n de personal investigador en la UPV\/EHU (PIF2024).<\/p>\n<p><strong>2020\u20132021<\/strong> \u2013 Beca Erasmus+, Universidad de Leeds (Reino Unido).<\/p>\n<p style=\"text-align: center;\">_____________________________________________________________<\/p>\n<p style=\"text-align: center;\"><strong>CONGRESOS <\/strong><\/p>\n<p><strong>2025<\/strong> \u2013 Miembro del Comit\u00e9 Organizador del <em>XXXIX Congreso Internacional de la Asociaci\u00f3n de J\u00f3venes Ling\u00fcistas (AJL2025)<\/em>, Universidad del Pa\u00eds Vasco (UPV\/EHU), Vitoria-Gasteiz, 1\u20133 de octubre.<\/p>\n<p><strong>2022 \u00ad\u2013<\/strong> Asistencia al I Congreso de Anaya del Espan\u0303ol: &#8220;Motivacio\u0301n, mediacio\u0301n y aprendizaje. Un presente diverso hacia el espan\u0303ol&#8221;. Universidad de Alcala\u0301, Madrid, 4 y 5 de noviembre.<\/p>\n<p style=\"text-align: center;\">________________________________________________________<\/p>\n<p style=\"text-align: center;\"><strong>FORMACI\u00d3N ACAD\u00c9MICA ADICIONAL<\/strong><\/p>\n<p><strong>Enero 2023<\/strong> <strong>\u2013 <\/strong>Teaching English through Literature. British Council.\u00a0[12 horas]<\/p>\n<p><strong>Mayo 2022<\/strong> <strong>\u2013 <\/strong>Collaborative Online International Learning. Universidad de Salem (EE.UU.) en colaboracio\u0301n con la Universidad de Oviedo. [20 horas]<\/p>\n<p style=\"text-align: center;\">________________________________________________________<\/p>\n<p style=\"text-align: center;\"><strong>IDIOMAS<\/strong><\/p>\n<p style=\"text-align: center;\"><strong>\u00a0<\/strong>Espa\u00f1ol (nativo) \u00b7 Ingl\u00e9s (C2) \u00b7 Franc\u00e9s (B2)<\/p>\n<p style=\"text-align: center;\">__________________________________________________________<\/p>\n<p style=\"text-align: center;\"><strong>PUBLICACIONES<\/strong><\/p>\n<p><strong>P\u00e9rez-Garc\u00eda, A.<\/strong> (2023). <em>Rasgos t\u00edpicos en la realizaci\u00f3n de las vocales espa\u00f1olas por parte de estudiantes brit\u00e1nicos: an\u00e1lisis contrastivo y correcci\u00f3n de errores<\/em>. Trabajo de Fin de M\u00e1ster. Universidad de Oviedo.<\/p>\n<p><strong>P\u00e9rez-Garc\u00eda, A.<\/strong> (2022). <em>Mental Illness in English Literature: Attitudes and Representations<\/em>. Trabajo de Fin de Grado. Universidad de Oviedo.<\/p>\n","protected":false},"excerpt":{"rendered":"<p>Investigadora Predoctoral andrea.perez@ehu.eus Tel\u00e9fono: +34 945 014 452 Centro de Investigaci\u00f3n Micaela Portilla, Oficina 3.2 Calle Justo V\u00e9lez de Elorriaga, 1 01006 Vitoria-Gasteiz Soy investigadora predoctoral en el Departamento de Ling\u00fc\u00edstica y Estudios Vascos de la Universidad del Pa\u00eds Vasco &hellip; <a href=\"https:\/\/www.ehu.eus\/HEB\/andrea-perez\/\">Continue reading <span class=\"meta-nav\">&rarr;<\/span><\/a><\/p>\n","protected":false},"author":2,"featured_media":0,"parent":0,"menu_order":0,"comment_status":"closed","ping_status":"closed","template":"","meta":{"footnotes":""},"_links":{"self":[{"href":"https:\/\/www.ehu.eus\/HEB\/wp-json\/wp\/v2\/pages\/17626"}],"collection":[{"href":"https:\/\/www.ehu.eus\/HEB\/wp-json\/wp\/v2\/pages"}],"about":[{"href":"https:\/\/www.ehu.eus\/HEB\/wp-json\/wp\/v2\/types\/page"}],"author":[{"embeddable":true,"href":"https:\/\/www.ehu.eus\/HEB\/wp-json\/wp\/v2\/users\/2"}],"replies":[{"embeddable":true,"href":"https:\/\/www.ehu.eus\/HEB\/wp-json\/wp\/v2\/comments?post=17626"}],"version-history":[{"count":6,"href":"https:\/\/www.ehu.eus\/HEB\/wp-json\/wp\/v2\/pages\/17626\/revisions"}],"predecessor-version":[{"id":17633,"href":"https:\/\/www.ehu.eus\/HEB\/wp-json\/wp\/v2\/pages\/17626\/revisions\/17633"}],"wp:attachment":[{"href":"https:\/\/www.ehu.eus\/HEB\/wp-json\/wp\/v2\/media?parent=17626"}],"curies":[{"name":"wp","href":"https:\/\/api.w.org\/{rel}","templated":true}]}}