{"id":17735,"date":"2026-01-09T14:10:08","date_gmt":"2026-01-09T14:10:08","guid":{"rendered":"https:\/\/www.ehu.eus\/HEB\/?page_id=17735"},"modified":"2026-01-12T08:19:30","modified_gmt":"2026-01-12T08:19:30","slug":"jon-etxebarria","status":"publish","type":"page","link":"https:\/\/www.ehu.eus\/HEB\/jon-etxebarria\/","title":{"rendered":"JON ETXEBARRIA ZARANDONA"},"content":{"rendered":"<p><\/p>\n<p style=\"text-align: center;\"><a href=\"http:\/\/www.ehu.eus\/HEB\/wp-content\/uploads\/2026\/01\/IonEtxebarria.png\"><img loading=\"lazy\" decoding=\"async\" class=\"alignnone wp-image-17739 aligncenter\" src=\"http:\/\/www.ehu.eus\/HEB\/wp-content\/uploads\/2026\/01\/IonEtxebarria.png\" alt=\"\" width=\"303\" height=\"251\" \/><\/a>Micaela Portilla Ikergunea, 3.2 bulegoa<br \/>\nJusto V\u00e9lez de Elorriaga kalea, 1<br \/>\n01006 Vitoria-Gasteiz<\/p>\n<p style=\"text-align: center;\"><a href=\"jon.etxebarriaz@ehu.eus\">jon.etxebarriaz@ehu.eus<\/a><\/p>\n<p><strong>Studies:<\/strong><\/p>\n<p style=\"text-align: justify;\">In the 2023-2024 academic year I had the Ikasiker Research Fellowship [IkasC_2023_1_0067], which allowed me to collaborate with the Bilingual Mind research group under the supervision of Professor Beatriz Fern\u00e1ndez (UPV\/EHU). Then, in the 2024-2025 academic year, I continued my studies in the Basque Linguistics and Philology Master\u2019s programme at the very same university. Since September 2025, I have been working on my PhD thesis under the supervision of Beatriz Fern\u00e1ndez (UPV\/EHU), Ane Odria (UPV\/EHU) and Irene de la Cruz-Pavia (University of Deusto).<\/p>\n<p style=\"text-align: justify;\">Linguistic variation is one of my main research interests and in my PhD thesis I study the causative structures used in the western dialect of Basque. Specifically, I investigate the relationship between the case and agreement marking of arguments and their animacy in causative constructions with embedded unaccusative verbs.<\/p>\n<p><strong>Research interests:<\/strong><\/p>\n<p>Morphosyntactic variation, Basque, causatives, causees, case- and agreement-marking, animacy.<\/p>\n<p><strong>Teaching:<\/strong><\/p>\n<p>Summer 2025: Basque teacher in the courses offered by the Zornotzako Barnetegia.<\/p>\n<p>January 2024: Basque Language subject teacher at the ESO and Baccalaureate levels in Lauaxeta Ikastola, substituing.<\/p>\n<p><strong>Others:<\/strong><\/p>\n<p><u>Languages<\/u><\/p>\n<p>Basque (mother tongue), Spanish (mother tongue), English (C1).<\/p>\n<p><u>Grants<\/u><\/p>\n<ul>\n<li><strong>Ikasiker<\/strong>Research Fellowship (2023-24) [IkasC_2023_1_0067]\n<ul>\n<li><strong>Institution:\u00a0<\/strong>Department of Education, Language Policy and Culture of the Basque Government.<\/li>\n<\/ul>\n<\/li>\n<li><strong>Erasmus+ KA171<\/strong>grant (2022-23)\n<ul>\n<li><strong>Insitution:<\/strong>Servicio Espa\u00f1ol para la Internacionalizaci\u00f3n de la Educaci\u00f3n (SEPIE).<\/li>\n<\/ul>\n<\/li>\n<li>Basque Government Grants for the Predoctoral Training Program for Non-Doctoral Researchers (2025-2029) [PRE_2025_1_0152]\n<ul>\n<li><strong>Institution<\/strong>: Department of Education, Language Policy and Culture of the Basque Government<\/li>\n<\/ul>\n<\/li>\n<\/ul>\n<p><\/p>","protected":false},"excerpt":{"rendered":"<p>Micaela Portilla Ikergunea, 3.2 bulegoa Justo V\u00e9lez de Elorriaga kalea, 1 01006 Vitoria-Gasteiz jon.etxebarriaz@ehu.eus Studies: In the 2023-2024 academic year I had the Ikasiker Research Fellowship [IkasC_2023_1_0067], which allowed me to collaborate with the Bilingual Mind research group under the &hellip; <a href=\"https:\/\/www.ehu.eus\/HEB\/jon-etxebarria\/\">Continue reading <span class=\"meta-nav\">&rarr;<\/span><\/a><\/p>\n","protected":false},"author":2,"featured_media":0,"parent":0,"menu_order":0,"comment_status":"closed","ping_status":"closed","template":"","meta":{"footnotes":""},"_links":{"self":[{"href":"https:\/\/www.ehu.eus\/HEB\/wp-json\/wp\/v2\/pages\/17735"}],"collection":[{"href":"https:\/\/www.ehu.eus\/HEB\/wp-json\/wp\/v2\/pages"}],"about":[{"href":"https:\/\/www.ehu.eus\/HEB\/wp-json\/wp\/v2\/types\/page"}],"author":[{"embeddable":true,"href":"https:\/\/www.ehu.eus\/HEB\/wp-json\/wp\/v2\/users\/2"}],"replies":[{"embeddable":true,"href":"https:\/\/www.ehu.eus\/HEB\/wp-json\/wp\/v2\/comments?post=17735"}],"version-history":[{"count":9,"href":"https:\/\/www.ehu.eus\/HEB\/wp-json\/wp\/v2\/pages\/17735\/revisions"}],"predecessor-version":[{"id":17751,"href":"https:\/\/www.ehu.eus\/HEB\/wp-json\/wp\/v2\/pages\/17735\/revisions\/17751"}],"wp:attachment":[{"href":"https:\/\/www.ehu.eus\/HEB\/wp-json\/wp\/v2\/media?parent=17735"}],"curies":[{"name":"wp","href":"https:\/\/api.w.org\/{rel}","templated":true}]}}