{"id":3141,"date":"2012-06-07T10:00:03","date_gmt":"2012-06-07T10:00:03","guid":{"rendered":"http:\/\/www.ehu.eus\/HEB\/?page_id=3141"},"modified":"2018-08-28T06:58:43","modified_gmt":"2018-08-28T06:58:43","slug":"joana_acha","status":"publish","type":"page","link":"https:\/\/www.ehu.eus\/HEB\/joana_acha\/","title":{"rendered":"JOANA ACHA"},"content":{"rendered":"<p><\/p>\n<p align=\"center\"><a href=\"http:\/\/www.ehu.eus\/HEB\/wp-content\/uploads\/2012\/06\/Joana.jpg\" rel=\"attachment wp-att-12282\"><img loading=\"lazy\" decoding=\"async\" class=\"alignnone wp-image-12282\" src=\"http:\/\/www.ehu.eus\/HEB\/wp-content\/uploads\/2012\/06\/Joana.jpg\" alt=\"Joana\" width=\"200\" height=\"286\" srcset=\"https:\/\/www.ehu.eus\/HEB\/wp-content\/uploads\/2012\/06\/Joana.jpg 833w, https:\/\/www.ehu.eus\/HEB\/wp-content\/uploads\/2012\/06\/Joana-210x300.jpg 210w, https:\/\/www.ehu.eus\/HEB\/wp-content\/uploads\/2012\/06\/Joana-768x1099.jpg 768w, https:\/\/www.ehu.eus\/HEB\/wp-content\/uploads\/2012\/06\/Joana-716x1024.jpg 716w\" sizes=\"(max-width: 200px) 100vw, 200px\" \/><\/a><\/p>\n<p align=\"center\">Department of basic cognitive<br \/>\nprocesses and their development<br \/>\nFaculty of Psychology<\/p>\n<p align=\"center\">Tolosa Hiribidea, 70<br \/>\n20018 Donostia<br \/>\nEuskal Herria<\/p>\n<p align=\"center\">Phone: +34 943 01 5718<br \/>\nFax: +34 945 01 5670<br \/>\ne-mail: <a href=\"mailto:joana.acha@ehu.es\">joana.acha@ehu.eus<\/a><\/p>\n<p style=\"text-align: justify;\">Joana Acha is associate professor in the Department of Basic Psychological Processes and their development at the UPV \/ EHU and coordinator of the cognitive development course in the developmental area. She received her Ph.D. in 2009 at the University of Valencia with the work \u201cExperimental analysis of the effect of orthographic similarity and encoding processes of letters during reading\u201d (published at the University of Valencia in 2010). She has been researcher at the University of Massachusetts Amherst, and the Basque Centre on Cognition Brain and Language of Donostia. Her research is currently focused on the cognitive processes involved in language development and reading, and her teaching includes Cognitive development, Neuroscience and Learning difficulties.<\/p>\n<p><strong>Research<\/strong><\/p>\n<p>Cognitive development and language acquisition and bilingualism.<\/p>\n<p>Cognitive processes involved in word recognition and learning to read.<\/p>\n<p>Behavioral and eye movement studie.<\/p>\n<p><strong>Publications<\/strong><\/p>\n<p style=\"text-align: justify;\">L\u00e1zaro, M., Illera, V., Acha, J., Escalonilla, A., Garc\u00eda, S., &amp; Sainz, J. S. (2018) <a href=\"https:\/\/link.springer.com\/article\/10.1007\/s11145-018-9858-1\" target=\"_blank\" rel=\"noopener\">Morphological effects in word identification: tracking the developmental trajectory of derivational suffixes in Spanish.<\/a> <em>Reading and Writing<\/em>, 1-16.<\/p>\n<p style=\"text-align: justify;\">Perea, M., Marcet, A., &amp;\u00a0Acha, J. (2018).\u00a0<a href=\"https:\/\/www.cambridge.org\/core\/journals\/applied-psycholinguistics\/article\/does-consonantvowel-skeletal-structure-play-a-role-early-in-lexical-processing-evidence-from-masked-priming\/B0BF40FC4AF7516DACA9C71D192110A9\" target=\"_blank\" rel=\"noopener\">Does consonant-vowel skeletal structure play a role early in lexical processing?\u00a0Evidence from masked priming.<\/a>\u00a0<em>Applied Psycholinguistics<\/em>.\u00a0DOI: 10.1017\/S0142716417000431<\/p>\n<p style=\"text-align: justify;\">Lizaso, I., Acha, J., Reizabal, L., &amp; Garc\u00eda, A.J. (2017). <em>Desarrollo biol\u00f3gico y cognitivo en el ciclo vital.<\/em> Madrid, Pir\u00e1mide.<\/p>\n<p style=\"text-align: justify;\">L\u00e1zaro, M., Acha, J., Illera, V., &amp; Sainz, J. (2016). Written type and token frequency measures of fifty Spanish derivational morphemes. <em>Spanish Journal of Psychology<\/em>, 19, E75.<\/p>\n<p style=\"text-align: justify;\">Acha, J. (2016). Hacia un modelo multidimensional del trastorno espec\u00edfico del lenguaje y la dislexia: D\u00e9ficits compartidos y espec\u00edficos. <em>Revista de Investigaci\u00f3n en Logopedia,2, 107-141.<\/em><\/p>\n<p style=\"text-align: justify;\">L\u00e1zaro, M., Acha, J., de la Rosa, S., Garc\u00eda, S., &amp; Sainz, J. (2016). <a href=\"http:\/\/www.ehu.eus\/HEB\/wp-content\/uploads\/2012\/06\/Reading-and-writing-paper.pdf\" target=\"_blank\" rel=\"noopener\">Exploring the derivative suffix frequency effect in Spanish speaking children.<\/a> <em>Reading and Writing<\/em>. DOI: 10.1007\/s11145-016-9668-2<\/p>\n<p style=\"text-align: justify;\">Lallier, M., Acha, J., &amp; Carreiras, M. (2015). Cross-linguistic interactions influence reading development in bilinguals: A comparison between early balanced French-Basque and Spanish-Basque bilingual children. Developmental Science. DOI: 10.1111\/desc.12290<\/p>\n<p style=\"text-align: justify;\">Acha, J.; P\u00e9rez, A.; Davidson, D. J.; Carreiras, M. (2014). <a href=\"http:\/\/www.ehu.es\/HEB\/wp-content\/uploads\/2014\/11\/NCNY_Dravetsyndrome.pdf\" target=\"_blank\" rel=\"noopener\">Cognitive characterization of children with Dravet syndrome: A neurodevelopmental perspective.<\/a> <em>Child Neuropsychology<\/em>.\u00a0DOI:\u00a0<a href=\"http:\/\/www.tandfonline.com\/doi\/abs\/10.1080\/09297049.2014.959480#.VHMmasmPyF8\" target=\"_blank\" rel=\"noopener\">10.1080\/09297049.2014.959480<\/a><\/p>\n<p style=\"text-align: justify;\" align=\"left\">Acha, J.; Laka, I.; Landa, J.; Salaburu, P. (2014) <a href=\"http:\/\/www.ehu.es\/HEB\/wp-content\/uploads\/2014\/11\/EHME_database_AMversion.pdf\" target=\"_blank\" rel=\"noopener\">EHME: A new word database for research in Basque language.<\/a> <i>The Spanish Journal of Psychology. <\/i>Volume 17, E79. DOI: <a href=\"http:\/\/dx.doi.org\/10.1017\/sjp.2014.79\" target=\"_blank\" rel=\"noopener\">10.1017\/sjp.<wbr \/>2014.79<\/a><\/p>\n<p style=\"text-align: justify;\" align=\"left\">Fratini, V.; Acha, J.; Laka, I. (2014) <a href=\"http:\/\/www.ehu.es\/HEB\/wp-content\/uploads\/2014\/04\/Frequency%20and%20morphological%20irregularity.pdf\" target=\"_blank\" rel=\"noopener\">Frequency and morphological irregularity are independent variables: Evidence from a corpus study of Spanish verbs.<\/a> <i>Corpus Linguistics and Linguistic Theory. <\/i>Volume 10, Issue 2, Pages 289\u2013314, EISSN: 1613-7035, ISSN: 1613-7027, DOI:\u00a0<a href=\"http:\/\/dx.doi.org\/10.1515\/cllt-2013-0028\" target=\"_blank\" rel=\"noopener\">10.1515\/cllt-2013-0028<\/a><i>.<\/i><\/p>\n<p style=\"text-align: justify;\">Acha, J., &amp; Carreiras, M. (2014). <a href=\"http:\/\/www.ehu.es\/HEB\/wp-content\/uploads\/2014\/06\/Acha&amp;Carreiras.pdf\" target=\"_blank\" rel=\"noopener\">Exploring the mental lexicon: a methodological approach to understanding how printed words are represented in our minds.<\/a> In Juhani J\u00e4rvikivi, Pirita Pyykk\u00f6nen-Klauck &amp; Matti Laine (Eds.), <em>Words &amp; Constructions: Language Complexity in Linguistics and Psychology<\/em>. A Special Issue of The Mental Lexicon, 9(2).<\/p>\n<p style=\"text-align: justify;\">Sistiaga, A., Castillo, T., Aliri, J., Gazta\u00f1aga, M., Acha, J.,et al. (2014). <a href=\"http:\/\/www.neurologia.com\/pdf\/Web\/5808\/bl080337.pdf\" target=\"_blank\" rel=\"noopener\">Rendimiento cognitivo y calidad de vida de la esclerosis m\u00faltiple en Guip\u00fazcoa<\/a>. <em>Revista de Neurolog\u00eda.<\/em> Volume 58, pp. 337-344.<\/p>\n<p style=\"text-align: justify;\">Lupker, S.J., Acha, J., Davis, C.J., &amp; Perea, M. (2012). <a href=\"http:\/\/www.uv.es\/amorjo\/grapheme_TL.pdf\" target=\"_blank\" rel=\"noopener\">An investigation of the role of grapheme units in word recognition.<\/a> <em>Journal of Experimental Psychology: Human Perception and Performance.<\/em> DOI: 10.1037\/a0026886.<\/p>\n<table border=\"0\" width=\"672\" cellspacing=\"0\" cellpadding=\"0\">\n<tbody>\n<tr>\n<td valign=\"top\" width=\"26\"><a href=\"http:\/\/www.ehu.eus\/HEB\/wp-content\/uploads\/2012\/06\/\u00edndice.jpg\"><img loading=\"lazy\" decoding=\"async\" class=\"alignnone wp-image-11222\" src=\"http:\/\/www.ehu.eus\/HEB\/wp-content\/uploads\/2012\/06\/\u00edndice.jpg\" alt=\"\u00edndice\" width=\"50\" height=\"71\" \/><\/a><\/td>\n<td valign=\"top\" width=\"810\">Reizabal, L.; Acha, J. (2012). <a href=\"http:\/\/www.ueu.org\/denda\/ikusi\/hezkuntza_sozioemozionala_eta_ikaskuntza_zailtasunak__hezkuntza_testuinguruetan_aplikatzeko_esku_hartzea\"><em>Hezkuntza sozioemozionala eta ikaskuntza zailtasunak: hezkuntza-testuinguruetan aplikatzeko esku-hartzea.<\/em><\/a> UEU (Eds.): Bilbao.<\/td>\n<\/tr>\n<\/tbody>\n<\/table>\n<p style=\"text-align: justify;\">Reizabal, L., &amp; Acha, J. (2012). Hezkuntza sozioemozionala eta ikaskuntza zailtasunak: hezkuntza-testuinguruetan aplikatzeko esku-hartzea. UEU (Eds.): Bilbao.<\/p>\n<p style=\"text-align: justify;\">Acha, J., &amp; Perea, M. (2010). <a href=\"http:\/\/www.uv.es\/amorjo\/kaniso_CASINO.pdf\" target=\"_blank\" rel=\"noopener\">Does kaniso activate CASINO? Input coding schemes and phonology in visual-word recognition<\/a>. <em>Experimental Psychology<\/em>, <em>57<\/em>, 245-251.<\/p>\n<p style=\"text-align: justify;\">Acha, J &amp; Perea, M. (2010). <a href=\"http:\/\/www.uv.es\/amorjo\/LCP_VC.pdf\" target=\"_blank\" rel=\"noopener\">On the role of consonants and vowels in visual word recognition: Evidence with a letter search paradigm<\/a>. <em>Language and Cognitive Processes, 25, <\/em>423-438.<\/p>\n<p style=\"text-align: justify;\">Acha, J., Laka, I., &amp; Perea, M. (2010). <a href=\"http:\/\/www.uv.es\/amorjo\/agglutinativereadingdevelopment.pdf\" target=\"_blank\" rel=\"noopener\">Reading development in agglutinative languages: Evidence with beginning, intermediate and adult Basque readers.<\/a> <em>Journal of Experimental Child Psychology<\/em>, <em>105<\/em>, 359-375.<\/p>\n<p style=\"text-align: justify;\">Acha, J. (2009). <a href=\"http:\/\/www.uv.es\/amorjo\/multimedialearning.pdf\" target=\"_blank\" rel=\"noopener\">The effectiveness of multimedia programmes in children\u2019 s vocabulary learning.<\/a> <em>British Journal of Educational Technology, 40, <\/em>23-31<em>. <\/em><\/p>\n<p style=\"text-align: justify;\">Perea, M. &amp; Acha, J. (2009) <a href=\"http:\/\/www.uv.es\/amorjo\/vowel_consonant_Acta.pdf\" target=\"_blank\" rel=\"noopener\">Does letter position coding depend on consonant\/vowel status? Evidence with the masked priming technique.<\/a> <em>Acta Psychologica<\/em>, <em>130<\/em>, 127-137.<\/p>\n<p style=\"text-align: justify;\">Perea, M., Acha, J. &amp; Carreiras, M. (2009). <a href=\"http:\/\/www.uv.es\/amorjo\/SMS_EYE.pdf\" target=\"_blank\" rel=\"noopener\">Eye movements when reading text messaging (txt msgng).<\/a> <em>Quarterly Journal of Experimental Psychology, 62, <\/em>1560-1567.<\/p>\n<p style=\"text-align: justify;\">Perea, M. &amp; Acha, J. (2009). <a href=\"http:\/\/www.uv.es\/amorjo\/spaceVR.pdf\" target=\"_blank\" rel=\"noopener\">Space information is important for reading.<\/a> <em>Vision Research, 49, <\/em>1994-2000.<\/p>\n<p style=\"text-align: justify;\">Perea, M., Acha, J., &amp; Carreiras, M. (2009). <a href=\"http:\/\/www.uv.es\/amorjo\/CC_SMS.pdf\" target=\"_blank\" rel=\"noopener\">Lnguaj SMS: \u00bfcost o bnficio?<\/a> <em>Ciencia Cognitiva<\/em>, <em>3<\/em>, 52-54.<\/p>\n<p style=\"text-align: justify;\">Davis, C. J., Perea, M., &amp; Acha, J. (2009). <a href=\"http:\/\/www.uv.es\/amorjo\/AdditionDeletion_JEPHPP.pdf\" target=\"_blank\" rel=\"noopener\">Re(de)fining the orthographic neighbourhood: The role of addition and deletion neighbours in lexical decision and reading.<\/a> <em>Journal of Experimental Psychology: Human Perception and Performance<\/em>, <em>35<\/em>, 1550-1570.<\/p>\n<p style=\"text-align: justify;\">Perea, M., Acha, J., &amp; Fraga, I. (2008). <a href=\"http:\/\/www.uv.es\/amorjo\/PereaAchaFragaBL.pdf\" target=\"_blank\" rel=\"noopener\">Lexical competition is enhanced in the left hemisphere: Evidence from different types of orthographic neighbors.<\/a> <em>Brain and Language<\/em>, <em>105<\/em>, 199-210.<\/p>\n<p style=\"text-align: justify;\">Goikoetxea, E., Pascual, G., &amp; Acha, J. (2008). <a href=\"http:\/\/www.uv.es\/amorjo\/Implicit_causality_BRM.pdf\" target=\"_blank\" rel=\"noopener\">Normative study of the implicit causality of 100 interpersonal verbs in Spanish.<\/a> <em>Behavior Research Methods, 40, <\/em>760-772.<\/p>\n<p style=\"text-align: justify;\">Acha, J., &amp; Perea, M. (2008). <a href=\"http:\/\/www.uv.es\/amorjo\/Length_TL.pdf\" target=\"_blank\" rel=\"noopener\">The effects of length and transposed-letter similarity in lexical decision: Evidence with beginning, intermediate, and adult readers.<\/a> <em>British Journal of Psychology<\/em>, <em>99<\/em>, 245-264.<\/p>\n<p style=\"text-align: justify;\">Acha, J., &amp; Perea, M. (2008). <a href=\"http:\/\/www.uv.es\/amorjo\/TL_Reading_Cognition.pdf\" target=\"_blank\" rel=\"noopener\">The effect of neighborhood frequency in reading: Evidence with transposed-letter neighbors.<\/a> <em>Cognition<\/em>, <em>108<\/em>, 290-300.<\/p>\n<p style=\"text-align: justify;\"><strong>Teaching<\/strong>\u00a0\u00a0 (2011-2012)<\/p>\n<p style=\"text-align: justify;\">Cognitive development. Grade in Psychology, UPV\/EHU<\/p>\n<p style=\"text-align: justify;\">Master course in Neuroscience and Education. Bcbl<\/p>\n<p style=\"text-align: justify;\">Master course in Methodological issues on language acquisition. UPV\/EHU<\/p>\n<p><strong>Projects<\/strong><\/p>\n<p><strong>Evaluaci\u00f3n de factores cognitivos implicados en el desarrollo lector en ni\u00f1os biling\u00fces euskera-castellano<\/strong><\/p>\n<p><em>EHUA 12\/02 (2013-2014)<\/em><br \/>\nFunding agency: <em>Ministerio de Econom\u00eda y Competitividad.<\/em><br \/>\nPrincipal Investigator: <em>Joana Acha.<\/em><br \/>\nMembers: <em>Andone Sistiaga y Marie Lallier.<\/em><\/p>\n<p style=\"text-align: justify;\"><strong>Talks, Conferences and Congresses<\/strong><\/p>\n<p style=\"text-align: justify;\">Acha, J., L\u00f3pez, A., Barreto, F.B., Arranz, E. (2018, April) Cognitive markers of language development in primary school children. FRIAS Workshop on Language comprehension across the life span. Freiburg, Germany.<\/p>\n<p style=\"text-align: justify;\">L\u00f3pez, A., &amp; Acha, J. (2017, June) Visual letter and syllable detection impairments in children with SLI: Are the deficits only linguistic? Workshop on Infant Language Development, Donostia.<\/p>\n<p style=\"text-align: justify;\">Antzaka, A., Lallier, M., Acha, J., &amp; Carreiras., M. \u00a0(2016, May). \u00a0Morphological awareness and visual attention span in reading development: Is their role modulated by lexicality and morphological complexity when reading aloud or copying?. International Workshop on Reading and Developmental Dyslexia, Bilbao.<\/p>\n<p style=\"text-align: justify;\">Sistiaga, A., Estevez, M., Gazta\u00f1aga, M., Aliri, J., Labayru, G., Acha., J., &amp; Elorza., M.D. (2015, July). Prematurity and underweight: Predictors for psychomotor development?. 48th anual meeting of the International Society for Developmental Psychobiology.<\/p>\n<p style=\"text-align: justify;\">Acha, J., Sistiaga, A., Sainz, J., L\u00e1zaro, M., &amp; Illera, V. (2015, July). <a href=\"http:\/\/www.ehu.eus\/HEB\/wp-content\/uploads\/2015\/07\/NeighborNaming_Valencia_Acha.pdf\" target=\"_blank\" rel=\"noopener\">The role of letter identity and letter position in Spanish developing readers: Evidence with skilled and dyslexic children.<\/a> <em>12th Symposium of Psycholinguistics.<\/em> Valencia, Spain.<\/p>\n<p style=\"text-align: justify;\">Acha, J. (2013, May) How and when do children misread similar words? Neighborhood frequency effects revisited. International Workshop on Reading and Developmental Dyslexia, Donostia.<\/p>\n<p style=\"text-align: justify;\">Acha, J., Sistiaga, A., &amp; \u00a0Lallier, M. (2013, November). What is the role of morphemes when learning to read in agglutinative languages? Evidence from Basque-Spanish bilingual children. Lexical workshop for the 54th Annual Meeting of the Psychonomic Society. Toronto, Ontario.<\/p>\n<p style=\"text-align: justify;\">Acha, J., Perea, M.., &amp; \u00a0Van Leeuwen, C. (2013). <em>Congurence effects in visual word recognition. <\/em>11th Symposium of Psycholinguistics. Tenerife, Spain.<\/p>\n<p style=\"text-align: justify;\">Lallier, M., Acha, J., &amp; \u00a0Carreiras, M. (2013). <em>Influence of orthographic transparency on letter string processing in French-Basque and Spanish-Basque bilingual children. <\/em>11th Symposium of Psycholinguistics. Tenerife, Spain.<\/p>\n<p style=\"text-align: justify;\">Acha, J., Salaburu, P., Landa, J.,&amp; \u00a0Laka, I. (2013). <em>EHME: A new word database for research in Basque language. <\/em>AESLA 2013. Tenerife, Spain.<\/p>\n<p style=\"text-align: justify;\">Acha, J., Salabruru, P., Laka, I., &amp; Landa, J. (2012, November). EHME: A new word database for research in Basque language. <em>SCiP Annual Meeting<\/em>. Minneapolis, Minnesota.<\/p>\n<p style=\"text-align: justify;\">Acha, J, &amp; Perea, M. (2012, May). <em>On <\/em><em>the coding of repeated letter digraphs in visual-word recognition<\/em><em>.<\/em> Baps-SEPEX 2012. Liegue, Belgium.<\/p>\n<p style=\"text-align: justify;\">Acha, J., &amp; Martin, A. (2012, May). <em>The role of syntactic predictability and stem frequency during reading: Evidence from Basque<\/em><em>.<\/em> Baps-SEPEX 2012. Liegue, Belgium.<\/p>\n<p style=\"text-align: justify;\">Acha, J., Hantsch, A., &amp; Cholin, J. (2012, May). <em>Inverse distractor frequency in the picture-word paradigm: An effect of neighborhood?<\/em> Baps-SEPEX 2012. Liegue, Belgium.<\/p>\n<p style=\"text-align: justify;\">Acha, J., Laka, I.,\u00a0 &amp; Carreiras, M. (2011, January). <em>The role of orthographic and phonological overlap in bilingual word recognition and naming.<\/em> Neuroscience and Education. Seville, Spain.<\/p>\n<p style=\"text-align: justify;\">Acha, J., Carreiras, M., &amp; Laka, I. (2011, April). <em>Orthographic and phonological neighbors in bilingual word recognition and naming<\/em>. 10th International Symposium of Psycholinguistics. Donostia, Spain.<\/p>\n<p style=\"text-align: justify;\">Lupker, S., Acha, J; Davis, C.J., &amp; Perea, M. (2011, November). <em>An investigation of the role of grapheme units in word recognition<\/em>. 17th meeting of the European Society for Cognitive Psychology. Donostia, Spain.<\/p>\n<p style=\"text-align: justify;\">Acha, J., &amp; Perea, M. (2010, April). <em>Letters or graphemes? An examination of basic coding units in visual word recognition.<\/em> SEPEX-EPS 2010, Granada, Spain.<\/p>\n<p style=\"text-align: justify;\">Acha, J., Carreiras, M., &amp; Perea, M. (2010, November).\u00a0 <em>Masked syllabic priming revisited: The case of Diphthongs and Hiatus<\/em>. Word recognition miniconference for the 51th Annual Meeting of the Psychonomic Society. St. Louis, Missouri.<\/p>\n<p style=\"text-align: justify;\">Acha, J., Perea, M., &amp; Nakatani, C. (2009, April). <em>\u00bfHay un componente fonol\u00f3gico en los efectos de transposici\u00f3n?<\/em>\u00a0 IX Simposio de Psicoling\u00fc\u00edstica, Santiago de Compostela, Spain.<\/p>\n<p style=\"text-align: justify;\">Acha, J., Laka, I.,\u00a0 &amp; Perea, M. (2009, May). <em>Learning to read in an agglutinative language: The role of inflectional morphology in beginning, intermediate and adult Basque readers.<\/em>\u00a0 PIF2009. Psicoling\u00fcistics in Flanders, Antwerpen, Belgium.<\/p>\n<p style=\"text-align: justify;\">Acha, J., &amp; Perea, M. (2008, April). <em>El efecto de frecuencia de vecindad en lectura: Evidencia con vecinos por transposici\u00f3n. <\/em>VII Congreso de la Sociedad Espa\u00f1ola de Psicolog\u00eda Experimental, San Sebasti\u00e1n, Spain.<\/p>\n<p style=\"text-align: justify;\">Acha, J., &amp; Perea, M. (2008, November). <em>Space: The final frontier.<\/em> 49<sup>th<\/sup> Annual Meeting of the Psychonomic Society, Chicago, Illinois.<\/p>\n<p style=\"text-align: justify;\">Acha, J., Perea, M., &amp; Fraga, I. (2007, April). <em>Los efectos de competici\u00f3n entre vecinos l\u00e9xicos se incrementan en el hemisferio izquierdo. <\/em>\u00a0VIII Simposio de Psicoling\u00fc\u00edstica, Palma de Mallorca, Spain.<\/p>\n<p style=\"text-align: justify;\">Acha, J., &amp; Perea, M. (2007, August). <em>The consonant\/vowel status in letter position encoding: Evidence with a letter search task. <\/em>XV Conference of the European Society of Cognitive Psychology, Marseille, France.<\/p>\n<p style=\"text-align: justify;\">Perea, M., Du\u00f1abeitia, J.A., Acha, J., &amp; Carreiras, M. (2007, November). <em>Letter position encoding and morphology. <\/em>48<sup>th<\/sup> Annual Meeting of the Psychonomic Society, Long Beach, California.<\/p>\n<p style=\"text-align: justify;\">Acha, J. &amp; Goikoetxea, E. (2006, July). <em>Texto o imagen: Efecto multimedia y carga cognitiva en el \u00a0aprendizaje de un segundo idioma en ni\u00f1os. <\/em>VI Congreso de la Sociedad Espa\u00f1ola de Psicolog\u00eda Experimental, Santiago de Compostela, Spain.<\/p>\n<p><\/p>","protected":false},"excerpt":{"rendered":"<p>Department of basic cognitive processes and their development Faculty of Psychology Tolosa Hiribidea, 70 20018 Donostia Euskal Herria Phone: +34 943 01 5718 Fax: +34 945 01 5670 e-mail: joana.acha@ehu.eus Joana Acha is associate professor in the Department of Basic &hellip; <a href=\"https:\/\/www.ehu.eus\/HEB\/joana_acha\/\">Continue reading <span class=\"meta-nav\">&rarr;<\/span><\/a><\/p>\n","protected":false},"author":2,"featured_media":0,"parent":0,"menu_order":0,"comment_status":"closed","ping_status":"closed","template":"","meta":{"footnotes":""},"_links":{"self":[{"href":"https:\/\/www.ehu.eus\/HEB\/wp-json\/wp\/v2\/pages\/3141"}],"collection":[{"href":"https:\/\/www.ehu.eus\/HEB\/wp-json\/wp\/v2\/pages"}],"about":[{"href":"https:\/\/www.ehu.eus\/HEB\/wp-json\/wp\/v2\/types\/page"}],"author":[{"embeddable":true,"href":"https:\/\/www.ehu.eus\/HEB\/wp-json\/wp\/v2\/users\/2"}],"replies":[{"embeddable":true,"href":"https:\/\/www.ehu.eus\/HEB\/wp-json\/wp\/v2\/comments?post=3141"}],"version-history":[{"count":49,"href":"https:\/\/www.ehu.eus\/HEB\/wp-json\/wp\/v2\/pages\/3141\/revisions"}],"predecessor-version":[{"id":13786,"href":"https:\/\/www.ehu.eus\/HEB\/wp-json\/wp\/v2\/pages\/3141\/revisions\/13786"}],"wp:attachment":[{"href":"https:\/\/www.ehu.eus\/HEB\/wp-json\/wp\/v2\/media?parent=3141"}],"curies":[{"name":"wp","href":"https:\/\/api.w.org\/{rel}","templated":true}]}}