{"id":3295,"date":"2020-07-15T13:06:05","date_gmt":"2020-07-15T13:06:05","guid":{"rendered":"http:\/\/www.ehu.eus\/HEB\/?page_id=3295"},"modified":"2025-07-16T08:37:55","modified_gmt":"2025-07-16T08:37:55","slug":"conferences","status":"publish","type":"page","link":"https:\/\/www.ehu.eus\/HEB\/conferences\/","title":{"rendered":"CONFERENCES"},"content":{"rendered":"<p><\/p>\n<h4 style=\"text-align: center;\"><\/h4>\n<h4 style=\"text-align: center;\"><strong><a title=\"CONFERENCES 2023\" href=\"http:\/\/www.ehu.eus\/HEB\/conferences-2023\">2023<\/a> \u00a0\u00a0<a href=\"https:\/\/www.ehu.eus\/HEB\/conferences-2022\/\">2022<\/a>\u00a0 \u00a0<a href=\"http:\/\/www.ehu.es\/HEB\/conferences\/conferences-2021\/\">2021<\/a> \u00a0 <a title=\"CONFERENCES 2020\" href=\"http:\/\/www.ehu.es\/HEB\/conferences\/conferences-2020\/\">2020<\/a>\u00a0 \u00a0<\/strong><strong><a title=\"CONFERENCES 2019\" href=\"http:\/\/www.ehu.eus\/HEB\/conferences-2019\">2019<\/a>\u00a0\u00a0 <strong><a title=\"CONFERENCES 2018\" href=\"http:\/\/www.ehu.eus\/HEB\/conferences-2018\">2018<\/a>\u00a0\u00a0 <\/strong><strong><a href=\"http:\/\/www.ehu.eus\/HEB\/conferences-2017\/?lang=es\">2017<\/a>\u00a0 \u00a0<\/strong><strong><a title=\"CONFERENCES 2016\" href=\"http:\/\/www.ehu.eus\/HEB\/conferences-2016\/\">2016<\/a>\u00a0 \u00a0<strong><a title=\"CONFERENCES 2015\" href=\"http:\/\/www.ehu.eus\/HEB\/conferences-2015\/\">2015<\/a>\u00a0 \u00a0<a title=\"CONFERENCES 2014\" href=\"http:\/\/www.ehu.es\/HEB\/conferences\/conferences-2014\/\">2014<\/a>\u00a0 \u00a0<\/strong><a title=\"CONFERENCES 2013\" href=\"http:\/\/www.ehu.es\/HEB\/conferences\/conferences-2013\/\">2013<\/a>\u00a0 \u00a0<a title=\"CONFERENCES 2012\" href=\"http:\/\/www.ehu.es\/HEB\/conferences\/conferences-2012\/\">2012<\/a>\u00a0 \u00a0<a title=\"CONFERENCES 2008\" href=\"https:\/\/www.ehu.eus\/HEB\/conferences-2008-2011\/\">2008-2011<\/a>\u00a0 \u00a0<\/strong><\/strong><\/h4>\n<p><strong>2024<\/strong><\/p>\n<p style=\"text-align: justify;\">Fuente-Garc\u00eda, P., Villegas, J., &amp; de la Cruz-Pav\u00eda, I. (2024). Tracing adults\u2019 word segmentation abilities: a comparison between younger and older bilinguals. Poster presented at the<em> Annual Meeting of the Society for the Neurobiology of Language<\/em>, Brisbane, Australia. October 24-26, 2024.<\/p>\n<p style=\"text-align: justify;\">de la Cruz-Pav\u00eda, I., Gervain, J. &amp; ManyBabies 3 NIRS Project Team. (2024).\u00a0<em>ManyBabies3NIRS: A multi-lab replication study of infants\u2019 and adults\u2019 neural responses to repetition-based regularities using NIRS<\/em>. Oral communication presented at the 2024 Big Team Science Conference, Virtual congress. Oct 8-10, 2024.<\/p>\n<p style=\"text-align: justify;\">Fuente-Garc\u00eda, P., Villegas, J., &amp; de la Cruz-Pav\u00eda, I. (2024).\u00a0<em>Lifespan word segmentation abilities: Evidence from bilingual older adults<\/em>. Poster presented at: 30th Architectures and Mechanisms for Language Processing AMLAP 2024, Edinburgh, Scotland. Sep 5-7, 2024.<\/p>\n<p style=\"text-align: justify;\">de la Cruz-Pav\u00eda, I., Hedge, M., Cabrera, L., &amp; Nazzi, T. (2024).\u00a0<em>Infants\u2019 word segmentation abilities in spectrally degraded speech at 6 and 10 months of age<\/em>. Poster presented at: International Congress of Infant Studies ICIS 2024, Glasgow, Scotland. Jul 8-11, 2024.<\/p>\n<p style=\"text-align: justify;\">Fuente-Garc\u00eda, P., Villegas, J., &amp; de la Cruz-Pav\u00eda, I. (2024). Living and aging bilingual: The role of proficiency in the word segmentation abilities of healthy older adults. P\u00f3ster presentado en el\u00a0<em>VII Congreso Internacional de Ling\u00fc\u00edstica Cl\u00ednica (CILC2024)<\/em>, Salamanca, Spain. June 19-21, 2024.<\/p>\n<p style=\"text-align: justify;\">de la Cruz-Pav\u00eda, I. (2024).\u00a0<em>El procesamiento del lenguaje en el envejecimiento saludable (\u201cLanguage processing in healthy aging\u201d).\u00a0<\/em>Invited talk given at\u00a0<em>Deustobide<\/em>\u2018s closing lecture, organised by the University of Deusto\u2019s Faculty of Social and Human Sciences, Spain. June 5, 2024.<\/p>\n<p style=\"text-align: justify;\">Fuente-Garc\u00eda, P., Villegas, J., &amp; de la Cruz-Pav\u00eda, I. (2024). Word segmentation abilities remain stable across the lifespan:\u00a0A comparative study of young and older bilinguals. Oral communication presented at:<em> Workshop on Language Processing in Aging<\/em>, Vitoria-Gasteiz, Spain. May 23, 2024.<\/p>\n<p style=\"text-align: justify;\">Fuente-Garc\u00eda, P<strong>.<\/strong>, Villegas, J., &amp; de la Cruz-Pav\u00eda, I. (2024). Only proficiency predicts older bilinguals\u2019 word segmentation abilities in their second language. P\u00f3ster presentado en el 37th\u00a0<em>Annual Conference on Human Sentence Processing (HSP)<\/em>, Michigan, EE. UU. May 16-18, 2024.<\/p>\n<p style=\"text-align: justify;\">de la Cruz-Pav\u00eda, I. (2024). <em>The role of spectral and temporal information in lexical processing and speech comprehension.\u00a0<\/em>Keynote given at the\u00a0<em>Closing Workshop of the ERC Consolidator Grant \u201cBabyRhythm\u201d,\u00a0<\/em>Universit\u00e1 degli Studi di Padova, Italy. May 10, 2024.<\/p>\n<p style=\"text-align: justify;\">Gemignani, J., de la Cruz-Pav\u00eda, I., Martinez, A., Nallet, C., Pasquini, A., , Lucarini, G. &amp; Gervain, ,J. (2024). <em>The reproducibility of infant fNIRS studies: a meta-analytic approach.<\/em> Poster presented at: ERC \u201cBabyrhythm\u201d Project Closing Workshop, Padua, Italy. May 9-10, 2024.<\/p>\n<p style=\"text-align: justify;\">Nallet, C., Lucarini, G., de la Cruz-Pav\u00eda, I., Gervain, J (2024). Newborn\u2019s brain responses to speech, cries and laughter. Oral communication presented at: ERC \u201cBabyrhythm\u201d Project Closing Workshop, Padua, Italy. May 9-10, 2024.<\/p>\n<p style=\"text-align: justify;\">de la Cruz-Pav\u00eda, I. How infants acquire their language(s).<em><span style=\"color: #000000; font-family: arial, sans-serif;\">\u00a0<\/span><\/em>Invited talk given at the\u00a0<i>UD Language Forum, organised by the University of Deusto&#8217;s Faculty of Social and Human Sciences. <\/i>March 12-14, 2024.<\/p>\n<p style=\"text-align: justify;\">S\u00e1nchez-L\u00f3pez, M., Santesteban, M., Laka, I. (2024). Eye-tracking the processing correlates of experiencer role. Talk at Talks on Formal Linguistics, Vitoria-Gasteiz, Spain, March 22, 2024.<\/p>\n<p style=\"text-align: justify;\">Bilbao, K. &amp; Berro, A. (2024) Gero ikusiko gara elkar. <a id=\"m_-4461067455385090229OWAb8d5f363-a381-0d36-bafc-57873235ad45\" title=\"https:\/\/agenda.deusto.es\/eu\/foro-ud-de-lenguas\/?_gl=1*8lssx2*_up*MQ..*_ga*NTIxNjc3NDY0LjE3MTA5MjA4NTE.*_ga_ZVJ1XGGKPL*MTcxMDkyMDg1MC4xLjAuMTcxMDkyMDg1MC4wLjAuMA..\" href=\"https:\/\/agenda.deusto.es\/eu\/foro-ud-de-lenguas\/?_gl=1*8lssx2*_up*MQ..*_ga*NTIxNjc3NDY0LjE3MTA5MjA4NTE.*_ga_ZVJ1XGGKPL*MTcxMDkyMDg1MC4xLjAuMTcxMDkyMDg1MC4wLjAuMA..\" target=\"_blank\" rel=\"noopener\" data-saferedirecturl=\"https:\/\/www.google.com\/url?q=https:\/\/agenda.deusto.es\/eu\/foro-ud-de-lenguas\/?_gl%3D1*8lssx2*_up*MQ..*_ga*NTIxNjc3NDY0LjE3MTA5MjA4NTE.*_ga_ZVJ1XGGKPL*MTcxMDkyMDg1MC4xLjAuMTcxMDkyMDg1MC4wLjAuMA..&amp;source=gmail&amp;ust=1752737195234000&amp;usg=AOvVaw2VDQFLPyH7sHLd1KzmLa00\">Hizkuntzen Deustuko Unibertsitateko Foroa<\/a>. Bilbo, Deustuko Unibertsitatea. March 13, 2024.<\/p>\n<p style=\"text-align: justify;\">Fuente-Garc\u00eda, P., Villegas, J., &amp; de la Cruz-Pav\u00eda, I. (2024). Living and aging bilingual: Interplay between bilingualism and segmentation abilities in healthy older adults. Comunicaci\u00f3n oral presentada en el\u00a0<em>Seminario Semanal del Grupo de Investigaci\u00f3n La Mente Biling\u00fce<\/em>, Vitoria-Gasteiz, Spain. February, 27, 2024.<\/p>\n<p><\/p>","protected":false},"excerpt":{"rendered":"<p>2023 \u00a0\u00a02022\u00a0 \u00a02021 \u00a0 2020\u00a0 \u00a02019\u00a0\u00a0 2018\u00a0\u00a0 2017\u00a0 \u00a02016\u00a0 \u00a02015\u00a0 \u00a02014\u00a0 \u00a02013\u00a0 \u00a02012\u00a0 \u00a02008-2011\u00a0 \u00a0 2024 Fuente-Garc\u00eda, P., Villegas, J., &amp; de la Cruz-Pav\u00eda, I. (2024). Tracing adults\u2019 word segmentation abilities: a comparison between younger and older bilinguals. Poster presented &hellip; <a href=\"https:\/\/www.ehu.eus\/HEB\/conferences\/\">Continue reading <span class=\"meta-nav\">&rarr;<\/span><\/a><\/p>\n","protected":false},"author":2,"featured_media":0,"parent":0,"menu_order":5,"comment_status":"closed","ping_status":"closed","template":"","meta":{"footnotes":""},"_links":{"self":[{"href":"https:\/\/www.ehu.eus\/HEB\/wp-json\/wp\/v2\/pages\/3295"}],"collection":[{"href":"https:\/\/www.ehu.eus\/HEB\/wp-json\/wp\/v2\/pages"}],"about":[{"href":"https:\/\/www.ehu.eus\/HEB\/wp-json\/wp\/v2\/types\/page"}],"author":[{"embeddable":true,"href":"https:\/\/www.ehu.eus\/HEB\/wp-json\/wp\/v2\/users\/2"}],"replies":[{"embeddable":true,"href":"https:\/\/www.ehu.eus\/HEB\/wp-json\/wp\/v2\/comments?post=3295"}],"version-history":[{"count":271,"href":"https:\/\/www.ehu.eus\/HEB\/wp-json\/wp\/v2\/pages\/3295\/revisions"}],"predecessor-version":[{"id":17498,"href":"https:\/\/www.ehu.eus\/HEB\/wp-json\/wp\/v2\/pages\/3295\/revisions\/17498"}],"wp:attachment":[{"href":"https:\/\/www.ehu.eus\/HEB\/wp-json\/wp\/v2\/media?parent=3295"}],"curies":[{"name":"wp","href":"https:\/\/api.w.org\/{rel}","templated":true}]}}