{"id":376,"date":"2012-05-04T17:48:37","date_gmt":"2012-05-04T17:48:37","guid":{"rendered":"http:\/\/www.ehu.eus\/HEB\/?page_id=376"},"modified":"2020-04-26T10:45:19","modified_gmt":"2020-04-26T10:45:19","slug":"luis_pastor","status":"publish","type":"page","link":"https:\/\/www.ehu.eus\/HEB\/luis_pastor\/?lang=eu","title":{"rendered":"LUIS PASTOR"},"content":{"rendered":"<p><a href=\"http:\/\/www.ehu.eus\/HEB\/wp-content\/uploads\/2019\/07\/luis.gif\"><img loading=\"lazy\" decoding=\"async\" class=\"size-medium wp-image-14384 aligncenter\" src=\"http:\/\/www.ehu.eus\/HEB\/wp-content\/uploads\/2019\/07\/luis-300x300.gif\" alt=\"LuisP\" width=\"300\" height=\"300\" srcset=\"https:\/\/www.ehu.eus\/HEB\/wp-content\/uploads\/2019\/07\/luis-300x300.gif 300w, https:\/\/www.ehu.eus\/HEB\/wp-content\/uploads\/2019\/07\/luis-150x150.gif 150w\" sizes=\"(max-width: 300px) 100vw, 300px\" \/><\/a><\/p>\n<p style=\"text-align: center\">Centro de Investigaci\u00f3n Micaela Portilla Ikergunea, 3.2 bulegoa<br \/>\nEuskal Herriko Unibertsitatea\u00a0(UPV\/EHU)<br \/>\nJusto V\u00e9lez de Elorriaga kalea, 1<br \/>\n01006 Vitoria-Gasteiz<\/p>\n<p style=\"text-align: center\">email: <a href=\"luis.pastor@ehu.eus\">luis.pastor@ehu.eus<\/a><br \/>\nTelf: +34 945 014 452<br \/>\nFax: +34 945 013 200<\/p>\n<p style=\"text-align: justify\">Euskal Herriko Unibertsitateko (UPV-EHU) Hizkuntzalaritza eta Euskal Ikasketak saileko doktoregai, Itziar Laka katedradunaren zuzendaritzapean; eta Gogo Elebiduna ikerketa taldeko ikertzailea naiz. Euskal Filologia ikasi nuen Deustuko unibertsitatean eta Hizkuntzalaritza Masterra Euskal Herriko Unibertsitatean (UPV-EHU). Ikertzaile Bisitaria izan naiz\u00a02013-2014 kurtso-akademikoko lehenengo seihilekoan. Nire\u00a0ikerketa arloa, korpus-ikerketaren bitartez, hitz-orden desberdineko hizkuntzen prozesamenduan oinarritzen da, batez ere gaztelania eta euskaran oinarrituz.<\/p>\n<p style=\"text-align: center\">__________________________________________________________________________________<br \/>\n<strong>IKERKETA ARLOA<\/strong><\/p>\n<p style=\"text-align: center\">psikolinguistika, prozesamendua, hitz ordena, corpus analisia, estatistika, pro-drop, animazitatea<\/p>\n<p style=\"text-align: center\">__________________________________________________________________________________<br \/>\n<strong>FORMAKUNTZA AKADEMIKOA<\/strong><\/p>\n<p style=\"text-align: justify\"><strong>2019\u00a0<\/strong><em>Hizkuntzalaritza Doktorea<\/em><br \/>\nEuskal Herriko Unibertsitatea (UPV\/EHU)<br \/>\nZuzendaria: <a title=\"ITZIAR LAKA\" href=\"http:\/\/www.ehu.es\/HEB\/members\/itziar_laka\/?lang=eu\">Itziar Laka Mugarza<\/a><\/p>\n<p><strong>2013 iraila-abendua<\/strong><br \/>\n<em>Ikertzaile bistaria<\/em><br \/>\nHarvard Unibertsitatea<\/p>\n<p><strong>2011\u00a0<\/strong><em>Hizkuntzalaritza Masterra<\/em><br \/>\nEuskal Herriko Unibertsitatea\u00a0(UPV\/EHU)<\/p>\n<p><strong>2009\u00a0<\/strong><em>Pedagogi Gaitasunaren Ziurtagiria (PGZ)<\/em><br \/>\nDeustuko Unibertsitatea (Hezkuntza Zientzietako Institutoa)<\/p>\n<p><strong>2009\u00a0<\/strong><em>Euskal Filologia Lizentziatura<\/em><br \/>\nDeustuko Unibertsitatea<\/p>\n<p><strong>2008\u00a0<\/strong><em>Hizkuntza Modernoetako eta Komunikazioko Teknologia Berrietako Unibertsitate Gradua<\/em><br \/>\nDeustuko Unibertsitatea<\/p>\n<p style=\"text-align: center\">__________________________________________________________________________________<br \/>\n<strong>HIZKUNTZAK<\/strong><\/p>\n<p style=\"text-align: center\">gaztelania, euskara, ingelesa<\/p>\n<p style=\"text-align: center\">__________________________________________________________________________________<br \/>\n<strong>ARGITALPENAK<\/strong><\/p>\n<p style=\"text-align: justify\">Pastor, L. (2015).<a href=\"http:\/\/www.ehu.eus\/HEB\/wp-content\/uploads\/2015\/05\/IKERGAZTE.2015.pdf\" target=\"_blank\" rel=\"noopener noreferrer\"> Izen eta Aditzen frekuentziak SVO eta SOV hizkuntzetan.<\/a> In I. Alegria, A. Latatu &amp; M. J. Ormaetxea (Eds.), <i>I. Ikergazte: Nazioarteko ikerketa euskaraz. Kongresuko artikulu-bilduma<\/i> (pp. 116-120). Bilbao: Udako Euskal Unibertsitatea (UEU).<\/p>\n<p>Pastor, L., Laka, I. (2013)\u00a0<a href=\"http:\/\/www.ehu.es\/HEB\/Itziar\/2013Pastor%20and%20Laka.pdf\" target=\"_blank\" rel=\"noopener noreferrer\">Processing facilitation strategies in OV and VO languages: a corpus study.<\/a>\u00a0<i>Open Journal of Modern Linguistics,\u00a0<i>3,\u00a0<\/i><\/i>252-258. doi:\u00a0<a href=\"http:\/\/dx.doi.org\/10.4236\/ojml.2013.33033\" target=\"_blank\" rel=\"noopener noreferrer\">10.4236\/ojml.2013.33033<\/a><\/p>\n<p style=\"text-align: center\">__________________________________________________________________________________<br \/>\n<span style=\"color: #000000\"><b>ZABALKUNDEKO ARGITALPENAK<\/b><\/span><\/p>\n<p style=\"text-align: justify\">Pastor, L. (2017)\u00a0<a href=\"http:\/\/zientziakaiera.eus\/2017\/01\/24\/hizkuntzaren-moraltasuna\/\" target=\"_blank\" rel=\"noopener noreferrer\">Hizkuntzaren moraltasuna, erabaki zure ama-hizkuntzan<\/a>.<i>\u00a0Zientzia Kaiera<\/i>. Euskal Herriko Unibertsitatea\u00a0(UPV\/EHU),\u00a0ISSN 2445-3897.<\/p>\n<p>Pastor, L. (2016) <a href=\"http:\/\/zientziakaiera.eus\/2016\/02\/02\/hizkuntza-koloretan\/\" target=\"_blank\" rel=\"noopener noreferrer\">Hizkuntza koloretan<\/a>.<i> Zientzia Kaiera<\/i>. Euskal Herriko Unibertsitatea\u00a0(UPV\/EHU),\u00a0ISSN 2445-3897.<\/p>\n<p style=\"text-align: justify\">Pastor, L. (2015) <a href=\"http:\/\/zientziakaiera.eus\/2015\/05\/26\/hizkuntzaren-eboluzioaren-bila-burmuinaren-eboluzioaren-bidetik\/\" target=\"_blank\" rel=\"noopener noreferrer\">Hizkuntzaren eboluzioaren bila burmuinaren eboluzioaren bidetik<\/a>.<i> Zientzia Kaiera<\/i>.Euskal Herriko Unibertsitatea (UPV\/EHU),\u00a0ISSN 2445-3897.<\/p>\n<p>Pastor, L (2010)\u00a0<a href=\"https:\/\/www.linkedin.com\/redir\/redirect?url=http%3A%2F%2Fissuu%2Ecom%2Fgraniteandrainbow%2Fdocs%2Fgr3&amp;urlhash=x-Gr&amp;trk=prof-publication-title-link\" target=\"_blank\" rel=\"noopener noreferrer\">Sherlock Holmes, el hijo ficticio de Sir Arthur Conan Doyle<\/a>.\u00a0<em>Granite &amp; Rainbow, 3,\u00a0<\/em>78-81,\u00a0ISSN\u00a02173-2019.<\/p>\n<p style=\"text-align: center\">__________________________________________________________________________________<br \/>\n<strong>AURKEZPENAK KONGRESUETAN<\/strong><\/p>\n<p style=\"text-align: justify\"><span style=\"color: #000000\"><strong>Autoreak<\/strong>: Luis Pastor &amp; Itziar Laka<\/span><br \/>\n<span style=\"color: #000000\"><strong>Izenburua<\/strong>: <em>Reducing animacy interference in Basque: pro-drop or postverbal scrambling?<\/em><\/span><br \/>\n<span style=\"color: #000000\"><strong>Aurkezpen mota<\/strong>: Posterra<\/span><br \/>\n<span style=\"color: #000000\"><strong>Kongresua<\/strong>: The 30th CUNY Conference on Human Sentence Proceessing<\/span><br \/>\n<span style=\"color: #000000\"><strong>Lekua<\/strong>: MIT, Cambridge (AEB)<\/span><br \/>\n<span style=\"color: #000000\"><b>Data<\/b>: 2017\/04\/01<\/span><\/p>\n<p style=\"text-align: justify\"><span style=\"color: #000000\"><strong>Autoreak<\/strong>: Luis Pastor<\/span><br \/>\n<span style=\"color: #000000\"> <strong>Izenburua<\/strong>:\u00a0<em>Izen eta Aditzen frekuentziak SVO eta SOV hizkuntzetan<\/em><\/span><br \/>\n<span style=\"color: #000000\"> <strong>Aurkezpen mota<\/strong>: Posterra<\/span><br \/>\n<span style=\"color: #000000\"> <strong>Kongresua<\/strong>:\u00a0I. Ikergazte: Nazioarteko ikerketa euskaraz<\/span><br \/>\n<span style=\"color: #000000\"> <strong>Lekua<\/strong>: Udako Euskal Unibertsitatea (UEU), Durango<\/span><br \/>\n<span style=\"color: #000000\"> <b>Data<\/b>: 2015\/05\/14<\/span><\/p>\n<p style=\"text-align: justify\"><span style=\"color: #000000\"><strong>Autoreak<\/strong>: Luis Pastor, Josu Landa eta\u00a0Itziar Laka<\/span><br \/>\n<span style=\"color: #000000\"> <strong>Izenburua<\/strong>:\u00a0<em>Noun to Verb ratio in Basque, Spanish, Catalan and Galician<\/em><\/span><br \/>\n<span style=\"color: #000000\"> <strong>Aurkezpen mota<\/strong>: Oral Communication<\/span><br \/>\n<span style=\"color: #000000\"> <strong>Kongresua<\/strong>:\u00a0The relative frequencies of nouns, pronouns, and verbs in discourse. An international workshop<\/span><br \/>\n<span style=\"color: #000000\"> <strong>Lekua<\/strong>: Max Planck Institute, Leipzig (Alemania)<\/span><br \/>\n<span style=\"color: #000000\"> <strong>Data<\/strong>: 2013\/08\/12<\/span><\/p>\n<p style=\"text-align: justify\"><span style=\"color: #000000\"><strong>Autoreak<\/strong>: Luis Pastor eta Itziar Laka<\/span><br \/>\n<span style=\"color: #000000\"> <strong>Izenburua<\/strong>: <em>\u00bfRecurren las lenguas VO\/OV a diferentes estrategias para facilitar el procesamientos?<\/em><\/span><br \/>\n<span style=\"color: #000000\"> <strong>Aurkezpen mota<\/strong>: Posterra<\/span><br \/>\n<span style=\"color: #000000\"> <strong>Kongresua<\/strong>: V BRAINGLOT Workshop<\/span><br \/>\n<span style=\"color: #000000\"> <strong>Lekua<\/strong>: Bartzelonako Unibertsitatea, Bartzelona<\/span><br \/>\n<span style=\"color: #000000\"> <strong>Data<\/strong>: 2012\/11\/22<\/span><\/p>\n<p style=\"text-align: justify\"><span style=\"color: #000000\"><strong>Autoreak<\/strong>: Luis Pastor eta Itziar Laka<\/span><br \/>\n<span style=\"color: #000000\"> <strong>Izenburua<\/strong>: <em>Gram\u00e1tica y procesamiento: estrategias de lenguas OV\/VO<\/em><\/span><br \/>\n<span style=\"color: #000000\"> <strong>Aurkezpen mota<\/strong>: Ahozko aurkezpena<\/span><br \/>\n<span style=\"color: #000000\"> <strong>Kongresua<\/strong>: X Congreso Internacional de Ling\u00fc\u00edstica General<\/span><br \/>\n<span style=\"color: #000000\"> <strong>Lekua<\/strong>: Zaragozako Unibertsitatea, Zaragoza<\/span><br \/>\n<span style=\"color: #000000\"> <strong>Data<\/strong>: 2012\/04\/20<\/span><\/p>\n<p style=\"text-align: justify\"><span style=\"color: #000000\"><strong>Autoreak<\/strong>: Luis Pastor eta Itziar Laka<\/span><br \/>\n<span style=\"color: #000000\"> <strong>Izenburua<\/strong>: <em>\u00bfInfluye la tipolog\u00eda de las lenguas en la frecuencia de uso de fen\u00f3menos sint\u00e1cticos para facilitar el procesamiento? Un estudio de corpus comparativo espa\u00f1ol-euskera<\/em><\/span><br \/>\n<span style=\"color: #000000\"> <strong>Aurkezpen mota<\/strong>: Ahozko aurkezpena<\/span><br \/>\n<span style=\"color: #000000\"> <strong>Kongresua<\/strong>: IV Congreso Internacional de Ling\u00fc\u00edstica de Corpus<\/span><br \/>\n<span style=\"color: #000000\"> <strong>Lekua<\/strong>: Jaengo Unibertsitatea, Jaen<\/span><br \/>\n<span style=\"color: #000000\"> <strong>Data<\/strong>: 2012\/03\/24<\/span><\/p>\n<p style=\"text-align: center\">__________________________________________________________________________________<br \/>\n<strong>IRAKASKUNTZA<\/strong><\/p>\n<p><strong>Irakasgaia<\/strong>:\u00a0Komunikazioa Euskaraz: Arlo Teknikoak<br \/>\n<strong>Graduak<\/strong>:\u00a0Industria Elektronikoren eta Automatikaren Ingeniaritza \/\u00a0Kudeaketaren eta Informazio Sistemen Informatikaren Ingeniaritza\u00a0\/\u00a0Ingeniaritza Mekanikoa\u00a0\/\u00a0Kimikaren Ingeniaritza\u00a0\/\u00a0Geomatikaren eta Topografiaren Ingeniaritza<br \/>\n<strong>Lekua<\/strong>: Euskal Herriko Unibertsitatea\u00a0(UPV\/EHU)<br \/>\n<strong>Data<\/strong>: 2016-2017ko 2. seihilekoa<\/p>\n<p><strong>Irakasgaia<\/strong>:\u00a0Mintegi berezia &#8220;Origen y Evoluci\u00f3n del Lenguaje&#8221;<br \/>\n<strong>Graduak<\/strong>:\u00a0Ingeles Ikasketak eta Filologia \/\u00a0Itzulpengintza eta Interpretazioa<br \/>\n<strong>Lekua<\/strong>: Euskal Herriko Unibertsitatea\u00a0(UPV\/EHU)<br \/>\n<strong>Data<\/strong>: 2016-2017ko 1. seihilekoa, abenduak\u00a014-16<\/p>\n<p><strong>Irakasgaia<\/strong>:\u00a0Hizkuntzalaritza II (euskaraz)<br \/>\n<strong>Graduak<\/strong>:\u00a0Euskal Ikasketak<br \/>\n<strong>Lekua<\/strong>:\u00a0Euskal Herriko Unibertsitatea\u00a0(UPV\/EHU)<br \/>\n<strong>Data<\/strong>: 2015-2016ko 2. seihilekoa<\/p>\n<p><strong>Irakasgaia<\/strong>: Hizkuntzalaritza II (gasteleraz)<br \/>\n<strong>Graduak<\/strong>:\u00a0Itzulpengintza eta Interpretazioa<br \/>\n<strong>Lekua<\/strong>: Euskal Herriko Unibertsitatea\u00a0(UPV\/EHU)<br \/>\n<strong>Data<\/strong>: 2015-2016ko 2. seihilekoa<\/p>\n<p><strong>Irakasgaia<\/strong>:\u00a0Mintegi berezia &#8220;Origen y Evoluci\u00f3n del Lenguaje&#8221;<br \/>\n<strong>Graduak<\/strong>:\u00a0Ingeles Ikasketak eta Filologia \/\u00a0Itzulpengintza eta Interpretazioa<br \/>\n<strong>Lekua<\/strong>: Euskal Herriko Unibertsitatea\u00a0(UPV\/EHU)<br \/>\n<strong>Data<\/strong>: 2015-2016ko 1. seihilekoa, abenduak 9<\/p>\n<p><strong>Irakasgaia<\/strong>: Hizkuntzalaritza<br \/>\n<strong>Graduak<\/strong>: Euskal Filologia<br \/>\n<strong>Lekua<\/strong>:\u00a0Deustuko Unibertsitatea<br \/>\n<strong>Data<\/strong>: 2009-2010eko\u00a02. seihilekoa<\/p>\n<p><strong>Irakasgaia<\/strong>:\u00a0Euskal Hizkuntzalaritza<br \/>\n<strong>Graduak<\/strong>:\u00a0Euskal Ikasketak<br \/>\n<strong>Lekua<\/strong>:\u00a0Deustuko Unibertsitatea<br \/>\n<strong>Data<\/strong>: 2009-2010eko 2. seihilekoa<\/p>\n<p style=\"text-align: center\">__________________________________________________________________________________<br \/>\n<strong>BEKAK<\/strong><\/p>\n<p><strong>Beka<\/strong>:\u00a0Doktoretza mugikortasun\u00a0beka FPI-2012 (EEBB-I-13-06977)<br \/>\n<strong>Finantziazio erakundea<\/strong>: Zientzia eta Berrikuntza Ministerioa (MICINN)<br \/>\n<strong>Data<\/strong>:\u00a02013<\/p>\n<p><strong>Beka<\/strong>:\u00a0Doktoretza aurreko ikerketa beka FPI-2010 (BES-2010-030196)<br \/>\n<strong>Finantziazio erakundea<\/strong>:\u00a0Zientzia eta Berrikuntza Ministerioa (MICINN)<br \/>\n<strong>Data<\/strong>:\u00a02011-2015<\/p>\n<p style=\"text-align: center\">__________________________________________________________________________________<br \/>\n<strong>PARTAIDETZA I+D IKERKUNTZA PROIEKTUETAN<\/strong><\/p>\n<p style=\"text-align: justify\"><strong>Proiektuaren izenburua: <\/strong>AThEME\u2014 Advancing the European Multilingual Experience (EC FP7\/SSH-2013-1) (613465)<strong><br \/>\nFinantziazio erakundea<\/strong>: Europar Komisioa<strong><br \/>\nErakunde partaideak<\/strong>: 17 europar ikertaldeez\u00a0osatutako\u00a0partzuergoa<br \/>\nCoordinated Project involving a consortium of 17 European research groups.<strong><br \/>\nProiektuko Koordinatzailea<\/strong>:\u00a0Lisa L. Cheng (U. Leiden).<strong><br \/>\nIkertzaile Nagusiak<\/strong>:\u00a0Cornips, L. (KNAW); Corver, N. (Universiteit Utrecht); Costa, A. (UPF); Delfitto, D. (Universita degli Studi di Verona); Demirdache, H. (Universite de Nantes); Grijzenhout, J. (Universitat Konstanz); \u00a0Kras, T. (University of Rijeka); Laka, I. (UPV\/EHU); Reboul, A. (CNRS-France); Saddy, D.,(University of Reading); Sorace, A. (University of Edinburgh); Stepanov, A. (Univerza V Novi Gorici); Carreiras, M. (BCBL); Stockall, L. (University of London); Verrips , M. (Taalstudio); Zamparelli, R. (Universita degli Studi di Trento).<br \/>\n<strong>Iraupena<\/strong>: 2014\/03tik 2019\/03ra<strong><br \/>\nZenbatekoa<\/strong>:\u00a04.999.999\u00a0\u20ac<\/p>\n<p style=\"text-align: justify\"><strong>Proiektuaren izenburua<\/strong>: La Mente Biling\u00fce: La lengua vasca existe en una comunidad biling\u00fce (IT665-13).\u00a0A motako, Bikaintasunezko, Euskal Unibertsitate Sistemako ikertalde egonkortua<br \/>\n<strong>Finantziazio erakundea<\/strong>:\u00a0Hezkuntza, Hizkuntza Politika eta Kultura Saila, Eusko Jaurlaritza<br \/>\n<strong>Erakunde partaideak<\/strong>: Euskal Herriko Unibertsitatea (UPV\/EHU)<br \/>\n<strong>Iraupena<\/strong>: 2013\/01\/01etik 2018\/12\/31era<br \/>\n<strong>Zenbatekoa<\/strong>: 284.398\u00a0\u20ac<br \/>\n<strong>Ikertzaile Nagusia<\/strong>: Itziar Laka Mugarza Dok.<\/p>\n<p style=\"text-align: justify\"><strong>Proiektuaren izenburua<\/strong>: Efectos param\u00e9tricos en el procesamiento sint\u00e1ctico (PARAMPROCESS FFI2009-09695)<br \/>\n<strong>Finantziazio erakundea<\/strong>: Zientzia eta Berrikuntza Ministerioa (MICINN)<br \/>\n<strong>Erakunde partaideak<\/strong>: Euskal Herriko Unibertsitatea (UPV\/EHU)<br \/>\n<strong>Iraupena<\/strong>: 2010\/01\/01etik 2012\/12\/31era<br \/>\n<strong>Zenbatekoa<\/strong>: 117.000 \u20ac<br \/>\n<strong>Ikertzaile Nagusia<\/strong>: Itziar Laka Mugarza Dok.<\/p>\n<p style=\"text-align: justify\"><strong>Proiektuaren izenburua<\/strong>: Gram\u00e1tica en procesamiento: estrategias de procesamiento y par\u00e1metros sint\u00e1cticos (GRAMMARINPROCESS FFI2012-31360)<br \/>\n<strong>Finantziazio erakundea<\/strong>: Ekonomia eta Lehiakortasun Ministerioa (MINECO)<br \/>\n<strong>Erakunde partaideak<\/strong>: Euskal Herriko Unibertsitatea (UPV\/EHU)<br \/>\n<strong>Iraupena<\/strong>: 2013\/01\/01etik 2015\/12\/31era<br \/>\n<strong>Zenbatekoa<\/strong>: 32.000 \u20ac<br \/>\n<strong>Ikertzaile Nagusia<\/strong>: Itziar Laka Mugarza Dok.<\/p>\n<p style=\"text-align: center\"><!--more-->__________________________________________________________________________________<br \/>\n<strong>ESPERIENTZIA I+D JARDUERETAKO ANTOLAKUNTZAN<\/strong><\/p>\n<p style=\"text-align: justify\"><strong>Izenburua<\/strong>: &#8220;Gogo Elebiduna&#8221; Laborategiko postu tematikoa (UPV\/EHU), Zientziaren, Teknologiaren eta Berrikuntzaren XVI. Astea<br \/>\n<strong>Jarduera mota<\/strong>: Presentzia postuan<br \/>\n<strong>Arloa<\/strong>: Psicolinguistika<br \/>\n<strong>Lekua<\/strong>: Vitoria-Gasteiz<br \/>\n<strong>Data<\/strong>: 2016\/11\/2-4<\/p>\n<p style=\"text-align: justify\"><strong>Izenburua<\/strong>: &#8220;Gogo Elebiduna&#8221; Laborategiko postu tematikoa (UPV\/EHU), Zientziaren, Teknologiaren eta Berrikuntzaren XI. Astea<br \/>\n<strong>Jarduera mota<\/strong>: Presentzia postuan<br \/>\n<strong>Arloa<\/strong>: Psicolinguistika<br \/>\n<strong>Lekua<\/strong>: Vitoria-Gasteiz<br \/>\n<strong>Data<\/strong>: 2011\/11\/10-12<\/p>\n<p><\/p>","protected":false},"excerpt":{"rendered":"<p>Centro de Investigaci\u00f3n Micaela Portilla Ikergunea, 3.2 bulegoa Euskal Herriko Unibertsitatea\u00a0(UPV\/EHU) Justo V\u00e9lez de Elorriaga kalea, 1 01006 Vitoria-Gasteiz email: luis.pastor@ehu.eus Telf: +34 945 014 452 Fax: +34 945 013 200 Euskal Herriko Unibertsitateko (UPV-EHU) Hizkuntzalaritza eta Euskal Ikasketak saileko &hellip; <a href=\"https:\/\/www.ehu.eus\/HEB\/luis_pastor\/?lang=eu\">Continue reading <span class=\"meta-nav\">&rarr;<\/span><\/a><\/p>\n","protected":false},"author":2,"featured_media":0,"parent":0,"menu_order":0,"comment_status":"closed","ping_status":"closed","template":"","meta":{"footnotes":""},"_links":{"self":[{"href":"https:\/\/www.ehu.eus\/HEB\/wp-json\/wp\/v2\/pages\/376"}],"collection":[{"href":"https:\/\/www.ehu.eus\/HEB\/wp-json\/wp\/v2\/pages"}],"about":[{"href":"https:\/\/www.ehu.eus\/HEB\/wp-json\/wp\/v2\/types\/page"}],"author":[{"embeddable":true,"href":"https:\/\/www.ehu.eus\/HEB\/wp-json\/wp\/v2\/users\/2"}],"replies":[{"embeddable":true,"href":"https:\/\/www.ehu.eus\/HEB\/wp-json\/wp\/v2\/comments?post=376"}],"version-history":[{"count":149,"href":"https:\/\/www.ehu.eus\/HEB\/wp-json\/wp\/v2\/pages\/376\/revisions"}],"predecessor-version":[{"id":14893,"href":"https:\/\/www.ehu.eus\/HEB\/wp-json\/wp\/v2\/pages\/376\/revisions\/14893"}],"wp:attachment":[{"href":"https:\/\/www.ehu.eus\/HEB\/wp-json\/wp\/v2\/media?parent=376"}],"curies":[{"name":"wp","href":"https:\/\/api.w.org\/{rel}","templated":true}]}}