{"id":4244,"date":"2012-09-12T09:12:55","date_gmt":"2012-09-12T09:12:55","guid":{"rendered":"http:\/\/www.ehu.eus\/HEB\/?page_id=4244"},"modified":"2015-02-26T11:31:56","modified_gmt":"2015-02-26T11:31:56","slug":"ibon_sarasola","status":"publish","type":"page","link":"https:\/\/www.ehu.eus\/HEB\/ibon_sarasola\/","title":{"rendered":"IBON SARASOLA"},"content":{"rendered":"<p><\/p>\n<p align=\"center\"><a href=\"http:\/\/www.ehu.es\/HEB\/wp-content\/uploads\/2012\/09\/sarasola.jpg\"><img loading=\"lazy\" decoding=\"async\" class=\"alignnone size-full wp-image-4246\" title=\"sarasola\" alt=\"\" src=\"http:\/\/www.ehu.es\/HEB\/wp-content\/uploads\/2012\/09\/sarasola.jpg\" width=\"220\" height=\"208\" \/><\/a><\/p>\n<p align=\"center\">Linguistics and Basque Studies<br \/>\nFaculty of Arts<br \/>\nUniversty of the Basque Country\u00a0(UPV\/EHU)<br \/>\n<a href=\"mailto:ibon.sarasola@ehu.es\">ibon.sarasola@ehu.eus<\/a><\/p>\n<p style=\"text-align: justify;\">Professor in Basque Philology. Lexicographer. Some works on lexicography: Euskal Hiztegia &#8220;Basque Dictionary&#8221; (1996) and Zehazki Gaztelania-Euskara Hiztegia &#8220;The Spanish-Basque Dictionary&#8221; (2005). Full member of The Royal Academy of the Basque Language since 1988, and director of the Orotariko Euskal Hiztegia &#8220;General Dictionary of Basque&#8221;. Awarded with the Euskadi\u00a0Research Award in 2011. He has published several works on lexicography, dialectology, and the history of Basque literature, as well as\u00a0essays, poetry and narrative.<\/p>\n<p><strong>PUBLICATIONS<\/strong><\/p>\n<p style=\"text-align: justify;\">Sarasola, I.;\u00a0Salaburu, P.;\u00a0Landa, J.\u00a0(2013) <a href=\"http:\/\/www.ehu.es\/etc\/\"><em>Egungo Testuen Corpusa (ETC), <\/em><\/a>Euskara Institutua. ISBN: bidean.<\/p>\n<p style=\"text-align: justify;\">Sarasola, I.; Salaburu, P.; Landa, J. (2011). <em><a href=\"http:\/\/www.ehu.es\/ehg\/pkc\/\">Klasikoak Corpusa<\/a>. <\/em><em>Euskal Herriko Unibertsitatea. <\/em>ISBN: bidean.<\/p>\n<p style=\"text-align: justify;\">Sarasola, I.; Salaburu, P.; Landa, J. (2011). <a href=\"http:\/\/ehu.es\/ehg\/goenkale\/\" target=\"_blank\"><em>Goenkale corpusa<\/em><\/a>. <em>Euskal Herriko Unibertsitatea<\/em>. ISBN: 978-84-693-9886-9.<\/p>\n<p style=\"text-align: justify;\">Sarasola, I.; Salaburu, P.; Landa, J. (2011). <em><a href=\"http:\/\/ehu.es\/ehg\/epd\/\">Ereduzko Prosa Dinamikoa (EPD)<\/a>.<\/em> <em>Euskal Herriko Unibertsitatea.<\/em> ISBN: 978-84-692-7180-3.<\/p>\n<p style=\"text-align: justify;\">Landa, J.; Sarasola, I; Salaburu, P. (2010). <a href=\"http:\/\/ehu.es\/ehg\/ehme\/\" target=\"_blank\"><em>Euskal Hiztegiaren Maiztasun Egitura\u00a0 (EHME)<\/em><\/a>. <em>Euskal Herriko Unibertsitatea.<\/em> ISBN: 978-84-693-9890-6.<\/p>\n<p style=\"text-align: justify;\">Sarasola, I.; Salaburu, P.; Landa, J. (2010). <a href=\"http:\/\/www.ehu.es\/ehg\/zio\/\" target=\"_blank\"><em>ZIO corpusa<\/em><\/a>. <em>Euskal Herriko Unibertsitatea<\/em>. ISBN: 978-84-693-2474-5.<\/p>\n<p style=\"text-align: justify;\">Fern\u00e1ndez, B.; Sarasola, I. (2010). <a href=\"http:\/\/basdisyn.net\/pdf\/10.06.01Fdez&amp;Sarasola2010.pdf\" target=\"_blank\">\u201c<em>Marinelei abisua:<\/em> izenondoko datiboak izenburuen sintaxian\u201d<\/a>. <em>Lapurdum<\/em>, 14. Baiona\/Bayonne, Lapurdi: IKER UMR 5478 : CNRS (Universit\u00e9 Michel de Montaigne Bordeaux III -UPPA) D\u00e9partement interuniversitaire d&#8217;\u00e9tudes basques de Bayonne. 55-75.<\/p>\n<p style=\"text-align: justify;\">Fern\u00e1ndez, B., Oihartzabal, B., Landa, J., Sarasola, I. (2010). -le\/-tzaile inflexiozko atzizkiaz. <em>International Journal of Basque Lingustics and Philology (ASJU), <\/em>44-2. University of the Basque Country. 457-510.<\/p>\n<p style=\"text-align: justify;\">Sarasola, I.; Salaburu, P.; Landa, J. (2009). <a href=\"http:\/\/ehu.es\/lag\" target=\"_blank\"><em>Lexikoa Atzo eta Gaur (LAG)<\/em><\/a>. <em>Euskal Herriko Unibertsitatea<\/em>. ISBN: 978-84-691-5564-6.<\/p>\n<p style=\"text-align: justify;\">Sarasola, I. (2008-en elaboraci\u00f3n). <em><a href=\"http:\/\/www.ehu.es\/eeh\/\">Egungo Euskararen Hiztegia (EEH).<\/a><\/em> <em>Euskal Herriko Unibertsitatea<\/em>.<\/p>\n<p style=\"text-align: justify;\">Sarasola, I.; Salaburu, P.; Landa, J.; Ugarteburu, I. (2008). <a href=\"http:\/\/www.ehu.es\/ehg\/pkc\/\">Hiztegi Batua Euskal Prosan (HBEP).<\/a> <em>Euskal Herriko Unibertsitatea<\/em>. ISBN: 978-84-691-5564-6<\/p>\n<p style=\"text-align: justify;\">Sarasola, I.; P.Salaburu, J. Landa, J.; Zabaleta, J. (2007). <a href=\"http:\/\/www.ehu.es\/euskara-orria\/euskara\/ereduzkoa\/\"><em>\u00a0Ereduzko Prosa Gaur (EPG)<\/em><\/a><em>.<\/em> <em>Euskal Herriko Unibertsitatea.<\/em> ISBN: 978-84-693-9889-0.<\/p>\n<p style=\"text-align: justify;\">Sarasola, I. (2005). <em>ZEHAZKI Gaztelania-Euskara Hiztegia \/Diccionario Castellano-Euskera. Alberdania.<\/em> Pages: 952. ISBN: 9788496310667.<\/p>\n<p style=\"text-align: justify;\">Sarasola, I. (2003). Lexicography in the last quarter fo the 20\u00ba century up to the publication of the Orotariko Euskal Hiztegia.<em> Basque and (Paleo)Hispanic Studies in the Wake of Michelena\u2019s Work. \u00a0Euskal Herriko Unibertsitatea, argitalpen Zerbitzua. <\/em>Pages: 219-244<em>. <\/em>ISBN: 8483735660.<\/p>\n<p style=\"text-align: justify;\">Sarasola, I. (2002). Euskal hiztegigintzaren\u00a0 historiarako oharrak: A\u00f1ibarro, Iztueta eta Aizkibelen hiztegiez, eta Azkueren hiztegigintzaz. <em>Erramu boneta: Festschrift for Rudolf P.G. de Rijk. Euskal Herriko Unibertsitatea. <\/em>Pages: 611-628. ISBN: 9788483734063.<\/p>\n<p style=\"text-align: justify;\">Alberdi, X.; Sarasola, I. (2001). <em>Euskal estilo libururantz. Gramatika, estiloa eta hiztegia. Euskal Herriko Unibertsitatea, argitalpen Zerbitzua. <\/em>Pages: 360. ISBN: 9788483733486.<\/p>\n<p style=\"text-align: justify;\">Sarasola, I. (1998). La lengua Vasca. <em>Enciclopedia Anaya.<\/em><\/p>\n<p style=\"text-align: justify;\">Sarasola, I. (1997). \u00a0Lexicograf\u00eda Vasca: El Diccionario General Vasco.<em> Actas do Simposio de Lexicograf\u00eda actual: elaboraci\u00f3n de diccionarios.\u00a0 Cadernos de lingua. Anexo 3. <\/em>Pages: 141-155.<em> <\/em>\u00a0ISSN: 1130-5924.<em><\/em><\/p>\n<p style=\"text-align: justify;\">Sarasola, I. (1996). <em>Euskal Hiztegia.<\/em> <em>Kutxa Fundazioa-Fundaci\u00f3n Kutxa. <\/em>Pages: 856. ISBN: 84-7173-301-3.<\/p>\n<p style=\"text-align: justify;\">Sarasola, I. (1984, 1986, 1988, 1990, 1991, 1992, 1993, 1994, 1996). <em>Hauta-lanerako euskal-hiztegia\u00a0 <\/em>\u00a09 vol\u00famenes. (Vol. I <em>a-aurten<\/em>, 142 p.; II <em>aurtiki-ebaki<\/em> 144 p.: III <em>ebaki-gabizain<\/em>, 112 p.;\u00a0\u00a0 IV <em>gabon-hegazterren<\/em>, 118 p. ; V <em>hegazti-jabe<\/em>, 133 p.; VI <em>jabedun-loratze<\/em>, 135 p.; VII <em>lorbide-orbain,<\/em> 151 p.; VIII <em>orbaindu-tolesdun<\/em>, 145 p.; IX <em>tolesgabe-zuztartu<\/em> 144 p.). <em>Kutxa Fundazioa-Fundaci\u00f3n Kutxa.<\/em><\/p>\n<p style=\"text-align: justify;\">Sarasola, I. (1982). <em>Gaurko euskara idatziaren maiztasun-hiztegia. Diccionario de frecuencias del euskera escrito actual. Frecuency dictionary in the written basque language at present. Tres vol\u00famenes. Ed. de la CAP de Guip\u00fazcoa. <\/em>Pages. 837+265+146+17.<\/p>\n<p style=\"text-align: justify;\">Sarasola, I. (1977).<em> Historia social de la literatura Vasca (Trad. De J. Antonio Cid de Euskal Literaturaren historia). Akal.<\/em><\/p>\n<p style=\"text-align: justify;\">Sarasola, I. (1971).<em> Euskal literaturaren historia. Lur.<\/em> Pages. 151.ISBN: 9788470990175.<\/p>\n<p style=\"text-align: justify;\"><strong>PH.D. DISSERTATIONS DIRECTED<\/strong><\/p>\n<table width=\"745\" border=\"0\">\n<tbody>\n<tr>\n<td>Author: Mikel Lersundi Ayestaran.<br \/>\n2005\u00a0PhD Thesis: &#8220;Ezagutza-base lexikala eraikitzeko euskal hiztegiko definizioen azterketa sintaktiko-semantikoa&#8221;.<br \/>\nUniversty: University of the Basque Country (UPV\/EHU)<\/td>\n<td><\/td>\n<\/tr>\n<\/tbody>\n<\/table>\n<table width=\"745\" border=\"0\">\n<tbody>\n<tr>\n<td>Author: Juan Martin Elexpuru Arregi.<br \/>\n1997 PhD Thesis: &#8220;Bergara aldeko Lexikoa&#8221;.<br \/>\nUniversty: University of the Basque Country (UPV\/EHU)<\/td>\n<td><\/td>\n<\/tr>\n<\/tbody>\n<\/table>\n<table border=\"0\">\n<tbody>\n<tr>\n<td>Author: Vitor Hidalgo Eizagirre.<br \/>\n1995 PhD Thesis: &#8220;Hitzen ordena\u00a0euskaraz&#8221;.<br \/>\nUniversty: University of the Basque Country (UPV\/EHU)<\/td>\n<\/tr>\n<\/tbody>\n<\/table>\n<table width=\"745\" border=\"0\">\n<tbody>\n<tr>\n<td>Author: Josu Pikabea Torrano.<br \/>\n1991 PhD Thesis: &#8220;Literatur lapurtarraren bilakaera&#8221;.<br \/>\nUniversty: University of the Basque Country (UPV\/EHU)<\/td>\n<td><\/td>\n<\/tr>\n<\/tbody>\n<\/table>\n<table border=\"0\">\n<tbody>\n<tr>\n<td>Author: Miren Azkarate Villar.<br \/>\n1988 PhD Thesis: &#8220;Hitz konposatuak euskaraz&#8221;.<br \/>\nUniversty: University of the Basque Country (UPV\/EHU)<\/td>\n<\/tr>\n<\/tbody>\n<\/table>\n<table width=\"745\" border=\"0\">\n<tbody>\n<tr>\n<td>Author: Ines Pagola Hernandez.<br \/>\n1988 PhD Thesis: &#8220;Neologimos en la obra de Sabino Arana Goiri&#8221;.<br \/>\nUniversty: University of the Basque Country (UPV\/EHU)<\/td>\n<td><\/td>\n<\/tr>\n<\/tbody>\n<\/table>\n<p><\/p>","protected":false},"excerpt":{"rendered":"<p>Linguistics and Basque Studies Faculty of Arts Universty of the Basque Country\u00a0(UPV\/EHU) ibon.sarasola@ehu.eus Professor in Basque Philology. Lexicographer. Some works on lexicography: Euskal Hiztegia &#8220;Basque Dictionary&#8221; (1996) and Zehazki Gaztelania-Euskara Hiztegia &#8220;The Spanish-Basque Dictionary&#8221; (2005). Full member of The Royal &hellip; <a href=\"https:\/\/www.ehu.eus\/HEB\/ibon_sarasola\/\">Continue reading <span class=\"meta-nav\">&rarr;<\/span><\/a><\/p>\n","protected":false},"author":2,"featured_media":0,"parent":0,"menu_order":0,"comment_status":"closed","ping_status":"open","template":"","meta":{"footnotes":""},"_links":{"self":[{"href":"https:\/\/www.ehu.eus\/HEB\/wp-json\/wp\/v2\/pages\/4244"}],"collection":[{"href":"https:\/\/www.ehu.eus\/HEB\/wp-json\/wp\/v2\/pages"}],"about":[{"href":"https:\/\/www.ehu.eus\/HEB\/wp-json\/wp\/v2\/types\/page"}],"author":[{"embeddable":true,"href":"https:\/\/www.ehu.eus\/HEB\/wp-json\/wp\/v2\/users\/2"}],"replies":[{"embeddable":true,"href":"https:\/\/www.ehu.eus\/HEB\/wp-json\/wp\/v2\/comments?post=4244"}],"version-history":[{"count":52,"href":"https:\/\/www.ehu.eus\/HEB\/wp-json\/wp\/v2\/pages\/4244\/revisions"}],"predecessor-version":[{"id":4258,"href":"https:\/\/www.ehu.eus\/HEB\/wp-json\/wp\/v2\/pages\/4244\/revisions\/4258"}],"wp:attachment":[{"href":"https:\/\/www.ehu.eus\/HEB\/wp-json\/wp\/v2\/media?parent=4244"}],"curies":[{"name":"wp","href":"https:\/\/api.w.org\/{rel}","templated":true}]}}