{"id":62,"date":"2012-05-03T15:05:49","date_gmt":"2012-05-03T15:05:49","guid":{"rendered":"http:\/\/www.ehu.eus\/HEB\/?page_id=62"},"modified":"2026-03-13T12:46:43","modified_gmt":"2026-03-13T12:46:43","slug":"publications","status":"publish","type":"page","link":"https:\/\/www.ehu.eus\/HEB\/publications\/","title":{"rendered":"PUBLICATIONS"},"content":{"rendered":"<p><\/p>\n<p style=\"text-align: center;\"><strong><a title=\"PUBLICATIONS 2023\" href=\"http:\/\/www.ehu.eus\/HEB\/publications-2024\">2024<\/a>\u00a0 \u00a0 \u00a0 <a title=\"PUBLICATIONS 2023\" href=\"http:\/\/www.ehu.eus\/HEB\/publications-2023\">2023<\/a>\u00a0 \u00a0 \u00a0\u00a0<a title=\"PUBLICATIONS 2022\" href=\"http:\/\/www.ehu.eus\/HEB\/publications-2022\">2022<\/a>\u00a0 \u00a0 \u00a0\u00a0<a title=\"PUBLICATIONS 2021\" href=\"http:\/\/www.ehu.eus\/HEB\/publications-2021\">2021<\/a>\u00a0 \u00a0 \u00a0 <a title=\"PUBLICATIONS 2020\" href=\"http:\/\/www.ehu.eus\/HEB\/publications-2020\">2020<\/a>\u00a0 \u00a0 \u00a0 <a title=\"PUBLICATIONS 2019\" href=\"http:\/\/www.ehu.eus\/HEB\/publications-2019\">2019<\/a>\u00a0 \u00a0 \u00a0 <a title=\"PUBLICATIONS 2018\" href=\"http:\/\/www.ehu.eus\/HEB\/publications-2018\/\">2018<\/a>\u00a0 \u00a0 \u00a0 <a title=\"PUBLICATIONS 2017\" href=\"http:\/\/www.ehu.eus\/HEB\/publications-2017\/\">2017<\/a>\u00a0 \u00a0 \u00a0 <a title=\"PUBLICATIONS 2016\" href=\"http:\/\/www.ehu.es\/HEB\/publications-2016\/\">2016<\/a>\u00a0 \u00a0 \u00a0 <a title=\"PUBLICATIONS 2015\" href=\"http:\/\/www.ehu.es\/HEB\/publications-2015\/\">2015<\/a>\u00a0 \u00a0 \u00a0 <a title=\"PUBLICATIONS 2014\" href=\"http:\/\/www.ehu.eus\/HEB\/publications-2014\/\">2014<\/a>\u00a0 \u00a0 \u00a0 <a title=\"PUBLICATIONS 2013\" href=\"http:\/\/www.ehu.eus\/HEB\/publications-2013\/\">2013<\/a>\u00a0 \u00a0 \u00a0 <a title=\"PUBLICATIONS 2002-2010\" href=\"http:\/\/www.ehu.es\/HEB\/publications\/publications-2002-2012\">2002-2012<\/a>\u00a0 \u00a0 \u00a0\u00a0<a title=\"CORPORA\" href=\"http:\/\/www.ehu.es\/HEB\/?page_id=1678\">CORPORA<\/a><\/strong><\/p>\n<p>&nbsp;<\/p>\n<p><strong>2026<\/strong><\/p>\n<table border=\"0\" width=\"672\" cellspacing=\"0\" cellpadding=\"0\">\n<tbody>\n<tr>\n<td valign=\"top\" width=\"26\"><a href=\"http:\/\/www.ehu.eus\/HEB\/wp-content\/uploads\/2025\/02\/9788419570383.jpg\"><img loading=\"lazy\" decoding=\"async\" class=\"alignnone wp-image-17333 size-full\" src=\"http:\/\/www.ehu.eus\/HEB\/wp-content\/uploads\/2026\/03\/Voice.jpg\" alt=\"\" width=\"552\" height=\"849\" \/><\/a><\/td>\n<td valign=\"top\" width=\"810\">Berro, Ane; Fern\u00e1ndez, Beatriz. (2026) <a href=\"https:\/\/www.cambridge.org\/core\/books\/voice-and-argument-structure-in-basque\/F65BA563CC18EB238748A1430E347A59\" target=\"_blank\" rel=\"noopener\"><i>Voice and Argument Structure in Basque<\/i><\/a>. Cambridge University Press. ISBN: 9781316513316. Pages: 248.<\/td>\n<\/tr>\n<\/tbody>\n<\/table>\n<p style=\"text-align: justify;\">Arantzeta, M.; San Mart\u00edn, I.; &amp; Laka, I. (2026). <a href=\"https:\/\/doi.org\/10.1017\/S1366728926101072\" target=\"_blank\" rel=\"noopener\">Types of language use and interference control in aging bilinguals: Insights from the Word\u2013Color Stroop Task<\/a><i>. Published online by Cambridge University Press.\u00a0<\/i>DOI:\u00a0<a class=\"app-link app-link__text app-link--accent\" href=\"https:\/\/doi.org\/10.1017\/S1366728926101072\" target=\"_blank\" rel=\"noopener\" data-v-63dfaf6e=\"\" data-v-7010c528=\"\"><span class=\"text\" data-v-63dfaf6e=\"\">https:\/\/doi.org\/10.1017\/S1366728926101072<\/span><\/a><\/p>\n<p style=\"text-align: justify;\">Sanahuja, N.; Erdozia, K. (2026). <a href=\"https:\/\/www.sciencedirect.com\/science\/article\/pii\/S0001691826002064\" target=\"_blank\" rel=\"noopener\">The facilitative role of lexical frequency in adults&#8217; initial L2 syntax acquisition.<\/a> <i>Acta Psychologica, Volume 264. <\/i><a href=\"https:\/\/doi.org\/10.1016\/j.actpsy.2026.106405\" target=\"_blank\" rel=\"noopener\">https:\/\/doi.org\/10.1016\/j.actpsy.2026.106405<\/a><\/p>\n<p><strong>2025<\/strong><\/p>\n<p style=\"text-align: justify;\">de la Cruz-Pav\u00eda, I.; Villegas, J.; Nallet, C.; Iwamoto, K.; Guevara, R.; Gervain, J. (2025) <a href=\"https:\/\/www.nature.com\/articles\/s41598-025-07053-y\" target=\"_blank\" rel=\"noopener\">The role of syllabic rhythm in speech perception across languages<\/a>.\u00a0<i>Sci Rep<\/i>\u00a0<b>15<\/b>, 24494. <a href=\"https:\/\/doi.org\/10.1038\/s41598-025-07053-y\" target=\"_blank\" rel=\"noopener\">https:\/\/doi.org\/10.1038\/s41598-025-07053-y<\/a><\/p>\n<p style=\"text-align: justify;\">Sanahuja, N., de Diego-Balaguer, R. &amp; Erdozia, K. (2025). The influence of cognate verbs on adults\u2019 acquisition of cross-linguistically similar and dissimilar L2 structures. <i>Bilingualism: Language and Cognition. Published online by Cambridge University Press. <\/i>DOI:\u00a0<a class=\"app-link app-link__text app-link--accent\" href=\"https:\/\/doi.org\/10.1017\/S1366728925100692\" target=\"_blank\" rel=\"noopener\" data-v-63dfaf6e=\"\" data-v-7010c528=\"\"><span class=\"text\" data-v-63dfaf6e=\"\">https:\/\/doi.org\/10.1017\/S1366728925100692<\/span><\/a><\/p>\n<p style=\"text-align: justify;\">Hatzidaki, A., Santesteban, M. &amp; Navarrete, E. (2025). Illusory truth effect across languages and scripts.\u00a0<i>Psychonomic Bulletin and Review, 32 (3)<\/i>, 1231-1239.\u00a0<a href=\"https:\/\/doi.org\/10.3758\/s13423-024-02596-z\" target=\"_blank\" rel=\"noopener\" data-saferedirecturl=\"https:\/\/www.google.com\/url?q=https:\/\/doi.org\/10.3758\/s13423-024-02596-z&amp;source=gmail&amp;ust=1757154044885000&amp;usg=AOvVaw1zqo1Syp2ivfPnu45YUlEq\">https:\/\/doi.org\/10.3758\/<wbr \/>s13423-024-02596-z<\/a><\/p>\n<table border=\"0\" width=\"672\" cellspacing=\"0\" cellpadding=\"0\">\n<tbody>\n<tr>\n<td valign=\"top\" width=\"26\"><a href=\"http:\/\/www.ehu.eus\/HEB\/wp-content\/uploads\/2025\/02\/9788419570383.jpg\"><img loading=\"lazy\" decoding=\"async\" class=\"alignnone wp-image-17333 size-full\" src=\"http:\/\/www.ehu.eus\/HEB\/wp-content\/uploads\/2025\/02\/9788419570383.jpg\" alt=\"\" width=\"552\" height=\"849\" \/><\/a><\/td>\n<td valign=\"top\" width=\"810\">Fern\u00e1ndez, Beatriz. <a href=\"https:\/\/www.casadellibro.com\/libro-ariadnaren-haria\/9788419570383\/16707722\" target=\"_blank\" rel=\"noopener\"><i>Ariadnaren haria<\/i><\/a>. (2025) Editorial Susa. ISBN: 9788419570383. Pages: 144.<\/td>\n<\/tr>\n<\/tbody>\n<\/table>\n<p style=\"text-align: justify;\">Fern\u00e1ndez, B.; Berro, A.; P\u00e9rez Saldanya, M. &amp; Su\u00efls, J. (2025) No es veuen, per\u00f2 existeixen: causats impl\u00edcits en les causatives indirectes del catal\u00e0, l&#8217;occit\u00e0 i el basc. <em>Estudis Rom\u00e0nics<\/em>. vol. 47, p.175-191. DOI: <a href=\"https:\/\/revistes.iec.cat\/index.php\/ER\/article\/view\/154476\/151965\" target=\"_blank\" rel=\"noopener\">10.2436\/20.2500.01.407<\/a><\/p>\n<p style=\"text-align: justify;\">Fern\u00e1ndez, B.; Berro, A.; P\u00e9rez Saldanya, M.; Ortiz de Urbina, J. (2025) Subjektu ezabatuko inpertsonalak: euskara, katalana eta gaztelania, gai beraren gaineko bariazioak\u00a0<em>ASJU (Anuario del Seminario de Filolog\u00eda Vasca \u201cJulio Urquijo\u201d)<\/em> 57 (1-2),\u00a0 313-342. DOI: <a href=\"https:\/\/doi.org\/10.1387\/asju.25955\" target=\"_blank\" rel=\"noopener\">https:\/\/doi.org\/10.1387\/asju.18681<\/a><\/p>\n<p style=\"text-align: justify;\">Egurtzegi, A.; Sauppe, S.; Isasi-Isasmendi, A.; Martinez de la Hidalga, G.; Bornkessel-Schlesewsky, I.; Schlesewsky, M.; Laka, I.; Meyer, M.; Bickel, B.; Andrews, C. (2025) The effect of animacy on the agent preference: Self-paced reading evidence from Basque, <i>Memory &amp; Cognition,\u00a0<\/i><a href=\"http:\/\/doi.org\/10.3758\/s13421-025-01698-w\" target=\"_blank\" rel=\"noopener\" data-saferedirecturl=\"https:\/\/www.google.com\/url?q=http:\/\/doi.org\/10.3758\/s13421-025-01698-w&amp;source=gmail&amp;ust=1746860850823000&amp;usg=AOvVaw1zRqcAiLxVMVz83QwF1WFz\">doi.org\/10.3758\/s13421-025-<wbr \/>01698-w<\/a><\/p>\n<p style=\"text-align: justify;\">Blanco-Elorrieta, E.; Arantzeta, M. (2025). Basque-Spanish bilingual aphasia: a case-study to reveal frequency-based, language-agnostic lexical organization in bilingualss. <em>Neurobiology of Language.\u00a0<\/em><a href=\"https:\/\/doi.org\/10.1162\/nol_a_00170\" target=\"_blank\" rel=\"noopener\">https:\/\/doi.org\/10.1162\/nol_a_00170<\/a><\/p>\n<p style=\"text-align: justify;\">Berro, A.; Odria, A.; Fern\u00e1ndez, B. (2025). Indirect causatives in Basque: The syntax of implicit causees. <em>Natural Language &amp; Linguistic Theory<\/em>,\u00a0 published online: 10 February 2025. <a href=\"https:\/\/doi.org\/10.1007\/s11049-024-09637-1\" target=\"_blank\" rel=\"noopener\">https:\/\/doi.org\/10.1007\/s11049-024-09637-1<\/a><\/p>\n<p style=\"text-align: justify;\">De Pedis, M.; Zawiszewski, A.; Laka, I. (2025) The actress was not on the balcony: testing the Pseudorelative-First Hypothesis in Spanish.\u00a0<em>Frontiers in Psychology,<\/em> Volume 16. <a href=\"https:\/\/doi.org\/10.3389\/fpsyg.2025.1546432\" target=\"_blank\" rel=\"noopener\">https:\/\/doi.org\/10.3389\/fpsyg.2025.1546432<\/a><\/p>\n<p>&nbsp;<\/p>","protected":false},"excerpt":{"rendered":"<p>2024\u00a0 \u00a0 \u00a0 2023\u00a0 \u00a0 \u00a0\u00a02022\u00a0 \u00a0 \u00a0\u00a02021\u00a0 \u00a0 \u00a0 2020\u00a0 \u00a0 \u00a0 2019\u00a0 \u00a0 \u00a0 2018\u00a0 \u00a0 \u00a0 2017\u00a0 \u00a0 \u00a0 2016\u00a0 \u00a0 \u00a0 2015\u00a0 \u00a0 \u00a0 2014\u00a0 \u00a0 \u00a0 2013\u00a0 \u00a0 \u00a0 2002-2012\u00a0 \u00a0 \u00a0\u00a0CORPORA &nbsp; 2026 Berro, &hellip; <a href=\"https:\/\/www.ehu.eus\/HEB\/publications\/\">Continue reading <span class=\"meta-nav\">&rarr;<\/span><\/a><\/p>\n","protected":false},"author":2,"featured_media":0,"parent":0,"menu_order":1,"comment_status":"closed","ping_status":"closed","template":"","meta":{"footnotes":""},"_links":{"self":[{"href":"https:\/\/www.ehu.eus\/HEB\/wp-json\/wp\/v2\/pages\/62"}],"collection":[{"href":"https:\/\/www.ehu.eus\/HEB\/wp-json\/wp\/v2\/pages"}],"about":[{"href":"https:\/\/www.ehu.eus\/HEB\/wp-json\/wp\/v2\/types\/page"}],"author":[{"embeddable":true,"href":"https:\/\/www.ehu.eus\/HEB\/wp-json\/wp\/v2\/users\/2"}],"replies":[{"embeddable":true,"href":"https:\/\/www.ehu.eus\/HEB\/wp-json\/wp\/v2\/comments?post=62"}],"version-history":[{"count":648,"href":"https:\/\/www.ehu.eus\/HEB\/wp-json\/wp\/v2\/pages\/62\/revisions"}],"predecessor-version":[{"id":17891,"href":"https:\/\/www.ehu.eus\/HEB\/wp-json\/wp\/v2\/pages\/62\/revisions\/17891"}],"wp:attachment":[{"href":"https:\/\/www.ehu.eus\/HEB\/wp-json\/wp\/v2\/media?parent=62"}],"curies":[{"name":"wp","href":"https:\/\/api.w.org\/{rel}","templated":true}]}}