{"id":8146,"date":"2014-02-17T09:50:43","date_gmt":"2014-02-17T09:50:43","guid":{"rendered":"http:\/\/www.ehu.eus\/HEB\/?page_id=8146"},"modified":"2025-02-17T14:29:03","modified_gmt":"2025-02-17T14:29:03","slug":"publications-2013","status":"publish","type":"page","link":"https:\/\/www.ehu.eus\/HEB\/publications-2013\/","title":{"rendered":"2013"},"content":{"rendered":"<p><\/p>\n<p style=\"text-align: center;\"><strong><a title=\"PUBLICACIONES 2024\" href=\"http:\/\/www.ehu.eus\/HEB\/publications\">2025<\/a>\u00a0 \u00a0 \u00a0\u00a0<a title=\"PUBLICACIONES 2024\" href=\"https:\/\/www.ehu.eus\/HEB\/publications-2024\">2024<\/a>\u00a0 \u00a0 \u00a0 <a title=\"2023 ARGITALPENAK\" href=\"http:\/\/www.ehu.eus\/HEB\/publications-2023\">2023<\/a>\u00a0 \u00a0 \u00a0\u00a0<a title=\"PUBLICATIONS 2022\" href=\"http:\/\/www.ehu.eus\/HEB\/publications\/\">2022<\/a>\u00a0 \u00a0 \u00a0 \u00a0\u00a0<a title=\"PUBLICATIONS 2021\" href=\"http:\/\/www.ehu.eus\/HEB\/publications\">2021<\/a> \u00a0\u00a0 \u00a0 \u00a0 <a title=\"PUBLICATIONS 2020\" href=\"http:\/\/www.ehu.eus\/HEB\/publications-2020\/\">2020<\/a> \u00a0 \u00a0 \u00a0 <a title=\"PUBLICATIONS 2019\" href=\"&quot;http:\/\/www.ehu.eus\/HEB\/publications-2019\/\">2019<\/a>\u00a0 \u00a0 \u00a0 \u00a0\u00a0<a title=\"PUBLICATIONS 2018\" href=\"http:\/\/www.ehu.eus\/HEB\/publications-2018\/\">2018<\/a>\u00a0 \u00a0 \u00a0 \u00a0\u00a0<a title=\"PUBLICATIONS 2016\" href=\"http:\/\/www.ehu.es\/HEB\/publications-2016\/\">2016<\/a>\u00a0 \u00a0 \u00a0 \u00a0\u00a0<a title=\"PUBLICATIONS 2016\" href=\"http:\/\/www.ehu.es\/HEB\/publications-2016\/\">2016<\/a> \u00a0\u00a0 \u00a0 \u00a0 <a title=\"PUBLICATIONS 2015\" href=\"http:\/\/www.ehu.eus\/HEB\/publications-2015\/\">2015<\/a>\u00a0 \u00a0 \u00a0 \u00a0\u00a0<a title=\"PUBLICATIONS 2014\" href=\"http:\/\/www.ehu.eus\/HEB\/publications-2014\/\">2014<\/a>\u00a0 \u00a0 \u00a0 \u00a0 <a title=\"PUBLICATIONS 2002-2009\" href=\"http:\/\/www.ehu.es\/HEB\/publications\/publications-2002-2012\">2002-2012<\/a>\u00a0 \u00a0 \u00a0 \u00a0\u00a0<a title=\"CORPORA\" href=\"http:\/\/www.ehu.es\/HEB\/?page_id=1678\"> CORPORA<\/a><\/strong><\/p>\n<p>&nbsp;<\/p>\n<p style=\"text-align: justify;\">Gervain, J.; Sebastian-Galles, N.: Diaz, B.; Laka, I.; Mazuka, R.; Yamane, N.; Nespor, M.; Mehler, J. (2013) <a href=\"http:\/\/www.ehu.es\/HEB\/wp-content\/uploads\/2014\/02\/fpsyg-04-00689.pdf\" target=\"_blank\" rel=\"noopener noreferrer\">Word Frequency Cues Word Order in Adults: Cross-Linguistic Evidence<\/a>.<i> Frontiers in Psychology. <\/i>4:689, ISSN: 1664-1078.<\/p>\n<p style=\"text-align: justify;\">Laka, I. (2013). <a href=\"http:\/\/www.ehu.es\/HEB\/wp-content\/uploads\/2014\/02\/fpsyg-04-00231.pdf\" target=\"_blank\" rel=\"noopener noreferrer\">On language production principles and the form of language: a m\u00e1s c\u00f3mo, menos por qu\u00e9<\/a>.<em> Frontiers in <span lang=\"EN-US\">Psychology (section Language Science)<\/span>. <\/em>Volume 4, article 231.<\/p>\n<p style=\"text-align: justify;\">Martin, C.D., Strijkers, K., Santesteban, M., Escera, C., Hartsuiker, R.J., &amp; Costa, A. (2013). <a href=\"http:\/\/www.ehu.es\/HEB\/wp-content\/uploads\/2014\/02\/fpsyg-04-00815.pdf\" target=\"_blank\" rel=\"noopener noreferrer\">The impact of early bilingualism on controlling a lately learnt language: An ERP study.<\/a> <i>Frontiers in Psychology, <\/i>4:815. doi: 10.3389\/fpsyg.2013.00815<i>.<\/i><\/p>\n<p style=\"text-align: justify;\">Santesteban, M., Pickering, M.J. &amp; Branigan, H.P. (2013). <a href=\"http:\/\/ac.els-cdn.com\/S0749596X12000952\/1-s2.0-S0749596X12000952-main.pdf?_tid=82facd88-9570-11e3-b69e-00000aacb35d&amp;acdnat=1392379801_3d042ffb54f4b0a431fb53ee9cfc4f68\" target=\"_blank\" rel=\"noopener noreferrer\">The effects of word order on subject-verb and object-verb agreement: Evidence from Basque.<\/a> <em>Journal of Memory and Language.<\/em> Volume 68, pp. 160-179.<\/p>\n<p style=\"text-align: justify;\">Teipel, S.J.; Flatz, W.; Ackl, N.; Grothe, M.; Kilimann, I.; Bokde, A. L.W.; Grinberg, L.; Amaro, E. jr.; Kljajevic, V.; Alho, E.; Knels, C.; Ebert, A.; Heinsen, H.; Danek, A. (2013). <a href=\"http:\/\/www.tara.tcd.ie\/bitstream\/handle\/2262\/68158\/Teipel--Brain%20atrophy%20in%20pri.pdf?sequence=1\" target=\"_blank\" rel=\"noopener noreferrer\">Brain atrophy in primary progressive aphasia involves the cholinergic basal forebrain and Ayala&#8217;s nucleus<\/a>. <i>Psychiatry Research: Neuroimaging<\/i>.<\/p>\n<table border=\"0\" width=\"672\" cellspacing=\"0\" cellpadding=\"0\">\n<tbody>\n<tr>\n<td valign=\"top\" width=\"26\"><a href=\"http:\/\/ukcatalogue.oup.com\/images\/en_US\/covers\/medium\/9780199937387_140.jpg\"><img loading=\"lazy\" decoding=\"async\" id=\"largeImage\" class=\"alignnone\" title=\"Variation in Datives A Microcomparative Perspective\" src=\"http:\/\/ukcatalogue.oup.com\/images\/en_US\/covers\/medium\/9780199937387_140.jpg\" alt=\"Variation in Datives A Microcomparative Perspective\" width=\"49\" height=\"74\" border=\"0\" \/><\/a><\/td>\n<td valign=\"top\" width=\"810\">Fern\u00e1ndez, B.; Etxepare., R. (2013) <a href=\"http:\/\/ukcatalogue.oup.com\/product\/9780199937363.do#.UjBoF0qEU0g\" target=\"_blank\" rel=\"noopener noreferrer\"><em>Variation in datives: A micro-comparative perspective<\/em>.<\/a> New York: Oxford University Press. ISBN: 9780199937363.<\/td>\n<\/tr>\n<\/tbody>\n<\/table>\n<table border=\"0\" width=\"672\" cellspacing=\"0\" cellpadding=\"0\">\n<tbody>\n<tr>\n<td valign=\"top\" width=\"26\"><a href=\"http:\/\/www.ehu.es\/HEB\/wp-content\/uploads\/2013\/01\/garden.jpg\"><img loading=\"lazy\" decoding=\"async\" src=\"http:\/\/www.ehu.es\/HEB\/wp-content\/uploads\/2013\/01\/garden.jpg\" alt=\"garden\" width=\"49\" height=\"74\" \/><\/a><\/td>\n<td valign=\"top\" width=\"810\">Sanz, M.; Laka, I.; Tanenhaus, M.K. (Eds.) (2013). <em><a href=\"http:\/\/ukcatalogue.oup.com\/product\/9780199677139.do#.UaXEitjuCBl\" target=\"_blank\" rel=\"noopener noreferrer\">Language Down the Garden Path<\/a><a href=\"http:\/\/ukcatalogue.oup.com\/product\/9780199677139.do#.UaXEitjuCBl\"><em>: The Cognitive and Biological Bases for Linguistic Structure.<\/em><\/a><\/em> Oxford University Presss, pp. 512. ISBN:978-0-19-967713-9.<br \/>\n<i>(Reviewed in <\/i><em><a href=\"http:\/\/www.biolinguistics.eu\/index.php\/biolinguistics\" target=\"_blank\" rel=\"noopener noreferrer\">Biolinguistics<\/a> by <a href=\"http:\/\/www.ehu.es\/HEB\/wp-content\/uploads\/2014\/05\/2014REVIEWOFLANGUAGEDOWNGARDEPATHBIOLINGUISTICSJOURNAL.pdf\">Krivochen<\/a>)<\/em><\/td>\n<\/tr>\n<\/tbody>\n<\/table>\n<table border=\"0\" width=\"672\" cellspacing=\"0\" cellpadding=\"0\">\n<tbody>\n<tr>\n<td valign=\"top\" width=\"26\"><a href=\"http:\/\/www.ehu.eus\/HEB\/wp-content\/uploads\/2014\/02\/LIBURUAehuei13-1.jpg\"><img loading=\"lazy\" decoding=\"async\" class=\"alignnone\" src=\"http:\/\/www.ehu.eus\/HEB\/wp-content\/uploads\/2014\/02\/LIBURUAehuei13-1.jpg\" width=\"2479\" height=\"3379\" \/><\/a><\/td>\n<td valign=\"top\" width=\"810\">Alberdi, X.; Salaburu, P. (Eds.) (2013).<i> <\/i><a href=\"https:\/\/www.ehu.eus\/documents\/2430735\/2730483\/LIBURUAehuei13.pdf\" target=\"_blank\" rel=\"noopener noreferrer\"><i>Terminologia naturala eta terminologia planifikatua euskararen normalizazioari begira (Ugarteburu Terminologia Jardunaldiak V)<\/i>.<\/a> Euskara Institutua, UPV\/EHU. ISBN:\u00a0 978-84-9860-809-0.<\/td>\n<\/tr>\n<\/tbody>\n<\/table>\n<p style=\"text-align: justify;\">Fern\u00e1ndez, B.; Etxepare., R. (2013) Variation in datives: A micro-comparative perspective: An introduction. In B. Fern\u00e1ndez &amp; R. Etxepare (eds.)<em> Variation in datives: A micro-comparative perspective<\/em>. New York: Oxford University Press.<\/p>\n<p style=\"text-align: justify;\">Rezac, M., R., Fern\u00e1ndez, B. (2013). Dative Displacement in Basque. In B.Fern\u00e1ndez &amp; R. Etxepare (eds.). <em>Variation in datives: a micro-comparative perspective. <\/em>Oxford University Presss. pp. 256-282. ISBN: 9780199937363.<\/p>\n<p style=\"text-align: justify;\">Salaburu, P. (2013). Foreword: Etxepare in the Street. In Bernard Etxepare (1545). <i>Linguae Vasconum Primitiae, <\/i>Basque Classics Series, No. 8, CBS, University of Nevada, Reno. ISBN: 978-I-935709-33-6.<\/p>\n<p style=\"text-align: justify;\">Sanz, M., Laka, I., Tanenhaus M. (2013). <a href=\"http:\/\/www.ehu.es\/HEB\/wp-content\/uploads\/2013\/12\/2013sanzlakatannenhaus_chapter1.pdf\" target=\"_blank\" rel=\"noopener noreferrer\">Sentence comprehension before and after 1970: topics, debates and techniques.<\/a> In Sanz, M., Laka, I., Tanenhaus M. (Eds.) <em>Language Down the Garden Path: The Cognitive and Biological Bases for Linguistic Structure<\/em>, Oxford: Oxford University Press. ISBN:978-0-19-967713-9.<\/p>\n<p style=\"text-align: justify;\">Alberdi, X.; Landa, J. (2013) EUDIMA corpusetik adibideak erauzteko lan-tresna: unitate fraseologiko-diskurtsiboak aztertzeko lanabesa. In Alberdi, X.; Salaburu, P. (Eds.). <a href=\"http:\/\/www.ei.ehu.es\/p289-content\/eu\/contenidos\/informacion\/euskara_inst_jardunaldiak2013\/eu_jar2013\/adjuntos\/LIBURUAehuei13.pdf\"><em>Ugarteburu Terminologia Jardunaldiak. Terminologia naturala eta terminologia planifikatua euskararen normalizazioari begira (V)<\/em><\/a>. Euskara Institutua, UPV\/EHU. ISBN: 978-84-9860-809-0.<\/p>\n<p style=\"text-align: justify;\">Azkarate, M. (2013) Hain zuzen (ere) diskurtso-markatzailea: lokailu ala operadore?. In Gomez, Ricardo &amp; Ezeizabarrena, Maria Jose (Eds.). <i>Eridenen du zerzaz kontenta. Sailkideen omenaldia Henrike Kn\u00f6rr irakasleari (1947-2008).<\/i> Bilbo: UPV\/EHUren Argitalpen Zerbitzua, pp.191-207.<\/p>\n<p style=\"text-align: justify;\">Odria, A. (2013). <a href=\"http:\/\/www.ehu.es\/seg\/morf\/5\/15\/1\/3\" target=\"_blank\" rel=\"noopener noreferrer\">\u201cAditz laguntzaileak eta berauen txandakatzeak\u201d<\/a> In P. Salaburu, P. Goenaga, I. Sarasola (eds.) <em>Sareko Euskal Gramatika. The New Online Basque Grammar (SEG)<\/em>.<\/p>\n<p style=\"text-align: justify;\">Kljajevic, V.; Fratini, V.; Etxaniz, A.; Urdaneta, E.; Yanguas, J. (2013). <a href=\"http:\/\/mindmodeling.org\/cogsci2013\/papers\/0494\/index.html\" target=\"_blank\" rel=\"noopener noreferrer\">Comprehension cueing strategies in elderly: a window into cognitive decline?<\/a> <em>Cognitive Science Society Proceedings<\/em>. Volume 32, pp. 2746-2751.<\/p>\n<p style=\"text-align: justify;\">Lindemann, D.; (2013). <a href=\"http:\/\/www.ehu.es\/HEB\/wp-content\/uploads\/2014\/02\/Bilingual Lexicography and Corpus Methods.pdf\" target=\"_blank\" rel=\"noopener noreferrer\">Bilingual Lexicography and Corpus Methods. The Example of German-Basque as Language Pair<\/a>. <i>Procedia. Social and Behavioral Sciences<\/i>, 95, pp. 249-257.<\/p>\n<p style=\"text-align: justify;\">Pastor, L.; Laka, I. (2013) <a href=\"http:\/\/www.ehu.es\/HEB\/Itziar\/2013Pastor%20and%20Laka.pdf\" target=\"_blank\" rel=\"noopener noreferrer\">Processing facilitation strategies in OV and VO languages: a corpus study.<\/a> <i>Open Journal of Modern Linguistics <\/i><i>Vol.3, No.3, 252-258.<\/i><i><br \/>\n<\/i><\/p>\n<p><\/p>","protected":false},"excerpt":{"rendered":"<p>2025\u00a0 \u00a0 \u00a0\u00a02024\u00a0 \u00a0 \u00a0 2023\u00a0 \u00a0 \u00a0\u00a02022\u00a0 \u00a0 \u00a0 \u00a0\u00a02021 \u00a0\u00a0 \u00a0 \u00a0 2020 \u00a0 \u00a0 \u00a0 2019\u00a0 \u00a0 \u00a0 \u00a0\u00a02018\u00a0 \u00a0 \u00a0 \u00a0\u00a02016\u00a0 \u00a0 \u00a0 \u00a0\u00a02016 \u00a0\u00a0 \u00a0 \u00a0 2015\u00a0 \u00a0 \u00a0 \u00a0\u00a02014\u00a0 \u00a0 \u00a0 \u00a0 2002-2012\u00a0 \u00a0 &hellip; <a href=\"https:\/\/www.ehu.eus\/HEB\/publications-2013\/\">Continue reading <span class=\"meta-nav\">&rarr;<\/span><\/a><\/p>\n","protected":false},"author":2,"featured_media":0,"parent":0,"menu_order":0,"comment_status":"closed","ping_status":"open","template":"","meta":{"footnotes":""},"_links":{"self":[{"href":"https:\/\/www.ehu.eus\/HEB\/wp-json\/wp\/v2\/pages\/8146"}],"collection":[{"href":"https:\/\/www.ehu.eus\/HEB\/wp-json\/wp\/v2\/pages"}],"about":[{"href":"https:\/\/www.ehu.eus\/HEB\/wp-json\/wp\/v2\/types\/page"}],"author":[{"embeddable":true,"href":"https:\/\/www.ehu.eus\/HEB\/wp-json\/wp\/v2\/users\/2"}],"replies":[{"embeddable":true,"href":"https:\/\/www.ehu.eus\/HEB\/wp-json\/wp\/v2\/comments?post=8146"}],"version-history":[{"count":41,"href":"https:\/\/www.ehu.eus\/HEB\/wp-json\/wp\/v2\/pages\/8146\/revisions"}],"predecessor-version":[{"id":17328,"href":"https:\/\/www.ehu.eus\/HEB\/wp-json\/wp\/v2\/pages\/8146\/revisions\/17328"}],"wp:attachment":[{"href":"https:\/\/www.ehu.eus\/HEB\/wp-json\/wp\/v2\/media?parent=8146"}],"curies":[{"name":"wp","href":"https:\/\/api.w.org\/{rel}","templated":true}]}}