{"id":9192,"date":"2014-10-09T11:44:57","date_gmt":"2014-10-09T11:44:57","guid":{"rendered":"http:\/\/www.ehu.eus\/HEB\/?page_id=9192"},"modified":"2026-04-16T08:52:32","modified_gmt":"2026-04-16T08:52:32","slug":"mintegiak","status":"publish","type":"page","link":"https:\/\/www.ehu.eus\/HEB\/mintegiak\/","title":{"rendered":"THE BILINGUAL MIND SEMINARS"},"content":{"rendered":"<p><\/p>\n<pre style=\"text-align: center;\"><strong>Where<\/strong>\r\n\r\n<strong><span style=\"color: #2d6d08;\">Centro de Investigaci\u00f3n Micalea Portilla Ikergunea - Room 3.5<\/span><\/strong>\r\n Justo V\u00e9lez de Elorriaga, 1\r\n 01006 Vitoria-Gasteiz\r\n\r\n<strong>When<\/strong>\r\n\r\nAll the talks are scheduled for <strong><span style=\"color: #2d6d08;\">10.00<\/span><\/strong> all <strong><span style=\"color: #2d6d08;\">Mondays<\/span><\/strong> except when otherwise stated\r\n\r\nIf you wanto to schedule a talk or need more information about the seminars, contact: <strong><span style=\"color: #2d6d08;\">gogo.elebiduna@gmail.com<\/span><\/strong><\/pre>\n<p>&nbsp;<\/p>\n<p style=\"text-align: center;\"><strong style=\"color: #ffffff;\"><span style=\"color: #2d6d08;\">UPCOMING SEMINARS<\/span><\/strong><\/p>\n<table border=\"0\" width=\"647\" cellspacing=\"0\" cellpadding=\"0\">\n<tbody>\n<tr>\n<td width=\"73\">\n<p align=\"center\"><b>Day<\/b><\/p>\n<\/td>\n<td width=\"147\">\n<p align=\"center\"><b>Title<\/b><\/p>\n<\/td>\n<td width=\"101\">\n<p align=\"center\"><b>Speaker<\/b><\/p>\n<\/td>\n<td width=\"116\">\n<p align=\"center\"><b>Univ<b><b>ersity<\/b><\/b><\/b><\/p>\n<\/td>\n<\/tr>\n<\/tbody>\n<tbody>\n<tr>\n<td style=\"text-align: center;\" width=\"73\">April 20<\/td>\n<td style=\"text-align: center;\" width=\"147\"><i>C\u00f3digo de buenas pr\u00e1cticas en investigaci\u00f3n<\/i><\/td>\n<td style=\"text-align: center;\" width=\"101\">Led by Mikel Santesteban<\/td>\n<td style=\"text-align: center;\" width=\"116\">EHU<\/td>\n<\/tr>\n<\/tbody>\n<tbody>\n<tr>\n<td style=\"text-align: center;\" width=\"73\">May 11<\/td>\n<td style=\"text-align: center;\" width=\"147\"><i>TBA<\/i><\/td>\n<td style=\"text-align: center;\" width=\"101\">\u00a0Michelle Suijkerbuijk<\/td>\n<td style=\"text-align: center;\" width=\"116\">Radboud Universiteit<\/td>\n<\/tr>\n<\/tbody>\n<tbody>\n<tr>\n<td style=\"text-align: center;\" width=\"73\">May 29<\/td>\n<td style=\"text-align: center;\" width=\"147\"><i>TBA<\/i><\/td>\n<td style=\"text-align: center;\" width=\"101\">Manuel Pulido<\/td>\n<td style=\"text-align: center;\" width=\"116\">Penn State University<\/td>\n<\/tr>\n<\/tbody>\n<\/table>\n<p style=\"text-align: center;\"><strong><span style=\"color: #2d6d08;\">PAST SEMINAR<\/span><\/strong><strong><span style=\"color: #2d6d08;\">S<\/span><\/strong><\/p>\n<table border=\"0\" width=\"647\" cellspacing=\"0\" cellpadding=\"0\">\n<tbody>\n<tr>\n<td width=\"73\">\n<p style=\"text-align: center;\" align=\"center\"><b>Day<\/b><\/p>\n<\/td>\n<td style=\"text-align: center;\" width=\"147\">\n<p align=\"center\"><b>Title<\/b><\/p>\n<\/td>\n<td style=\"text-align: center;\" width=\"101\">\n<p align=\"center\"><b>Speaker<\/b><\/p>\n<\/td>\n<td style=\"text-align: center;\" width=\"116\">\n<p align=\"center\"><b>University<\/b><\/p>\n<\/td>\n<\/tr>\n<\/tbody>\n<tbody>\n<tr>\n<td style=\"text-align: center;\" width=\"73\">April 13<\/td>\n<td style=\"text-align: center;\" width=\"147\"><em>Guided reading session<\/em><\/td>\n<td style=\"text-align: center;\" width=\"101\">Led by Mikel Santesteban<\/td>\n<td style=\"text-align: center;\" width=\"116\">EHU<\/td>\n<\/tr>\n<\/tbody>\n<tbody>\n<tr>\n<td style=\"text-align: center;\" width=\"73\">March 9<\/td>\n<td style=\"text-align: center;\" width=\"147\"><a href=\"http:\/\/www.ehu.eus\/HEB\/wp-content\/uploads\/2026\/03\/Multiple-sluicing-in-Basque.pdf\" target=\"_blank\" rel=\"noopener\"><i>Multiple sluicing in Basque: the Clausemate Condition experimentally<\/i><\/a><\/td>\n<td style=\"text-align: center;\" width=\"101\">Irene Macazaga<\/td>\n<td style=\"text-align: center;\" width=\"116\">EHU<\/td>\n<\/tr>\n<\/tbody>\n<tbody>\n<tr>\n<td style=\"text-align: center;\" width=\"73\">March 2<\/td>\n<td style=\"text-align: center;\" width=\"147\"><a href=\"https:\/\/www.cambridge.org\/core\/journals\/bilingualism-language-and-cognition\/article\/types-of-language-use-and-interference-control-in-aging-bilinguals-insights-from-the-wordcolor-stroop-task\/14D789430176B3447A0E386903BAF6B3\" target=\"_blank\" rel=\"noopener\"><i>Types of language use and interference control in aging bilinguals: Insights from the word\u2013color Stroop task<\/i><\/a><\/td>\n<td style=\"text-align: center;\" width=\"101\">Miren Arantzeta<\/td>\n<td style=\"text-align: center;\" width=\"116\">EHU<\/td>\n<\/tr>\n<\/tbody>\n<tbody>\n<tr>\n<td style=\"text-align: center;\" width=\"73\">February 9<\/td>\n<td style=\"text-align: center;\" width=\"147\"><em>Guided reading session<\/em><\/td>\n<td style=\"text-align: center;\" width=\"101\">Dirigido por Mikel Santesteban<\/td>\n<td style=\"text-align: center;\" width=\"116\">EHU<\/td>\n<\/tr>\n<\/tbody>\n<tbody>\n<tr>\n<td style=\"text-align: center;\" width=\"73\">February 2<\/td>\n<td style=\"text-align: center;\" width=\"147\"><em>Guided reading session <\/em><\/td>\n<td style=\"text-align: center;\" width=\"101\">Led by Marta S\u00e1nchez<\/td>\n<td style=\"text-align: center;\" width=\"116\">EHU<\/td>\n<\/tr>\n<\/tbody>\n<tbody>\n<tr>\n<td style=\"text-align: center;\" width=\"73\">January 19<\/td>\n<td style=\"text-align: center;\" width=\"147\"><a href=\"http:\/\/www.ehu.eus\/HEB\/wp-content\/uploads\/2026\/01\/January19.pdf\" target=\"_blank\" rel=\"noopener\"><i>Effects of Translation and Interpreting Training on Online Language Processing: An ERP Study<\/i><\/a><\/td>\n<td style=\"text-align: center;\" width=\"101\">\u00a0Kepa Erdozia, No\u00e8lia Sanahuja &amp; Anna Hatzidaki<\/td>\n<td style=\"text-align: center;\" width=\"116\">EHU, University of Athens<\/td>\n<\/tr>\n<\/tbody>\n<tbody>\n<tr>\n<td style=\"text-align: center;\" width=\"73\">January 12<\/td>\n<td style=\"text-align: center;\" width=\"147\"><a href=\"http:\/\/www.ehu.eus\/HEB\/wp-content\/uploads\/2026\/01\/January12.pdf\" target=\"_blank\" rel=\"noopener\"><i>To switch or not to switch: Voluntary Language Switching and Cognate Effects in Healthy Bilinguals and Anomic Aphasia<\/i><\/a><\/td>\n<td style=\"text-align: center;\" width=\"101\">Veronica del Grosso<\/td>\n<td style=\"text-align: center;\" width=\"116\">EHU<\/td>\n<\/tr>\n<\/tbody>\n<\/table>\n<p>&nbsp;<\/p>\n<p style=\"text-align: left;\"><strong>P<\/strong><strong>revious Seminars<\/strong><\/p>\n<ul>\n<li><a href=\"http:\/\/www.ehu.eus\/HEB\/wp-content\/uploads\/2026\/01\/2025-SEMINARS.pdf\" target=\"_blank\" rel=\"noopener\">2025<\/a><\/li>\n<\/ul>\n<ul>\n<li><a href=\"http:\/\/www.ehu.eus\/HEB\/wp-content\/uploads\/2025\/09\/2024-SEMINARS.pdf\" target=\"_blank\" rel=\"noopener\">2024<\/a><\/li>\n<\/ul>\n<ul>\n<li><a href=\"http:\/\/www.ehu.eus\/HEB\/wp-content\/uploads\/2024\/06\/2023-SEMINARS.pdf\" target=\"_blank\" rel=\"noopener\">2023<\/a><\/li>\n<\/ul>\n<ul>\n<li><a href=\"http:\/\/www.ehu.eus\/HEB\/wp-content\/uploads\/2023\/03\/2022_Seminars.pdf\" target=\"_blank\" rel=\"noopener\">2022<\/a><\/li>\n<\/ul>\n<ul>\n<li><a href=\"http:\/\/www.ehu.eus\/HEB\/wp-content\/uploads\/2022\/01\/2021_EN.pdf\" target=\"_blank\" rel=\"noopener noreferrer\">2021<\/a><\/li>\n<\/ul>\n<ul>\n<li><a href=\"http:\/\/www.ehu.eus\/HEB\/wp-content\/uploads\/2021\/02\/2020_EN.pdf\" target=\"_blank\" rel=\"noopener noreferrer\">2020<\/a><\/li>\n<\/ul>\n<ul>\n<li><a href=\"http:\/\/www.ehu.eus\/HEB\/wp-content\/uploads\/Mintegiak\/2019_EN.pdf\" target=\"_blank\" rel=\"noopener noreferrer\">2019<\/a><\/li>\n<\/ul>\n<ul>\n<li><a href=\"http:\/\/www.ehu.eus\/HEB\/wp-content\/uploads\/Mintegiak\/2018_ Seminars.pdf\" target=\"_blank\" rel=\"noopener noreferrer\">2018<\/a><\/li>\n<\/ul>\n<ul>\n<li><a href=\"http:\/\/www.ehu.eus\/HEB\/wp-content\/uploads\/Mintegiak\/2017 Edition.pdf\" target=\"_blank\" rel=\"noopener noreferrer\">2017<\/a><\/li>\n<\/ul>\n<ul>\n<li><a href=\"http:\/\/www.ehu.eus\/HEB\/wp-content\/uploads\/Mintegiak\/2016 Edizioa.pdf\" target=\"_blank\" rel=\"noopener noreferrer\">2016<\/a><\/li>\n<\/ul>\n<ul>\n<li><a href=\"http:\/\/www.ehu.eus\/HEB\/wp-content\/uploads\/Mintegiak\/2015en.pdf\" target=\"_blank\" rel=\"noopener noreferrer\">2015<\/a><\/li>\n<\/ul>\n<ul>\n<li><a href=\"http:\/\/www.ehu.eus\/HEB\/wp-content\/uploads\/Mintegiak\/2014.pdf\" target=\"_blank\" rel=\"noopener noreferrer\">2014<\/a><\/li>\n<\/ul>\n<ul>\n<li><a href=\"http:\/\/www.ehu.eus\/HEB\/wp-content\/uploads\/Mintegiak\/2013.pdf\" target=\"_blank\" rel=\"noopener noreferrer\">2013<\/a><\/li>\n<\/ul>\n<p><\/p>","protected":false},"excerpt":{"rendered":"<p>Where Centro de Investigaci\u00f3n Micalea Portilla Ikergunea &#8211; Room 3.5 Justo V\u00e9lez de Elorriaga, 1 01006 Vitoria-Gasteiz When All the talks are scheduled for 10.00 all Mondays except when otherwise stated If you wanto to schedule a talk or need &hellip; <a href=\"https:\/\/www.ehu.eus\/HEB\/mintegiak\/\">Continue reading <span class=\"meta-nav\">&rarr;<\/span><\/a><\/p>\n","protected":false},"author":2,"featured_media":0,"parent":0,"menu_order":0,"comment_status":"closed","ping_status":"closed","template":"","meta":{"footnotes":""},"_links":{"self":[{"href":"https:\/\/www.ehu.eus\/HEB\/wp-json\/wp\/v2\/pages\/9192"}],"collection":[{"href":"https:\/\/www.ehu.eus\/HEB\/wp-json\/wp\/v2\/pages"}],"about":[{"href":"https:\/\/www.ehu.eus\/HEB\/wp-json\/wp\/v2\/types\/page"}],"author":[{"embeddable":true,"href":"https:\/\/www.ehu.eus\/HEB\/wp-json\/wp\/v2\/users\/2"}],"replies":[{"embeddable":true,"href":"https:\/\/www.ehu.eus\/HEB\/wp-json\/wp\/v2\/comments?post=9192"}],"version-history":[{"count":643,"href":"https:\/\/www.ehu.eus\/HEB\/wp-json\/wp\/v2\/pages\/9192\/revisions"}],"predecessor-version":[{"id":17907,"href":"https:\/\/www.ehu.eus\/HEB\/wp-json\/wp\/v2\/pages\/9192\/revisions\/17907"}],"wp:attachment":[{"href":"https:\/\/www.ehu.eus\/HEB\/wp-json\/wp\/v2\/media?parent=9192"}],"curies":[{"name":"wp","href":"https:\/\/api.w.org\/{rel}","templated":true}]}}