{"id":1825,"date":"2022-09-16T09:17:25","date_gmt":"2022-09-16T09:17:25","guid":{"rendered":"https:\/\/www.ehu.eus\/PIE\/ez-nazazu-zapaldu\/?page_id=1825"},"modified":"2025-12-29T19:20:53","modified_gmt":"2025-12-29T19:20:53","slug":"objetivos","status":"publish","type":"page","link":"https:\/\/www.ehu.eus\/PIE\/ez-nazazu-zapaldu\/es\/objetivos\/","title":{"rendered":"Objetivos"},"content":{"rendered":"\t\t<div data-elementor-type=\"wp-page\" data-elementor-id=\"1825\" class=\"elementor elementor-1825\">\n\t\t\t\t\t\t\t\t\t<section class=\"elementor-section elementor-top-section elementor-element elementor-element-19f8b622 elementor-section-full_width elementor-section-height-default elementor-section-height-default\" data-id=\"19f8b622\" data-element_type=\"section\">\n\t\t\t\t\t\t<div class=\"elementor-container elementor-column-gap-default\">\n\t\t\t\t\t<div class=\"elementor-column elementor-col-100 elementor-top-column elementor-element elementor-element-5b5a2d9e\" data-id=\"5b5a2d9e\" data-element_type=\"column\">\n\t\t\t<div class=\"elementor-widget-wrap elementor-element-populated\">\n\t\t\t\t\t\t\t\t<div class=\"elementor-element elementor-element-54136a4 elementor-widget elementor-widget-heading\" data-id=\"54136a4\" data-element_type=\"widget\" data-widget_type=\"heading.default\">\n\t\t\t\t<div class=\"elementor-widget-container\">\n\t\t\t<style>\/*! elementor - v3.7.7 - 20-09-2022 *\/\n.elementor-heading-title{padding:0;margin:0;line-height:1}.elementor-widget-heading .elementor-heading-title[class*=elementor-size-]>a{color:inherit;font-size:inherit;line-height:inherit}.elementor-widget-heading .elementor-heading-title.elementor-size-small{font-size:15px}.elementor-widget-heading .elementor-heading-title.elementor-size-medium{font-size:19px}.elementor-widget-heading .elementor-heading-title.elementor-size-large{font-size:29px}.elementor-widget-heading .elementor-heading-title.elementor-size-xl{font-size:39px}.elementor-widget-heading .elementor-heading-title.elementor-size-xxl{font-size:59px}<\/style><h2 class=\"elementor-heading-title elementor-size-default\">Objetivos<\/h2>\t\t<\/div>\n\t\t\t\t<\/div>\n\t\t\t\t<div class=\"elementor-element elementor-element-418a55a elementor-widget-divider--view-line elementor-widget elementor-widget-divider\" data-id=\"418a55a\" data-element_type=\"widget\" data-widget_type=\"divider.default\">\n\t\t\t\t<div class=\"elementor-widget-container\">\n\t\t\t<style>\/*! elementor - v3.7.7 - 20-09-2022 *\/\n.elementor-widget-divider{--divider-border-style:none;--divider-border-width:1px;--divider-color:#2c2c2c;--divider-icon-size:20px;--divider-element-spacing:10px;--divider-pattern-height:24px;--divider-pattern-size:20px;--divider-pattern-url:none;--divider-pattern-repeat:repeat-x}.elementor-widget-divider .elementor-divider{display:-webkit-box;display:-ms-flexbox;display:flex}.elementor-widget-divider .elementor-divider__text{font-size:15px;line-height:1;max-width:95%}.elementor-widget-divider .elementor-divider__element{margin:0 var(--divider-element-spacing);-ms-flex-negative:0;flex-shrink:0}.elementor-widget-divider .elementor-icon{font-size:var(--divider-icon-size)}.elementor-widget-divider .elementor-divider-separator{display:-webkit-box;display:-ms-flexbox;display:flex;margin:0;direction:ltr}.elementor-widget-divider--view-line_icon .elementor-divider-separator,.elementor-widget-divider--view-line_text .elementor-divider-separator{-webkit-box-align:center;-ms-flex-align:center;align-items:center}.elementor-widget-divider--view-line_icon .elementor-divider-separator:after,.elementor-widget-divider--view-line_icon .elementor-divider-separator:before,.elementor-widget-divider--view-line_text .elementor-divider-separator:after,.elementor-widget-divider--view-line_text .elementor-divider-separator:before{display:block;content:\"\";border-bottom:0;-webkit-box-flex:1;-ms-flex-positive:1;flex-grow:1;border-top:var(--divider-border-width) var(--divider-border-style) var(--divider-color)}.elementor-widget-divider--element-align-left .elementor-divider .elementor-divider-separator>.elementor-divider__svg:first-of-type{-webkit-box-flex:0;-ms-flex-positive:0;flex-grow:0;-ms-flex-negative:100;flex-shrink:100}.elementor-widget-divider--element-align-left .elementor-divider-separator:before{content:none}.elementor-widget-divider--element-align-left .elementor-divider__element{margin-left:0}.elementor-widget-divider--element-align-right .elementor-divider .elementor-divider-separator>.elementor-divider__svg:last-of-type{-webkit-box-flex:0;-ms-flex-positive:0;flex-grow:0;-ms-flex-negative:100;flex-shrink:100}.elementor-widget-divider--element-align-right .elementor-divider-separator:after{content:none}.elementor-widget-divider--element-align-right .elementor-divider__element{margin-right:0}.elementor-widget-divider:not(.elementor-widget-divider--view-line_text):not(.elementor-widget-divider--view-line_icon) .elementor-divider-separator{border-top:var(--divider-border-width) var(--divider-border-style) var(--divider-color)}.elementor-widget-divider--separator-type-pattern{--divider-border-style:none}.elementor-widget-divider--separator-type-pattern.elementor-widget-divider--view-line .elementor-divider-separator,.elementor-widget-divider--separator-type-pattern:not(.elementor-widget-divider--view-line) .elementor-divider-separator:after,.elementor-widget-divider--separator-type-pattern:not(.elementor-widget-divider--view-line) .elementor-divider-separator:before,.elementor-widget-divider--separator-type-pattern:not([class*=elementor-widget-divider--view]) .elementor-divider-separator{width:100%;min-height:var(--divider-pattern-height);-webkit-mask-size:var(--divider-pattern-size) 100%;mask-size:var(--divider-pattern-size) 100%;-webkit-mask-repeat:var(--divider-pattern-repeat);mask-repeat:var(--divider-pattern-repeat);background-color:var(--divider-color);-webkit-mask-image:var(--divider-pattern-url);mask-image:var(--divider-pattern-url)}.elementor-widget-divider--no-spacing{--divider-pattern-size:auto}.elementor-widget-divider--bg-round{--divider-pattern-repeat:round}.rtl .elementor-widget-divider .elementor-divider__text{direction:rtl}.e-container>.elementor-widget-divider{width:var(--container-widget-width,100%);--flex-grow:var(--container-widget-flex-grow,0)}<\/style>\t\t<div class=\"elementor-divider\">\n\t\t\t<span class=\"elementor-divider-separator\">\n\t\t\t\t\t\t<\/span>\n\t\t<\/div>\n\t\t\t\t<\/div>\n\t\t\t\t<\/div>\n\t\t\t\t<div class=\"elementor-element elementor-element-689748cf elementor-invisible elementor-widget elementor-widget-text-editor\" data-id=\"689748cf\" data-element_type=\"widget\" data-settings=\"{&quot;_animation&quot;:&quot;fadeInLeft&quot;}\" data-widget_type=\"text-editor.default\">\n\t\t\t\t<div class=\"elementor-widget-container\">\n\t\t\t<style>\/*! elementor - v3.7.7 - 20-09-2022 *\/\n.elementor-widget-text-editor.elementor-drop-cap-view-stacked .elementor-drop-cap{background-color:#818a91;color:#fff}.elementor-widget-text-editor.elementor-drop-cap-view-framed .elementor-drop-cap{color:#818a91;border:3px solid;background-color:transparent}.elementor-widget-text-editor:not(.elementor-drop-cap-view-default) .elementor-drop-cap{margin-top:8px}.elementor-widget-text-editor:not(.elementor-drop-cap-view-default) .elementor-drop-cap-letter{width:1em;height:1em}.elementor-widget-text-editor .elementor-drop-cap{float:left;text-align:center;line-height:1;font-size:50px}.elementor-widget-text-editor .elementor-drop-cap-letter{display:inline-block}<\/style>\t\t\t\t<p><span style=\"color: #1ea4c8; font-family: verdana, geneva, sans-serif; font-size: 14pt;\">Los objetivos principales que perseguimos en \u00a1Atenci\u00f3n! \u00a1No me aplastes! son:<\/span><\/p><p><b><img loading=\"lazy\" decoding=\"async\" class=\"alignleft wp-image-1879\" src=\"https:\/\/www.ehu.eus\/PIE\/ez-nazazu-zapaldu\/wp-content\/uploads\/2022\/09\/Ez-nazazu-zanpatu.jpg\" alt=\"\" width=\"85\" height=\"40\" srcset=\"https:\/\/www.ehu.eus\/PIE\/ez-nazazu-zapaldu\/wp-content\/uploads\/2022\/09\/Ez-nazazu-zanpatu.jpg 275w, https:\/\/www.ehu.eus\/PIE\/ez-nazazu-zapaldu\/wp-content\/uploads\/2022\/09\/Ez-nazazu-zanpatu-150x71.jpg 150w\" sizes=\"(max-width: 85px) 100vw, 85px\" \/><\/b><b>acercar la costa<\/b> a la ciudadan\u00eda para que ampl\u00ede los <b>conocimientos que tiene sobre los organismos<\/b>\u00a0que la habitan<\/p><p><img loading=\"lazy\" decoding=\"async\" class=\"wp-image-1879 alignleft\" src=\"https:\/\/www.ehu.eus\/PIE\/ez-nazazu-zapaldu\/wp-content\/uploads\/2022\/09\/Ez-nazazu-zanpatu.jpg\" alt=\"\" width=\"85\" height=\"40\" srcset=\"https:\/\/www.ehu.eus\/PIE\/ez-nazazu-zapaldu\/wp-content\/uploads\/2022\/09\/Ez-nazazu-zanpatu.jpg 275w, https:\/\/www.ehu.eus\/PIE\/ez-nazazu-zapaldu\/wp-content\/uploads\/2022\/09\/Ez-nazazu-zanpatu-150x71.jpg 150w\" sizes=\"(max-width: 85px) 100vw, 85px\" \/><\/p><p><b>y concienciar<\/b>\u00a0a las y los participantes sobre la necesidad de\u00a0<b>cuidar nuestro medio ambiente<\/b>, en particular el medio marino<\/p>\t\t\t\t\t\t<\/div>\n\t\t\t\t<\/div>\n\t\t\t\t<div class=\"elementor-element elementor-element-ffc5799 elementor-widget elementor-widget-image\" data-id=\"ffc5799\" data-element_type=\"widget\" data-widget_type=\"image.default\">\n\t\t\t\t<div class=\"elementor-widget-container\">\n\t\t\t<style>\/*! elementor - v3.7.7 - 20-09-2022 *\/\n.elementor-widget-image{text-align:center}.elementor-widget-image a{display:inline-block}.elementor-widget-image a img[src$=\".svg\"]{width:48px}.elementor-widget-image img{vertical-align:middle;display:inline-block}<\/style>\t\t\t\t\t\t\t\t\t\t\t\t\t<a href=\"https:\/\/www.ehu.eus\/PIE\/ez-nazazu-zapaldu\/wp-content\/uploads\/2025\/10\/Ez-nazazu-zapaldu-Objetivos-especificos.jpg\" data-elementor-open-lightbox=\"yes\" data-elementor-lightbox-title=\"Ez-nazazu-zapaldu-Objetivos-especificos\" e-action-hash=\"#elementor-action%3Aaction%3Dlightbox%26settings%3DeyJpZCI6NDY0MCwidXJsIjoiaHR0cHM6XC9cL3d3dy5laHUuZXVzXC9QSUVcL2V6LW5hemF6dS16YXBhbGR1XC93cC1jb250ZW50XC91cGxvYWRzXC8yMDI1XC8xMFwvRXotbmF6YXp1LXphcGFsZHUtT2JqZXRpdm9zLWVzcGVjaWZpY29zLmpwZyJ9\">\n\t\t\t\t\t\t\t<img loading=\"lazy\" decoding=\"async\" width=\"891\" height=\"314\" src=\"https:\/\/www.ehu.eus\/PIE\/ez-nazazu-zapaldu\/wp-content\/uploads\/2025\/10\/Ez-nazazu-zapaldu-Objetivos-especificos.jpg\" class=\"attachment-large size-large\" alt=\"\" srcset=\"https:\/\/www.ehu.eus\/PIE\/ez-nazazu-zapaldu\/wp-content\/uploads\/2025\/10\/Ez-nazazu-zapaldu-Objetivos-especificos.jpg 891w, https:\/\/www.ehu.eus\/PIE\/ez-nazazu-zapaldu\/wp-content\/uploads\/2025\/10\/Ez-nazazu-zapaldu-Objetivos-especificos-300x106.jpg 300w, https:\/\/www.ehu.eus\/PIE\/ez-nazazu-zapaldu\/wp-content\/uploads\/2025\/10\/Ez-nazazu-zapaldu-Objetivos-especificos-768x271.jpg 768w\" sizes=\"(max-width: 891px) 100vw, 891px\" \/>\t\t\t\t\t\t\t\t<\/a>\n\t\t\t\t\t\t\t\t\t\t\t\t\t\t\t<\/div>\n\t\t\t\t<\/div>\n\t\t\t\t<div class=\"elementor-element elementor-element-cf6b276 elementor-invisible elementor-widget elementor-widget-text-editor\" data-id=\"cf6b276\" data-element_type=\"widget\" data-settings=\"{&quot;_animation&quot;:&quot;zoomIn&quot;}\" data-widget_type=\"text-editor.default\">\n\t\t\t\t<div class=\"elementor-widget-container\">\n\t\t\t\t\t\t\t<p>As\u00ed, se persigue <span style=\"color: #1ea4c8;\"><b>Concienciar de la importancia ambiental de nuestras playas <\/b><\/span>mediante un proyecto STEAM en el que:<\/p><p style=\"padding-left: 40px;\"><u><span style=\"color: #1ea4c8;\"><b>S<\/b><\/span><\/u>: aplicaremos procedimientos cient\u00edficos para recoger y analizar muestras ambientales.<\/p><p style=\"padding-left: 40px;\"><u><span style=\"color: #1ea4c8;\"><b>T<\/b><\/span><\/u>: usaremos estereomicroscopios (lupas binoculares), microscopios, y la aplicaci\u00f3n de contaje autom\u00e1tico \u201cAplastapp\u201d basado en las fotograf\u00edas tomadas por los colectivos participantes.<\/p><p style=\"padding-left: 40px;\"><u><span style=\"color: #1ea4c8;\"><b>E<\/b><\/span><\/u>: construiremos las herramientas necesarias para el muestreo de campo.<\/p><p style=\"padding-left: 40px;\"><u><span style=\"color: #1ea4c8;\"><b>A<\/b><\/span><\/u>: presentaremos los resultados finales de manera creativa en una feria que reunir\u00e1 a todos los grupos que participen.<\/p><p style=\"padding-left: 40px;\"><u><span style=\"color: #1ea4c8;\"><b>M<\/b><\/span><\/u>: realizaremos los c\u00e1lculos necesarios para la construcci\u00f3n y preparaci\u00f3n del material de muestreo, para el an\u00e1lisis de muestras y para la obtenci\u00f3n y representaci\u00f3n de resultados, siguiendo el pensamiento l\u00f3gico.<\/p>\t\t\t\t\t\t<\/div>\n\t\t\t\t<\/div>\n\t\t\t\t<div class=\"elementor-element elementor-element-a3e39d1 elementor-invisible elementor-widget elementor-widget-text-editor\" data-id=\"a3e39d1\" data-element_type=\"widget\" data-settings=\"{&quot;_animation&quot;:&quot;zoomIn&quot;}\" data-widget_type=\"text-editor.default\">\n\t\t\t\t<div class=\"elementor-widget-container\">\n\t\t\t\t\t\t\t<p><b>El desarrollo\u00a0de competencias\u00a0STEAM<\/b>\u00a0se abordar\u00e1 trabajando en grupo las \u00e1reas que se detallan en la siguiente tabla:<\/p><table border=\"1\"><tbody><tr style=\"background-color: #324f9d;\"><td style=\"text-align: center;\"><strong><span style=\"color: #ffffff;\">\u00c1REAS<\/span><\/strong><\/td><td style=\"text-align: center;\"><strong><span style=\"color: #ffffff;\">ACTIVIDADES<\/span><\/strong><\/td><td style=\"text-align: center;\"><strong><span style=\"color: #ffffff;\">APRENDIZAJES<\/span><\/strong><\/td><\/tr><tr><td style=\"background-color: #324f9d; text-align: center;\" rowspan=\"5\"><span style=\"color: #ffffff;\"><strong>MATEM\u00c1TICA e INGENIER\u00cdA<\/strong><\/span><\/td><td>Construcci\u00f3n de tamiz<\/td><td>interpretar planos, usar medidas, extrapolar<\/td><\/tr><tr><td>Recuento de organismos<\/td><td>comparar, restar, calcular % y medias, ser conscientes de la importancia de la matem\u00e1tica<\/td><\/tr><tr><td>L\u00ednea de muestreo<\/td><td>determinar distancias<\/td><\/tr><tr><td>Preparar puntos de muestreo, muestreo de \u00e1reas cuadradas<\/td><td>determinar \u00e1reas y vol\u00famenes, trabajar a escala de micr\u00f3metros (\u00b5m)<\/td><\/tr><tr><td>Localizaci\u00f3n GPS del punto de muestreo<\/td><td>usar GPS<\/td><\/tr><tr><td style=\"background-color: #324f9d; text-align: center;\" rowspan=\"3\"><span style=\"color: #ffffff;\"><strong>ARTE<\/strong><\/span><\/td><td>Montaje de cuadrante de muestreo<\/td><td>montar estructuras siguiendo planos<\/td><\/tr><tr><td>Crear im\u00e1genes<\/td><td>fotografiar objetivos macro<\/td><\/tr><tr><td>Presentaci\u00f3n de resultados<\/td><td>hacer gr\u00e1ficas y presentaciones en p\u00f3ster, sintetizar informaci\u00f3n<\/td><\/tr><tr><td style=\"background-color: #324f9d; text-align: center;\"><span style=\"color: #ffffff;\"><strong>BIOLOG\u00cdA<\/strong><\/span><\/td><td>Identificaci\u00f3n de organismos<\/td><td>biodiversidad, usar microscopio\/lupa, clasificar organismos, identificar organismos de diferente escala<\/td><\/tr><tr><td style=\"background-color: #324f9d; text-align: center;\"><span style=\"color: #ffffff;\"><strong>CIENCIAS<\/strong><\/span><\/td><td>Recogida de datos, Muestrear en marea baja, An\u00e1lisis de las caracter\u00edsticas de los pl\u00e1sticos<\/td><td>m\u00e9todo cient\u00edfico, tratamiento de datos, sacar conclusiones, sintetizar, representar y exponer resultados para el p\u00fablico, identificar tipos de pl\u00e1sticos y posible origen<\/td><\/tr><tr><td style=\"background-color: #324f9d; text-align: center;\"><span style=\"color: #ffffff;\"><strong>COCREACI\u00d3N y COMUNICACI\u00d3N<\/strong><\/span><\/td><td>Trabajo en grupo<\/td><td>Escuchar, opinar y discutir con respeto, repartir tareas, comunicar p\u00fablicamente<\/td><\/tr><\/tbody><\/table><p style=\"text-align: center;\">\u00a0<\/p>\t\t\t\t\t\t<\/div>\n\t\t\t\t<\/div>\n\t\t\t\t\t<\/div>\n\t\t<\/div>\n\t\t\t\t\t\t\t<\/div>\n\t\t<\/section>\n\t\t\t\t\t\t\t<\/div>\n\t\t","protected":false},"excerpt":{"rendered":"<p>Objetivos Los objetivos principales que perseguimos en \u00a1Atenci\u00f3n! \u00a1No me aplastes! son: acercar la costa a la ciudadan\u00eda para que ampl\u00ede los conocimientos que tiene sobre los organismos\u00a0que la habitan y concienciar\u00a0a las y los participantes sobre la necesidad de\u00a0cuidar nuestro medio ambiente, en particular el medio marino As\u00ed, se persigue Concienciar de la importancia &#8230; <a title=\"Objetivos\" class=\"read-more\" href=\"https:\/\/www.ehu.eus\/PIE\/ez-nazazu-zapaldu\/es\/objetivos\/\" aria-label=\"M\u00e1s en Objetivos\">Leer m\u00e1s<\/a><\/p>\n","protected":false},"author":3,"featured_media":0,"parent":0,"menu_order":0,"comment_status":"closed","ping_status":"closed","template":"","meta":{"footnotes":""},"_links":{"self":[{"href":"https:\/\/www.ehu.eus\/PIE\/ez-nazazu-zapaldu\/wp-json\/wp\/v2\/pages\/1825"}],"collection":[{"href":"https:\/\/www.ehu.eus\/PIE\/ez-nazazu-zapaldu\/wp-json\/wp\/v2\/pages"}],"about":[{"href":"https:\/\/www.ehu.eus\/PIE\/ez-nazazu-zapaldu\/wp-json\/wp\/v2\/types\/page"}],"author":[{"embeddable":true,"href":"https:\/\/www.ehu.eus\/PIE\/ez-nazazu-zapaldu\/wp-json\/wp\/v2\/users\/3"}],"replies":[{"embeddable":true,"href":"https:\/\/www.ehu.eus\/PIE\/ez-nazazu-zapaldu\/wp-json\/wp\/v2\/comments?post=1825"}],"version-history":[{"count":87,"href":"https:\/\/www.ehu.eus\/PIE\/ez-nazazu-zapaldu\/wp-json\/wp\/v2\/pages\/1825\/revisions"}],"predecessor-version":[{"id":5117,"href":"https:\/\/www.ehu.eus\/PIE\/ez-nazazu-zapaldu\/wp-json\/wp\/v2\/pages\/1825\/revisions\/5117"}],"wp:attachment":[{"href":"https:\/\/www.ehu.eus\/PIE\/ez-nazazu-zapaldu\/wp-json\/wp\/v2\/media?parent=1825"}],"curies":[{"name":"wp","href":"https:\/\/api.w.org\/{rel}","templated":true}]}}