{"id":2219,"date":"2022-11-21T09:40:02","date_gmt":"2022-11-21T09:40:02","guid":{"rendered":"https:\/\/www.ehu.eus\/PIE\/ez-nazazu-zapaldu\/?page_id=2219"},"modified":"2025-12-29T19:24:24","modified_gmt":"2025-12-29T19:24:24","slug":"que-vamos-a-hacer-como","status":"publish","type":"page","link":"https:\/\/www.ehu.eus\/PIE\/ez-nazazu-zapaldu\/es\/que-vamos-a-hacer-como\/","title":{"rendered":"\u00bfQu\u00e9 vamos a hacer? \u00bfC\u00f3mo?"},"content":{"rendered":"\t\t<div data-elementor-type=\"wp-page\" data-elementor-id=\"2219\" class=\"elementor elementor-2219\">\n\t\t\t\t\t\t\t\t\t<section class=\"elementor-section elementor-top-section elementor-element elementor-element-5e43c2d9 elementor-section-boxed elementor-section-height-default elementor-section-height-default\" data-id=\"5e43c2d9\" data-element_type=\"section\">\n\t\t\t\t\t\t<div class=\"elementor-container elementor-column-gap-default\">\n\t\t\t\t\t<div class=\"elementor-column elementor-col-100 elementor-top-column elementor-element elementor-element-7223b763\" data-id=\"7223b763\" data-element_type=\"column\">\n\t\t\t<div class=\"elementor-widget-wrap elementor-element-populated\">\n\t\t\t\t\t\t\t\t<div class=\"elementor-element elementor-element-35cbe0e elementor-widget elementor-widget-heading\" data-id=\"35cbe0e\" data-element_type=\"widget\" data-widget_type=\"heading.default\">\n\t\t\t\t<div class=\"elementor-widget-container\">\n\t\t\t<style>\/*! elementor - v3.7.7 - 20-09-2022 *\/\n.elementor-heading-title{padding:0;margin:0;line-height:1}.elementor-widget-heading .elementor-heading-title[class*=elementor-size-]>a{color:inherit;font-size:inherit;line-height:inherit}.elementor-widget-heading .elementor-heading-title.elementor-size-small{font-size:15px}.elementor-widget-heading .elementor-heading-title.elementor-size-medium{font-size:19px}.elementor-widget-heading .elementor-heading-title.elementor-size-large{font-size:29px}.elementor-widget-heading .elementor-heading-title.elementor-size-xl{font-size:39px}.elementor-widget-heading .elementor-heading-title.elementor-size-xxl{font-size:59px}<\/style><h2 class=\"elementor-heading-title elementor-size-default\">\u00bfQu\u00e9 vamos a hacer?<\/h2>\t\t<\/div>\n\t\t\t\t<\/div>\n\t\t\t\t<div class=\"elementor-element elementor-element-aee67e0 elementor-widget-divider--view-line elementor-widget elementor-widget-divider\" data-id=\"aee67e0\" data-element_type=\"widget\" data-widget_type=\"divider.default\">\n\t\t\t\t<div class=\"elementor-widget-container\">\n\t\t\t<style>\/*! elementor - v3.7.7 - 20-09-2022 *\/\n.elementor-widget-divider{--divider-border-style:none;--divider-border-width:1px;--divider-color:#2c2c2c;--divider-icon-size:20px;--divider-element-spacing:10px;--divider-pattern-height:24px;--divider-pattern-size:20px;--divider-pattern-url:none;--divider-pattern-repeat:repeat-x}.elementor-widget-divider .elementor-divider{display:-webkit-box;display:-ms-flexbox;display:flex}.elementor-widget-divider .elementor-divider__text{font-size:15px;line-height:1;max-width:95%}.elementor-widget-divider .elementor-divider__element{margin:0 var(--divider-element-spacing);-ms-flex-negative:0;flex-shrink:0}.elementor-widget-divider .elementor-icon{font-size:var(--divider-icon-size)}.elementor-widget-divider .elementor-divider-separator{display:-webkit-box;display:-ms-flexbox;display:flex;margin:0;direction:ltr}.elementor-widget-divider--view-line_icon .elementor-divider-separator,.elementor-widget-divider--view-line_text .elementor-divider-separator{-webkit-box-align:center;-ms-flex-align:center;align-items:center}.elementor-widget-divider--view-line_icon .elementor-divider-separator:after,.elementor-widget-divider--view-line_icon .elementor-divider-separator:before,.elementor-widget-divider--view-line_text .elementor-divider-separator:after,.elementor-widget-divider--view-line_text .elementor-divider-separator:before{display:block;content:\"\";border-bottom:0;-webkit-box-flex:1;-ms-flex-positive:1;flex-grow:1;border-top:var(--divider-border-width) var(--divider-border-style) var(--divider-color)}.elementor-widget-divider--element-align-left .elementor-divider .elementor-divider-separator>.elementor-divider__svg:first-of-type{-webkit-box-flex:0;-ms-flex-positive:0;flex-grow:0;-ms-flex-negative:100;flex-shrink:100}.elementor-widget-divider--element-align-left .elementor-divider-separator:before{content:none}.elementor-widget-divider--element-align-left .elementor-divider__element{margin-left:0}.elementor-widget-divider--element-align-right .elementor-divider .elementor-divider-separator>.elementor-divider__svg:last-of-type{-webkit-box-flex:0;-ms-flex-positive:0;flex-grow:0;-ms-flex-negative:100;flex-shrink:100}.elementor-widget-divider--element-align-right .elementor-divider-separator:after{content:none}.elementor-widget-divider--element-align-right .elementor-divider__element{margin-right:0}.elementor-widget-divider:not(.elementor-widget-divider--view-line_text):not(.elementor-widget-divider--view-line_icon) .elementor-divider-separator{border-top:var(--divider-border-width) var(--divider-border-style) var(--divider-color)}.elementor-widget-divider--separator-type-pattern{--divider-border-style:none}.elementor-widget-divider--separator-type-pattern.elementor-widget-divider--view-line .elementor-divider-separator,.elementor-widget-divider--separator-type-pattern:not(.elementor-widget-divider--view-line) .elementor-divider-separator:after,.elementor-widget-divider--separator-type-pattern:not(.elementor-widget-divider--view-line) .elementor-divider-separator:before,.elementor-widget-divider--separator-type-pattern:not([class*=elementor-widget-divider--view]) .elementor-divider-separator{width:100%;min-height:var(--divider-pattern-height);-webkit-mask-size:var(--divider-pattern-size) 100%;mask-size:var(--divider-pattern-size) 100%;-webkit-mask-repeat:var(--divider-pattern-repeat);mask-repeat:var(--divider-pattern-repeat);background-color:var(--divider-color);-webkit-mask-image:var(--divider-pattern-url);mask-image:var(--divider-pattern-url)}.elementor-widget-divider--no-spacing{--divider-pattern-size:auto}.elementor-widget-divider--bg-round{--divider-pattern-repeat:round}.rtl .elementor-widget-divider .elementor-divider__text{direction:rtl}.e-container>.elementor-widget-divider{width:var(--container-widget-width,100%);--flex-grow:var(--container-widget-flex-grow,0)}<\/style>\t\t<div class=\"elementor-divider\">\n\t\t\t<span class=\"elementor-divider-separator\">\n\t\t\t\t\t\t<\/span>\n\t\t<\/div>\n\t\t\t\t<\/div>\n\t\t\t\t<\/div>\n\t\t\t\t<section class=\"elementor-section elementor-inner-section elementor-element elementor-element-baa222a elementor-section-boxed elementor-section-height-default elementor-section-height-default\" data-id=\"baa222a\" data-element_type=\"section\">\n\t\t\t\t\t\t<div class=\"elementor-container elementor-column-gap-default\">\n\t\t\t\t\t<div class=\"elementor-column elementor-col-50 elementor-inner-column elementor-element elementor-element-32a1b63\" data-id=\"32a1b63\" data-element_type=\"column\">\n\t\t\t<div class=\"elementor-widget-wrap elementor-element-populated\">\n\t\t\t\t\t\t\t\t<div class=\"elementor-element elementor-element-1b321460 elementor-widget elementor-widget-text-editor\" data-id=\"1b321460\" data-element_type=\"widget\" data-widget_type=\"text-editor.default\">\n\t\t\t\t<div class=\"elementor-widget-container\">\n\t\t\t<style>\/*! elementor - v3.7.7 - 20-09-2022 *\/\n.elementor-widget-text-editor.elementor-drop-cap-view-stacked .elementor-drop-cap{background-color:#818a91;color:#fff}.elementor-widget-text-editor.elementor-drop-cap-view-framed .elementor-drop-cap{color:#818a91;border:3px solid;background-color:transparent}.elementor-widget-text-editor:not(.elementor-drop-cap-view-default) .elementor-drop-cap{margin-top:8px}.elementor-widget-text-editor:not(.elementor-drop-cap-view-default) .elementor-drop-cap-letter{width:1em;height:1em}.elementor-widget-text-editor .elementor-drop-cap{float:left;text-align:center;line-height:1;font-size:50px}.elementor-widget-text-editor .elementor-drop-cap-letter{display:inline-block}<\/style>\t\t\t\t<p>Muestrear <strong>playas<\/strong> de nuestro territorio, centr\u00e1ndonos en los elementos del medio m\u00e1s peque\u00f1os <strong>que pasan desapercibidos normalmente<\/strong><b>, <\/b>observ\u00e1ndolos a <strong>escala microsc\u00f3pica<\/strong>:<\/p><ul><li>Los peque\u00f1os organismos que viven en la <strong>arena: <span class=\"TrackChangeTextInsertion TrackedChange SCXW22443248 BCX2\"><span class=\"TextRun SCXW22443248 BCX2\" lang=\"EU-ES\" xml:lang=\"EU-ES\" data-contrast=\"none\"><span class=\"NormalTextRun SpellingErrorV2Themed SCXW22443248 BCX2\">bacterias<\/span><\/span><\/span><span class=\"TrackChangeTextInsertion TrackedChange SCXW22443248 BCX2\"><span class=\"TextRun SCXW22443248 BCX2\" lang=\"EU-ES\" xml:lang=\"EU-ES\" data-contrast=\"none\"><span class=\"NormalTextRun SCXW22443248 BCX2\">, <\/span><\/span><\/span><span class=\"TextRun SCXW22443248 BCX2\" lang=\"EU-ES\" xml:lang=\"EU-ES\" data-contrast=\"none\"><span class=\"NormalTextRun SpellingErrorV2Themed SCXW22443248 BCX2\">micro<\/span><\/span><span class=\"TrackChangeTextInsertion TrackedChange SCXW22443248 BCX2\"><span class=\"TextRun SCXW22443248 BCX2\" lang=\"EU-ES\" xml:lang=\"EU-ES\" data-contrast=\"none\"><span class=\"NormalTextRun SpellingErrorV2Themed SCXW22443248 BCX2\">algas<\/span><\/span><\/span><span class=\"TextRun SCXW22443248 BCX2\" lang=\"EU-ES\" xml:lang=\"EU-ES\" data-contrast=\"none\"><span class=\"NormalTextRun SCXW22443248 BCX2\"> y <\/span><span class=\"NormalTextRun SCXW22443248 BCX2\">me<\/span><\/span><span class=\"TrackChangeTextInsertion TrackedChange SCXW22443248 BCX2\"><span class=\"TextRun SCXW22443248 BCX2\" lang=\"EU-ES\" xml:lang=\"EU-ES\" data-contrast=\"none\"><span class=\"NormalTextRun SCXW22443248 BCX2\">io<\/span><\/span><\/span> fauna<\/strong><\/li><li>Los diminutos organismos que viven en el <strong>agua: <span class=\"TextRun SCXW45879110 BCX2\" lang=\"EU-ES\" xml:lang=\"EU-ES\" data-contrast=\"none\"><span class=\"NormalTextRun SpellingErrorV2Themed SCXW45879110 BCX2\">zoo<\/span><\/span><span class=\"TrackChangeTextInsertion TrackedChange SCXW45879110 BCX2\"><span class=\"TextRun SCXW45879110 BCX2\" lang=\"EU-ES\" xml:lang=\"EU-ES\" data-contrast=\"none\"><span class=\"NormalTextRun SpellingErrorV2Themed SCXW45879110 BCX2\">plancton<\/span><\/span><\/span><span class=\"TextRun SCXW45879110 BCX2\" lang=\"EU-ES\" xml:lang=\"EU-ES\" data-contrast=\"none\"><span class=\"NormalTextRun SCXW45879110 BCX2\"> y <\/span><span class=\"NormalTextRun SpellingErrorV2Themed SCXW45879110 BCX2\">fitoplancton<\/span><\/span><\/strong><\/li><li>La contaminaci\u00f3n con (micro)<strong>pl\u00e1sticos <\/strong><\/li><\/ul><p>Para ello, cada grupo preparar\u00e1 su <strong>instrumentaci\u00f3n<\/strong>, siguiendo las instrucciones y materiales proporcionados y mediante procedimientos cient\u00edficos adaptados a los colectivos participantes, se descubrir\u00e1n las especies m\u00e1s caracter\u00edsticas de fauna y flora microsc\u00f3picas, as\u00ed como de pl\u00e1sticos!!<\/p>\t\t\t\t\t\t<\/div>\n\t\t\t\t<\/div>\n\t\t\t\t\t<\/div>\n\t\t<\/div>\n\t\t\t\t<div class=\"elementor-column elementor-col-50 elementor-inner-column elementor-element elementor-element-d3292cb\" data-id=\"d3292cb\" data-element_type=\"column\">\n\t\t\t<div class=\"elementor-widget-wrap elementor-element-populated\">\n\t\t\t\t\t\t\t\t<div class=\"elementor-element elementor-element-a97030d elementor-widget elementor-widget-image\" data-id=\"a97030d\" data-element_type=\"widget\" data-widget_type=\"image.default\">\n\t\t\t\t<div class=\"elementor-widget-container\">\n\t\t\t<style>\/*! elementor - v3.7.7 - 20-09-2022 *\/\n.elementor-widget-image{text-align:center}.elementor-widget-image a{display:inline-block}.elementor-widget-image a img[src$=\".svg\"]{width:48px}.elementor-widget-image img{vertical-align:middle;display:inline-block}<\/style>\t\t\t\t\t\t\t\t\t\t\t\t<img loading=\"lazy\" decoding=\"async\" width=\"400\" height=\"264\" src=\"https:\/\/www.ehu.eus\/PIE\/ez-nazazu-zapaldu\/wp-content\/uploads\/2025\/10\/Ez-nazazu-zapaldu-imagen.jpg\" class=\"attachment-large size-large\" alt=\"\" srcset=\"https:\/\/www.ehu.eus\/PIE\/ez-nazazu-zapaldu\/wp-content\/uploads\/2025\/10\/Ez-nazazu-zapaldu-imagen.jpg 400w, https:\/\/www.ehu.eus\/PIE\/ez-nazazu-zapaldu\/wp-content\/uploads\/2025\/10\/Ez-nazazu-zapaldu-imagen-300x198.jpg 300w\" sizes=\"(max-width: 400px) 100vw, 400px\" \/>\t\t\t\t\t\t\t\t\t\t\t\t\t\t\t<\/div>\n\t\t\t\t<\/div>\n\t\t\t\t\t<\/div>\n\t\t<\/div>\n\t\t\t\t\t\t\t<\/div>\n\t\t<\/section>\n\t\t\t\t<div class=\"elementor-element elementor-element-1783f24 elementor-widget elementor-widget-heading\" data-id=\"1783f24\" data-element_type=\"widget\" data-widget_type=\"heading.default\">\n\t\t\t\t<div class=\"elementor-widget-container\">\n\t\t\t<h2 class=\"elementor-heading-title elementor-size-default\">\u00bfC\u00f3mo lo vamos a hacer?<\/h2>\t\t<\/div>\n\t\t\t\t<\/div>\n\t\t\t\t<div class=\"elementor-element elementor-element-ba03c15 elementor-widget-divider--view-line elementor-widget elementor-widget-divider\" data-id=\"ba03c15\" data-element_type=\"widget\" data-widget_type=\"divider.default\">\n\t\t\t\t<div class=\"elementor-widget-container\">\n\t\t\t\t\t<div class=\"elementor-divider\">\n\t\t\t<span class=\"elementor-divider-separator\">\n\t\t\t\t\t\t<\/span>\n\t\t<\/div>\n\t\t\t\t<\/div>\n\t\t\t\t<\/div>\n\t\t\t\t<div class=\"elementor-element elementor-element-bdae796 elementor-widget elementor-widget-text-editor\" data-id=\"bdae796\" data-element_type=\"widget\" data-widget_type=\"text-editor.default\">\n\t\t\t\t<div class=\"elementor-widget-container\">\n\t\t\t\t\t\t\t<ul><li><strong>El PiE-UPV\/EHU formar\u00e1<\/strong> al personal responsable para llevar a cabo este proyecto. La formaci\u00f3n est\u00e1 dirigida a profesorado y\/o responsables de asociaciones y se realizar\u00e1 mediante <strong>un curso te\u00f3rico-pr\u00e1ctico (una sesi\u00f3n de 4 horas en los meses de Enero a Marzo)<\/strong> en el que se explicar\u00e1 c\u00f3mo realizar los\u00a0 muestreos de manera aut\u00f3noma utilizando procedimientos cient\u00edficos<b>.<br \/><\/b>\u00a0<\/li><li>El PiE-UPV\/EHU entregar\u00e1 el <strong>material<\/strong> para los muestreos al profesorado\/responsable de cada centro\/asociaci\u00f3n que haya participado en\u00a0 la formaci\u00f3n. Se tendr\u00e1 que <strong>inventariar el material<\/strong> y construir las <strong>herramientas<\/strong> necesarias para el muestreo.\u00a0 Las instrucciones y todo el contenido de la formaci\u00f3n estar\u00e1n disponibles online.\u00a0 Adem\u00e1s, el <strong>contacto y acompa\u00f1amiento\u00a0 del personal del PiE-UPV\/EHU ser\u00e1 constante durante todo el proceso de preparaci\u00f3n del muestreo.<\/strong><\/li><\/ul>\t\t\t\t\t\t<\/div>\n\t\t\t\t<\/div>\n\t\t\t\t<div class=\"elementor-element elementor-element-86bdecf elementor-align-left elementor-widget elementor-widget-button\" data-id=\"86bdecf\" data-element_type=\"widget\" data-widget_type=\"button.default\">\n\t\t\t\t<div class=\"elementor-widget-container\">\n\t\t\t\t\t<div class=\"elementor-button-wrapper\">\n\t\t\t<a class=\"elementor-button elementor-size-md\" role=\"button\">\n\t\t\t\t\t\t<span class=\"elementor-button-content-wrapper\">\n\t\t\t\t\t\t<span class=\"elementor-button-text\">Los resultados se presentar\u00e1n en el evento colectivo que se celebra en junio, en el que nos reuniremos con todos los centros y asociaciones participantes para compartir y celebrar lo aprendido durante el proyecto.<\/span>\n\t\t<\/span>\n\t\t\t\t\t<\/a>\n\t\t<\/div>\n\t\t\t\t<\/div>\n\t\t\t\t<\/div>\n\t\t\t\t\t<\/div>\n\t\t<\/div>\n\t\t\t\t\t\t\t<\/div>\n\t\t<\/section>\n\t\t\t\t\t\t\t<\/div>\n\t\t","protected":false},"excerpt":{"rendered":"<p>\u00bfQu\u00e9 vamos a hacer? Muestrear playas de nuestro territorio, centr\u00e1ndonos en los elementos del medio m\u00e1s peque\u00f1os que pasan desapercibidos normalmente, observ\u00e1ndolos a escala microsc\u00f3pica: Los peque\u00f1os organismos que viven en la arena: bacterias, microalgas y meio fauna Los diminutos organismos que viven en el agua: zooplancton y fitoplancton La contaminaci\u00f3n con (micro)pl\u00e1sticos Para ello, &#8230; <a title=\"\u00bfQu\u00e9 vamos a hacer? \u00bfC\u00f3mo?\" class=\"read-more\" href=\"https:\/\/www.ehu.eus\/PIE\/ez-nazazu-zapaldu\/es\/que-vamos-a-hacer-como\/\" aria-label=\"M\u00e1s en \u00bfQu\u00e9 vamos a hacer? \u00bfC\u00f3mo?\">Leer m\u00e1s<\/a><\/p>\n","protected":false},"author":3,"featured_media":0,"parent":0,"menu_order":0,"comment_status":"closed","ping_status":"closed","template":"","meta":{"footnotes":""},"_links":{"self":[{"href":"https:\/\/www.ehu.eus\/PIE\/ez-nazazu-zapaldu\/wp-json\/wp\/v2\/pages\/2219"}],"collection":[{"href":"https:\/\/www.ehu.eus\/PIE\/ez-nazazu-zapaldu\/wp-json\/wp\/v2\/pages"}],"about":[{"href":"https:\/\/www.ehu.eus\/PIE\/ez-nazazu-zapaldu\/wp-json\/wp\/v2\/types\/page"}],"author":[{"embeddable":true,"href":"https:\/\/www.ehu.eus\/PIE\/ez-nazazu-zapaldu\/wp-json\/wp\/v2\/users\/3"}],"replies":[{"embeddable":true,"href":"https:\/\/www.ehu.eus\/PIE\/ez-nazazu-zapaldu\/wp-json\/wp\/v2\/comments?post=2219"}],"version-history":[{"count":64,"href":"https:\/\/www.ehu.eus\/PIE\/ez-nazazu-zapaldu\/wp-json\/wp\/v2\/pages\/2219\/revisions"}],"predecessor-version":[{"id":5120,"href":"https:\/\/www.ehu.eus\/PIE\/ez-nazazu-zapaldu\/wp-json\/wp\/v2\/pages\/2219\/revisions\/5120"}],"wp:attachment":[{"href":"https:\/\/www.ehu.eus\/PIE\/ez-nazazu-zapaldu\/wp-json\/wp\/v2\/media?parent=2219"}],"curies":[{"name":"wp","href":"https:\/\/api.w.org\/{rel}","templated":true}]}}