{"id":2469,"date":"2022-11-23T14:09:35","date_gmt":"2022-11-23T14:09:35","guid":{"rendered":"https:\/\/www.ehu.eus\/PIE\/ez-nazazu-zapaldu\/aviso-legal\/"},"modified":"2022-11-25T21:43:02","modified_gmt":"2022-11-25T21:43:02","slug":"aviso-legal","status":"publish","type":"page","link":"https:\/\/www.ehu.eus\/PIE\/ez-nazazu-zapaldu\/es\/aviso-legal\/","title":{"rendered":"Pol\u00edtica de protecci\u00f3n de datos en servicios de red. Informaci\u00f3n legal"},"content":{"rendered":"<section id=\"Pol\u00edticadeprotecci\u00f3n1\" class=\"upv-ehu-image-description\">\n<header class=\"info-section\">\n<h2>Condiciones generales de uso del sitio web de la Universidad del Pa\u00eds Vasco &#8211; Euskal Herriko Unibertsitatea<\/h2>\n<\/header>\n<div class=\"main\">\n<p>Estas Condiciones Generales regulan el uso del sitio web de la UNIVERSIDAD DEL PA\u00cdS VASCO &#8211; EUSKAL HERRIKO UNIBERTSITATEA, al que se accede mediante la direcci\u00f3n URL\u00a0<a href=\"https:\/\/www.ehu.eus\/\">www.ehu.eus<\/a>.<\/p>\n<p>La existencia de las presentes Condiciones Generales de Uso no excluye la presencia de otras disposiciones o condiciones de acceso a las diversas secciones que componen el sitio de la UNIVERSIDAD DEL PA\u00cdS VASCO &#8211; EUSKAL HERRIKO UNIBERTSITATEA.<\/p>\n<\/div>\n<div class=\"backtop\"><\/div>\n<\/section>\n<section id=\"Pol\u00edticadeprotecci\u00f3n2\" class=\"upv-ehu-image-description\">\n<header class=\"info-section\">\n<h3>1. Aceptaci\u00f3n de las condiciones de uso<\/h3>\n<\/header>\n<div class=\"main\">\n<p>Las personas usuarias deber\u00e1n leer las presentes Condiciones Generales de Uso de esta p\u00e1gina web.<\/p>\n<p>El uso del sitio web de la UNIVERSIDAD DEL PA\u00cdS VASCO &#8211; EUSKAL HERRIKO UNIBERTSITATEA implica el conocimiento y plena aceptaci\u00f3n de las advertencias legales y condiciones vigentes en cada momento en que se acceda al mismo y que a continuaci\u00f3n se especifican.<\/p>\n<p>Asimismo, la utilizaci\u00f3n de determinados servicios de este sitio oficial puede estar sometida a condiciones especiales, advertencias o instrucciones que tambi\u00e9n deber\u00e1n ser consultadas y aceptadas sin reservas.<\/p>\n<\/div>\n<div class=\"backtop\"><\/div>\n<\/section>\n<section id=\"Pol\u00edticadeprotecci\u00f3n3\" class=\"upv-ehu-image-description\">\n<header class=\"info-section\">\n<h3>2. Informaci\u00f3n general<\/h3>\n<\/header>\n<div class=\"main\">\n<p>En cumplimiento de lo previsto en la Ley 34\/2002, de 11 de julio, de Servicios de la Sociedad de la Informaci\u00f3n y de Comercio Electr\u00f3nico, se informa que el sitio web www.ehu.eus ha sido creado, es mantenido y es propiedad de la UNIVERSIDAD DEL PA\u00cdS VASCO &#8211; EUSKAL HERRIKO UNIBERTSITATEA, denominaci\u00f3n otorgada por la\u00a0 Orden de 25 de febrero de 1980 (B.O.E. de 3 de marzo de 1980) y cuya direcci\u00f3n, a la que podr\u00e1n dirigirse las personas interesadas, es:<\/p>\n<p>UNIVERSIDAD DEL PA\u00cdS VASCO &#8211; EUSKAL HERRIKO UNIBERTSITATEA<br \/>\nCampus de Leioa<br \/>\n48949 Leioa<br \/>\nTel.: +34 94 601 20 00<br \/>\nFax: +34 94 601 22 00<\/p>\n<\/div>\n<div class=\"backtop\"><\/div>\n<\/section>\n<section id=\"Pol\u00edticadeprotecci\u00f3n4\" class=\"upv-ehu-image-description\">\n<header class=\"info-section\">\n<h3>3. Condiciones de acceso y utilizaci\u00f3n<\/h3>\n<\/header>\n<div class=\"main\">\n<h4>3.1 Gratuidad del acceso<\/h4>\n<p>La utilizaci\u00f3n del sitio oficial de la UNIVERSIDAD DEL PA\u00cdS VASCO &#8211; EUSKAL HERRIKO UNIBERTSITATEA posee car\u00e1cter gratuito. No obstante, la contrataci\u00f3n de algunos de los servicios que ofrece este sitio web puede estar, actualmente o en el futuro, condicionada al pago de un precio, en cuyo caso se indicar\u00e1 convenientemente.<\/p>\n<h4>3.2 Registro de las personas usuarias<\/h4>\n<p>Con car\u00e1cter general, el acceso y utilizaci\u00f3n de este sitio web no exige la previa inscripci\u00f3n o registro.<\/p>\n<p>Sin embargo, y con car\u00e1cter excepcional, el acceso a determinados servicios est\u00e1 supeditado al registro en las bases de datos de la UNIVERSIDAD DEL PA\u00cdS VASCO &#8211; EUSKAL HERRIKO UNIBERTSITATEA. En estos casos, los datos de car\u00e1cter personal facilitados a la UNIVERSIDAD DEL PA\u00cdS VASCO &#8211; EUSKAL HERRIKO UNIBERTSITATEA en consecuencia de la utilizaci\u00f3n del sitio web ser\u00e1n objeto de tratamiento por parte de la misma, en las condiciones y t\u00e9rminos especificados en la cl\u00e1usula 7 de las presentes Condiciones Generales de Uso.<\/p>\n<p>La persona usuaria se compromete a usar sus claves de acceso (identificador y contrase\u00f1a) de acuerdo con las siguientes restricciones:<\/p>\n<ul>\n<li>La contrase\u00f1a elegida no podr\u00e1 lesionar los derechos al honor y a la propia imagen de terceros, as\u00ed como tampoco infringir en modo alguno los derechos de propiedad industrial e intelectual de terceras partes.<\/li>\n<li>Las claves de acceso son para uso exclusivo de la persona titular de las mismas y su custodia, su confidencialidad y correcta utilizaci\u00f3n son de su exclusiva responsabilidad.<\/li>\n<li>La UNIVERSIDAD DEL PA\u00cdS VASCO &#8211; EUSKAL HERRIKO UNIBERTSITATEA no ser\u00e1 responsable por ning\u00fan perjuicio en que la persona usuaria o terceras partes puedan incurrir como consecuencia de que otras personas utilicen su contrase\u00f1a, tanto con su conocimiento como sin \u00e9l.<\/li>\n<li>La UNIVERSIDAD DEL PA\u00cdS VASCO &#8211; EUSKAL HERRIKO UNIBERTSITATEA se compromete a no divulgar la contrase\u00f1a utilizada por la persona usuaria a cualquier otra persona, excepto en el caso de que, en estricto cumplimiento de los pertinentes requerimientos judiciales o, en su caso, autoridad legalmente autorizada, le sea exigida.<\/li>\n<\/ul>\n<h4>3.3 Restricciones de acceso y uso<\/h4>\n<p>La utilizaci\u00f3n del sitio oficial de la UNIVERSIDAD DEL PA\u00cdS VASCO &#8211; EUSKAL HERRIKO UNIBERTSITATEA deber\u00e1 obedecer al contenido de estas Condiciones Generales, y a cualesquiera disposiciones legales aplicables.<\/p>\n<p>La UNIVERSIDAD DEL PA\u00cdS VASCO &#8211; EUSKAL HERRIKO UNIBERTSITATEA se reserva el derecho unilateral de denegar el acceso a este sitio web a aquellas personas que incumplan las presentes Condiciones Generales de Uso.<\/p>\n<\/div>\n<div class=\"backtop\"><\/div>\n<\/section>\n<section id=\"Pol\u00edticadeprotecci\u00f3n5\" class=\"upv-ehu-image-description\">\n<header class=\"info-section\">\n<h3>4. Propiedad industrial e intelectual<\/h3>\n<\/header>\n<div class=\"main\">\n<h4>4.1 Propiedad Industrial<\/h4>\n<p>La denominaci\u00f3n &#8220;UNIVERSIDAD DEL PA\u00cdS VASCO &#8211; EUSKAL HERRIKO UNIBERTSITATEA&#8221; as\u00ed como otros signos distintivos (gr\u00e1ficos o denominativos) que aparecen en este sitio web, son propiedad exclusiva de la UNIVERSIDAD DEL PA\u00cdS VASCO &#8211; EUSKAL HERRIKO UNIBERTSITATEA, quien los tiene debidamente registrados. Su titularidad le otorga, de conformidad con el Art. 34 de la Ley 17\/2001, de 17 de diciembre, de Marcas, as\u00ed como con otras legislaciones nacionales que pudieran ser aplicables, el derecho exclusivo de utilizar los antedichos signos distintivos en el tr\u00e1fico econ\u00f3mico. Por consiguiente, queda prohibida su utilizaci\u00f3n por parte de terceras partes que carezcan de autorizaci\u00f3n.<\/p>\n<p>La eventual presencia en este sitio de signos distintivos de titularidad ajena a la rese\u00f1ada en el p\u00e1rrafo precedente se efect\u00faa sin finalidad comercial y con la autorizaci\u00f3n de quienes ostentan su leg\u00edtima propiedad, siempre con el debido respeto a sus derechos de exclusiva.<\/p>\n<h4>4.2 Nombres de dominio<\/h4>\n<p>En el mismo sentido que lo referido en el apartado precedente, el nombre de dominio &#8220;ehu.eus&#8221; y todos aquellos que sirvan para acceder de forma directa al presente sitio oficial son de titularidad exclusiva de la UNIVERSIDAD DEL PA\u00cdS VASCO &#8211; EUSKAL HERRIKO UNIBERTSITATEA. La indebida utilizaci\u00f3n de los mismos en el tr\u00e1fico econ\u00f3mico supondr\u00eda una infracci\u00f3n de los derechos conferidos por su registro y ser\u00e1 perseguido por los medios previstos en la Ley.<\/p>\n<h4>4.3 Derechos de Autor\u00eda<\/h4>\n<ol>\n<li>Los contenidos, textos, fotograf\u00edas, dise\u00f1os, logotipos, im\u00e1genes, sonidos, v\u00eddeos, animaciones, grabaciones, programas de ordenador, c\u00f3digos fuente y, en general, cualquier creaci\u00f3n intelectual existente en este sitio oficial, as\u00ed como el propio sitio en su conjunto como obra art\u00edstica multimedia est\u00e1n protegidos como derechos de autor\u00eda por la legislaci\u00f3n en materia de propiedad intelectual.<\/li>\n<li>Quedan exceptuados de esta protecci\u00f3n aquellos archivos o programas de ordenador no titularidad de la UNIVERSIDAD DEL PA\u00cdS VASCO &#8211; EUSKAL HERRIKO UNIBERTSITATEA y de acceso gratuito (freeware) que pueden descargarse desde diversas p\u00e1ginas de este sitio con el fin de posibilitar el acceso a las mismas. Se trata, en todo caso, de aplicaciones que tienen el car\u00e1cter de dominio p\u00fablico por expresa voluntad de sus titulares.<\/li>\n<li>La persona usuaria queda expresamente autorizada por la UNIVERSIDAD DEL PA\u00cdS VASCO &#8211; EUSKAL HERRIKO UNIBERTSITATEA a visualizar, imprimir, copiar o almacenar, de cualquier otra forma, en su disco duro u otro soporte f\u00edsico, las creaciones intelectuales protegidas y cualquier otro contenido o activo amparado o no por un derecho de exclusiva, siempre que ello se efect\u00fae para fines personales y privados, sin finalidad comercial o de distribuci\u00f3n y sin modificar, alterar o descompilar los antedichos derechos y contenidos. Esta facultad de uso personal se entiende reconocida siempre y cuando se respeten intactas las advertencias a los derechos de autor\u00eda y de propiedad industrial aqu\u00ed realizadas y no supone la concesi\u00f3n de licencia alguna a la persona usuaria.<\/li>\n<li>Asimismo, los museos, bibliotecas, fonotecas, filmotecas, hemerotecas o archivos, de titularidad p\u00fablica o integradas en instituciones de car\u00e1cter cultural o cient\u00edfico, quedan exentas de requerir la autorizaci\u00f3n de la UNIVERSIDAD DEL PA\u00cdS VASCO &#8211; EUSKAL HERRIKO UNIBERTSITATEA por la reproducci\u00f3n del material contenido y, en general, de cualquier creaci\u00f3n intelectual existente en este sitio oficial o activo amparado o no por un derecho de exclusiva, cuando aquella se realice sin finalidad lucrativa y exclusivamente para fines de investigaci\u00f3n.<\/li>\n<li>Cualquier otra utilizaci\u00f3n requerir\u00e1 la autorizaci\u00f3n expresa y por escrito de la UNIVERSIDAD DEL PA\u00cdS VASCO &#8211; EUSKAL HERRIKO UNIBERTSITATEA.<\/li>\n<\/ol>\n<h4>4.4 Reserva de acciones<\/h4>\n<p>Quien haga uso de este sitio web se compromete a respetar los derechos enunciados y evitar cualquier actuaci\u00f3n que pudiera perjudicarlos.<\/p>\n<p>En consonancia con lo hasta ahora rese\u00f1ado, la utilizaci\u00f3n no autorizada de los derechos de propiedad industrial e intelectual titularidad de la UNIVERSIDAD DEL PA\u00cdS VASCO &#8211; EUSKAL HERRIKO UNIBERTSITATEA y relacionados o contenidos en este sitio web, as\u00ed como cualquier vulneraci\u00f3n de la pac\u00edfica posesi\u00f3n y titularidad de los antedichos derechos ser\u00e1 perseguida con los medios que la legislaci\u00f3n, tanto espa\u00f1ola como internacional, prev\u00e9n.<\/p>\n<p>En este sentido, UNIVERSIDAD DEL PA\u00cdS VASCO &#8211; EUSKAL HERRIKO UNIBERTSITATEA deja hecha expresa reserva del ejercicio de cuantas acciones, tanto civiles como penales, amparen sus leg\u00edtimos derechos de propiedad intelectual e industrial.<\/p>\n<\/div>\n<div class=\"backtop\"><\/div>\n<\/section>\n<section id=\"Pol\u00edticadeprotecci\u00f3n6\" class=\"upv-ehu-image-description\">\n<header class=\"info-section\">\n<h3>5. Enlaces<\/h3>\n<\/header>\n<div class=\"main\">\n<p>En el sitio web de la UNIVERSIDAD DEL PA\u00cdS VASCO &#8211; EUSKAL HERRIKO UNIBERTSITATEA se pueden encontrar diversos enlaces que conducen a p\u00e1ginas web independientes de \u00e9sta. Su \u00fanica finalidad es la de facilitar el acceso a otras fuentes de informaci\u00f3n en Internet relacionadas con la cultura y la educaci\u00f3n y su inserci\u00f3n en este sitio web est\u00e1 inspirada en el respeto de los derechos de propiedad intelectual que, en su caso, puedan corresponder a sus titulares.<\/p>\n<p>Asimismo, el establecimiento de enlaces al sitio web de la UNIVERSIDAD DEL PA\u00cdS VASCO &#8211; EUSKAL HERRIKO UNIBERTSITATEA deber\u00e1 respetar los derechos de propiedad intelectual y\/o industrial titularidad de la UNIVERSIDAD DEL PA\u00cdS VASCO &#8211; EUSKAL HERRIKO UNIBERTSITATEA rese\u00f1ados en estas Condiciones Generales.<\/p>\n<\/div>\n<div class=\"backtop\"><\/div>\n<\/section>\n<section id=\"Pol\u00edticadeprotecci\u00f3n7\" class=\"upv-ehu-image-description\">\n<header class=\"info-section\">\n<h3>6. Exenci\u00f3n de responsabilidad<\/h3>\n<\/header>\n<div class=\"main\">\n<h4>6.1. Por los contenidos<\/h4>\n<h5>6.1.1. INFORMACIONES<\/h5>\n<p>Las informaciones, tanto propias como de terceras partes, que aparecen en el sitio web &#8220;www.ehu.eus&#8221; se proporcionan &#8220;como est\u00e1n&#8221;, sin garant\u00edas de ning\u00fan tipo en cuanto a su exactitud y actualizaci\u00f3n. En consecuencia, la UNIVERSIDAD DEL PA\u00cdS VASCO &#8211; EUSKAL HERRIKO UNIBERTSITATEA no se hace responsable de los posibles perjuicios que la utilizaci\u00f3n de las mismas pudiera causar.<\/p>\n<p>Asimismo, la UNIVERSIDAD DEL PA\u00cdS VASCO &#8211; EUSKAL HERRIKO UNIBERTSITATEA no se hace responsable de la licitud del contenido suministrado por quienes lo proveen, personas usuarias y terceras partes a trav\u00e9s de cualquier manera de utilizaci\u00f3n de este sitio web.<\/p>\n<p>En cualquier caso, la UNIVERSIDAD DEL PA\u00cdS VASCO &#8211; EUSKAL HERRIKO UNIBERTSITATEA se compromete a actuar con diligencia para evitar la existencia en su sitio web de contenidos il\u00edcitos y, en caso de que tome conocimiento efectivo de estos contenidos, eliminarlos o impedir el acceso a los mismos.<\/p>\n<h5>6.1.2. ERRORES<\/h5>\n<p>En relaci\u00f3n con lo mencionado en el p\u00e1rrafo anterior, los documentos publicados podr\u00edan contener inconsistencias t\u00e9cnicas o errores tipogr\u00e1ficos involuntarios, de los cuales la UNIVERSIDAD DEL PA\u00cdS VASCO &#8211; EUSKAL HERRIKO UNIBERTSITATEA no se hace responsable, pero se compromete a subsanarlos, con la mayor brevedad posible, desde el momento en que tenga conocimiento de los mismos.<\/p>\n<h5>6.1.3. HIPERENLACES<\/h5>\n<p>Los enlaces, con o sin contenido publicitario, existentes en este sitio web permiten dejar el sitio web de la UNIVERSIDAD DEL PA\u00cdS VASCO &#8211; EUSKAL HERRIKO UNIBERTSITATEA. Los sitios enlazados no est\u00e1n relacionados, salvo indicaci\u00f3n en contrario, con la UNIVERSIDAD DEL PA\u00cdS VASCO &#8211; EUSKAL HERRIKO UNIBERTSITATEA, quien no se hace responsable de los contenidos a los que se acceda en virtud de los mencionados enlaces, ni de las modificaciones que se lleven a cabo en los mismos, ni del uso que de aquellos se realice, ni de la disponibilidad t\u00e9cnica de los mismos.<\/p>\n<p>En cualquier caso, la UNIVERSIDAD DEL PA\u00cdS VASCO &#8211; EUSKAL HERRIKO UNIBERTSITATEA se compromete a hacer lo posible por evitar la existencia en su sitio web de enlaces a sitios de contenido ilegal, que promuevan actividades il\u00edcitas y, en general, susceptibles de atentar contra los principios de libertad y de dignidad humana o vulneren los valores y derechos reconocidos por la Constituci\u00f3n espa\u00f1ola y por la Declaraci\u00f3n Universal de los Derechos Humanos.<\/p>\n<p>Asimismo, en caso de que tome conocimiento de la existencia de los antedichos enlaces a sitios de contenido ilegal, la UNIVERSIDAD DEL PA\u00cdS VASCO &#8211; EUSKAL HERRIKO UNIBERTSITATEA se compromete a actuar con diligencia para suprimirlos de forma inmediata.<\/p>\n<h5>6.1.4. FOROS DE DEBATE Y TERTULIAS<\/h5>\n<p>La UNIVERSIDAD DEL PA\u00cdS VASCO &#8211; EUSKAL HERRIKO UNIBERTSITATEA no es responsable de las opiniones que se pudieran expresar en los diferentes foros permanentes y en las tertulias ocasionales que se desarrollen en el seno de este sitio. En cualquier caso, es el prop\u00f3sito de la UNIVERSIDAD DEL PA\u00cdS VASCO &#8211; EUSKAL HERRIKO UNIBERTSITATEA procurar la correcta utilizaci\u00f3n de estos mecanismos, con el m\u00e1ximo respeto a la dignidad de las personas y a la libertad de expresi\u00f3n amparada por la Constituci\u00f3n espa\u00f1ola.<\/p>\n<h5>6.1.5. MODIFICACI\u00d3N DE CONTENIDOS<\/h5>\n<p>La informaci\u00f3n, la presentaci\u00f3n y los servicios que ofrece este sitio pueden ser sometidos a cambios peri\u00f3dicos o puntuales, susceptibles de ser efectuados libremente por la UNIVERSIDAD DEL PA\u00cdS VASCO &#8211; EUSKAL HERRIKO UNIBERTSITATEA sin que est\u00e9 obligada a comunicarlo.<\/p>\n<h4>6.2. Por el funcionamiento del sitio<\/h4>\n<h5>6.2.1. PRIVACIDAD<\/h5>\n<p>La UNIVERSIDAD DEL PA\u00cdS VASCO &#8211; EUSKAL HERRIKO UNIBERTSITATEA no garantiza privacidad absoluta en la utilizaci\u00f3n de este sitio, ya que no debe descartarse la posibilidad de que terceras partes no autorizadas puedan tener conocimiento de la misma y de las circunstancias en que se realiza.<\/p>\n<h5>6.2.2. VIRUS<\/h5>\n<p>La UNIVERSIDAD DEL PA\u00cdS VASCO &#8211; EUSKAL HERRIKO UNIBERTSITATEA no acepta ninguna responsabilidad por los posibles da\u00f1os causados por virus inform\u00e1ticos, cuya ausencia no queda garantizada.<\/p>\n<h5>6.2.3. DISFUNCIONES T\u00c9CNICAS<\/h5>\n<p>La UNIVERSIDAD DEL PA\u00cdS VASCO &#8211; EUSKAL HERRIKO UNIBERTSITATEA queda eximida de cualquier responsabilidad derivada del mal funcionamiento del sitio o de cualquiera de sus servicios que tenga su origen en una circunstancia accidental, fuerza mayor, trabajos necesarios de mantenimiento o cualquier otra causa no imputable a la misma.<\/p>\n<h5>6.2.4. COOKIES<\/h5>\n<p>La UNIVERSIDAD DEL PA\u00cdS VASCO &#8211; EUSKAL HERRIKO UNIBERTSITATEA informa de que podr\u00eda tener instalados &#8220;cookies&#8221; en sus sistemas. Las cookies son peque\u00f1os archivos de informaciones que se generan a trav\u00e9s de las instrucciones que los servidores web env\u00edan a los programas navegadores, y que se guardan en un directorio espec\u00edfico del ordenador que se est\u00e9 usando. Las cookies por s\u00ed mismas no pueden identificar de manera personal a la persona usuaria, aunque s\u00ed pueden contener la direcci\u00f3n IP desde la que se ha accedido.<\/p>\n<p>Aunque la mayor\u00eda de los navegadores aceptan la utilizaci\u00f3n de cookies de forma autom\u00e1tica, la persona usuaria tiene la posibilidad de impedir el acceso a su ordenador, mediante la elecci\u00f3n de la opci\u00f3n correspondiente de su navegador.<\/p>\n<h5>6.2.5. PROXY-CACH\u00c9<\/h5>\n<p>La UNIVERSIDAD DEL PA\u00cdS VASCO &#8211; EUSKAL HERRIKO UNIBERTSITATEA informa de que puede tener implementado un servicio denominado &#8220;proxy-cach\u00e9&#8221; cuya finalidad es el almacenamiento intermedio de p\u00e1ginas web y archivos ftp para la mejora del rendimiento de red as\u00ed como la verificaci\u00f3n de que no suponen un peligro para la red corporativa. Los ficheros de registro o &#8220;log&#8221; de dicho servicio, que contienen exclusivamente las direcciones URL solicitadas por cada IP, ser\u00e1n eliminados con la periodicidad que se determine de acuerdo con el Reglamento de Seguridad Inform\u00e1tica y sus datos no ser\u00e1n cedidos por la UNIVERSIDAD DEL PA\u00cdS VASCO &#8211; EUSKAL HERRIKO UNIBERTSITATEA excepto en el caso de que, en estricto cumplimiento de los pertinentes requerimientos judiciales o, en su caso, autoridad legalmente autorizada, le sean exigidos.<\/p>\n<h5>6.2.6. MONITORIZACI\u00d3N DEL SERVICIO DE RED<\/h5>\n<p>La UNIVERSIDAD DEL PA\u00cdS VASCO &#8211; EUSKAL HERRIKO UNIBERTSITATEA informa de que puede disponer de servicios de monitarizaci\u00f3n de la actividad de su red en previsi\u00f3n de incidencias que pongan en peligro la seguridad de los Sistemas de Informaci\u00f3n. Esta monitorizaci\u00f3n puede auxiliarse de un sistema de alertas que exija intervenciones puntuales que obliguen a la identificaci\u00f3n de equipos en situaci\u00f3n de generaci\u00f3n potencial de riesgo para, llegado el caso, aislarlo de la red hasta la normalizaci\u00f3n de su funcionamiento.<\/p>\n<\/div>\n<div class=\"backtop\"><\/div>\n<\/section>\n<section id=\"Pol\u00edticadeprotecci\u00f3n8\" class=\"upv-ehu-image-description\">\n<header class=\"info-section\">\n<h3>7. Pol\u00edtica de protecci\u00f3n de datos de car\u00e1cter personal<\/h3>\n<\/header>\n<div class=\"main\">\n<h4>7.1 Responsable del tratamiento<\/h4>\n<p>Los datos de car\u00e1cter personal que se pudieran recabar directamente de la persona interesada ser\u00e1n tratados de forma confidencial y quedar\u00e1n incorporados a la correspondiente actividad de tratamiento titularidad de\u00a0la UPV\/EHU.<\/p>\n<h4>7.2 Finalidad<\/h4>\n<p>La finalidad del tratamiento de los datos corresponde a cada una de las actividades de tratamiento que realiza la UPV\/EHU.<\/p>\n<h4>7.3 Legitimaci\u00f3n<\/h4>\n<p>El tratamiento de sus datos se realiza para el cumplimiento de obligaciones legales por parte de la UPV\/EHU, para el cumplimiento de misiones realizada en inter\u00e9s p\u00fablico o en el ejercicio de poderes p\u00fablicos conferidos a la UPV\/EHU, as\u00ed como cuando la finalidad del tratamiento requiera su consentimiento, que habr\u00e1 de ser prestado mediante una clara acci\u00f3n afirmativa.<\/p>\n<h4>7.4 Conservaci\u00f3n de datos<\/h4>\n<p>Los datos personales proporcionados se conservar\u00e1n durante el tiempo necesario para cumplir con la finalidad para la que se recaban y para determinar las posibles responsabilidades que se pudieran derivar de la finalidad, adem\u00e1s de los per\u00edodos establecidos en la normativa de archivos y documentaci\u00f3n.<\/p>\n<h4>7.5 Comunicaci\u00f3n de datos<\/h4>\n<p>Con car\u00e1cter general no se comunicar\u00e1n los datos personales a terceras partes, salvo que est\u00e9 as\u00ed previsto por la ley.<\/p>\n<h4>7.6 Derechos de las personas interesadas<\/h4>\n<p>Cualquier persona tiene derecho a obtener confirmaci\u00f3n sobre los tratamientos que de sus datos que se llevan a cabo por la UPV\/EHU.<\/p>\n<p>Puede ejercer sus derechos de acceso, rectificaci\u00f3n, supresi\u00f3n y portabilidad de sus datos, de limitaci\u00f3n y oposici\u00f3n a su tratamiento, as\u00ed como a no ser objeto de decisiones basadas \u00fanicamente en el tratamiento automatizado de sus datos, cuando procedan, ante la Universidad del Pa\u00eds Vasco \/ Euskal Herriko Unibertsitatea, a la atenci\u00f3n de la persona Delegada de Protecci\u00f3n de Datos, Barrio de Sarriena S\/N48940 Leioa (Bizkaia) o en la direcci\u00f3n de correo electr\u00f3nico\u00a0<a href=\"mailto:dpd@ehu.eus\">dpd@ehu.eus<\/a>.<\/p>\n<h4>7.7 Informaci\u00f3n adicional<\/h4>\n<p>Toda la informaci\u00f3n relativa a la pol\u00edtica de protecci\u00f3n de datos de la UPV\/EHU se encuentra disponible en el enlace\u00a0<a href=\"https:\/\/www.ehu.eus\/babestu\">https:\/\/www.ehu.eus\/babestu<\/a>, donde se podr\u00e1 consultar, entre otras, la relaci\u00f3n actualizada de las actividades de tratamiento que la UPV\/EHU lleva a cabo, la base legal para cada tratamiento, posibles destinatarios o destinatarias de los datos para cada una de las actividades de tratamiento, as\u00ed como informaci\u00f3n ampliada de cada uno de los derechos que le asisten en relaci\u00f3n con sus datos, incluyendo formularios estandarizados para facilitar su ejercicio.<\/p>\n<\/div>\n<div class=\"backtop\"><\/div>\n<\/section>\n<section id=\"Pol\u00edticadeprotecci\u00f3n9\" class=\"upv-ehu-image-description\">\n<header class=\"info-section\">\n<h3>8. Terminaci\u00f3n<\/h3>\n<\/header>\n<div class=\"main\">\n<p>Si bien, en principio, la duraci\u00f3n de este sitio es indeterminada, la UNIVERSIDAD DEL PA\u00cdS VASCO &#8211; EUSKAL HERRIKO UNIBERTSITATEA se reserva el derecho a suspender o dar por terminada la prestaci\u00f3n de algunos o todos sus servicios, sin que esta decisi\u00f3n deba ser comunicada con antelaci\u00f3n a quienes hacen uso del mismo.<\/p>\n<\/div>\n<div class=\"backtop\"><\/div>\n<\/section>\n<section id=\"Pol\u00edticadeprotecci\u00f3n10\" class=\"upv-ehu-image-description\">\n<header class=\"info-section\">\n<h3>9. Ley y jurisdicci\u00f3n aplicable<\/h3>\n<\/header>\n<div class=\"main\">\n<p>Las presentes Condiciones Generales de Uso se rigen por las Leyes espa\u00f1olas.<\/p>\n<p>Cualquier controversia en relaci\u00f3n con el sitio web de la UNIVERSIDAD DEL PA\u00cdS VASCO &#8211; EUSKAL HERRIKO UNIBERTSITATEA se sustanciar\u00e1 ante la jurisdicci\u00f3n espa\u00f1ola, someti\u00e9ndose las partes a los Juzgados y Tribunales de la ciudad de Bilbao, y sus superiores jer\u00e1rquicos, con expresa renuncia a sus fueros si lo tuvieren y fueran diferentes de los rese\u00f1ados.<\/p>\n<\/div>\n<\/section>\n","protected":false},"excerpt":{"rendered":"<p>Condiciones generales de uso del sitio web de la Universidad del Pa\u00eds Vasco &#8211; Euskal Herriko Unibertsitatea Estas Condiciones Generales regulan el uso del sitio web de la UNIVERSIDAD DEL PA\u00cdS VASCO &#8211; EUSKAL HERRIKO UNIBERTSITATEA, al que se accede mediante la direcci\u00f3n URL\u00a0www.ehu.eus. La existencia de las presentes Condiciones Generales de Uso no excluye &#8230; <a title=\"Pol\u00edtica de protecci\u00f3n de datos en servicios de red. Informaci\u00f3n legal\" class=\"read-more\" href=\"https:\/\/www.ehu.eus\/PIE\/ez-nazazu-zapaldu\/es\/aviso-legal\/\" aria-label=\"M\u00e1s en Pol\u00edtica de protecci\u00f3n de datos en servicios de red. Informaci\u00f3n legal\">Leer m\u00e1s<\/a><\/p>\n","protected":false},"author":3,"featured_media":0,"parent":0,"menu_order":0,"comment_status":"closed","ping_status":"closed","template":"templates\/template-onecolumn.php","meta":{"footnotes":""},"_links":{"self":[{"href":"https:\/\/www.ehu.eus\/PIE\/ez-nazazu-zapaldu\/wp-json\/wp\/v2\/pages\/2469"}],"collection":[{"href":"https:\/\/www.ehu.eus\/PIE\/ez-nazazu-zapaldu\/wp-json\/wp\/v2\/pages"}],"about":[{"href":"https:\/\/www.ehu.eus\/PIE\/ez-nazazu-zapaldu\/wp-json\/wp\/v2\/types\/page"}],"author":[{"embeddable":true,"href":"https:\/\/www.ehu.eus\/PIE\/ez-nazazu-zapaldu\/wp-json\/wp\/v2\/users\/3"}],"replies":[{"embeddable":true,"href":"https:\/\/www.ehu.eus\/PIE\/ez-nazazu-zapaldu\/wp-json\/wp\/v2\/comments?post=2469"}],"version-history":[{"count":9,"href":"https:\/\/www.ehu.eus\/PIE\/ez-nazazu-zapaldu\/wp-json\/wp\/v2\/pages\/2469\/revisions"}],"predecessor-version":[{"id":2680,"href":"https:\/\/www.ehu.eus\/PIE\/ez-nazazu-zapaldu\/wp-json\/wp\/v2\/pages\/2469\/revisions\/2680"}],"wp:attachment":[{"href":"https:\/\/www.ehu.eus\/PIE\/ez-nazazu-zapaldu\/wp-json\/wp\/v2\/media?parent=2469"}],"curies":[{"name":"wp","href":"https:\/\/api.w.org\/{rel}","templated":true}]}}