{"id":2914,"date":"2023-05-30T08:50:52","date_gmt":"2023-05-30T08:50:52","guid":{"rendered":"https:\/\/www.ehu.eus\/PIE\/ez-nazazu-zapaldu\/?page_id=2914"},"modified":"2025-10-22T15:35:30","modified_gmt":"2025-10-22T15:35:30","slug":"evento-final-colectivo-premios-2","status":"publish","type":"page","link":"https:\/\/www.ehu.eus\/PIE\/ez-nazazu-zapaldu\/es\/evento-final-colectivo-premios-2\/","title":{"rendered":"Evento final colectivo &#8211; Premios"},"content":{"rendered":"\t\t<div data-elementor-type=\"wp-page\" data-elementor-id=\"2914\" class=\"elementor elementor-2914\">\n\t\t\t\t\t\t\t\t\t<section class=\"elementor-section elementor-top-section elementor-element elementor-element-a0b77b8 elementor-section-boxed elementor-section-height-default elementor-section-height-default\" data-id=\"a0b77b8\" data-element_type=\"section\">\n\t\t\t\t\t\t<div class=\"elementor-container elementor-column-gap-default\">\n\t\t\t\t\t<div class=\"elementor-column elementor-col-100 elementor-top-column elementor-element elementor-element-02390ef\" data-id=\"02390ef\" data-element_type=\"column\">\n\t\t\t<div class=\"elementor-widget-wrap elementor-element-populated\">\n\t\t\t\t\t\t\t\t<div class=\"elementor-element elementor-element-3045352 elementor-widget elementor-widget-heading\" data-id=\"3045352\" data-element_type=\"widget\" data-widget_type=\"heading.default\">\n\t\t\t\t<div class=\"elementor-widget-container\">\n\t\t\t<style>\/*! elementor - v3.7.7 - 20-09-2022 *\/\n.elementor-heading-title{padding:0;margin:0;line-height:1}.elementor-widget-heading .elementor-heading-title[class*=elementor-size-]>a{color:inherit;font-size:inherit;line-height:inherit}.elementor-widget-heading .elementor-heading-title.elementor-size-small{font-size:15px}.elementor-widget-heading .elementor-heading-title.elementor-size-medium{font-size:19px}.elementor-widget-heading .elementor-heading-title.elementor-size-large{font-size:29px}.elementor-widget-heading .elementor-heading-title.elementor-size-xl{font-size:39px}.elementor-widget-heading .elementor-heading-title.elementor-size-xxl{font-size:59px}<\/style><h2 class=\"elementor-heading-title elementor-size-default\">Evento final colectivo \u2192 Premiados<\/h2>\t\t<\/div>\n\t\t\t\t<\/div>\n\t\t\t\t<div class=\"elementor-element elementor-element-d27c2fc elementor-widget-divider--view-line elementor-widget elementor-widget-divider\" data-id=\"d27c2fc\" data-element_type=\"widget\" data-widget_type=\"divider.default\">\n\t\t\t\t<div class=\"elementor-widget-container\">\n\t\t\t<style>\/*! elementor - v3.7.7 - 20-09-2022 *\/\n.elementor-widget-divider{--divider-border-style:none;--divider-border-width:1px;--divider-color:#2c2c2c;--divider-icon-size:20px;--divider-element-spacing:10px;--divider-pattern-height:24px;--divider-pattern-size:20px;--divider-pattern-url:none;--divider-pattern-repeat:repeat-x}.elementor-widget-divider .elementor-divider{display:-webkit-box;display:-ms-flexbox;display:flex}.elementor-widget-divider .elementor-divider__text{font-size:15px;line-height:1;max-width:95%}.elementor-widget-divider .elementor-divider__element{margin:0 var(--divider-element-spacing);-ms-flex-negative:0;flex-shrink:0}.elementor-widget-divider .elementor-icon{font-size:var(--divider-icon-size)}.elementor-widget-divider .elementor-divider-separator{display:-webkit-box;display:-ms-flexbox;display:flex;margin:0;direction:ltr}.elementor-widget-divider--view-line_icon .elementor-divider-separator,.elementor-widget-divider--view-line_text .elementor-divider-separator{-webkit-box-align:center;-ms-flex-align:center;align-items:center}.elementor-widget-divider--view-line_icon .elementor-divider-separator:after,.elementor-widget-divider--view-line_icon .elementor-divider-separator:before,.elementor-widget-divider--view-line_text .elementor-divider-separator:after,.elementor-widget-divider--view-line_text .elementor-divider-separator:before{display:block;content:\"\";border-bottom:0;-webkit-box-flex:1;-ms-flex-positive:1;flex-grow:1;border-top:var(--divider-border-width) var(--divider-border-style) var(--divider-color)}.elementor-widget-divider--element-align-left .elementor-divider .elementor-divider-separator>.elementor-divider__svg:first-of-type{-webkit-box-flex:0;-ms-flex-positive:0;flex-grow:0;-ms-flex-negative:100;flex-shrink:100}.elementor-widget-divider--element-align-left .elementor-divider-separator:before{content:none}.elementor-widget-divider--element-align-left .elementor-divider__element{margin-left:0}.elementor-widget-divider--element-align-right .elementor-divider .elementor-divider-separator>.elementor-divider__svg:last-of-type{-webkit-box-flex:0;-ms-flex-positive:0;flex-grow:0;-ms-flex-negative:100;flex-shrink:100}.elementor-widget-divider--element-align-right .elementor-divider-separator:after{content:none}.elementor-widget-divider--element-align-right .elementor-divider__element{margin-right:0}.elementor-widget-divider:not(.elementor-widget-divider--view-line_text):not(.elementor-widget-divider--view-line_icon) .elementor-divider-separator{border-top:var(--divider-border-width) var(--divider-border-style) var(--divider-color)}.elementor-widget-divider--separator-type-pattern{--divider-border-style:none}.elementor-widget-divider--separator-type-pattern.elementor-widget-divider--view-line .elementor-divider-separator,.elementor-widget-divider--separator-type-pattern:not(.elementor-widget-divider--view-line) .elementor-divider-separator:after,.elementor-widget-divider--separator-type-pattern:not(.elementor-widget-divider--view-line) .elementor-divider-separator:before,.elementor-widget-divider--separator-type-pattern:not([class*=elementor-widget-divider--view]) .elementor-divider-separator{width:100%;min-height:var(--divider-pattern-height);-webkit-mask-size:var(--divider-pattern-size) 100%;mask-size:var(--divider-pattern-size) 100%;-webkit-mask-repeat:var(--divider-pattern-repeat);mask-repeat:var(--divider-pattern-repeat);background-color:var(--divider-color);-webkit-mask-image:var(--divider-pattern-url);mask-image:var(--divider-pattern-url)}.elementor-widget-divider--no-spacing{--divider-pattern-size:auto}.elementor-widget-divider--bg-round{--divider-pattern-repeat:round}.rtl .elementor-widget-divider .elementor-divider__text{direction:rtl}.e-container>.elementor-widget-divider{width:var(--container-widget-width,100%);--flex-grow:var(--container-widget-flex-grow,0)}<\/style>\t\t<div class=\"elementor-divider\">\n\t\t\t<span class=\"elementor-divider-separator\">\n\t\t\t\t\t\t<\/span>\n\t\t<\/div>\n\t\t\t\t<\/div>\n\t\t\t\t<\/div>\n\t\t\t\t<div class=\"elementor-element elementor-element-6027696 elementor-invisible elementor-widget elementor-widget-text-editor\" data-id=\"6027696\" data-element_type=\"widget\" data-settings=\"{&quot;_animation&quot;:&quot;fadeInLeft&quot;}\" data-widget_type=\"text-editor.default\">\n\t\t\t\t<div class=\"elementor-widget-container\">\n\t\t\t<style>\/*! elementor - v3.7.7 - 20-09-2022 *\/\n.elementor-widget-text-editor.elementor-drop-cap-view-stacked .elementor-drop-cap{background-color:#818a91;color:#fff}.elementor-widget-text-editor.elementor-drop-cap-view-framed .elementor-drop-cap{color:#818a91;border:3px solid;background-color:transparent}.elementor-widget-text-editor:not(.elementor-drop-cap-view-default) .elementor-drop-cap{margin-top:8px}.elementor-widget-text-editor:not(.elementor-drop-cap-view-default) .elementor-drop-cap-letter{width:1em;height:1em}.elementor-widget-text-editor .elementor-drop-cap{float:left;text-align:center;line-height:1;font-size:50px}.elementor-widget-text-editor .elementor-drop-cap-letter{display:inline-block}<\/style>\t\t\t\t<p>Los trabajos que pueden ser premiados en base a dos categor\u00edas:\u00a0<\/p><p><span style=\"font-weight: 400;\"><img loading=\"lazy\" decoding=\"async\" class=\"alignleft wp-image-2732\" src=\"https:\/\/www.ehu.eus\/PIE\/ez-nazazu-zapaldu\/wp-content\/uploads\/2022\/12\/Atencion-no-me-aplastes2.jpg\" alt=\"\" width=\"70\" height=\"40\" \/><span style=\"color: #1ea4c8;\"><strong>CATEGOR\u00cdA A<\/strong><\/span><\/span><span style=\"font-weight: 400;\"> &#8211; <\/span>El trabajo que resulte merecedor de un reconocimiento atendiendo a la evoluci\u00f3n del proyecto, resultados obtenidos, calidad de los resultados cient\u00edficos.<\/p><p><span style=\"font-weight: 400;\"><img loading=\"lazy\" decoding=\"async\" class=\"alignleft wp-image-2732\" src=\"https:\/\/www.ehu.eus\/PIE\/ez-nazazu-zapaldu\/wp-content\/uploads\/2022\/12\/Atencion-no-me-aplastes2.jpg\" alt=\"\" width=\"70\" height=\"40\" \/><span style=\"color: #1ea4c8;\"><strong>CATEGOR\u00cdA B<\/strong><\/span><\/span><span style=\"font-weight: 400;\"> &#8211; <\/span>El trabajo que merezca ser reconocido por la originalidad, el esfuerzo, dedicaci\u00f3n, y adaptaci\u00f3n a las caracter\u00edsticas de las personas implicadas.<\/p>\t\t\t\t\t\t<\/div>\n\t\t\t\t<\/div>\n\t\t\t\t<section class=\"elementor-section elementor-inner-section elementor-element elementor-element-6bce49b elementor-section-boxed elementor-section-height-default elementor-section-height-default elementor-invisible\" data-id=\"6bce49b\" data-element_type=\"section\" data-settings=\"{&quot;animation&quot;:&quot;fadeInRight&quot;}\">\n\t\t\t\t\t\t<div class=\"elementor-container elementor-column-gap-default\">\n\t\t\t\t\t<div class=\"elementor-column elementor-col-50 elementor-inner-column elementor-element elementor-element-d4db5a4\" data-id=\"d4db5a4\" data-element_type=\"column\">\n\t\t\t<div class=\"elementor-widget-wrap elementor-element-populated\">\n\t\t\t\t\t\t\t\t<div class=\"elementor-element elementor-element-12e1b9e elementor-widget elementor-widget-text-editor\" data-id=\"12e1b9e\" data-element_type=\"widget\" data-widget_type=\"text-editor.default\">\n\t\t\t\t<div class=\"elementor-widget-container\">\n\t\t\t\t\t\t\t<p>Jurado: representantes de la FCT-ZTF de la UPV\/EHU, personal investigador y representante del PiE-UPV\/EHU y alguien del equipo \u201c\u00a1Atenci\u00f3n! \u00a1No me aplastes!\u201d.\u202f\u00a0<\/p><p>\u00a1Los grupos premiados se dan a conocer el d\u00eda del evento final!\u00a0<\/p>\t\t\t\t\t\t<\/div>\n\t\t\t\t<\/div>\n\t\t\t\t\t<\/div>\n\t\t<\/div>\n\t\t\t\t<div class=\"elementor-column elementor-col-50 elementor-inner-column elementor-element elementor-element-a1dd375\" data-id=\"a1dd375\" data-element_type=\"column\">\n\t\t\t<div class=\"elementor-widget-wrap elementor-element-populated\">\n\t\t\t\t\t\t\t\t<div class=\"elementor-element elementor-element-e28edfd elementor-widget elementor-widget-image\" data-id=\"e28edfd\" data-element_type=\"widget\" data-widget_type=\"image.default\">\n\t\t\t\t<div class=\"elementor-widget-container\">\n\t\t\t<style>\/*! elementor - v3.7.7 - 20-09-2022 *\/\n.elementor-widget-image{text-align:center}.elementor-widget-image a{display:inline-block}.elementor-widget-image a img[src$=\".svg\"]{width:48px}.elementor-widget-image img{vertical-align:middle;display:inline-block}<\/style>\t\t\t\t\t\t\t\t\t\t\t\t<img loading=\"lazy\" decoding=\"async\" width=\"600\" height=\"450\" src=\"https:\/\/www.ehu.eus\/PIE\/ez-nazazu-zapaldu\/wp-content\/uploads\/2024\/05\/Evento-final.jpg\" class=\"attachment-large size-large\" alt=\"\" srcset=\"https:\/\/www.ehu.eus\/PIE\/ez-nazazu-zapaldu\/wp-content\/uploads\/2024\/05\/Evento-final.jpg 600w, https:\/\/www.ehu.eus\/PIE\/ez-nazazu-zapaldu\/wp-content\/uploads\/2024\/05\/Evento-final-300x225.jpg 300w\" sizes=\"(max-width: 600px) 100vw, 600px\" \/>\t\t\t\t\t\t\t\t\t\t\t\t\t\t\t<\/div>\n\t\t\t\t<\/div>\n\t\t\t\t\t<\/div>\n\t\t<\/div>\n\t\t\t\t\t\t\t<\/div>\n\t\t<\/section>\n\t\t\t\t\t<\/div>\n\t\t<\/div>\n\t\t\t\t\t\t\t<\/div>\n\t\t<\/section>\n\t\t\t\t<section class=\"elementor-section elementor-top-section elementor-element elementor-element-07d080e elementor-section-boxed elementor-section-height-default elementor-section-height-default\" data-id=\"07d080e\" data-element_type=\"section\">\n\t\t\t\t\t\t<div class=\"elementor-container elementor-column-gap-default\">\n\t\t\t\t\t<div class=\"elementor-column elementor-col-100 elementor-top-column elementor-element elementor-element-2318474\" data-id=\"2318474\" data-element_type=\"column\">\n\t\t\t<div class=\"elementor-widget-wrap elementor-element-populated\">\n\t\t\t\t\t\t\t\t<div class=\"elementor-element elementor-element-96bd2aa elementor-widget elementor-widget-spacer\" data-id=\"96bd2aa\" data-element_type=\"widget\" data-widget_type=\"spacer.default\">\n\t\t\t\t<div class=\"elementor-widget-container\">\n\t\t\t<style>\/*! elementor - v3.7.7 - 20-09-2022 *\/\n.elementor-column .elementor-spacer-inner{height:var(--spacer-size)}.e-container{--container-widget-width:100%}.e-container>.elementor-widget-spacer{width:var(--container-widget-width,var(--spacer-size));-ms-flex-item-align:stretch;align-self:stretch;-ms-flex-negative:0;flex-shrink:0}.e-container>.elementor-widget-spacer>.elementor-widget-container,.e-container>.elementor-widget-spacer>.elementor-widget-container>.elementor-spacer{height:100%}.e-container>.elementor-widget-spacer>.elementor-widget-container>.elementor-spacer>.elementor-spacer-inner{height:var(--container-widget-height,var(--spacer-size))}<\/style>\t\t<div class=\"elementor-spacer\">\n\t\t\t<div class=\"elementor-spacer-inner\"><\/div>\n\t\t<\/div>\n\t\t\t\t<\/div>\n\t\t\t\t<\/div>\n\t\t\t\t<section class=\"elementor-section elementor-inner-section elementor-element elementor-element-e96155a elementor-section-boxed elementor-section-height-default elementor-section-height-default\" data-id=\"e96155a\" data-element_type=\"section\">\n\t\t\t\t\t\t<div class=\"elementor-container elementor-column-gap-default\">\n\t\t\t\t\t<div class=\"elementor-column elementor-col-100 elementor-inner-column elementor-element elementor-element-7da498e\" data-id=\"7da498e\" data-element_type=\"column\">\n\t\t\t<div class=\"elementor-widget-wrap elementor-element-populated\">\n\t\t\t\t\t\t\t\t<div class=\"elementor-element elementor-element-8d64503 elementor-widget elementor-widget-text-editor\" data-id=\"8d64503\" data-element_type=\"widget\" data-widget_type=\"text-editor.default\">\n\t\t\t\t<div class=\"elementor-widget-container\">\n\t\t\t\t\t\t\t<p><a href=\"https:\/\/www.ikertzaileengaua-ehu.org\/\" target=\"_blank\" rel=\"noopener\"><img loading=\"lazy\" decoding=\"async\" class=\"wp-image-4446 alignleft\" src=\"https:\/\/www.ehu.eus\/PIE\/ez-nazazu-zapaldu\/wp-content\/uploads\/2025\/03\/Noche-Europea.jpg\" alt=\"\" width=\"67\" height=\"70\" \/><\/a><em>Este evento est\u00e1 definido como &#8220;otra actividad&#8221; dentro del proyecto de las instituciones que integran el Grupo 9 de Universidades (G-9) para celebrar de manera conjunta la Noche Europea de las Investigadoras y de los Investigadores 2025.<\/em><\/p><p><em><img loading=\"lazy\" decoding=\"async\" class=\"alignleft wp-image-3779\" src=\"https:\/\/www.ehu.eus\/PIE\/ez-nazazu-zapaldu\/wp-content\/uploads\/2024\/05\/UE.jpg\" alt=\"\" width=\"104\" height=\"70\" \/>El evento est\u00e1 financiado por la Oficina de Difusi\u00f3n social de la Investigaci\u00f3n de al UPV\/EHU gracias a la financiaci\u00f3n de la Uni\u00f3n Europea dentro Horizonte Europa: Programa Marco de Investigaci\u00f3n e Innovaci\u00f3n, bajo el acuerdo de subvenci\u00f3n n\u00famero 101162477.<\/em><\/p>\t\t\t\t\t\t<\/div>\n\t\t\t\t<\/div>\n\t\t\t\t<div class=\"elementor-element elementor-element-30fa588 elementor-widget elementor-widget-spacer\" data-id=\"30fa588\" data-element_type=\"widget\" data-widget_type=\"spacer.default\">\n\t\t\t\t<div class=\"elementor-widget-container\">\n\t\t\t\t\t<div class=\"elementor-spacer\">\n\t\t\t<div class=\"elementor-spacer-inner\"><\/div>\n\t\t<\/div>\n\t\t\t\t<\/div>\n\t\t\t\t<\/div>\n\t\t\t\t\t<\/div>\n\t\t<\/div>\n\t\t\t\t\t\t\t<\/div>\n\t\t<\/section>\n\t\t\t\t\t<\/div>\n\t\t<\/div>\n\t\t\t\t\t\t\t<\/div>\n\t\t<\/section>\n\t\t\t\t\t\t\t<\/div>\n\t\t","protected":false},"excerpt":{"rendered":"<p>Evento final colectivo \u2192 Premiados Los trabajos que pueden ser premiados en base a dos categor\u00edas:\u00a0 CATEGOR\u00cdA A &#8211; El trabajo que resulte merecedor de un reconocimiento atendiendo a la evoluci\u00f3n del proyecto, resultados obtenidos, calidad de los resultados cient\u00edficos. CATEGOR\u00cdA B &#8211; El trabajo que merezca ser reconocido por la originalidad, el esfuerzo, dedicaci\u00f3n, &#8230; <a title=\"Evento final colectivo &#8211; Premios\" class=\"read-more\" href=\"https:\/\/www.ehu.eus\/PIE\/ez-nazazu-zapaldu\/es\/evento-final-colectivo-premios-2\/\" aria-label=\"M\u00e1s en Evento final colectivo &#8211; Premios\">Leer m\u00e1s<\/a><\/p>\n","protected":false},"author":3,"featured_media":0,"parent":0,"menu_order":0,"comment_status":"closed","ping_status":"closed","template":"","meta":{"footnotes":""},"_links":{"self":[{"href":"https:\/\/www.ehu.eus\/PIE\/ez-nazazu-zapaldu\/wp-json\/wp\/v2\/pages\/2914"}],"collection":[{"href":"https:\/\/www.ehu.eus\/PIE\/ez-nazazu-zapaldu\/wp-json\/wp\/v2\/pages"}],"about":[{"href":"https:\/\/www.ehu.eus\/PIE\/ez-nazazu-zapaldu\/wp-json\/wp\/v2\/types\/page"}],"author":[{"embeddable":true,"href":"https:\/\/www.ehu.eus\/PIE\/ez-nazazu-zapaldu\/wp-json\/wp\/v2\/users\/3"}],"replies":[{"embeddable":true,"href":"https:\/\/www.ehu.eus\/PIE\/ez-nazazu-zapaldu\/wp-json\/wp\/v2\/comments?post=2914"}],"version-history":[{"count":28,"href":"https:\/\/www.ehu.eus\/PIE\/ez-nazazu-zapaldu\/wp-json\/wp\/v2\/pages\/2914\/revisions"}],"predecessor-version":[{"id":4721,"href":"https:\/\/www.ehu.eus\/PIE\/ez-nazazu-zapaldu\/wp-json\/wp\/v2\/pages\/2914\/revisions\/4721"}],"wp:attachment":[{"href":"https:\/\/www.ehu.eus\/PIE\/ez-nazazu-zapaldu\/wp-json\/wp\/v2\/media?parent=2914"}],"curies":[{"name":"wp","href":"https:\/\/api.w.org\/{rel}","templated":true}]}}