{"id":3948,"date":"2023-12-12T16:23:17","date_gmt":"2023-12-12T16:23:17","guid":{"rendered":"https:\/\/www.ehu.eus\/PIE\/sareus\/?page_id=3948"},"modified":"2023-12-27T14:07:43","modified_gmt":"2023-12-27T14:07:43","slug":"ikerkuntza","status":"publish","type":"page","link":"https:\/\/www.ehu.eus\/PIE\/sareus\/ikerkuntza\/","title":{"rendered":"Ikerkuntza"},"content":{"rendered":"\t\t<div data-elementor-type=\"wp-page\" data-elementor-id=\"3948\" class=\"elementor elementor-3948\">\n\t\t\t\t\t\t\t\t\t<section class=\"elementor-section elementor-top-section elementor-element elementor-element-6fba233 elementor-section-full_width elementor-section-stretched elementor-section-height-default elementor-section-height-default\" data-id=\"6fba233\" data-element_type=\"section\" data-settings=\"{&quot;stretch_section&quot;:&quot;section-stretched&quot;}\">\n\t\t\t\t\t\t<div class=\"elementor-container elementor-column-gap-no\">\n\t\t\t\t\t<div class=\"elementor-column elementor-col-100 elementor-top-column elementor-element elementor-element-61f573b\" data-id=\"61f573b\" data-element_type=\"column\">\n\t\t\t<div class=\"elementor-widget-wrap elementor-element-populated\">\n\t\t\t\t\t\t\t\t\t<\/div>\n\t\t<\/div>\n\t\t\t\t\t\t\t<\/div>\n\t\t<\/section>\n\t\t\t\t<section class=\"elementor-section elementor-top-section elementor-element elementor-element-e972de2 elementor-section-full_width elementor-section-height-default elementor-section-height-default\" data-id=\"e972de2\" data-element_type=\"section\">\n\t\t\t\t\t\t<div class=\"elementor-container elementor-column-gap-default\">\n\t\t\t\t\t<div class=\"elementor-column elementor-col-100 elementor-top-column elementor-element elementor-element-d8b552a\" data-id=\"d8b552a\" data-element_type=\"column\">\n\t\t\t<div class=\"elementor-widget-wrap elementor-element-populated\">\n\t\t\t\t\t\t\t\t<section class=\"elementor-section elementor-inner-section elementor-element elementor-element-1227d44 elementor-section-full_width elementor-section-height-default elementor-section-height-default\" data-id=\"1227d44\" data-element_type=\"section\" data-settings=\"{&quot;background_background&quot;:&quot;classic&quot;}\">\n\t\t\t\t\t\t\t<div class=\"elementor-background-overlay\"><\/div>\n\t\t\t\t\t\t\t<div class=\"elementor-container elementor-column-gap-default\">\n\t\t\t\t\t<div class=\"elementor-column elementor-col-50 elementor-inner-column elementor-element elementor-element-f8c36e6\" data-id=\"f8c36e6\" data-element_type=\"column\" data-settings=\"{&quot;background_background&quot;:&quot;classic&quot;}\">\n\t\t\t<div class=\"elementor-widget-wrap elementor-element-populated\">\n\t\t\t\t\t\t\t\t<div class=\"elementor-element elementor-element-b435f4b elementor-widget elementor-widget-text-editor\" data-id=\"b435f4b\" data-element_type=\"widget\" data-widget_type=\"text-editor.default\">\n\t\t\t\t<div class=\"elementor-widget-container\">\n\t\t\t<style>\/*! elementor - v3.18.0 - 08-12-2023 *\/\n.elementor-widget-text-editor.elementor-drop-cap-view-stacked .elementor-drop-cap{background-color:#69727d;color:#fff}.elementor-widget-text-editor.elementor-drop-cap-view-framed .elementor-drop-cap{color:#69727d;border:3px solid;background-color:transparent}.elementor-widget-text-editor:not(.elementor-drop-cap-view-default) .elementor-drop-cap{margin-top:8px}.elementor-widget-text-editor:not(.elementor-drop-cap-view-default) .elementor-drop-cap-letter{width:1em;height:1em}.elementor-widget-text-editor .elementor-drop-cap{float:left;text-align:center;line-height:1;font-size:50px}.elementor-widget-text-editor .elementor-drop-cap-letter{display:inline-block}<\/style>\t\t\t\t<p>Los datos de base y la informaci\u00f3n proveniente del an\u00e1lisis cient\u00edfico de las muestras recogidas en los varamientos son una de las pocas fuentes de informaci\u00f3n sobre estos taxones salvajes. La investigaci\u00f3n es imprescindible para conocer par\u00e1metros que permitan analizar el estado de salud de las poblaciones, informaci\u00f3n ecobiol\u00f3gica (dieta, edad, reproducci\u00f3n), identidad y salud individual; distribuci\u00f3n, uso del h\u00e1bitat y estructura de los grupos; adem\u00e1s de las principales causas de mortalidad, naturales o antropog\u00e9nicas. Toda esta informaci\u00f3n sirve para aumentar el conocimiento sobre los cet\u00e1ceos del Golfo de Bizkaia, y puede ayudar a la toma de decisiones y el dise\u00f1o de medidas de gesti\u00f3n para contribuir a la conservaci\u00f3n de la biodiversidad y la protecci\u00f3n de dichos taxones.<\/p>\t\t\t\t\t\t<\/div>\n\t\t\t\t<\/div>\n\t\t\t\t\t<\/div>\n\t\t<\/div>\n\t\t\t\t<div class=\"elementor-column elementor-col-50 elementor-inner-column elementor-element elementor-element-8ce2bb5\" data-id=\"8ce2bb5\" data-element_type=\"column\" data-settings=\"{&quot;background_background&quot;:&quot;classic&quot;}\">\n\t\t\t<div class=\"elementor-widget-wrap elementor-element-populated\">\n\t\t\t\t\t<div class=\"elementor-background-overlay\"><\/div>\n\t\t\t\t\t\t\t\t<div class=\"elementor-element elementor-element-7a9e3bb elementor-widget elementor-widget-image\" data-id=\"7a9e3bb\" data-element_type=\"widget\" data-widget_type=\"image.default\">\n\t\t\t\t<div class=\"elementor-widget-container\">\n\t\t\t<style>\/*! elementor - v3.18.0 - 08-12-2023 *\/\n.elementor-widget-image{text-align:center}.elementor-widget-image a{display:inline-block}.elementor-widget-image a img[src$=\".svg\"]{width:48px}.elementor-widget-image img{vertical-align:middle;display:inline-block}<\/style>\t\t\t\t\t\t\t\t\t\t\t\t\t<a href=\"https:\/\/www.ehu.eus\/PIE\/sareus\/wp-content\/uploads\/2023\/12\/Sareus6.jpg\" data-elementor-open-lightbox=\"yes\" data-elementor-lightbox-title=\"Sareus6\" data-e-action-hash=\"#elementor-action%3Aaction%3Dlightbox%26settings%3DeyJpZCI6MzYxMiwidXJsIjoiaHR0cHM6XC9cL3d3dy5laHUuZXVzXC9QSUVcL3NhcmV1c1wvd3AtY29udGVudFwvdXBsb2Fkc1wvMjAyM1wvMTJcL1NhcmV1czYuanBnIn0%3D\">\n\t\t\t\t\t\t\t<img fetchpriority=\"high\" decoding=\"async\" width=\"1024\" height=\"643\" src=\"https:\/\/www.ehu.eus\/PIE\/sareus\/wp-content\/uploads\/2023\/12\/Sareus6-1024x643.jpg\" class=\"attachment-large size-large wp-image-3612\" alt=\"\" srcset=\"https:\/\/www.ehu.eus\/PIE\/sareus\/wp-content\/uploads\/2023\/12\/Sareus6-1024x643.jpg 1024w, https:\/\/www.ehu.eus\/PIE\/sareus\/wp-content\/uploads\/2023\/12\/Sareus6-300x188.jpg 300w, https:\/\/www.ehu.eus\/PIE\/sareus\/wp-content\/uploads\/2023\/12\/Sareus6-768x482.jpg 768w, https:\/\/www.ehu.eus\/PIE\/sareus\/wp-content\/uploads\/2023\/12\/Sareus6-150x94.jpg 150w, https:\/\/www.ehu.eus\/PIE\/sareus\/wp-content\/uploads\/2023\/12\/Sareus6.jpg 1089w\" sizes=\"(max-width: 1024px) 100vw, 1024px\" \/>\t\t\t\t\t\t\t\t<\/a>\n\t\t\t\t\t\t\t\t\t\t\t\t\t\t\t<\/div>\n\t\t\t\t<\/div>\n\t\t\t\t\t<\/div>\n\t\t<\/div>\n\t\t\t\t\t\t\t<\/div>\n\t\t<\/section>\n\t\t\t\t\t<\/div>\n\t\t<\/div>\n\t\t\t\t\t\t\t<\/div>\n\t\t<\/section>\n\t\t\t\t<section class=\"elementor-section elementor-top-section elementor-element elementor-element-fd86cc3 elementor-section-full_width elementor-section-stretched elementor-section-height-min-height elementor-section-height-default elementor-section-items-middle\" data-id=\"fd86cc3\" data-element_type=\"section\" data-settings=\"{&quot;stretch_section&quot;:&quot;section-stretched&quot;,&quot;background_background&quot;:&quot;classic&quot;,&quot;shape_divider_top&quot;:&quot;mountains&quot;}\">\n\t\t\t\t\t<div class=\"elementor-shape elementor-shape-top\" data-negative=\"false\">\n\t\t\t<svg xmlns=\"http:\/\/www.w3.org\/2000\/svg\" viewBox=\"0 0 1000 100\" preserveAspectRatio=\"none\">\n\t<path class=\"elementor-shape-fill\" opacity=\"0.33\" d=\"M473,67.3c-203.9,88.3-263.1-34-320.3,0C66,119.1,0,59.7,0,59.7V0h1000v59.7 c0,0-62.1,26.1-94.9,29.3c-32.8,3.3-62.8-12.3-75.8-22.1C806,49.6,745.3,8.7,694.9,4.7S492.4,59,473,67.3z\"\/>\n\t<path class=\"elementor-shape-fill\" opacity=\"0.66\" d=\"M734,67.3c-45.5,0-77.2-23.2-129.1-39.1c-28.6-8.7-150.3-10.1-254,39.1 s-91.7-34.4-149.2,0C115.7,118.3,0,39.8,0,39.8V0h1000v36.5c0,0-28.2-18.5-92.1-18.5C810.2,18.1,775.7,67.3,734,67.3z\"\/>\n\t<path class=\"elementor-shape-fill\" d=\"M766.1,28.9c-200-57.5-266,65.5-395.1,19.5C242,1.8,242,5.4,184.8,20.6C128,35.8,132.3,44.9,89.9,52.5C28.6,63.7,0,0,0,0 h1000c0,0-9.9,40.9-83.6,48.1S829.6,47,766.1,28.9z\"\/>\n<\/svg>\t\t<\/div>\n\t\t\t\t\t<div class=\"elementor-container elementor-column-gap-no\">\n\t\t\t\t\t<div class=\"elementor-column elementor-col-100 elementor-top-column elementor-element elementor-element-7020f9b\" data-id=\"7020f9b\" data-element_type=\"column\">\n\t\t\t<div class=\"elementor-widget-wrap\">\n\t\t\t\t\t\t\t\t\t<\/div>\n\t\t<\/div>\n\t\t\t\t\t\t\t<\/div>\n\t\t<\/section>\n\t\t\t\t\t\t\t<\/div>\n\t\t","protected":false},"excerpt":{"rendered":"<p>Los datos de base y la informaci\u00f3n proveniente del an\u00e1lisis cient\u00edfico de las muestras recogidas en los varamientos son una de las pocas fuentes de informaci\u00f3n sobre estos taxones salvajes. La investigaci\u00f3n es imprescindible para conocer par\u00e1metros que permitan analizar el estado de salud de las poblaciones, informaci\u00f3n ecobiol\u00f3gica (dieta, edad, reproducci\u00f3n), identidad y salud &#8230; <a title=\"Ikerkuntza\" class=\"read-more\" href=\"https:\/\/www.ehu.eus\/PIE\/sareus\/ikerkuntza\/\" aria-label=\"M\u00e1s en Ikerkuntza\">Leer m\u00e1s<\/a><\/p>\n","protected":false},"author":3,"featured_media":0,"parent":0,"menu_order":0,"comment_status":"closed","ping_status":"closed","template":"elementor_header_footer","meta":{"footnotes":""},"_links":{"self":[{"href":"https:\/\/www.ehu.eus\/PIE\/sareus\/wp-json\/wp\/v2\/pages\/3948"}],"collection":[{"href":"https:\/\/www.ehu.eus\/PIE\/sareus\/wp-json\/wp\/v2\/pages"}],"about":[{"href":"https:\/\/www.ehu.eus\/PIE\/sareus\/wp-json\/wp\/v2\/types\/page"}],"author":[{"embeddable":true,"href":"https:\/\/www.ehu.eus\/PIE\/sareus\/wp-json\/wp\/v2\/users\/3"}],"replies":[{"embeddable":true,"href":"https:\/\/www.ehu.eus\/PIE\/sareus\/wp-json\/wp\/v2\/comments?post=3948"}],"version-history":[{"count":7,"href":"https:\/\/www.ehu.eus\/PIE\/sareus\/wp-json\/wp\/v2\/pages\/3948\/revisions"}],"predecessor-version":[{"id":4226,"href":"https:\/\/www.ehu.eus\/PIE\/sareus\/wp-json\/wp\/v2\/pages\/3948\/revisions\/4226"}],"wp:attachment":[{"href":"https:\/\/www.ehu.eus\/PIE\/sareus\/wp-json\/wp\/v2\/media?parent=3948"}],"curies":[{"name":"wp","href":"https:\/\/api.w.org\/{rel}","templated":true}]}}