{"id":4431,"date":"2024-03-04T11:31:45","date_gmt":"2024-03-04T11:31:45","guid":{"rendered":"https:\/\/www.ehu.eus\/PIE\/?page_id=4431"},"modified":"2024-03-04T12:02:27","modified_gmt":"2024-03-04T12:02:27","slug":"what-is-trec","status":"publish","type":"page","link":"https:\/\/www.ehu.eus\/PIE\/trec-expedition\/what-is-trec\/","title":{"rendered":"What is TREC? \/ Zer da TREC? \/ \u00bfQu\u00e9 es TREC?"},"content":{"rendered":"\t\t<div data-elementor-type=\"wp-page\" data-elementor-id=\"4431\" class=\"elementor elementor-4431\">\r\n\t\t\t\t\t\t\t\t\t<section class=\"elementor-section elementor-top-section elementor-element elementor-element-99ad511 elementor-section-full_width elementor-section-height-min-height elementor-section-stretched elementor-section-content-middle elementor-section-height-default elementor-section-items-middle\" data-id=\"99ad511\" data-element_type=\"section\" data-settings=\"{&quot;stretch_section&quot;:&quot;section-stretched&quot;,&quot;background_background&quot;:&quot;classic&quot;,&quot;shape_divider_bottom&quot;:&quot;mountains&quot;}\">\r\n\t\t\t\t\t<div class=\"elementor-shape elementor-shape-bottom\" data-negative=\"false\">\r\n\t\t\t<svg xmlns=\"http:\/\/www.w3.org\/2000\/svg\" viewBox=\"0 0 1000 100\" preserveAspectRatio=\"none\">\r\n\t<path class=\"elementor-shape-fill\" opacity=\"0.33\" d=\"M473,67.3c-203.9,88.3-263.1-34-320.3,0C66,119.1,0,59.7,0,59.7V0h1000v59.7 c0,0-62.1,26.1-94.9,29.3c-32.8,3.3-62.8-12.3-75.8-22.1C806,49.6,745.3,8.7,694.9,4.7S492.4,59,473,67.3z\"\/>\r\n\t<path class=\"elementor-shape-fill\" opacity=\"0.66\" d=\"M734,67.3c-45.5,0-77.2-23.2-129.1-39.1c-28.6-8.7-150.3-10.1-254,39.1 s-91.7-34.4-149.2,0C115.7,118.3,0,39.8,0,39.8V0h1000v36.5c0,0-28.2-18.5-92.1-18.5C810.2,18.1,775.7,67.3,734,67.3z\"\/>\r\n\t<path class=\"elementor-shape-fill\" d=\"M766.1,28.9c-200-57.5-266,65.5-395.1,19.5C242,1.8,242,5.4,184.8,20.6C128,35.8,132.3,44.9,89.9,52.5C28.6,63.7,0,0,0,0 h1000c0,0-9.9,40.9-83.6,48.1S829.6,47,766.1,28.9z\"\/>\r\n<\/svg>\t\t<\/div>\r\n\t\t\t\t\t<div class=\"elementor-container elementor-column-gap-default\">\r\n\t\t\t\t\t<div class=\"elementor-column elementor-col-100 elementor-top-column elementor-element elementor-element-a9701e7\" data-id=\"a9701e7\" data-element_type=\"column\">\r\n\t\t\t<div class=\"elementor-widget-wrap\">\r\n\t\t\t\t\t\t\t\t\t<\/div>\r\n\t\t<\/div>\r\n\t\t\t\t\t\t\t<\/div>\r\n\t\t<\/section>\r\n\t\t\t\t<section class=\"elementor-section elementor-top-section elementor-element elementor-element-66b3964 elementor-section-boxed elementor-section-height-default elementor-section-height-default\" data-id=\"66b3964\" data-element_type=\"section\">\r\n\t\t\t\t\t\t<div class=\"elementor-container elementor-column-gap-default\">\r\n\t\t\t\t\t<div class=\"elementor-column elementor-col-100 elementor-top-column elementor-element elementor-element-8acf860\" data-id=\"8acf860\" data-element_type=\"column\">\r\n\t\t\t<div class=\"elementor-widget-wrap elementor-element-populated\">\r\n\t\t\t\t\t\t\t\t<div class=\"elementor-element elementor-element-0269ffd elementor-widget elementor-widget-heading\" data-id=\"0269ffd\" data-element_type=\"widget\" data-widget_type=\"heading.default\">\r\n\t\t\t\t<div class=\"elementor-widget-container\">\r\n\t\t\t<style>\/*! elementor - v3.12.2 - 23-04-2023 *\/\r\n.elementor-heading-title{padding:0;margin:0;line-height:1}.elementor-widget-heading .elementor-heading-title[class*=elementor-size-]>a{color:inherit;font-size:inherit;line-height:inherit}.elementor-widget-heading .elementor-heading-title.elementor-size-small{font-size:15px}.elementor-widget-heading .elementor-heading-title.elementor-size-medium{font-size:19px}.elementor-widget-heading .elementor-heading-title.elementor-size-large{font-size:29px}.elementor-widget-heading .elementor-heading-title.elementor-size-xl{font-size:39px}.elementor-widget-heading .elementor-heading-title.elementor-size-xxl{font-size:59px}<\/style><h1 class=\"elementor-heading-title elementor-size-default\">What is TREC? \/ Zer da TREC? \/ \u00bfQu\u00e9 es TREC?\n<\/h1>\t\t<\/div>\r\n\t\t\t\t<\/div>\r\n\t\t\t\t<div class=\"elementor-element elementor-element-c481e09 elementor-widget-divider--view-line elementor-widget elementor-widget-divider\" data-id=\"c481e09\" data-element_type=\"widget\" data-widget_type=\"divider.default\">\r\n\t\t\t\t<div class=\"elementor-widget-container\">\r\n\t\t\t<style>\/*! elementor - v3.12.2 - 23-04-2023 *\/\r\n.elementor-widget-divider{--divider-border-style:none;--divider-border-width:1px;--divider-color:#0c0d0e;--divider-icon-size:20px;--divider-element-spacing:10px;--divider-pattern-height:24px;--divider-pattern-size:20px;--divider-pattern-url:none;--divider-pattern-repeat:repeat-x}.elementor-widget-divider .elementor-divider{display:flex}.elementor-widget-divider .elementor-divider__text{font-size:15px;line-height:1;max-width:95%}.elementor-widget-divider .elementor-divider__element{margin:0 var(--divider-element-spacing);flex-shrink:0}.elementor-widget-divider .elementor-icon{font-size:var(--divider-icon-size)}.elementor-widget-divider .elementor-divider-separator{display:flex;margin:0;direction:ltr}.elementor-widget-divider--view-line_icon .elementor-divider-separator,.elementor-widget-divider--view-line_text .elementor-divider-separator{align-items:center}.elementor-widget-divider--view-line_icon .elementor-divider-separator:after,.elementor-widget-divider--view-line_icon .elementor-divider-separator:before,.elementor-widget-divider--view-line_text .elementor-divider-separator:after,.elementor-widget-divider--view-line_text .elementor-divider-separator:before{display:block;content:\"\";border-bottom:0;flex-grow:1;border-top:var(--divider-border-width) var(--divider-border-style) var(--divider-color)}.elementor-widget-divider--element-align-left .elementor-divider .elementor-divider-separator>.elementor-divider__svg:first-of-type{flex-grow:0;flex-shrink:100}.elementor-widget-divider--element-align-left .elementor-divider-separator:before{content:none}.elementor-widget-divider--element-align-left .elementor-divider__element{margin-left:0}.elementor-widget-divider--element-align-right .elementor-divider .elementor-divider-separator>.elementor-divider__svg:last-of-type{flex-grow:0;flex-shrink:100}.elementor-widget-divider--element-align-right .elementor-divider-separator:after{content:none}.elementor-widget-divider--element-align-right .elementor-divider__element{margin-right:0}.elementor-widget-divider:not(.elementor-widget-divider--view-line_text):not(.elementor-widget-divider--view-line_icon) .elementor-divider-separator{border-top:var(--divider-border-width) var(--divider-border-style) var(--divider-color)}.elementor-widget-divider--separator-type-pattern{--divider-border-style:none}.elementor-widget-divider--separator-type-pattern.elementor-widget-divider--view-line .elementor-divider-separator,.elementor-widget-divider--separator-type-pattern:not(.elementor-widget-divider--view-line) .elementor-divider-separator:after,.elementor-widget-divider--separator-type-pattern:not(.elementor-widget-divider--view-line) .elementor-divider-separator:before,.elementor-widget-divider--separator-type-pattern:not([class*=elementor-widget-divider--view]) .elementor-divider-separator{width:100%;min-height:var(--divider-pattern-height);-webkit-mask-size:var(--divider-pattern-size) 100%;mask-size:var(--divider-pattern-size) 100%;-webkit-mask-repeat:var(--divider-pattern-repeat);mask-repeat:var(--divider-pattern-repeat);background-color:var(--divider-color);-webkit-mask-image:var(--divider-pattern-url);mask-image:var(--divider-pattern-url)}.elementor-widget-divider--no-spacing{--divider-pattern-size:auto}.elementor-widget-divider--bg-round{--divider-pattern-repeat:round}.rtl .elementor-widget-divider .elementor-divider__text{direction:rtl}.e-con-inner>.elementor-widget-divider,.e-con>.elementor-widget-divider{width:var(--container-widget-width,100%);--flex-grow:var(--container-widget-flex-grow)}<\/style>\t\t<div class=\"elementor-divider\">\r\n\t\t\t<span class=\"elementor-divider-separator\">\r\n\t\t\t\t\t\t<\/span>\r\n\t\t<\/div>\r\n\t\t\t\t<\/div>\r\n\t\t\t\t<\/div>\r\n\t\t\t\t<div class=\"elementor-element elementor-element-e7504b7 elementor-widget elementor-widget-text-editor\" data-id=\"e7504b7\" data-element_type=\"widget\" data-widget_type=\"text-editor.default\">\r\n\t\t\t\t<div class=\"elementor-widget-container\">\r\n\t\t\t<style>\/*! elementor - v3.12.2 - 23-04-2023 *\/\r\n.elementor-widget-text-editor.elementor-drop-cap-view-stacked .elementor-drop-cap{background-color:#69727d;color:#fff}.elementor-widget-text-editor.elementor-drop-cap-view-framed .elementor-drop-cap{color:#69727d;border:3px solid;background-color:transparent}.elementor-widget-text-editor:not(.elementor-drop-cap-view-default) .elementor-drop-cap{margin-top:8px}.elementor-widget-text-editor:not(.elementor-drop-cap-view-default) .elementor-drop-cap-letter{width:1em;height:1em}.elementor-widget-text-editor .elementor-drop-cap{float:left;text-align:center;line-height:1;font-size:50px}.elementor-widget-text-editor .elementor-drop-cap-letter{display:inline-block}<\/style>\t\t\t\t<p>What TREC is and its goals are explained in the web page of the European Molecular Biology Laboratory-EMBL: <a href=\"https:\/\/www.embl.org\/about\/info\/trec\/\" target=\"_blank\" rel=\"noopener\">https:\/\/www.embl.org\/about\/info\/trec\/<\/a><\/p>\t\t\t\t\t\t<\/div>\r\n\t\t\t\t<\/div>\r\n\t\t\t\t<div class=\"elementor-element elementor-element-550d29d elementor-widget elementor-widget-text-editor\" data-id=\"550d29d\" data-element_type=\"widget\" data-widget_type=\"text-editor.default\">\r\n\t\t\t\t<div class=\"elementor-widget-container\">\r\n\t\t\t\t\t\t\t<h2>Zer da TREC?<\/h2><p><img decoding=\"async\" loading=\"lazy\" class=\"size-full wp-image-4386 alignright\" src=\"https:\/\/www.ehu.eus\/PIE\/wp-content\/uploads\/2024\/03\/TREC-Traversing-European-Coastlines.jpg\" alt=\"\" width=\"300\" height=\"300\" srcset=\"https:\/\/www.ehu.eus\/PIE\/wp-content\/uploads\/2024\/03\/TREC-Traversing-European-Coastlines.jpg 300w, https:\/\/www.ehu.eus\/PIE\/wp-content\/uploads\/2024\/03\/TREC-Traversing-European-Coastlines-150x150.jpg 150w\" sizes=\"(max-width: 300px) 100vw, 300px\" \/><\/p><p>Euskal Herriko Unibertsitateak maila goreneko espedizio zientifiko bat hartuko du, gizartearen erronkekin eta UNESCOren Garapen Jasangarrirako Ozeano Zientzien Hamarkadako helburuekin bat egiten duena. <a href=\"https:\/\/www.embl.org\/about\/info\/trec\/\" target=\"_blank\" rel=\"noopener\">TREC<\/a>\u00a0(Europako kostaldeak zeharkatuz, ingelesezko siglekin) punta-puntako zientziako eta kontzentzaziozko espedizioa da; Biologia Molekularreko Europako Laborategiak (<a href=\"https:\/\/www.embl.org\/about\/info\/trec\/\" target=\"_blank\" rel=\"noopener\">EMBL<\/a>) koordinatzen du,\u00a0<a href=\"https:\/\/fondationtaraocean.org\/en\/expedition\/tara-oceans\/\" target=\"_blank\" rel=\"noopener\">Tara Oceans Foundation ozeanoak esploratzen dituen fundazioa<\/a>ren eta\u00a0<a href=\"https:\/\/www.embrc.eu\/\" target=\"_blank\" rel=\"noopener\">EMBRC-ERIC ikerketako Europako azpiegitura<\/a>ren partaidetzarekin (<a href=\"https:\/\/www.estelaweb.es\/prueba\/\" target=\"_blank\" rel=\"noopener\">Plentziako Itsas Estazioa<\/a>\u00a0\u2014PiE-UPV\/EHU\u2014 azpiegitura horretako kide da). Espedizioa apirilean hasi da, eta 2024ko ekainean amaituko da. TREC espedizioak, Tara ikerketa zientifikoko belaontziaren ozeano-esplorazioa eta lehen aldiz, lurra eta itsasoaaren arteko trantsizioan EMBLk (gobernuarteko erakunde bat da, eta Espainia hartako kidea da) egingo dituen lanak konbinatuko ditu. EMBLren 50 urteetan, lehen aldia izango da laborategia kanpora atera eta zuzenean kanpoaldean lan egingo dena, PiE-UPV\/EHU azpiegituraren eta itsas ikerketako beste azpiegitura batzuen laguntzarekin.\u00a0<a href=\"https:\/\/trec.embl.de\/itinerary.cgi\" target=\"_blank\" rel=\"noopener\">TREC espedizioak 22 herri bisitatuko ditu, 46 tokitan geldituko da, eta lurra-itsasoa trantsizioko 120 puntutan<\/a>\u00a0hartuko ditu laginak; horrez gainera, itsasoan ere jasoko dira laginak Tara belaontzitik.\u00a0<strong>46 geldiune horietatik 8 bakarrik hautatu dira laginketa intentsiboko eta dibulgazio zientifikoko gune gisa. Plentzia-Bilbo, PiE-UPV\/EHU azpiegiturarekin, TREC espedizioak Penintsulan aztertuko duen lehenengo puntua izateaz gainera, bi jardueretarako \u2018super guneetako\u2019 bat izango da<\/strong>.<\/p>\t\t\t\t\t\t<\/div>\r\n\t\t\t\t<\/div>\r\n\t\t\t\t<div class=\"elementor-element elementor-element-632031e elementor-widget elementor-widget-text-editor\" data-id=\"632031e\" data-element_type=\"widget\" data-widget_type=\"text-editor.default\">\r\n\t\t\t\t<div class=\"elementor-widget-container\">\r\n\t\t\t\t\t\t\t<h2>\u00bfQu\u00e9 es TREC?<\/h2><p><img decoding=\"async\" loading=\"lazy\" class=\"size-medium wp-image-4383 alignright\" src=\"https:\/\/www.ehu.eus\/PIE\/wp-content\/uploads\/2024\/03\/TREC-Partners-276x300.jpg\" alt=\"\" width=\"276\" height=\"300\" srcset=\"https:\/\/www.ehu.eus\/PIE\/wp-content\/uploads\/2024\/03\/TREC-Partners-276x300.jpg 276w, https:\/\/www.ehu.eus\/PIE\/wp-content\/uploads\/2024\/03\/TREC-Partners.jpg 420w\" sizes=\"(max-width: 276px) 100vw, 276px\" \/><\/p><p>Entre el 13 de septiembre y 18 de octubre la Universidad del Pa\u00eds Vasco recibir\u00e1 una expedici\u00f3n del m\u00e1s alto nivel cient\u00edfico alineada con los retos de la sociedad y los objetivos de la D\u00e9cada de las Ciencias Oce\u00e1nicas para el Desarrollo Sostenible de la UNESCO. <a href=\"https:\/\/www.embl.org\/about\/info\/trec\/\" target=\"_blank\" rel=\"noopener\">TREC<\/a>\u00a0(aTRavesando las Costas Europeas, por sus siglas en ingl\u00e9s) es una puntera expedici\u00f3n cient\u00edfica y de concienciaci\u00f3n, coordinada por el Laboratorio Europeo de Biolog\u00eda Molecular (<a href=\"https:\/\/www.embl.org\/\" target=\"_blank\" rel=\"noopener\">EMBL<\/a>) con la participaci\u00f3n de la\u00a0<a href=\"https:\/\/fondationtaraocean.org\/en\/expedition\/tara-oceans\/\" target=\"_blank\" rel=\"noopener\">fundaci\u00f3n de exploraci\u00f3n de los oc\u00e9anos Tara Oceans Foundation<\/a>\u00a0y la\u00a0<a href=\"https:\/\/www.embrc.eu\/\" target=\"_blank\" rel=\"noopener\">infraestructura de investigaci\u00f3n europea EMBRC-ERIC<\/a>\u00a0, de la que la\u00a0<a href=\"https:\/\/www.estelaweb.es\/prueba\/\" target=\"_blank\" rel=\"noopener\">Estaci\u00f3n Marina de Plentzia<\/a>\u00a0(PiE-UPV\/EHU) es miembro. La expedici\u00f3n ha comenzado en abril y finalizar\u00e1 en junio de 2024. TREC combina la exploraci\u00f3n oce\u00e1nica a bordo del velero de investigaci\u00f3n cient\u00edfica Tara con los trabajos que por primera vez realizar\u00e1 in situ, en la transici\u00f3n tierra-mar, el EMBL, organizaci\u00f3n intergubernamental de la cual Espa\u00f1a es pa\u00eds miembro. Esta es la primera vez que en sus 50 a\u00f1os de existencia el EMBL saca sus laboratorios a trabajar directamente sobre el terreno, con el apoyo de infraestructuras de investigaci\u00f3n marina como el PiE-UPV\/EHU.\u00a0<a href=\"https:\/\/trec.embl.de\/itinerary.cgi\" target=\"_blank\" rel=\"noopener\">La expedici\u00f3n TREC visitar\u00e1 22 pa\u00edses, con 46 paradas, 120 puntos de muestreo<\/a>\u00a0en la transici\u00f3n tierra-mar, adem\u00e1s de los muestreos en mar por parte de Tara.\u00a0<strong>De esas 46 paradas solo ocho han sido seleccionadas como sitios de muestreo intensivo y de divulgaci\u00f3n cient\u00edfica. Plentzia-Bilbao, mediante el PiE-UPV\/EHU, no solo ser\u00e1 el primer punto del recorrido de TREC por la Pen\u00ednsula, sino tambi\u00e9n uno de esos \u2018super-sitios\u2019 para ambas actividades<\/strong>.<\/p>\t\t\t\t\t\t<\/div>\r\n\t\t\t\t<\/div>\r\n\t\t\t\t<div class=\"elementor-element elementor-element-c9c8357 elementor-widget elementor-widget-image\" data-id=\"c9c8357\" data-element_type=\"widget\" data-widget_type=\"image.default\">\r\n\t\t\t\t<div class=\"elementor-widget-container\">\r\n\t\t\t<style>\/*! elementor - v3.12.2 - 23-04-2023 *\/\r\n.elementor-widget-image{text-align:center}.elementor-widget-image a{display:inline-block}.elementor-widget-image a img[src$=\".svg\"]{width:48px}.elementor-widget-image img{vertical-align:middle;display:inline-block}<\/style>\t\t\t\t\t\t\t\t\t\t\t\t<img decoding=\"async\" width=\"1024\" height=\"104\" src=\"https:\/\/www.ehu.eus\/PIE\/wp-content\/uploads\/2024\/03\/TREC-Participantes-1024x104.jpg\" class=\"attachment-large size-large wp-image-4382\" alt=\"\" loading=\"lazy\" srcset=\"https:\/\/www.ehu.eus\/PIE\/wp-content\/uploads\/2024\/03\/TREC-Participantes-1024x104.jpg 1024w, https:\/\/www.ehu.eus\/PIE\/wp-content\/uploads\/2024\/03\/TREC-Participantes-300x30.jpg 300w, https:\/\/www.ehu.eus\/PIE\/wp-content\/uploads\/2024\/03\/TREC-Participantes-768x78.jpg 768w, https:\/\/www.ehu.eus\/PIE\/wp-content\/uploads\/2024\/03\/TREC-Participantes.jpg 1484w\" sizes=\"(max-width: 1024px) 100vw, 1024px\" \/>\t\t\t\t\t\t\t\t\t\t\t\t\t\t\t<\/div>\r\n\t\t\t\t<\/div>\r\n\t\t\t\t\t<\/div>\r\n\t\t<\/div>\r\n\t\t\t\t\t\t\t<\/div>\r\n\t\t<\/section>\r\n\t\t\t\t<section class=\"elementor-section elementor-top-section elementor-element elementor-element-fba34a5 elementor-section-full_width elementor-section-height-min-height elementor-section-stretched elementor-section-height-default elementor-section-items-middle\" data-id=\"fba34a5\" data-element_type=\"section\" data-settings=\"{&quot;stretch_section&quot;:&quot;section-stretched&quot;,&quot;background_background&quot;:&quot;classic&quot;,&quot;shape_divider_top&quot;:&quot;mountains&quot;}\">\r\n\t\t\t\t\t<div class=\"elementor-shape elementor-shape-top\" data-negative=\"false\">\r\n\t\t\t<svg xmlns=\"http:\/\/www.w3.org\/2000\/svg\" viewBox=\"0 0 1000 100\" preserveAspectRatio=\"none\">\r\n\t<path class=\"elementor-shape-fill\" opacity=\"0.33\" d=\"M473,67.3c-203.9,88.3-263.1-34-320.3,0C66,119.1,0,59.7,0,59.7V0h1000v59.7 c0,0-62.1,26.1-94.9,29.3c-32.8,3.3-62.8-12.3-75.8-22.1C806,49.6,745.3,8.7,694.9,4.7S492.4,59,473,67.3z\"\/>\r\n\t<path class=\"elementor-shape-fill\" opacity=\"0.66\" d=\"M734,67.3c-45.5,0-77.2-23.2-129.1-39.1c-28.6-8.7-150.3-10.1-254,39.1 s-91.7-34.4-149.2,0C115.7,118.3,0,39.8,0,39.8V0h1000v36.5c0,0-28.2-18.5-92.1-18.5C810.2,18.1,775.7,67.3,734,67.3z\"\/>\r\n\t<path class=\"elementor-shape-fill\" d=\"M766.1,28.9c-200-57.5-266,65.5-395.1,19.5C242,1.8,242,5.4,184.8,20.6C128,35.8,132.3,44.9,89.9,52.5C28.6,63.7,0,0,0,0 h1000c0,0-9.9,40.9-83.6,48.1S829.6,47,766.1,28.9z\"\/>\r\n<\/svg>\t\t<\/div>\r\n\t\t\t\t\t<div class=\"elementor-container elementor-column-gap-default\">\r\n\t\t\t\t\t<div class=\"elementor-column elementor-col-100 elementor-top-column elementor-element elementor-element-6f34a55\" data-id=\"6f34a55\" data-element_type=\"column\">\r\n\t\t\t<div class=\"elementor-widget-wrap\">\r\n\t\t\t\t\t\t\t\t\t<\/div>\r\n\t\t<\/div>\r\n\t\t\t\t\t\t\t<\/div>\r\n\t\t<\/section>\r\n\t\t\t\t\t\t\t<\/div>\r\n\t\t","protected":false},"excerpt":{"rendered":"<p>What is TREC? \/ Zer da TREC? \/ \u00bfQu\u00e9 es TREC? What TREC is and its goals are explained in the web page of the European Molecular Biology Laboratory-EMBL: https:\/\/www.embl.org\/about\/info\/trec\/ Zer da TREC? Euskal Herriko Unibertsitateak maila goreneko espedizio zientifiko bat hartuko du, gizartearen erronkekin eta UNESCOren Garapen Jasangarrirako Ozeano Zientzien Hamarkadako helburuekin bat egiten &#8230; <a title=\"What is TREC? \/ Zer da TREC? \/ \u00bfQu\u00e9 es TREC?\" class=\"read-more\" href=\"https:\/\/www.ehu.eus\/PIE\/trec-expedition\/what-is-trec\/\" aria-label=\"M\u00e1s en What is TREC? \/ Zer da TREC? \/ \u00bfQu\u00e9 es TREC?\">Leer m\u00e1s<\/a><\/p>\n","protected":false},"author":3,"featured_media":0,"parent":4387,"menu_order":0,"comment_status":"closed","ping_status":"closed","template":"","meta":[],"_links":{"self":[{"href":"https:\/\/www.ehu.eus\/PIE\/wp-json\/wp\/v2\/pages\/4431"}],"collection":[{"href":"https:\/\/www.ehu.eus\/PIE\/wp-json\/wp\/v2\/pages"}],"about":[{"href":"https:\/\/www.ehu.eus\/PIE\/wp-json\/wp\/v2\/types\/page"}],"author":[{"embeddable":true,"href":"https:\/\/www.ehu.eus\/PIE\/wp-json\/wp\/v2\/users\/3"}],"replies":[{"embeddable":true,"href":"https:\/\/www.ehu.eus\/PIE\/wp-json\/wp\/v2\/comments?post=4431"}],"version-history":[{"count":12,"href":"https:\/\/www.ehu.eus\/PIE\/wp-json\/wp\/v2\/pages\/4431\/revisions"}],"predecessor-version":[{"id":4473,"href":"https:\/\/www.ehu.eus\/PIE\/wp-json\/wp\/v2\/pages\/4431\/revisions\/4473"}],"up":[{"embeddable":true,"href":"https:\/\/www.ehu.eus\/PIE\/wp-json\/wp\/v2\/pages\/4387"}],"wp:attachment":[{"href":"https:\/\/www.ehu.eus\/PIE\/wp-json\/wp\/v2\/media?parent=4431"}],"curies":[{"name":"wp","href":"https:\/\/api.w.org\/{rel}","templated":true}]}}