{"id":4446,"date":"2024-03-04T11:38:26","date_gmt":"2024-03-04T11:38:26","guid":{"rendered":"https:\/\/www.ehu.eus\/PIE\/?page_id=4446"},"modified":"2024-03-04T12:14:30","modified_gmt":"2024-03-04T12:14:30","slug":"follow-trec","status":"publish","type":"page","link":"https:\/\/www.ehu.eus\/PIE\/trec-expedition\/follow-trec\/","title":{"rendered":"Follow \/ Jarraitu \/ Sigue a TREC"},"content":{"rendered":"\t\t<div data-elementor-type=\"wp-page\" data-elementor-id=\"4446\" class=\"elementor elementor-4446\">\r\n\t\t\t\t\t\t\t\t\t<section class=\"elementor-section elementor-top-section elementor-element elementor-element-6b86613 elementor-section-full_width elementor-section-height-min-height elementor-section-stretched elementor-section-content-middle elementor-section-height-default elementor-section-items-middle\" data-id=\"6b86613\" data-element_type=\"section\" data-settings=\"{&quot;stretch_section&quot;:&quot;section-stretched&quot;,&quot;background_background&quot;:&quot;classic&quot;,&quot;shape_divider_bottom&quot;:&quot;mountains&quot;}\">\r\n\t\t\t\t\t<div class=\"elementor-shape elementor-shape-bottom\" data-negative=\"false\">\r\n\t\t\t<svg xmlns=\"http:\/\/www.w3.org\/2000\/svg\" viewBox=\"0 0 1000 100\" preserveAspectRatio=\"none\">\r\n\t<path class=\"elementor-shape-fill\" opacity=\"0.33\" d=\"M473,67.3c-203.9,88.3-263.1-34-320.3,0C66,119.1,0,59.7,0,59.7V0h1000v59.7 c0,0-62.1,26.1-94.9,29.3c-32.8,3.3-62.8-12.3-75.8-22.1C806,49.6,745.3,8.7,694.9,4.7S492.4,59,473,67.3z\"\/>\r\n\t<path class=\"elementor-shape-fill\" opacity=\"0.66\" d=\"M734,67.3c-45.5,0-77.2-23.2-129.1-39.1c-28.6-8.7-150.3-10.1-254,39.1 s-91.7-34.4-149.2,0C115.7,118.3,0,39.8,0,39.8V0h1000v36.5c0,0-28.2-18.5-92.1-18.5C810.2,18.1,775.7,67.3,734,67.3z\"\/>\r\n\t<path class=\"elementor-shape-fill\" d=\"M766.1,28.9c-200-57.5-266,65.5-395.1,19.5C242,1.8,242,5.4,184.8,20.6C128,35.8,132.3,44.9,89.9,52.5C28.6,63.7,0,0,0,0 h1000c0,0-9.9,40.9-83.6,48.1S829.6,47,766.1,28.9z\"\/>\r\n<\/svg>\t\t<\/div>\r\n\t\t\t\t\t<div class=\"elementor-container elementor-column-gap-default\">\r\n\t\t\t\t\t<div class=\"elementor-column elementor-col-100 elementor-top-column elementor-element elementor-element-ad40008\" data-id=\"ad40008\" data-element_type=\"column\">\r\n\t\t\t<div class=\"elementor-widget-wrap\">\r\n\t\t\t\t\t\t\t\t\t<\/div>\r\n\t\t<\/div>\r\n\t\t\t\t\t\t\t<\/div>\r\n\t\t<\/section>\r\n\t\t\t\t<section class=\"elementor-section elementor-top-section elementor-element elementor-element-c4965f0 elementor-section-boxed elementor-section-height-default elementor-section-height-default\" data-id=\"c4965f0\" data-element_type=\"section\">\r\n\t\t\t\t\t\t<div class=\"elementor-container elementor-column-gap-default\">\r\n\t\t\t\t\t<div class=\"elementor-column elementor-col-100 elementor-top-column elementor-element elementor-element-9062f57\" data-id=\"9062f57\" data-element_type=\"column\">\r\n\t\t\t<div class=\"elementor-widget-wrap elementor-element-populated\">\r\n\t\t\t\t\t\t\t\t<div class=\"elementor-element elementor-element-1e9f169 elementor-widget elementor-widget-heading\" data-id=\"1e9f169\" data-element_type=\"widget\" data-widget_type=\"heading.default\">\r\n\t\t\t\t<div class=\"elementor-widget-container\">\r\n\t\t\t<style>\/*! elementor - v3.12.2 - 23-04-2023 *\/\r\n.elementor-heading-title{padding:0;margin:0;line-height:1}.elementor-widget-heading .elementor-heading-title[class*=elementor-size-]>a{color:inherit;font-size:inherit;line-height:inherit}.elementor-widget-heading .elementor-heading-title.elementor-size-small{font-size:15px}.elementor-widget-heading .elementor-heading-title.elementor-size-medium{font-size:19px}.elementor-widget-heading .elementor-heading-title.elementor-size-large{font-size:29px}.elementor-widget-heading .elementor-heading-title.elementor-size-xl{font-size:39px}.elementor-widget-heading .elementor-heading-title.elementor-size-xxl{font-size:59px}<\/style><h1 class=\"elementor-heading-title elementor-size-default\">Follow \/ Jarraitu \/ Sigue a TREC<\/h1>\t\t<\/div>\r\n\t\t\t\t<\/div>\r\n\t\t\t\t<div class=\"elementor-element elementor-element-526f21b elementor-widget-divider--view-line elementor-widget elementor-widget-divider\" data-id=\"526f21b\" data-element_type=\"widget\" data-widget_type=\"divider.default\">\r\n\t\t\t\t<div class=\"elementor-widget-container\">\r\n\t\t\t<style>\/*! elementor - v3.12.2 - 23-04-2023 *\/\r\n.elementor-widget-divider{--divider-border-style:none;--divider-border-width:1px;--divider-color:#0c0d0e;--divider-icon-size:20px;--divider-element-spacing:10px;--divider-pattern-height:24px;--divider-pattern-size:20px;--divider-pattern-url:none;--divider-pattern-repeat:repeat-x}.elementor-widget-divider .elementor-divider{display:flex}.elementor-widget-divider .elementor-divider__text{font-size:15px;line-height:1;max-width:95%}.elementor-widget-divider .elementor-divider__element{margin:0 var(--divider-element-spacing);flex-shrink:0}.elementor-widget-divider .elementor-icon{font-size:var(--divider-icon-size)}.elementor-widget-divider .elementor-divider-separator{display:flex;margin:0;direction:ltr}.elementor-widget-divider--view-line_icon .elementor-divider-separator,.elementor-widget-divider--view-line_text .elementor-divider-separator{align-items:center}.elementor-widget-divider--view-line_icon .elementor-divider-separator:after,.elementor-widget-divider--view-line_icon .elementor-divider-separator:before,.elementor-widget-divider--view-line_text .elementor-divider-separator:after,.elementor-widget-divider--view-line_text .elementor-divider-separator:before{display:block;content:\"\";border-bottom:0;flex-grow:1;border-top:var(--divider-border-width) var(--divider-border-style) var(--divider-color)}.elementor-widget-divider--element-align-left .elementor-divider .elementor-divider-separator>.elementor-divider__svg:first-of-type{flex-grow:0;flex-shrink:100}.elementor-widget-divider--element-align-left .elementor-divider-separator:before{content:none}.elementor-widget-divider--element-align-left .elementor-divider__element{margin-left:0}.elementor-widget-divider--element-align-right .elementor-divider .elementor-divider-separator>.elementor-divider__svg:last-of-type{flex-grow:0;flex-shrink:100}.elementor-widget-divider--element-align-right .elementor-divider-separator:after{content:none}.elementor-widget-divider--element-align-right .elementor-divider__element{margin-right:0}.elementor-widget-divider:not(.elementor-widget-divider--view-line_text):not(.elementor-widget-divider--view-line_icon) .elementor-divider-separator{border-top:var(--divider-border-width) var(--divider-border-style) var(--divider-color)}.elementor-widget-divider--separator-type-pattern{--divider-border-style:none}.elementor-widget-divider--separator-type-pattern.elementor-widget-divider--view-line .elementor-divider-separator,.elementor-widget-divider--separator-type-pattern:not(.elementor-widget-divider--view-line) .elementor-divider-separator:after,.elementor-widget-divider--separator-type-pattern:not(.elementor-widget-divider--view-line) .elementor-divider-separator:before,.elementor-widget-divider--separator-type-pattern:not([class*=elementor-widget-divider--view]) .elementor-divider-separator{width:100%;min-height:var(--divider-pattern-height);-webkit-mask-size:var(--divider-pattern-size) 100%;mask-size:var(--divider-pattern-size) 100%;-webkit-mask-repeat:var(--divider-pattern-repeat);mask-repeat:var(--divider-pattern-repeat);background-color:var(--divider-color);-webkit-mask-image:var(--divider-pattern-url);mask-image:var(--divider-pattern-url)}.elementor-widget-divider--no-spacing{--divider-pattern-size:auto}.elementor-widget-divider--bg-round{--divider-pattern-repeat:round}.rtl .elementor-widget-divider .elementor-divider__text{direction:rtl}.e-con-inner>.elementor-widget-divider,.e-con>.elementor-widget-divider{width:var(--container-widget-width,100%);--flex-grow:var(--container-widget-flex-grow)}<\/style>\t\t<div class=\"elementor-divider\">\r\n\t\t\t<span class=\"elementor-divider-separator\">\r\n\t\t\t\t\t\t<\/span>\r\n\t\t<\/div>\r\n\t\t\t\t<\/div>\r\n\t\t\t\t<\/div>\r\n\t\t\t\t<div class=\"elementor-element elementor-element-2f75a2d elementor-widget elementor-widget-text-editor\" data-id=\"2f75a2d\" data-element_type=\"widget\" data-widget_type=\"text-editor.default\">\r\n\t\t\t\t<div class=\"elementor-widget-container\">\r\n\t\t\t<style>\/*! elementor - v3.12.2 - 23-04-2023 *\/\r\n.elementor-widget-text-editor.elementor-drop-cap-view-stacked .elementor-drop-cap{background-color:#69727d;color:#fff}.elementor-widget-text-editor.elementor-drop-cap-view-framed .elementor-drop-cap{color:#69727d;border:3px solid;background-color:transparent}.elementor-widget-text-editor:not(.elementor-drop-cap-view-default) .elementor-drop-cap{margin-top:8px}.elementor-widget-text-editor:not(.elementor-drop-cap-view-default) .elementor-drop-cap-letter{width:1em;height:1em}.elementor-widget-text-editor .elementor-drop-cap{float:left;text-align:center;line-height:1;font-size:50px}.elementor-widget-text-editor .elementor-drop-cap-letter{display:inline-block}<\/style>\t\t\t\t<p><img decoding=\"async\" loading=\"lazy\" class=\"wp-image-4380 alignright\" src=\"https:\/\/www.ehu.eus\/PIE\/wp-content\/uploads\/2024\/03\/TREC-Expedicion.jpg\" alt=\"\" width=\"500\" height=\"494\" srcset=\"https:\/\/www.ehu.eus\/PIE\/wp-content\/uploads\/2024\/03\/TREC-Expedicion.jpg 749w, https:\/\/www.ehu.eus\/PIE\/wp-content\/uploads\/2024\/03\/TREC-Expedicion-300x296.jpg 300w\" sizes=\"(max-width: 500px) 100vw, 500px\" \/><\/p><div class=\"entry-content\"><p>You can follow the TREC expedition along its journey across de European coastlines. Read the press releases in different countries and see the photographs and videos that the sampling and outreach teams are sharing online as they progress during their voyage:\u00a0<a href=\"https:\/\/www.embl.org\/about\/info\/trec\/media\/\" target=\"_blank\" rel=\"noopener\">https:\/\/www.embl.org\/about\/info\/trec\/media\/<\/a><\/p><h2>Jarraitu TREC<\/h2><p>TREC espedizioa Europako kostaldean zehar egiten duen bidaian jarraitu dezakezu. Irakurri herrialde ezberdinetan argitaratzen diren prentsa-oharrak eta ikusi laginketa- eta dibulgazio-taldeek sarean partekatzen dituzten argazkiak eta bideoak beraien esplorazio-bidaian aurrera egiten duten heinean:\u00a0<a href=\"https:\/\/www.embl.org\/about\/info\/trec\/media\/\" target=\"_blank\" rel=\"noopener\">https:\/\/www.embl.org\/about\/info\/trec\/media\/<\/a><\/p><h2>Sigue a TREC<\/h2><p>Puedes seguir a la expedici\u00f3n TREC a lo largo de su viaje por las costas europeas. Lee los comunicados de prensa en diferentes pa\u00edses y mira las fotograf\u00edas y videos que los equipos de muestreo y divulgaci\u00f3n est\u00e1n compartiendo en la web seg\u00fan progresan a lo largo de su viaje de exploraci\u00f3n:\u00a0<a href=\"https:\/\/www.embl.org\/about\/info\/trec\/media\/\" target=\"_blank\" rel=\"noopener\">https:\/\/www.embl.org\/about\/info\/trec\/media\/<\/a><\/p><\/div>\t\t\t\t\t\t<\/div>\r\n\t\t\t\t<\/div>\r\n\t\t\t\t<div class=\"elementor-element elementor-element-12da745 elementor-widget elementor-widget-text-editor\" data-id=\"12da745\" data-element_type=\"widget\" data-widget_type=\"text-editor.default\">\r\n\t\t\t\t<div class=\"elementor-widget-container\">\r\n\t\t\t\t\t\t\t<h2>TREC expedition in the local Basque media \/ TREC espedizioa Euskalherriko medioetan \/ La expedici\u00f3n TREC en los medios locales vascos<\/h2><p><strong>Egunkariak\/Peri\u00f3dicos\/Newspapers<\/strong><\/p><ul><li><a href=\"https:\/\/www.elcorreo.com\/ciencia\/proyecto-europeo-estudiar-biodiversidad-costa-vasca-20230711164315-nt.html\" target=\"_blank\" rel=\"noopener\">Un proyecto europeo para estudiar la biodiversidad en la costa vasca. El Correo 2023-07-11<\/a><\/li><li><a href=\"https:\/\/www.deia.eus\/bizkaia\/2023\/07\/12\/mision-cientifica-europea-explorara-ecosistemas-7039319.html\" target=\"_blank\" rel=\"noopener\">Una misi\u00f3n cient\u00edfica europea explorar\u00e1 los ecosistemas de la costa vizcaina. Deia 2023-07-12<\/a><\/li><li><a href=\"https:\/\/www.ehu.eus\/es\/-\/expedicion-cientifica-europea-trec-explorara-ecosistemas-costeros-vascos\" target=\"_blank\" rel=\"noopener\">La puntera expedici\u00f3n cient\u00edfica europea TREC explorar\u00e1 los ecosistemas costeros vascos con el apoyo de la UPV\/EHU. Campusa 2023-07-11<\/a><\/li><\/ul><p><strong>Irratia\/Radio\/Radio<\/strong><\/p><ul><li><a href=\"https:\/\/www.eitb.eus\/es\/radio\/radio-euskadi\/programas\/la-mecanica-del-caracol\/audios\/detalle\/9269396\/audio-la-expedicion-trec-estudiara-ecosistemas-costeros-de-bizkaia-pueden-existir-2-planetas-en-misma-orbita\/\" target=\"_blank\" rel=\"noopener\">La expedici\u00f3n TREC estudiar\u00e1 ecosistemas costeros de Bizkaia. Radio Euskadi. La mec\u00e1nica del caracol.<\/a><\/li><\/ul><p><img decoding=\"async\" loading=\"lazy\" class=\"wp-image-4378 size-full aligncenter\" src=\"https:\/\/www.ehu.eus\/PIE\/wp-content\/uploads\/2024\/03\/TREC-Bay-of-Biscay.jpg\" alt=\"\" width=\"600\" height=\"499\" srcset=\"https:\/\/www.ehu.eus\/PIE\/wp-content\/uploads\/2024\/03\/TREC-Bay-of-Biscay.jpg 600w, https:\/\/www.ehu.eus\/PIE\/wp-content\/uploads\/2024\/03\/TREC-Bay-of-Biscay-300x250.jpg 300w\" sizes=\"(max-width: 600px) 100vw, 600px\" \/><\/p>\t\t\t\t\t\t<\/div>\r\n\t\t\t\t<\/div>\r\n\t\t\t\t\t<\/div>\r\n\t\t<\/div>\r\n\t\t\t\t\t\t\t<\/div>\r\n\t\t<\/section>\r\n\t\t\t\t<section class=\"elementor-section elementor-top-section elementor-element elementor-element-9312332 elementor-section-full_width elementor-section-height-min-height elementor-section-stretched elementor-section-height-default elementor-section-items-middle\" data-id=\"9312332\" data-element_type=\"section\" data-settings=\"{&quot;stretch_section&quot;:&quot;section-stretched&quot;,&quot;background_background&quot;:&quot;classic&quot;,&quot;shape_divider_top&quot;:&quot;mountains&quot;}\">\r\n\t\t\t\t\t<div class=\"elementor-shape elementor-shape-top\" data-negative=\"false\">\r\n\t\t\t<svg xmlns=\"http:\/\/www.w3.org\/2000\/svg\" viewBox=\"0 0 1000 100\" preserveAspectRatio=\"none\">\r\n\t<path class=\"elementor-shape-fill\" opacity=\"0.33\" d=\"M473,67.3c-203.9,88.3-263.1-34-320.3,0C66,119.1,0,59.7,0,59.7V0h1000v59.7 c0,0-62.1,26.1-94.9,29.3c-32.8,3.3-62.8-12.3-75.8-22.1C806,49.6,745.3,8.7,694.9,4.7S492.4,59,473,67.3z\"\/>\r\n\t<path class=\"elementor-shape-fill\" opacity=\"0.66\" d=\"M734,67.3c-45.5,0-77.2-23.2-129.1-39.1c-28.6-8.7-150.3-10.1-254,39.1 s-91.7-34.4-149.2,0C115.7,118.3,0,39.8,0,39.8V0h1000v36.5c0,0-28.2-18.5-92.1-18.5C810.2,18.1,775.7,67.3,734,67.3z\"\/>\r\n\t<path class=\"elementor-shape-fill\" d=\"M766.1,28.9c-200-57.5-266,65.5-395.1,19.5C242,1.8,242,5.4,184.8,20.6C128,35.8,132.3,44.9,89.9,52.5C28.6,63.7,0,0,0,0 h1000c0,0-9.9,40.9-83.6,48.1S829.6,47,766.1,28.9z\"\/>\r\n<\/svg>\t\t<\/div>\r\n\t\t\t\t\t<div class=\"elementor-container elementor-column-gap-default\">\r\n\t\t\t\t\t<div class=\"elementor-column elementor-col-100 elementor-top-column elementor-element elementor-element-67ef68a\" data-id=\"67ef68a\" data-element_type=\"column\">\r\n\t\t\t<div class=\"elementor-widget-wrap\">\r\n\t\t\t\t\t\t\t\t\t<\/div>\r\n\t\t<\/div>\r\n\t\t\t\t\t\t\t<\/div>\r\n\t\t<\/section>\r\n\t\t\t\t\t\t\t<\/div>\r\n\t\t","protected":false},"excerpt":{"rendered":"<p>Follow \/ Jarraitu \/ Sigue a TREC You can follow the TREC expedition along its journey across de European coastlines. Read the press releases in different countries and see the photographs and videos that the sampling and outreach teams are sharing online as they progress during their voyage:\u00a0https:\/\/www.embl.org\/about\/info\/trec\/media\/ Jarraitu TREC TREC espedizioa Europako kostaldean zehar &#8230; <a title=\"Follow \/ Jarraitu \/ Sigue a TREC\" class=\"read-more\" href=\"https:\/\/www.ehu.eus\/PIE\/trec-expedition\/follow-trec\/\" aria-label=\"M\u00e1s en Follow \/ Jarraitu \/ Sigue a TREC\">Leer m\u00e1s<\/a><\/p>\n","protected":false},"author":3,"featured_media":0,"parent":4387,"menu_order":0,"comment_status":"closed","ping_status":"closed","template":"","meta":[],"_links":{"self":[{"href":"https:\/\/www.ehu.eus\/PIE\/wp-json\/wp\/v2\/pages\/4446"}],"collection":[{"href":"https:\/\/www.ehu.eus\/PIE\/wp-json\/wp\/v2\/pages"}],"about":[{"href":"https:\/\/www.ehu.eus\/PIE\/wp-json\/wp\/v2\/types\/page"}],"author":[{"embeddable":true,"href":"https:\/\/www.ehu.eus\/PIE\/wp-json\/wp\/v2\/users\/3"}],"replies":[{"embeddable":true,"href":"https:\/\/www.ehu.eus\/PIE\/wp-json\/wp\/v2\/comments?post=4446"}],"version-history":[{"count":13,"href":"https:\/\/www.ehu.eus\/PIE\/wp-json\/wp\/v2\/pages\/4446\/revisions"}],"predecessor-version":[{"id":4495,"href":"https:\/\/www.ehu.eus\/PIE\/wp-json\/wp\/v2\/pages\/4446\/revisions\/4495"}],"up":[{"embeddable":true,"href":"https:\/\/www.ehu.eus\/PIE\/wp-json\/wp\/v2\/pages\/4387"}],"wp:attachment":[{"href":"https:\/\/www.ehu.eus\/PIE\/wp-json\/wp\/v2\/media?parent=4446"}],"curies":[{"name":"wp","href":"https:\/\/api.w.org\/{rel}","templated":true}]}}