{"id":10009,"date":"2019-10-10T14:24:00","date_gmt":"2019-10-10T14:24:00","guid":{"rendered":"http:\/\/www.ehu.eus\/cdsea\/web\/?page_id=10009"},"modified":"2019-10-11T10:09:57","modified_gmt":"2019-10-11T10:09:57","slug":"curso-basico-on-line-4a-edicion","status":"publish","type":"page","link":"https:\/\/www.ehu.eus\/cdsea\/web\/index.php\/curso-basico-on-line-4a-edicion\/","title":{"rendered":"Curso b\u00e1sico On line (4\u00aa edici\u00f3n)"},"content":{"rendered":"<p style=\"text-align: justify;\"><span style=\"font-size: 14pt;\"><strong>CURSO B\u00c1SICO ONLINE (4\u00aa edici\u00f3n): SERVICIOS DE LOS ECOSISTEMAS Y BIENESTAR HUMANO EN EUSKADI<\/strong> <\/span><\/p>\n<p style=\"text-align: justify;\">\u00bfConoces los servicios que nos prestan los ecosistemas? \u00bfEn qu\u00e9 medida somos dependientes y c\u00f3mo podemos reducir esta dependencia? \u00bfCu\u00e1l es su distribuci\u00f3n en Euskadi? \u00bfC\u00f3mo nos ayudan a la hora de tomar decisiones sobre el territorio hacia un futuro m\u00e1s sostenible? \u00bfSab\u00edas que Euskadi est\u00e1 siendo pionero a nivel internacional en aplicar en sus pol\u00edticas el concepto de servicios de los ecosistemas?<\/p>\n<p style=\"text-align: justify;\">Estas y otras respuestas podr\u00e1s encontrar en la 4\u00aa edici\u00f3n del curso on line \u201cServicios de los ecosistemas y Bienestar Humano en Euskadi\u201d. Esta formaci\u00f3n tiene como objetivo acercar el concepto de servicios de los ecosistemas y de conocer las principales caracter\u00edsticas de la evaluaci\u00f3n subglobal de Euskadi. Se acompa\u00f1ar\u00e1 de una jornada-taller presencial.<\/p>\n<p style=\"text-align: justify;\">El curso est\u00e1 dirigido a agentes interesados, tales como el profesorado, personal t\u00e9cnico ambiental de administraciones p\u00fablicas o empresas privadas, monitores de centros de interpretaci\u00f3n, estudiantes, etc., y les ofrecer\u00e1 una introducci\u00f3n a los servicios de los ecosistemas y la aplicabilidad del concepto en las pol\u00edticas p\u00fablicas.<\/p>\n<p style=\"text-align: justify;\">El curso de podr\u00e1 realizar tanto en euskera como en castellano.<\/p>\n<p style=\"text-align: justify;\"><span style=\"color: #008080; font-size: 14pt;\"><strong>CARACTER\u00cdSTICAS GENERALES<\/strong><\/span><\/p>\n<p style=\"text-align: justify;\"><strong>&#8211; N\u00ba de plazas: <\/strong>30<\/p>\n<p style=\"text-align: justify;\"><strong>&#8211; Idioma:<\/strong> castellano o euskera.<\/p>\n<p style=\"text-align: justify;\"><strong>&#8211; Modalidad:<\/strong> Online (plataforma moodle) y jornada-taller presencial (recomendable).<\/p>\n<p style=\"text-align: justify;\"><strong>&#8211; Nivel:<\/strong> b\u00e1sico.<\/p>\n<p style=\"text-align: justify;\"><strong>&#8211; Coste:<\/strong> <strong>10 euros<\/strong> (una vez confirmada la plaza se facilitar\u00e1 un n\u00famero de cuenta para hacer el ingreso).<\/p>\n<p style=\"text-align: justify;\"><strong>&#8211; Duraci\u00f3n: del 29 de octubre al 22 de noviembre<\/strong>, con una dedicaci\u00f3n total estimada de 15 horas.<\/p>\n<p style=\"text-align: justify;\">&#8211;<strong> Jornada presencial el<\/strong> <strong>18 de noviembre<\/strong>, de 16:30 a 19:00, en Bizkaia Aretoa UPV\/EHU (Avenida Abandoibarra n\u00ba 3, Bilbao).<\/p>\n<p style=\"text-align: justify;\"><strong>&#8211; Inscripci\u00f3n:<\/strong> hasta el 22 de octubre. En el caso de que las inscripciones superen las plazas disponibles, la organizaci\u00f3n seleccionar\u00e1 aquellos perfiles que m\u00e1s se adec\u00faen a los objetivos del curso.<\/p>\n<p style=\"text-align: justify;\"><strong>&#8211; Contacto: <\/strong><strong><a href=\"mailto:n.viota@unescoetxea.org\">n.viota@unescoetxea.org<\/a> <\/strong><\/p>\n","protected":false},"excerpt":{"rendered":"<p>CURSO B\u00c1SICO ONLINE (4\u00aa edici\u00f3n): SERVICIOS DE LOS ECOSISTEMAS Y BIENESTAR HUMANO EN EUSKADI \u00bfConoces los servicios que nos prestan los ecosistemas? \u00bfEn qu\u00e9 medida somos dependientes y c\u00f3mo podemos reducir esta dependencia? \u00bfCu\u00e1l es su distribuci\u00f3n en Euskadi? \u00bfC\u00f3mo nos ayudan a la hora de tomar decisiones sobre el territorio hacia un futuro m\u00e1s [&hellip;]<\/p>\n","protected":false},"author":4,"featured_media":0,"parent":0,"menu_order":0,"comment_status":"closed","ping_status":"closed","template":"","meta":{"footnotes":""},"class_list":["post-10009","page","type-page","status-publish","hentry"],"_links":{"self":[{"href":"https:\/\/www.ehu.eus\/cdsea\/web\/index.php\/wp-json\/wp\/v2\/pages\/10009"}],"collection":[{"href":"https:\/\/www.ehu.eus\/cdsea\/web\/index.php\/wp-json\/wp\/v2\/pages"}],"about":[{"href":"https:\/\/www.ehu.eus\/cdsea\/web\/index.php\/wp-json\/wp\/v2\/types\/page"}],"author":[{"embeddable":true,"href":"https:\/\/www.ehu.eus\/cdsea\/web\/index.php\/wp-json\/wp\/v2\/users\/4"}],"replies":[{"embeddable":true,"href":"https:\/\/www.ehu.eus\/cdsea\/web\/index.php\/wp-json\/wp\/v2\/comments?post=10009"}],"version-history":[{"count":2,"href":"https:\/\/www.ehu.eus\/cdsea\/web\/index.php\/wp-json\/wp\/v2\/pages\/10009\/revisions"}],"predecessor-version":[{"id":10017,"href":"https:\/\/www.ehu.eus\/cdsea\/web\/index.php\/wp-json\/wp\/v2\/pages\/10009\/revisions\/10017"}],"wp:attachment":[{"href":"https:\/\/www.ehu.eus\/cdsea\/web\/index.php\/wp-json\/wp\/v2\/media?parent=10009"}],"curies":[{"name":"wp","href":"https:\/\/api.w.org\/{rel}","templated":true}]}}