{"id":10051,"date":"2019-10-14T14:00:36","date_gmt":"2019-10-14T14:00:36","guid":{"rendered":"http:\/\/www.ehu.eus\/cdsea\/web\/?page_id=10051"},"modified":"2019-10-14T14:24:30","modified_gmt":"2019-10-14T14:24:30","slug":"aprobadas-directrices-ot-de-la-capv","status":"publish","type":"page","link":"https:\/\/www.ehu.eus\/cdsea\/web\/index.php\/aprobadas-directrices-ot-de-la-capv\/","title":{"rendered":"Aprobadas directrices OT de la CAPV"},"content":{"rendered":"<p style=\"text-align: justify;\"><span style=\"font-size: 14pt; color: #003300;\"><strong>APROBADAS DIRECTRICES DE ORDENACI\u00d3N TERRITORIAL DE LA CAPV<\/strong><\/span><\/p>\n<p style=\"text-align: justify;\"><span style=\"font-size: 12pt;\">El martes, 24 de septiembre apareci\u00f3 publicado en el BOPV el <a href=\"http:\/\/www.ehu.eus\/cdsea\/web\/wp-content\/uploads\/2017\/03\/bopv-24septiembre.pdf\"><u>decreto 128\/2019<\/u>,<\/a> de 30 de julio, por el que se aprueban definitivamente las Directrices de Ordenaci\u00f3n Territorial (DOT) de la Comunidad Aut\u00f3noma del Pa\u00eds Vasco. Estas directrices constituyen el marco de referencia para la redacci\u00f3n de los dem\u00e1s documentos de planificaci\u00f3n territorial y urban\u00edstica, ya que establecen los criterios b\u00e1sicos de actuaci\u00f3n en lo referente a la ordenaci\u00f3n territorial.<\/span><\/p>\n<p style=\"text-align: justify;\"><span style=\"font-size: 12pt;\">Este decreto recoge en su art\u00edculo 4\u00ba las directrices en materia de infraestructura verde y los servicios de los ecosistemas; tem\u00e1ticas que investigamos y ponemos en valor en la C\u00e1tedra a trav\u00e9s del proyecto Evaluaci\u00f3n de los Servicios de los Ecosistemas de Euskadi. Desde el proyecto se ha tomado parte en el proceso de participaci\u00f3n de la revisi\u00f3n de este documento y se han realizado las oportunas aportaciones.<\/span><\/p>\n<p style=\"text-align: justify;\"><span style=\"font-size: 12pt;\">Adem\u00e1s, en la \u00faltima reuni\u00f3n de la Comisi\u00f3n sobre Ordenaci\u00f3n del Territorio e Infraestructura Verde se acord\u00f3 la realizaci\u00f3n de unas fichas sobre los Servicios de los Ecosistemas que han sido cartografiados en Euskadi, las cuales han sido adjuntadas como Anexo I en el documento de avance de las DOT.<\/span><\/p>\n","protected":false},"excerpt":{"rendered":"<p>APROBADAS DIRECTRICES DE ORDENACI\u00d3N TERRITORIAL DE LA CAPV El martes, 24 de septiembre apareci\u00f3 publicado en el BOPV el decreto 128\/2019, de 30 de julio, por el que se aprueban definitivamente las Directrices de Ordenaci\u00f3n Territorial (DOT) de la Comunidad Aut\u00f3noma del Pa\u00eds Vasco. Estas directrices constituyen el marco de referencia para la redacci\u00f3n de [&hellip;]<\/p>\n","protected":false},"author":4,"featured_media":0,"parent":0,"menu_order":0,"comment_status":"closed","ping_status":"closed","template":"","meta":{"footnotes":""},"class_list":["post-10051","page","type-page","status-publish","hentry"],"_links":{"self":[{"href":"https:\/\/www.ehu.eus\/cdsea\/web\/index.php\/wp-json\/wp\/v2\/pages\/10051"}],"collection":[{"href":"https:\/\/www.ehu.eus\/cdsea\/web\/index.php\/wp-json\/wp\/v2\/pages"}],"about":[{"href":"https:\/\/www.ehu.eus\/cdsea\/web\/index.php\/wp-json\/wp\/v2\/types\/page"}],"author":[{"embeddable":true,"href":"https:\/\/www.ehu.eus\/cdsea\/web\/index.php\/wp-json\/wp\/v2\/users\/4"}],"replies":[{"embeddable":true,"href":"https:\/\/www.ehu.eus\/cdsea\/web\/index.php\/wp-json\/wp\/v2\/comments?post=10051"}],"version-history":[{"count":2,"href":"https:\/\/www.ehu.eus\/cdsea\/web\/index.php\/wp-json\/wp\/v2\/pages\/10051\/revisions"}],"predecessor-version":[{"id":10071,"href":"https:\/\/www.ehu.eus\/cdsea\/web\/index.php\/wp-json\/wp\/v2\/pages\/10051\/revisions\/10071"}],"wp:attachment":[{"href":"https:\/\/www.ehu.eus\/cdsea\/web\/index.php\/wp-json\/wp\/v2\/media?parent=10051"}],"curies":[{"name":"wp","href":"https:\/\/api.w.org\/{rel}","templated":true}]}}