{"id":10125,"date":"2019-10-16T14:20:54","date_gmt":"2019-10-16T14:20:54","guid":{"rendered":"http:\/\/www.ehu.eus\/cdsea\/web\/?page_id=10125"},"modified":"2019-10-16T14:21:15","modified_gmt":"2019-10-16T14:21:15","slug":"10125-2","status":"publish","type":"page","link":"https:\/\/www.ehu.eus\/cdsea\/web\/index.php\/10125-2\/","title":{"rendered":"conferencia internacional columbia-cast"},"content":{"rendered":"<p style=\"text-align: justify;\"><span style=\"font-size: 14pt; color: #003300;\"><strong>CONFERENCIA INTERNACIONAL SOBRE DESARROLLO SOSTENIBLE<\/strong><\/span><\/p>\n<p style=\"text-align: justify;\"><span style=\"font-size: 12pt;\">Miren Onaindia, durante su estancia en la Universidad de Columbia, Nueva York, participa el en la <a href=\"https:\/\/ic-sd.org\/\">conferencia internacional sobre Desarrollo Sostenible (ICSD)<\/a>, que tiene lugar los d\u00edas 24 y 25 de septiembre.<\/span><\/p>\n<p style=\"text-align: justify;\"><span style=\"font-size: 12pt;\">Esta conferencia tiene como objetivo que el mundo acad\u00e9mico, el gobierno, la sociedad civil, las agencias de las Naciones Unidas y el sector privado se re\u00fanan para compartir soluciones pr\u00e1cticas para alcanzar los Objetivos de Desarrollo Sostenible (ODS).<\/span><\/p>\n<p style=\"text-align: justify;\"><span style=\"font-size: 12pt;\">Forman parte de la organizaci\u00f3n de esta conferencia el Centro para el Desarrollo Sostenible, (CSD), <a href=\"https:\/\/www.earth.columbia.edu\/\">el Instituto de la Tierra<\/a>, el M\u00e1ster Global en Pr\u00e1cticas de Desarrollo (MDP) y<a href=\"https:\/\/www.unsdsn.org\/\"> la Red de Soluciones para un Desarrollo Sostenible (SDSN)<\/a>.<\/span><\/p>\n","protected":false},"excerpt":{"rendered":"<p>CONFERENCIA INTERNACIONAL SOBRE DESARROLLO SOSTENIBLE Miren Onaindia, durante su estancia en la Universidad de Columbia, Nueva York, participa el en la conferencia internacional sobre Desarrollo Sostenible (ICSD), que tiene lugar los d\u00edas 24 y 25 de septiembre. Esta conferencia tiene como objetivo que el mundo acad\u00e9mico, el gobierno, la sociedad civil, las agencias de las [&hellip;]<\/p>\n","protected":false},"author":4,"featured_media":0,"parent":0,"menu_order":0,"comment_status":"closed","ping_status":"closed","template":"","meta":{"footnotes":""},"class_list":["post-10125","page","type-page","status-publish","hentry"],"_links":{"self":[{"href":"https:\/\/www.ehu.eus\/cdsea\/web\/index.php\/wp-json\/wp\/v2\/pages\/10125"}],"collection":[{"href":"https:\/\/www.ehu.eus\/cdsea\/web\/index.php\/wp-json\/wp\/v2\/pages"}],"about":[{"href":"https:\/\/www.ehu.eus\/cdsea\/web\/index.php\/wp-json\/wp\/v2\/types\/page"}],"author":[{"embeddable":true,"href":"https:\/\/www.ehu.eus\/cdsea\/web\/index.php\/wp-json\/wp\/v2\/users\/4"}],"replies":[{"embeddable":true,"href":"https:\/\/www.ehu.eus\/cdsea\/web\/index.php\/wp-json\/wp\/v2\/comments?post=10125"}],"version-history":[{"count":2,"href":"https:\/\/www.ehu.eus\/cdsea\/web\/index.php\/wp-json\/wp\/v2\/pages\/10125\/revisions"}],"predecessor-version":[{"id":10128,"href":"https:\/\/www.ehu.eus\/cdsea\/web\/index.php\/wp-json\/wp\/v2\/pages\/10125\/revisions\/10128"}],"wp:attachment":[{"href":"https:\/\/www.ehu.eus\/cdsea\/web\/index.php\/wp-json\/wp\/v2\/media?parent=10125"}],"curies":[{"name":"wp","href":"https:\/\/api.w.org\/{rel}","templated":true}]}}