{"id":10306,"date":"2019-10-25T14:08:05","date_gmt":"2019-10-25T14:08:05","guid":{"rendered":"http:\/\/www.ehu.eus\/cdsea\/web\/?page_id=10306"},"modified":"2019-10-30T14:25:20","modified_gmt":"2019-10-30T14:25:20","slug":"conferencia-universidad-de-envigado","status":"publish","type":"page","link":"https:\/\/www.ehu.eus\/cdsea\/web\/index.php\/conferencia-universidad-de-envigado\/","title":{"rendered":"CONFERENCIA UNIVERSIDAD DE ENVIGADO"},"content":{"rendered":"<p style=\"text-align: justify;\"><span style=\"font-size: 14pt; color: #003300;\"><strong>CONFERENCIA UNIVERSIDAD DE ENVIGADO<\/strong> <\/span><\/p>\n<p style=\"text-align: justify;\"><span style=\"font-size: 12pt;\">Miren Onaindia, durante su estancia en la Universidad de Columbia (Nueva York) tomar\u00e1 parte el lunes, 28 de octubre en un simposio internacional que se llevar\u00e1 a cabo en la Universidad de Envigado (Medell\u00edn, Colombia).<\/span><\/p>\n<p style=\"text-align: justify;\"><span style=\"font-size: 12pt;\">Durante su ponencia: <em>La Agenda 2030 de Naciones Unidas como marco inspirador para la creaci\u00f3n de alianzas hacia un desarrollo sostenible y equitativo,<\/em> remarcar\u00e1 la importancia de desarrollar formas para alcanzar objetivos de desarrollo que incluyan dimensiones de sostenibilidad social, econ\u00f3mica y ambiental.<\/span><\/p>\n<p><img loading=\"lazy\" decoding=\"async\" class=\"alignnone size-medium wp-image-10372 alignleft\" src=\"http:\/\/www.ehu.eus\/cdsea\/web\/wp-content\/uploads\/2017\/03\/miren_medell\u00edn2-300x225.jpg\" alt=\"\" width=\"300\" height=\"225\" srcset=\"https:\/\/www.ehu.eus\/cdsea\/web\/wp-content\/uploads\/2017\/03\/miren_medell\u00edn2-300x225.jpg 300w, https:\/\/www.ehu.eus\/cdsea\/web\/wp-content\/uploads\/2017\/03\/miren_medell\u00edn2-768x576.jpg 768w, https:\/\/www.ehu.eus\/cdsea\/web\/wp-content\/uploads\/2017\/03\/miren_medell\u00edn2-1024x768.jpg 1024w, https:\/\/www.ehu.eus\/cdsea\/web\/wp-content\/uploads\/2017\/03\/miren_medell\u00edn2-600x450.jpg 600w, https:\/\/www.ehu.eus\/cdsea\/web\/wp-content\/uploads\/2017\/03\/miren_medell\u00edn2.jpg 2048w\" sizes=\"(max-width: 300px) 100vw, 300px\" \/>\u00a0\u00a0 <img loading=\"lazy\" decoding=\"async\" class=\"alignnone size-medium wp-image-10371 alignleft\" src=\"http:\/\/www.ehu.eus\/cdsea\/web\/wp-content\/uploads\/2017\/03\/miren_medell\u00edn1-300x225.jpg\" alt=\"\" width=\"300\" height=\"225\" srcset=\"https:\/\/www.ehu.eus\/cdsea\/web\/wp-content\/uploads\/2017\/03\/miren_medell\u00edn1-300x225.jpg 300w, https:\/\/www.ehu.eus\/cdsea\/web\/wp-content\/uploads\/2017\/03\/miren_medell\u00edn1-768x576.jpg 768w, https:\/\/www.ehu.eus\/cdsea\/web\/wp-content\/uploads\/2017\/03\/miren_medell\u00edn1-1024x768.jpg 1024w, https:\/\/www.ehu.eus\/cdsea\/web\/wp-content\/uploads\/2017\/03\/miren_medell\u00edn1-600x450.jpg 600w, https:\/\/www.ehu.eus\/cdsea\/web\/wp-content\/uploads\/2017\/03\/miren_medell\u00edn1.jpg 2048w\" sizes=\"(max-width: 300px) 100vw, 300px\" \/><\/p>\n","protected":false},"excerpt":{"rendered":"<p>CONFERENCIA UNIVERSIDAD DE ENVIGADO Miren Onaindia, durante su estancia en la Universidad de Columbia (Nueva York) tomar\u00e1 parte el lunes, 28 de octubre en un simposio internacional que se llevar\u00e1 a cabo en la Universidad de Envigado (Medell\u00edn, Colombia). Durante su ponencia: La Agenda 2030 de Naciones Unidas como marco inspirador para la creaci\u00f3n de [&hellip;]<\/p>\n","protected":false},"author":4,"featured_media":0,"parent":0,"menu_order":0,"comment_status":"closed","ping_status":"closed","template":"","meta":{"footnotes":""},"class_list":["post-10306","page","type-page","status-publish","hentry"],"_links":{"self":[{"href":"https:\/\/www.ehu.eus\/cdsea\/web\/index.php\/wp-json\/wp\/v2\/pages\/10306"}],"collection":[{"href":"https:\/\/www.ehu.eus\/cdsea\/web\/index.php\/wp-json\/wp\/v2\/pages"}],"about":[{"href":"https:\/\/www.ehu.eus\/cdsea\/web\/index.php\/wp-json\/wp\/v2\/types\/page"}],"author":[{"embeddable":true,"href":"https:\/\/www.ehu.eus\/cdsea\/web\/index.php\/wp-json\/wp\/v2\/users\/4"}],"replies":[{"embeddable":true,"href":"https:\/\/www.ehu.eus\/cdsea\/web\/index.php\/wp-json\/wp\/v2\/comments?post=10306"}],"version-history":[{"count":2,"href":"https:\/\/www.ehu.eus\/cdsea\/web\/index.php\/wp-json\/wp\/v2\/pages\/10306\/revisions"}],"predecessor-version":[{"id":10373,"href":"https:\/\/www.ehu.eus\/cdsea\/web\/index.php\/wp-json\/wp\/v2\/pages\/10306\/revisions\/10373"}],"wp:attachment":[{"href":"https:\/\/www.ehu.eus\/cdsea\/web\/index.php\/wp-json\/wp\/v2\/media?parent=10306"}],"curies":[{"name":"wp","href":"https:\/\/api.w.org\/{rel}","templated":true}]}}