{"id":11023,"date":"2020-01-17T10:12:20","date_gmt":"2020-01-17T10:12:20","guid":{"rendered":"http:\/\/www.ehu.eus\/cdsea\/web\/?page_id=11023"},"modified":"2020-01-17T10:32:23","modified_gmt":"2020-01-17T10:32:23","slug":"1-jornada-interreg","status":"publish","type":"page","link":"https:\/\/www.ehu.eus\/cdsea\/web\/index.php\/1-jornada-interreg\/","title":{"rendered":"1. jornada INTERREG"},"content":{"rendered":"<p style=\"text-align: justify;\"><span style=\"font-size: 14pt; color: #003300;\"><strong>PRIMERA JORNADA REGIONAL DEL PROYECTO RENATUR-INTERREG-EUROPE<\/strong><\/span><\/p>\n<p style=\"text-align: justify;\"><span style=\"font-size: 12pt;\"><img loading=\"lazy\" decoding=\"async\" class=\"size-full wp-image-11032 alignleft\" src=\"http:\/\/www.ehu.eus\/cdsea\/web\/wp-content\/uploads\/2017\/03\/LOGO-RENATUR.jpg\" alt=\"\" width=\"289\" height=\"130\" \/>El <a href=\"https:\/\/www.interregeurope.eu\/renatur\/\">proyecto <strong>RENATUR INTERREG-EUROPE<\/strong><\/a>, en el que participa la Universidad del Pa\u00eds Vasco\/Euskal Herriko Unibertsitatea (UPV\/EHU), junto a otras 5 instituciones regionales europeas, tiene como objetivo desarrollar y mejorar los instrumentos pol\u00edticos para la adecuada protecci\u00f3n del patrimonio natural de los espacios periurbanos, a trav\u00e9s de la mejora en la gobernanza de los fondos FEDER. Esto ayudar\u00e1 a mejorar las pol\u00edticas territoriales para conseguir un entorno que proporcione bienestar y salud a las personas de la CAPV.<\/span><\/p>\n<p style=\"text-align: justify;\"><span style=\"font-size: 12pt;\">La <strong>primera jornada regional<\/strong> se realizar\u00e1 <strong>en el Bizkaia Aretoa (Bilbao) el 24 de enero de 2020<\/strong><strong>, de 9.00 a 14.00.<\/strong> Se presentar\u00e1 el proyecto a todos los asistentes, y se les emplazar\u00e1 a ser miembros activos en las futuras reuniones, con el objetivo de mejorar las pol\u00edticas de financiaci\u00f3n.<\/span><\/p>\n<p style=\"text-align: justify;\"><span style=\"font-size: 12pt;\"><a href=\"https:\/\/forms.gle\/2dWc6sgcCM4L19Nt8\"><strong>Inscripci\u00f3n<\/strong><\/a> a la jornada<\/span><\/p>\n<p style=\"text-align: justify;\"><span style=\"font-size: 12pt;\"><strong>M\u00e1s informaci\u00f3n:<\/strong> <a href=\"mailto:info.renatur@ehu.es\">info.renatur@ehu.es <\/a>\/ 94 601 83 82<\/span><\/p>\n","protected":false},"excerpt":{"rendered":"<p>PRIMERA JORNADA REGIONAL DEL PROYECTO RENATUR-INTERREG-EUROPE El proyecto RENATUR INTERREG-EUROPE, en el que participa la Universidad del Pa\u00eds Vasco\/Euskal Herriko Unibertsitatea (UPV\/EHU), junto a otras 5 instituciones regionales europeas, tiene como objetivo desarrollar y mejorar los instrumentos pol\u00edticos para la adecuada protecci\u00f3n del patrimonio natural de los espacios periurbanos, a trav\u00e9s de la mejora en [&hellip;]<\/p>\n","protected":false},"author":4,"featured_media":0,"parent":0,"menu_order":0,"comment_status":"closed","ping_status":"closed","template":"","meta":{"footnotes":""},"class_list":["post-11023","page","type-page","status-publish","hentry"],"_links":{"self":[{"href":"https:\/\/www.ehu.eus\/cdsea\/web\/index.php\/wp-json\/wp\/v2\/pages\/11023"}],"collection":[{"href":"https:\/\/www.ehu.eus\/cdsea\/web\/index.php\/wp-json\/wp\/v2\/pages"}],"about":[{"href":"https:\/\/www.ehu.eus\/cdsea\/web\/index.php\/wp-json\/wp\/v2\/types\/page"}],"author":[{"embeddable":true,"href":"https:\/\/www.ehu.eus\/cdsea\/web\/index.php\/wp-json\/wp\/v2\/users\/4"}],"replies":[{"embeddable":true,"href":"https:\/\/www.ehu.eus\/cdsea\/web\/index.php\/wp-json\/wp\/v2\/comments?post=11023"}],"version-history":[{"count":4,"href":"https:\/\/www.ehu.eus\/cdsea\/web\/index.php\/wp-json\/wp\/v2\/pages\/11023\/revisions"}],"predecessor-version":[{"id":11037,"href":"https:\/\/www.ehu.eus\/cdsea\/web\/index.php\/wp-json\/wp\/v2\/pages\/11023\/revisions\/11037"}],"wp:attachment":[{"href":"https:\/\/www.ehu.eus\/cdsea\/web\/index.php\/wp-json\/wp\/v2\/media?parent=11023"}],"curies":[{"name":"wp","href":"https:\/\/api.w.org\/{rel}","templated":true}]}}