{"id":11232,"date":"2020-02-21T14:44:03","date_gmt":"2020-02-21T14:44:03","guid":{"rendered":"http:\/\/www.ehu.eus\/cdsea\/web\/?page_id=11232"},"modified":"2020-03-06T14:14:38","modified_gmt":"2020-03-06T14:14:38","slug":"renatur","status":"publish","type":"page","link":"https:\/\/www.ehu.eus\/cdsea\/web\/index.php\/renatur\/","title":{"rendered":"Renatur"},"content":{"rendered":"<p>[vc_row][vc_column width=\u00bb1\/6&#8243;][vc_wp_custommenu nav_menu=\u00bb112&#8243;][\/vc_column][vc_column width=\u00bb7\/12&#8243;][us_single_image image=\u00bb11330&#8243; align=\u00bbcenter\u00bb][vc_column_text]<\/p>\n<p style=\"text-align: justify;\"><strong>PROYECTO RENATUR: Mejorar las pol\u00edticas regionales para la protecci\u00f3n del patrimonio natural de los espacios abiertos periurbanos.<\/strong><\/p>\n<p style=\"text-align: justify;\">Investigadoras del \u201cDep. Biolog\u00eda Vegetal y Ecolog\u00eda\u201d\u00a0 y de la \u201cC\u00e1tedra UNESCO sobre Desarrollo Sostenible y Educaci\u00f3n Ambiental\u201d de la UPV\/EHU participan como socias en el proyecto\u00a0<strong><a href=\"https:\/\/www.interregeurope.eu\/renatur\/\">RENATUR-INTERREG Europe<\/a><\/strong> de cooperaci\u00f3n interregional junto a otras 6 instituciones europeas: Martin Luther University Halle-Wittenberg (Alemania)-l\u00edder del proyecto, Agencia Territorial Flamenca (B\u00e9lgica), Ministerio para el Desarrollo Regional y Transporte de Alta-Sajonia (Alemania), Gobierno del Condado de Hajd\u00fa-Bihar (Hungr\u00eda), Agencia de Desarrollo de Mazovia (Polonia) y Centro de Apoyo Empresarial de Kranj (Slovenia). El proyecto tiene una duraci\u00f3n de 4 a\u00f1os (agosto 2019-Julio 2023) y cuenta con un presupuesto de 1,27 millones de Euros para mejorar las pol\u00edticas regionales con el fin de mejorar la protecci\u00f3n del patrimonio natural en los espacios abiertos periurbano (PUOS- Peri-Urban Open Spaces).<\/p>\n<p style=\"text-align: justify;\">En el marco del proyecto RENATUR, se identificar\u00e1n, analizar\u00e1n y transferir\u00e1n ejemplos de instrumentos pol\u00edticos y buenas pr\u00e1cticas relacionadas con la protecci\u00f3n del patrimonio natural en los PUOS. Los objetivos finales son PROTEGER los ecosistemas y sus servicios, CONSERVAR la biodiversidad y REDUCIR su p\u00e9rdida, EVITAR la fragmentaci\u00f3n de los ecosistemas y MEJORAR su conexi\u00f3n, REDUCIR la impermeabilizaci\u00f3n del suelo y CONCIENCIAR sobre el concepto de infraestructuras verdes en la ordenaci\u00f3n territorial.<\/p>\n<p>[\/vc_column_text][us_social_links facebook=\u00bbhttps:\/\/www.facebook.com\/RenaturEU\/\u00bb twitter=\u00bbhttps:\/\/twitter.com\/RenaturEU\u00bb linkedin=\u00bbhttps:\/\/www.linkedin.com\/company\/renatur\/\u00bb size=\u00bb30px\u00bb align=\u00bbcenter\u00bb][\/vc_column][vc_column width=\u00bb1\/4&#8243;][vc_column_text]<em>El territorio es capital, patrimonio, naturaleza.<\/em><\/p>\n<p><em>Inversi\u00f3n, inspiraci\u00f3n, hogar.<\/em><\/p>\n<p><em><strong>Todo finito<\/strong>,<\/em><\/p>\n<p><em>todo necesitado de cuidado.<\/em><\/p>\n<p><em>Por tanto,<\/em><\/p>\n<p><em>a\u00f1ade <strong>planificaci\u00f3n y <\/strong><\/em><\/p>\n<p><em><strong>ecolog\u00eda con sabidur\u00eda<\/strong>,<\/em><\/p>\n<p><em>Por el futuro de la naturaleza,<\/em><\/p>\n<p><em><strong>nuestro futuro<\/strong>.<\/em><\/p>\n<p><em><strong>Forman, R.T.T. 2009. <\/strong><strong>Urban Regions: Ecology and Planning Beyond the City.<\/strong><\/em>[\/vc_column_text][\/vc_column][\/vc_row]<\/p>\n","protected":false},"excerpt":{"rendered":"<p>[vc_row][vc_column width=\u00bb1\/6&#8243;][vc_wp_custommenu nav_menu=\u00bb112&#8243;][\/vc_column][vc_column width=\u00bb7\/12&#8243;][us_single_image image=\u00bb11330&#8243; align=\u00bbcenter\u00bb][vc_column_text] PROYECTO RENATUR: Mejorar las pol\u00edticas regionales para la protecci\u00f3n del patrimonio natural de los espacios abiertos periurbanos. Investigadoras del \u201cDep. Biolog\u00eda Vegetal y Ecolog\u00eda\u201d\u00a0 y de la \u201cC\u00e1tedra UNESCO sobre Desarrollo Sostenible y Educaci\u00f3n Ambiental\u201d de la UPV\/EHU participan como socias en el proyecto\u00a0RENATUR-INTERREG Europe de cooperaci\u00f3n interregional junto [&hellip;]<\/p>\n","protected":false},"author":4,"featured_media":0,"parent":0,"menu_order":0,"comment_status":"closed","ping_status":"closed","template":"","meta":{"footnotes":""},"class_list":["post-11232","page","type-page","status-publish","hentry"],"_links":{"self":[{"href":"https:\/\/www.ehu.eus\/cdsea\/web\/index.php\/wp-json\/wp\/v2\/pages\/11232"}],"collection":[{"href":"https:\/\/www.ehu.eus\/cdsea\/web\/index.php\/wp-json\/wp\/v2\/pages"}],"about":[{"href":"https:\/\/www.ehu.eus\/cdsea\/web\/index.php\/wp-json\/wp\/v2\/types\/page"}],"author":[{"embeddable":true,"href":"https:\/\/www.ehu.eus\/cdsea\/web\/index.php\/wp-json\/wp\/v2\/users\/4"}],"replies":[{"embeddable":true,"href":"https:\/\/www.ehu.eus\/cdsea\/web\/index.php\/wp-json\/wp\/v2\/comments?post=11232"}],"version-history":[{"count":45,"href":"https:\/\/www.ehu.eus\/cdsea\/web\/index.php\/wp-json\/wp\/v2\/pages\/11232\/revisions"}],"predecessor-version":[{"id":11452,"href":"https:\/\/www.ehu.eus\/cdsea\/web\/index.php\/wp-json\/wp\/v2\/pages\/11232\/revisions\/11452"}],"wp:attachment":[{"href":"https:\/\/www.ehu.eus\/cdsea\/web\/index.php\/wp-json\/wp\/v2\/media?parent=11232"}],"curies":[{"name":"wp","href":"https:\/\/api.w.org\/{rel}","templated":true}]}}