{"id":11256,"date":"2020-02-24T10:43:01","date_gmt":"2020-02-24T10:43:01","guid":{"rendered":"http:\/\/www.ehu.eus\/cdsea\/web\/?page_id=11256"},"modified":"2022-06-28T11:51:07","modified_gmt":"2022-06-28T11:51:07","slug":"renatur-jornadas-regionales","status":"publish","type":"page","link":"https:\/\/www.ehu.eus\/cdsea\/web\/index.php\/renatur-jornadas-regionales\/","title":{"rendered":"Renatur. Jornadas Regionales."},"content":{"rendered":"<p>[vc_row][vc_column width=\u00bb1\/4&#8243;][vc_wp_custommenu nav_menu=\u00bb112&#8243;][\/vc_column][vc_column width=\u00bb3\/4&#8243;][us_single_image image=\u00bb11330&#8243; size=\u00bbmedium\u00bb align=\u00bbcenter\u00bb][vc_column_text]<\/p>\n<p style=\"text-align: justify;\">Dentro del proyecto RENATUR se van a realizar diferentes jornadas tem\u00e1ticas regionales mediante la participaci\u00f3n activa de los agentes relevantes del territorio: t\u00e9cnicos y autoridades regionales, \u00a0grupos de inter\u00e9s, asociaciones, sector privado, \u00e1mbito acad\u00e9mico y medio de comunicaci\u00f3n, entre otros. Se realizar\u00e1n un total de 6 jornadas, aproximadamente cada 6 meses, hasta la finalizaci\u00f3n de la Fase 1 del proyecto (junio 2022). A continuaci\u00f3n, se puede obtener m\u00e1s informaci\u00f3n sobre las diferentes jornadas realizadas o que se realizar\u00e1n a lo largo del proyecto.<\/p>\n<p>[\/vc_column_text][vc_tta_tabs][vc_tta_section title=\u00bb24\/01\/2020: 1\u00aa JORNADA REGIONAL DEL PROYECTO RENATUR-INTERREG-EUROPE\u00bb tab_id=\u00bb1582540907413-06caeec6-94f6&#8243;][vc_column_text]El\u00a0<a href=\"https:\/\/www.interregeurope.eu\/renatur\/\">proyecto\u00a0<strong>RENATUR INTERREG-EUROPE<\/strong><\/a>, en el que participa la Universidad del Pa\u00eds Vasco\/Euskal Herriko Unibertsitatea (UPV\/EHU), junto a otras 5 instituciones regionales europeas, tiene como objetivo desarrollar y mejorar los instrumentos pol\u00edticos para la adecuada protecci\u00f3n del patrimonio natural de los espacios periurbanos, a trav\u00e9s de la mejora en la gobernanza de los fondos FEDER. Esto ayudar\u00e1 a mejorar las pol\u00edticas territoriales para conseguir un entorno que proporcione mayor bienestar y salud a las personas de la CAPV.<\/p>\n<p>La\u00a0<strong>primera jornada regional<\/strong>\u00a0se realiz\u00f3\u00a0<strong>en el Bizkaia Aretoa (Bilbao) el 24 de enero de 2020, de 9.00 a 14.00.<\/strong>\u00a0Se present\u00f3 el proyecto a todos los asistentes, y se les emplaz\u00f3 a ser miembros activos en las futuras reuniones, con el objetivo de mejorar las pol\u00edticas de financiaci\u00f3n.<\/p>\n<ul>\n<li><span style=\"font-size: 12pt;\"><strong><a href=\"http:\/\/www.ehu.eus\/cdsea\/web\/wp-content\/uploads\/2017\/03\/PROGRAMA-3.Jardunaldia_3a-jornada-1.pdf\">Programa jornada<\/a><\/strong><\/span><\/li>\n<li><span style=\"font-size: 12pt;\"><strong>M\u00e1s informaci\u00f3n:<\/strong>\u00a0<a href=\"mailto:info.renatur@ehu.es\">info.renatur@ehu.es\u00a0<\/a><\/span><\/li>\n<li><span style=\"font-size: 12pt;\"><strong>Documentos: <\/strong><a href=\"http:\/\/www.ehu.eus\/cdsea\/web\/wp-content\/uploads\/2017\/03\/1\u00aa-JORNADA-REGIONAL_INFO_web.pdf\">PPT 1\u00aa Jornada<\/a> <\/span><\/li>\n<li><span style=\"font-size: 12pt;\"><strong>Otros links: <\/strong><\/span><\/li>\n<\/ul>\n<ul style=\"list-style-type: circle;\">\n<li><a href=\"https:\/\/www.ihobe.eus\/actualidad\/proyecto-europeo-renatur-celebra-en-bilbao-su-primera-jornada-regional-2\" data-saferedirecturl=\"https:\/\/www.google.com\/url?q=https:\/\/www.ihobe.eus\/actualidad\/proyecto-europeo-renatur-celebra-en-bilbao-su-primera-jornada-regional-2&amp;source=gmail&amp;ust=1582809432377000&amp;usg=AFQjCNGLXu_oROFmB685klXGFo2nAsr86w\">Noticia IHOBE<\/a><\/li>\n<li><a href=\"https:\/\/www.interregeurope.eu\/renatur\/news\/news-article\/7525\/1st-regional-stakeholder-meeting-in-basque-country\/\" data-saferedirecturl=\"https:\/\/www.google.com\/url?q=https:\/\/www.interregeurope.eu\/renatur\/news\/news-article\/7525\/1st-regional-stakeholder-meeting-in-basque-country\/&amp;source=gmail&amp;ust=1582809432377000&amp;usg=AFQjCNFuyfyM7_MkYaMMsWUcB4trRdL1MA\">Noticia Renatur Oficial<\/a><\/li>\n<\/ul>\n<p>[\/vc_column_text][us_gallery ids=\u00bb11269,11270,11271,11272,11273,11274,11275&#8243; columns=\u00bb7&#8243;][\/vc_tta_section][vc_tta_section title=\u00bb12\/06\/2020: 2\u00aa JORNADA REGIONAL DEL PROYECTO RENATUR-INTERREG-EUROPE\u00bb tab_id=\u00bb1582540913011-c68caf25-f497&#8243;][vc_column_text]<\/p>\n<p style=\"text-align: justify;\"><span style=\"font-size: 12pt;\">La <strong>segunda jornada regional<\/strong> se realizar\u00e1 en <strong>Bilbao<\/strong> el <strong>d\u00eda 12 de junio de 2020 en el Bizkaia Aretoa (Bilbao)<\/strong>. Es por ello, que creemos que su asistencia como expert@ en el tema es de gran relevancia, para poder compartir experiencias y conocimientos mutuos durante esta SEGUNDA jornada. Debido a la actual situaci\u00f3n de pandemia por COVID-19 en la que nos encontramos, ser\u00e1n tomadas todas las medidas de seguridad e higiene necesarias atendiendo a las normas establecidas para la realizaci\u00f3n de eventos estipuladas por las autoridades sanitarias competentes.\u00a0 Actualmente, el aforo es limitado, y rogamos confirme su participaci\u00f3n como se indica al final de esta carta. As\u00ed mismo, le informamos que este evento ser\u00e1 retrasmitido en \u201cstreaming\u201d y utilizado posteriormente para su difusi\u00f3n, de modo que necesitamos consienta su grabaci\u00f3n (a trav\u00e9s del documento de inscripci\u00f3n).<\/span><\/p>\n<ul>\n<li style=\"text-align: justify;\"><span style=\"font-size: 12pt;\"><strong>M\u00e1s informaci\u00f3n:<\/strong>\u00a0<a href=\"mailto:info.renatur@ehu.es\">info.renatur@ehu.es\u00a0<\/a><\/span><\/li>\n<li style=\"text-align: justify;\"><span style=\"font-size: 12pt;\"><strong><a href=\"http:\/\/www.ehu.eus\/cdsea\/web\/wp-content\/uploads\/2017\/03\/PROGRAMA-2-Jardunaldia_2da-jornada-2.pdf\">Programa jornada<\/a>\u00a0\u00a0<\/strong><\/span><\/li>\n<li style=\"text-align: justify;\"><span style=\"font-size: 12pt;\"><strong>Presentaciones: <\/strong><\/span>\n<ul>\n<li><span style=\"font-size: 12pt;\">\u00a0\u00a0\u00a0\u00a0 <a href=\"http:\/\/www.ehu.eus\/cdsea\/web\/wp-content\/uploads\/2017\/03\/2daJornada_PARTE1.pdf\">PPT-1<\/a> <\/span><\/li>\n<\/ul>\n<\/li>\n<li><span style=\"font-size: 12pt;\"><strong>Otros links:\u00a0\u00a0\u00a0 <\/strong><\/span>\n<ul>\n<li><span style=\"font-size: 12pt;\"><a href=\"https:\/\/www.vlm.be\/nl\/SiteCollectionDocuments\/Landinrichting\/brochure%20landinrichting%20ENGELS.pdf\">Land development (Flemish Parliament Act on Land Development)<\/a><\/span><\/li>\n<li><span style=\"font-size: 12pt;\"><a href=\"http:\/\/www.ehu.eus\/cdsea\/web\/index.php\/12152-2\/\">http:\/\/www.ehu.eus\/cdsea\/web\/index.php\/12152-2\/<\/a><\/span><\/li>\n<\/ul>\n<\/li>\n<\/ul>\n<p>[\/vc_column_text][us_gallery ids=\u00bb12366,12365,12364,12363,12362,12361,12360,12359&#8243; columns=\u00bb8&#8243;][\/vc_tta_section][vc_tta_section title=\u00bb04\/12\/2020: 3\u00aa JORNADA REGIONAL DEL PROYECTO RENATUR-INTERREG-EUROPE \u00bb tab_id=\u00bb1582540913761-9d2c4848-b366&#8243;][vc_column_text]<\/p>\n<p style=\"text-align: justify;\"><span style=\"font-size: 12pt;\">La tercera<strong>\u00a0jornada regional<\/strong> se realizar\u00e1 en <strong>Bilbao<\/strong> el viernes, 4<strong>\u00a0de diciembre de 2020 en el Bizkaia Aretoa (Bilbao)<\/strong>. Es por ello, que creemos que su asistencia como expert@ en el tema es de gran relevancia, para poder compartir experiencias y conocimientos mutuos durante esta TERCERA jornada. Debido a la actual situaci\u00f3n de pandemia por COVID-19 en la que nos encontramos, ser\u00e1n tomadas todas las medidas de seguridad e higiene necesarias atendiendo a las normas establecidas para la realizaci\u00f3n de eventos estipuladas por las autoridades sanitarias competentes.\u00a0 Actualmente, el aforo es limitado, y rogamos confirme su participaci\u00f3n como se indica al final de esta carta. As\u00ed mismo, le informamos que este evento ser\u00e1 retrasmitido en \u201cstreaming\u201d y utilizado posteriormente para su difusi\u00f3n, de modo que necesitamos consienta su grabaci\u00f3n (a trav\u00e9s del documento de inscripci\u00f3n).<\/span><\/p>\n<ul>\n<li><span style=\"font-size: 12pt;\"><a href=\"http:\/\/www.ehu.eus\/cdsea\/web\/index.php\/renatur-inscripcion\/\"><strong>Inscripci\u00f3n\u00a0a la jornada<\/strong><\/a><\/span><\/li>\n<li><strong><a href=\"http:\/\/www.ehu.eus\/cdsea\/web\/wp-content\/uploads\/2017\/03\/PROGRAMA-3.Jardunaldia_3a-jornada-2.pdf\"><span style=\"font-size: 12pt;\">Programa<\/span><\/a><\/strong><\/li>\n<li><span style=\"font-size: 12pt;\"><strong>M\u00e1s informaci\u00f3n:<\/strong>\u00a0<a href=\"mailto:info.renatur@ehu.es\">info.renatur@ehu.es\u00a0<\/a><\/span><\/li>\n<li><span style=\"font-size: 12pt;\"><strong>Documentos<\/strong><\/span><\/li>\n<li><span style=\"font-size: 12pt;\"><strong>Otros links<\/strong><\/span><\/li>\n<\/ul>\n<p>[\/vc_column_text][us_gallery ids=\u00bb14915,14914,14913,14912,14911&#8243; columns=\u00bb5&#8243;][\/vc_tta_section][vc_tta_section title=\u00bb25\/10\/2021: 4\u00aa JORNADA REGIONAL DEL PROYECTO RENATUR-INTERREG-EUROPE \u00bb tab_id=\u00bb1582540914698-e905b429-e3fe\u00bb][vc_column_text]Lugar: Bizkaia Aretoa-UPV\/EHU; Sala Arriaga (Abandoibarra Etorb., 3, 48009 Bilbo, Bizkaia).<br \/>\nD\u00eda: <strong>25 de octubre de 2021<\/strong><br \/>\nHora: 10:00<\/p>\n<ul>\n<li><strong><a href=\"http:\/\/www.ehu.eus\/cdsea\/web\/index.php\/renatur-inscripcion\/\">Inscripci\u00f3n\u00a0a la jornada<\/a><\/strong><\/li>\n<li><strong>M\u00e1s informaci\u00f3n:<\/strong>\u00a0<a href=\"mailto:info.renatur@ehu.es\">info.renatur@ehu.es\u00a0<\/a><\/li>\n<li><strong>Documentos: <a href=\"http:\/\/www.ehu.eus\/cdsea\/web\/wp-content\/uploads\/2017\/03\/PROGRAMA-4.Jardunaldia_4a-jornadaprovisional_behin-behinekoa.pdf\">Programa.<\/a><br \/>\n<\/strong><\/li>\n<li><strong>Fotos: <\/strong><\/li>\n<li><strong>Otros links: <\/strong><\/li>\n<\/ul>\n<p>[\/vc_column_text][\/vc_tta_section][vc_tta_section title=\u00bb23\/06\/2022: 5\u00aa JORNADA REGIONAL DEL PROYECTO RENATUR-INTERREG-EUROPE \u00bb tab_id=\u00bb1582540915876-942cab71-238f\u00bb][vc_column_text]<span class=\"fontstyle0\"><span style=\"text-decoration: underline;\"><strong>Lugar:<\/strong><\/span> Bizkaia Aretoa-UPV\/EHU, Auditorio Arriaga (Abandoibarra Etorb., 3, 48009 Bilbo, Bizkaia).<br \/>\n<span style=\"text-decoration: underline;\"><strong>D\u00eda<\/strong><\/span>: 23 de junio de 2022<br \/>\n<span style=\"text-decoration: underline;\"><strong>Hora<\/strong><\/span>: 10:00<br \/>\n<span style=\"text-decoration: underline;\"><strong>Contacto<\/strong><\/span>: <\/span><span class=\"fontstyle0\">info.renatur@ehu.es<\/span><\/p>\n<ul>\n<li><a href=\"https:\/\/www.ehu.eus\/cdsea\/web\/index.php\/renatur-inscripcion\/\"><strong>Inscripci\u00f3n\u00a0a la jornada<\/strong><\/a><\/li>\n<li><a href=\"http:\/\/www.ehu.eus\/cdsea\/web\/wp-content\/uploads\/2017\/03\/PROGRAMA-RENATUR-5.Jardunaldia_5a-jornada_.pdf\"><strong>Programa de la jornada<\/strong><\/a><\/li>\n<li><strong>M\u00e1s informaci\u00f3n:<\/strong>\u00a0<a href=\"mailto:info.renatur@ehu.es\">info.renatur@ehu.es\u00a0<\/a><\/li>\n<li><strong><a href=\"http:\/\/www.ehu.eus\/cdsea\/web\/wp-content\/uploads\/2017\/03\/JR_5jun_completa.pptx\">Documentos<\/a><\/strong><\/li>\n<li><strong>Otros links:<\/strong><\/li>\n<\/ul>\n<p>[\/vc_column_text][us_gallery ids=\u00bb16061,16060,16059,16058&#8243; columns=\u00bb4&#8243;][\/vc_tta_section][\/vc_tta_tabs][\/vc_column][\/vc_row][vc_row][vc_column][\/vc_column][\/vc_row]<\/p>\n","protected":false},"excerpt":{"rendered":"<p>[vc_row][vc_column width=\u00bb1\/4&#8243;][vc_wp_custommenu nav_menu=\u00bb112&#8243;][\/vc_column][vc_column width=\u00bb3\/4&#8243;][us_single_image image=\u00bb11330&#8243; size=\u00bbmedium\u00bb align=\u00bbcenter\u00bb][vc_column_text] Dentro del proyecto RENATUR se van a realizar diferentes jornadas tem\u00e1ticas regionales mediante la participaci\u00f3n activa de los agentes relevantes del territorio: t\u00e9cnicos y autoridades regionales, \u00a0grupos de inter\u00e9s, asociaciones, sector privado, \u00e1mbito acad\u00e9mico y medio de comunicaci\u00f3n, entre otros. Se realizar\u00e1n un total de 6 jornadas, aproximadamente [&hellip;]<\/p>\n","protected":false},"author":4,"featured_media":0,"parent":0,"menu_order":0,"comment_status":"closed","ping_status":"closed","template":"","meta":{"footnotes":""},"class_list":["post-11256","page","type-page","status-publish","hentry"],"_links":{"self":[{"href":"https:\/\/www.ehu.eus\/cdsea\/web\/index.php\/wp-json\/wp\/v2\/pages\/11256"}],"collection":[{"href":"https:\/\/www.ehu.eus\/cdsea\/web\/index.php\/wp-json\/wp\/v2\/pages"}],"about":[{"href":"https:\/\/www.ehu.eus\/cdsea\/web\/index.php\/wp-json\/wp\/v2\/types\/page"}],"author":[{"embeddable":true,"href":"https:\/\/www.ehu.eus\/cdsea\/web\/index.php\/wp-json\/wp\/v2\/users\/4"}],"replies":[{"embeddable":true,"href":"https:\/\/www.ehu.eus\/cdsea\/web\/index.php\/wp-json\/wp\/v2\/comments?post=11256"}],"version-history":[{"count":69,"href":"https:\/\/www.ehu.eus\/cdsea\/web\/index.php\/wp-json\/wp\/v2\/pages\/11256\/revisions"}],"predecessor-version":[{"id":16063,"href":"https:\/\/www.ehu.eus\/cdsea\/web\/index.php\/wp-json\/wp\/v2\/pages\/11256\/revisions\/16063"}],"wp:attachment":[{"href":"https:\/\/www.ehu.eus\/cdsea\/web\/index.php\/wp-json\/wp\/v2\/media?parent=11256"}],"curies":[{"name":"wp","href":"https:\/\/api.w.org\/{rel}","templated":true}]}}