{"id":1156,"date":"2016-11-24T16:55:26","date_gmt":"2016-11-24T16:55:26","guid":{"rendered":"http:\/\/www.ehu.eus\/cdsea\/cdseawp\/?page_id=1156"},"modified":"2026-01-27T15:34:41","modified_gmt":"2026-01-27T14:34:41","slug":"practicas-en-empresas","status":"publish","type":"page","link":"https:\/\/www.ehu.eus\/cdsea\/web\/index.php\/master_propio\/programa\/practicas-en-empresas\/","title":{"rendered":"Pr\u00e1cticas en empresas"},"content":{"rendered":"\n<p><strong>PR\u00c1CTICAS EN EMPRESAS<\/strong><\/p>\n\n\n\n<div class=\"wp-block-columns alignwide is-layout-flex wp-container-core-columns-is-layout-1 wp-block-columns-is-layout-flex\">\n<div class=\"wp-block-column is-layout-flow wp-block-column-is-layout-flow\" style=\"flex-basis:20%\"><nav class=\"has-background has-base-background-color is-responsive items-justified-center is-vertical wp-block-navigation is-content-justification-center is-layout-flex wp-container-core-navigation-is-layout-1 wp-block-navigation-is-layout-flex\" aria-label=\"Navegaci\u00f3n 3\" \n\t\t data-wp-interactive=\"core\/navigation\" data-wp-context='{\"overlayOpenedBy\":{\"click\":false,\"hover\":false,\"focus\":false},\"type\":\"overlay\",\"roleAttribute\":\"\",\"ariaLabel\":\"Men\\u00fa\"}'><button aria-haspopup=\"dialog\" aria-label=\"Abrir el men\u00fa\" class=\"wp-block-navigation__responsive-container-open \" \n\t\t\t\tdata-wp-on-async--click=\"actions.openMenuOnClick\"\n\t\t\t\tdata-wp-on--keydown=\"actions.handleMenuKeydown\"\n\t\t\t><svg width=\"24\" height=\"24\" xmlns=\"http:\/\/www.w3.org\/2000\/svg\" viewBox=\"0 0 24 24\" aria-hidden=\"true\" focusable=\"false\"><rect x=\"4\" y=\"7.5\" width=\"16\" height=\"1.5\" \/><rect x=\"4\" y=\"15\" width=\"16\" height=\"1.5\" \/><\/svg><\/button>\n\t\t\t\t<div class=\"wp-block-navigation__responsive-container  \"  id=\"modal-1\" \n\t\t\t\tdata-wp-class--has-modal-open=\"state.isMenuOpen\"\n\t\t\t\tdata-wp-class--is-menu-open=\"state.isMenuOpen\"\n\t\t\t\tdata-wp-watch=\"callbacks.initMenu\"\n\t\t\t\tdata-wp-on--keydown=\"actions.handleMenuKeydown\"\n\t\t\t\tdata-wp-on-async--focusout=\"actions.handleMenuFocusout\"\n\t\t\t\ttabindex=\"-1\"\n\t\t\t>\n\t\t\t\t\t<div class=\"wp-block-navigation__responsive-close\" tabindex=\"-1\">\n\t\t\t\t\t\t<div class=\"wp-block-navigation__responsive-dialog\" \n\t\t\t\tdata-wp-bind--aria-modal=\"state.ariaModal\"\n\t\t\t\tdata-wp-bind--aria-label=\"state.ariaLabel\"\n\t\t\t\tdata-wp-bind--role=\"state.roleAttribute\"\n\t\t\t>\n\t\t\t\t\t\t\t<button aria-label=\"Cerrar el men\u00fa\" class=\"wp-block-navigation__responsive-container-close\" \n\t\t\t\tdata-wp-on-async--click=\"actions.closeMenuOnClick\"\n\t\t\t><svg xmlns=\"http:\/\/www.w3.org\/2000\/svg\" viewBox=\"0 0 24 24\" width=\"24\" height=\"24\" aria-hidden=\"true\" focusable=\"false\"><path d=\"M13 11.8l6.1-6.3-1-1-6.1 6.2-6.1-6.2-1 1 6.1 6.3-6.5 6.7 1 1 6.5-6.6 6.5 6.6 1-1z\"><\/path><\/svg><\/button>\n\t\t\t\t\t\t\t<div class=\"wp-block-navigation__responsive-container-content\" \n\t\t\t\tdata-wp-watch=\"callbacks.focusFirstElement\"\n\t\t\t id=\"modal-1-content\">\n\t\t\t\t\t\t\t\t<ul class=\"wp-block-navigation__container has-background has-base-background-color is-responsive items-justified-center is-vertical wp-block-navigation\"><li class=\" wp-block-navigation-item wp-block-navigation-link\"><a class=\"wp-block-navigation-item__content\"  href=\"https:\/\/www.ehu.eus\/cdsea\/web\/index.php\/acceso-alumnado\/apuntes\/\"><span class=\"wp-block-navigation-item__label\"><strong>Apuntes<\/strong><\/span><\/a><\/li><li class=\" wp-block-navigation-item wp-block-navigation-link\"><a class=\"wp-block-navigation-item__content\"  href=\"https:\/\/www.ehu.eus\/cdsea\/web\/index.php\/acceso-alumnado\/trabajo-final\/?lang=eu\"><span class=\"wp-block-navigation-item__label\"><strong>Trabajo Final<\/strong><\/span><\/a><\/li><li class=\" wp-block-navigation-item wp-block-navigation-link\"><a class=\"wp-block-navigation-item__content\"  href=\"https:\/\/www.ehu.eus\/cdsea\/web\/index.php\/master_propio\/programa\/practicas-en-empresas\/\"><span class=\"wp-block-navigation-item__label\"><strong>Pr\u00e1cticas<\/strong><\/span><\/a><\/li><li class=\" wp-block-navigation-item wp-block-navigation-link\"><a class=\"wp-block-navigation-item__content\"  href=\"https:\/\/www.ehu.eus\/cdsea\/web\/index.php\/master_propio\/programa\/\"><span class=\"wp-block-navigation-item__label\"><strong>Programa<\/strong><\/span><\/a><\/li><li class=\" wp-block-navigation-item wp-block-navigation-link\"><a class=\"wp-block-navigation-item__content\"  href=\"https:\/\/www.ehu.eus\/cdsea\/web\/index.php\/acceso-alumnado\/varios\/?lang=eu\"><span class=\"wp-block-navigation-item__label\"><strong>Varios<\/strong><\/span><\/a><\/li><\/ul>\n\t\t\t\t\t\t\t<\/div>\n\t\t\t\t\t\t<\/div>\n\t\t\t\t\t<\/div>\n\t\t\t\t<\/div><\/nav><\/div>\n\n\n\n<div class=\"wp-block-column is-layout-flow wp-block-column-is-layout-flow\" style=\"flex-basis:66.66%\">\n<p><span style=\"font-size: 12pt;\">La aplicaci\u00f3n de las competencias adquiridas durante el curso se concretar\u00e1 en la realizaci\u00f3n de <strong>pr\u00e1cticas obligatorias en empresas, instituciones y otros organismos relacionados con el medio ambiente y la sostenibilidad.<\/strong><\/span><\/p>\n\n\n\n<p><strong>Listado de empresas y pr\u00e1cticas a realizar:<\/strong><\/p>\n\n\n\n<ol class=\"wp-block-list\">\n<li><a href=\"http:\/\/www.ehu.eus\/cdsea\/web\/wp-content\/uploads\/2025\/12\/Ficha-practicas-TECH-friendly.pdf\">Tech Friendly <\/a><\/li>\n\n\n\n<li><a href=\"http:\/\/www.ehu.eus\/cdsea\/web\/wp-content\/uploads\/2025\/12\/Ficha-practicas_Orbela_Curso-2025-2026.pdf\">Orbela<\/a><\/li>\n\n\n\n<li><a href=\"http:\/\/www.ehu.eus\/cdsea\/web\/wp-content\/uploads\/2025\/12\/Cristina-Enea.pdf\">Cristina Enea<\/a><\/li>\n\n\n\n<li><a href=\"http:\/\/www.ehu.eus\/cdsea\/web\/wp-content\/uploads\/2025\/12\/Geolan-Beasain.pdf\">Geolan Beasain<\/a><\/li>\n\n\n\n<li><a href=\"http:\/\/www.ehu.eus\/cdsea\/web\/wp-content\/uploads\/2025\/12\/Wilextours-25.pdf\">Wilextours<\/a><\/li>\n\n\n\n<li><a href=\"http:\/\/www.ehu.eus\/cdsea\/web\/wp-content\/uploads\/2025\/12\/Haizea-Bilbao.pdf\">Haizea<\/a><\/li>\n\n\n\n<li><a href=\"http:\/\/www.ehu.eus\/cdsea\/web\/wp-content\/uploads\/2025\/12\/Basoinsa-Ficha-practicas.pdf\">Basoinsa<\/a><\/li>\n\n\n\n<li><a href=\"http:\/\/www.ehu.eus\/cdsea\/web\/wp-content\/uploads\/2025\/12\/LURGINTZA.pdf\">Lurgintza<\/a><\/li>\n\n\n\n<li><a href=\"http:\/\/www.ehu.eus\/cdsea\/web\/wp-content\/uploads\/2025\/12\/Oscarte.pdf\">Oscarte<\/a><\/li>\n\n\n\n<li><a href=\"http:\/\/www.ehu.eus\/cdsea\/web\/wp-content\/uploads\/2025\/12\/Direccion-de-sostenibilidad-EHU.pdf\">Direcci\u00f3n de sostenibilidad EHU<\/a><\/li>\n\n\n\n<li><a href=\"http:\/\/www.ehu.eus\/cdsea\/web\/wp-content\/uploads\/2025\/12\/Agripower.pdf\">Agripower<\/a><\/li>\n\n\n\n<li><a href=\"http:\/\/www.ehu.eus\/cdsea\/web\/wp-content\/uploads\/2025\/12\/UN-Etxea.pdf\">Un Etxea<\/a><\/li>\n\n\n\n<li><a href=\"http:\/\/www.ehu.eus\/cdsea\/web\/wp-content\/uploads\/2025\/12\/Ortzadar.pdf\">Ortzadar<\/a><\/li>\n\n\n\n<li><a href=\"http:\/\/www.ehu.eus\/cdsea\/web\/wp-content\/uploads\/2026\/01\/Waste-Lab.pdf\">Waste lab- Aclima<\/a><\/li>\n\n\n\n<li><a href=\"http:\/\/www.ehu.eus\/cdsea\/web\/wp-content\/uploads\/2026\/01\/Grupo-de-investigacion-ENEDI.pdf\">Grupo investigaci\u00f3n ITTEB<\/a><\/li>\n\n\n\n<li><a href=\"http:\/\/www.ehu.eus\/cdsea\/web\/wp-content\/uploads\/2026\/01\/Legazpiko-Udala_2026.pdf\">Legazpiko Udala<\/a><\/li>\n<\/ol>\n<\/div>\n<\/div>\n\n\n\n<p><\/p>\n","protected":false},"excerpt":{"rendered":"<p>PR\u00c1CTICAS EN EMPRESAS La aplicaci\u00f3n de las competencias adquiridas durante el curso se concretar\u00e1 en la realizaci\u00f3n de pr\u00e1cticas obligatorias en empresas, instituciones y otros organismos relacionados con el medio ambiente y la sostenibilidad. Listado de empresas y pr\u00e1cticas a realizar:<\/p>\n","protected":false},"author":1,"featured_media":0,"parent":138,"menu_order":0,"comment_status":"closed","ping_status":"closed","template":"","meta":{"footnotes":""},"class_list":["post-1156","page","type-page","status-publish","hentry"],"_links":{"self":[{"href":"https:\/\/www.ehu.eus\/cdsea\/web\/index.php\/wp-json\/wp\/v2\/pages\/1156"}],"collection":[{"href":"https:\/\/www.ehu.eus\/cdsea\/web\/index.php\/wp-json\/wp\/v2\/pages"}],"about":[{"href":"https:\/\/www.ehu.eus\/cdsea\/web\/index.php\/wp-json\/wp\/v2\/types\/page"}],"author":[{"embeddable":true,"href":"https:\/\/www.ehu.eus\/cdsea\/web\/index.php\/wp-json\/wp\/v2\/users\/1"}],"replies":[{"embeddable":true,"href":"https:\/\/www.ehu.eus\/cdsea\/web\/index.php\/wp-json\/wp\/v2\/comments?post=1156"}],"version-history":[{"count":46,"href":"https:\/\/www.ehu.eus\/cdsea\/web\/index.php\/wp-json\/wp\/v2\/pages\/1156\/revisions"}],"predecessor-version":[{"id":19109,"href":"https:\/\/www.ehu.eus\/cdsea\/web\/index.php\/wp-json\/wp\/v2\/pages\/1156\/revisions\/19109"}],"up":[{"embeddable":true,"href":"https:\/\/www.ehu.eus\/cdsea\/web\/index.php\/wp-json\/wp\/v2\/pages\/138"}],"wp:attachment":[{"href":"https:\/\/www.ehu.eus\/cdsea\/web\/index.php\/wp-json\/wp\/v2\/media?parent=1156"}],"curies":[{"name":"wp","href":"https:\/\/api.w.org\/{rel}","templated":true}]}}