{"id":11563,"date":"2020-03-25T15:28:01","date_gmt":"2020-03-25T15:28:01","guid":{"rendered":"http:\/\/www.ehu.eus\/cdsea\/web\/?page_id=11563"},"modified":"2020-03-31T06:47:03","modified_gmt":"2020-03-31T06:47:03","slug":"11563-2","status":"publish","type":"page","link":"https:\/\/www.ehu.eus\/cdsea\/web\/index.php\/11563-2\/","title":{"rendered":"Jornadas investigacion cambio climatico-cast"},"content":{"rendered":"<p><span style=\"font-size: 14pt; color: #003300;\"><strong>\u00a0VII JORNADAS DE INVESTIGACI\u00d3N: CAMBIO CLIM\u00c1TICO<\/strong><\/span><\/p>\n<p style=\"text-align: justify;\"><span style=\"font-size: 12pt;\">Los d\u00edas <strong>16, 17 y 18 de marzo<\/strong> se celebrar\u00e1n en la Facultad de Ciencia y Tecnolog\u00eda las <strong>VII Jornadas de Investigaci\u00f3n<\/strong>, con el lema: <strong>Cambio Clim\u00e1tico.<\/strong><\/span><\/p>\n<p style=\"text-align: justify;\"><span style=\"font-size: 12pt;\">El mi\u00e9rcoles 18 de marzo los grupos de investigaci\u00f3n del Centro tendr\u00e1n la oportunidad de presentar su investigaci\u00f3n en forma de p\u00f3ster. Nuestro grupo de investigaci\u00f3n presentar\u00e1 el p\u00f3ster titulado \u201cDesarrollo de herramientas basadas en los servicios de los ecosistemas para la ordenaci\u00f3n del territorio\u201d.<\/span><\/p>\n","protected":false},"excerpt":{"rendered":"<p>\u00a0VII JORNADAS DE INVESTIGACI\u00d3N: CAMBIO CLIM\u00c1TICO Los d\u00edas 16, 17 y 18 de marzo se celebrar\u00e1n en la Facultad de Ciencia y Tecnolog\u00eda las VII Jornadas de Investigaci\u00f3n, con el lema: Cambio Clim\u00e1tico. El mi\u00e9rcoles 18 de marzo los grupos de investigaci\u00f3n del Centro tendr\u00e1n la oportunidad de presentar su investigaci\u00f3n en forma de p\u00f3ster. [&hellip;]<\/p>\n","protected":false},"author":4,"featured_media":0,"parent":0,"menu_order":0,"comment_status":"closed","ping_status":"closed","template":"","meta":{"footnotes":""},"class_list":["post-11563","page","type-page","status-publish","hentry"],"_links":{"self":[{"href":"https:\/\/www.ehu.eus\/cdsea\/web\/index.php\/wp-json\/wp\/v2\/pages\/11563"}],"collection":[{"href":"https:\/\/www.ehu.eus\/cdsea\/web\/index.php\/wp-json\/wp\/v2\/pages"}],"about":[{"href":"https:\/\/www.ehu.eus\/cdsea\/web\/index.php\/wp-json\/wp\/v2\/types\/page"}],"author":[{"embeddable":true,"href":"https:\/\/www.ehu.eus\/cdsea\/web\/index.php\/wp-json\/wp\/v2\/users\/4"}],"replies":[{"embeddable":true,"href":"https:\/\/www.ehu.eus\/cdsea\/web\/index.php\/wp-json\/wp\/v2\/comments?post=11563"}],"version-history":[{"count":3,"href":"https:\/\/www.ehu.eus\/cdsea\/web\/index.php\/wp-json\/wp\/v2\/pages\/11563\/revisions"}],"predecessor-version":[{"id":11687,"href":"https:\/\/www.ehu.eus\/cdsea\/web\/index.php\/wp-json\/wp\/v2\/pages\/11563\/revisions\/11687"}],"wp:attachment":[{"href":"https:\/\/www.ehu.eus\/cdsea\/web\/index.php\/wp-json\/wp\/v2\/media?parent=11563"}],"curies":[{"name":"wp","href":"https:\/\/api.w.org\/{rel}","templated":true}]}}