{"id":11576,"date":"2020-03-25T15:50:20","date_gmt":"2020-03-25T15:50:20","guid":{"rendered":"http:\/\/www.ehu.eus\/cdsea\/web\/?page_id=11576"},"modified":"2020-03-31T06:55:37","modified_gmt":"2020-03-31T06:55:37","slug":"11576-2","status":"publish","type":"page","link":"https:\/\/www.ehu.eus\/cdsea\/web\/index.php\/11576-2\/","title":{"rendered":"Ecoflor meeting"},"content":{"rendered":"<p><span style=\"font-size: 14pt; color: #003300;\"><strong>XVII ECOFLOR MEETING<\/strong><\/span><\/p>\n<p style=\"text-align: justify;\"><span style=\"font-size: 12pt;\">Del 4 al 7 de marzo ha tenido lugar en el Bizkaia Aretoa de Bilbao, la 17\u00aa reuni\u00f3n de <strong><a href=\"https:\/\/ecoflor2020.weebly.com\/\">ECOFLOR,<\/a><\/strong> en la cual la C\u00e1tedra ha participado tanto en el comit\u00e9 organizador como cient\u00edfico de la misma. Esta reuni\u00f3n, que se celebra anualmente, se compone de presentaciones plenarias, contribuciones orales, discusiones y mesas redondas. Adem\u00e1s, en esta edici\u00f3n se ha incluido una sesi\u00f3n de p\u00f3sters con presentaciones flash de 1 minuto de los mismos.<\/span><\/p>\n<p style=\"text-align: justify;\"><span style=\"font-size: 12pt;\">La C\u00e1tedra ha presentado, a esta \u00faltima opci\u00f3n, dos p\u00f3sters:<\/span><\/p>\n<ol>\n<li style=\"text-align: justify;\"><em><span style=\"font-size: 12pt;\">Management effect on pollination ecosystem service in mountain pastures<\/span><\/em><\/li>\n<li><em><span style=\"text-align: justify; font-size: 12pt;\">Mapping pollination service in Euskadi<\/span><\/em><\/li>\n<\/ol>\n<p style=\"text-align: justify;\"><span style=\"font-size: 12pt;\">Los resultados presentados en ambos p\u00f3sters muestran c\u00f3mo la gesti\u00f3n del territorio afecta a las comunidades de polinizadores.<\/span><\/p>\n","protected":false},"excerpt":{"rendered":"<p>XVII ECOFLOR MEETING Del 4 al 7 de marzo ha tenido lugar en el Bizkaia Aretoa de Bilbao, la 17\u00aa reuni\u00f3n de ECOFLOR, en la cual la C\u00e1tedra ha participado tanto en el comit\u00e9 organizador como cient\u00edfico de la misma. Esta reuni\u00f3n, que se celebra anualmente, se compone de presentaciones plenarias, contribuciones orales, discusiones y [&hellip;]<\/p>\n","protected":false},"author":4,"featured_media":0,"parent":0,"menu_order":0,"comment_status":"closed","ping_status":"closed","template":"","meta":{"footnotes":""},"class_list":["post-11576","page","type-page","status-publish","hentry"],"_links":{"self":[{"href":"https:\/\/www.ehu.eus\/cdsea\/web\/index.php\/wp-json\/wp\/v2\/pages\/11576"}],"collection":[{"href":"https:\/\/www.ehu.eus\/cdsea\/web\/index.php\/wp-json\/wp\/v2\/pages"}],"about":[{"href":"https:\/\/www.ehu.eus\/cdsea\/web\/index.php\/wp-json\/wp\/v2\/types\/page"}],"author":[{"embeddable":true,"href":"https:\/\/www.ehu.eus\/cdsea\/web\/index.php\/wp-json\/wp\/v2\/users\/4"}],"replies":[{"embeddable":true,"href":"https:\/\/www.ehu.eus\/cdsea\/web\/index.php\/wp-json\/wp\/v2\/comments?post=11576"}],"version-history":[{"count":5,"href":"https:\/\/www.ehu.eus\/cdsea\/web\/index.php\/wp-json\/wp\/v2\/pages\/11576\/revisions"}],"predecessor-version":[{"id":11696,"href":"https:\/\/www.ehu.eus\/cdsea\/web\/index.php\/wp-json\/wp\/v2\/pages\/11576\/revisions\/11696"}],"wp:attachment":[{"href":"https:\/\/www.ehu.eus\/cdsea\/web\/index.php\/wp-json\/wp\/v2\/media?parent=11576"}],"curies":[{"name":"wp","href":"https:\/\/api.w.org\/{rel}","templated":true}]}}