{"id":11593,"date":"2020-03-25T21:42:03","date_gmt":"2020-03-25T21:42:03","guid":{"rendered":"http:\/\/www.ehu.eus\/cdsea\/web\/?page_id=11593"},"modified":"2020-03-25T21:42:03","modified_gmt":"2020-03-25T21:42:03","slug":"planificacion-hidrologica","status":"publish","type":"page","link":"https:\/\/www.ehu.eus\/cdsea\/web\/index.php\/planificacion-hidrologica\/","title":{"rendered":"Planificaci\u00f3n hidrol\u00f3gica"},"content":{"rendered":"<p style=\"text-align: justify;\"><span style=\"font-size: 14pt; color: #003300;\"><strong>PROCESO DE PARTICIPACI\u00d3N P\u00daBLICA SOBRE EL 3er CICLO DE PLANIFICACI\u00d3N HIDR\u00d3L\u00d3GICA 2021-2027<\/strong><\/span><\/p>\n<p style=\"text-align: justify;\">La agencia Vasca del AGUA (URA) organiz\u00f3 entre el 3 y el 12 de marzo de 2020 una serie de talleres participativos para la aprobaci\u00f3n del Esquema de Temas Importantes (ETI) del tercer ciclo de planificaci\u00f3n hidrol\u00f3gica de la Demarcaci\u00f3n Hidrogr\u00e1fica del Cant\u00e1brico Oriental.<\/p>\n<p style=\"text-align: justify;\">Investigadoras de la C\u00e1tedra UNESCO han asistido a las jornadas organizadas el 3 y 11 de marzo sobre \u201cRestauraci\u00f3n y mejora ambiental\u201d y sobre \u201cContaminaci\u00f3n\u201d, respectivamente.\u00a0Tras la presentaci\u00f3n y contextualizaci\u00f3n de las ETIs por parte de URA, se realizaron una serie de din\u00e1micas participativas en las que los asistentes se repartieron un grupos de discusi\u00f3n, y donde las Investigadoras de la C\u00e1tedra UNESCO pudieron expresar sus opiniones acerca de las mejoras posibles a realizar en el \u00e1mbito de las Soluciones Basadas en la Naturaleza para conseguir los Objetivos Medioambientales de las masas de agua de la CAPV, y as\u00ed mejorar la capacidad de los Servicios de los Ecosistemas que los ecosistemas acu\u00e1ticos proveen.<\/p>\n<p style=\"text-align: justify;\">Link de URA: <a href=\"https:\/\/www.uragentzia.euskadi.eus\/noticia\/2020\/hoy-arrancan-en-san-sebastian-los-talleres-participativos-para-la-aprobacion-del-esquema-de-temas-importantes-de-la-demarcacion-hidrografica-del-cantabrico-oriental\/u81-000376\/es\/\">https:\/\/www.uragentzia.euskadi.eus\/noticia\/2020\/hoy-arrancan-en-san-sebastian-los-talleres-participativos-para-la-aprobacion-del-esquema-de-temas-importantes-de-la-demarcacion-hidrografica-del-cantabrico-oriental\/u81-000376\/es\/<\/a><\/p>\n","protected":false},"excerpt":{"rendered":"<p>PROCESO DE PARTICIPACI\u00d3N P\u00daBLICA SOBRE EL 3er CICLO DE PLANIFICACI\u00d3N HIDR\u00d3L\u00d3GICA 2021-2027 La agencia Vasca del AGUA (URA) organiz\u00f3 entre el 3 y el 12 de marzo de 2020 una serie de talleres participativos para la aprobaci\u00f3n del Esquema de Temas Importantes (ETI) del tercer ciclo de planificaci\u00f3n hidrol\u00f3gica de la Demarcaci\u00f3n Hidrogr\u00e1fica del Cant\u00e1brico [&hellip;]<\/p>\n","protected":false},"author":4,"featured_media":0,"parent":0,"menu_order":0,"comment_status":"closed","ping_status":"closed","template":"","meta":{"footnotes":""},"class_list":["post-11593","page","type-page","status-publish","hentry"],"_links":{"self":[{"href":"https:\/\/www.ehu.eus\/cdsea\/web\/index.php\/wp-json\/wp\/v2\/pages\/11593"}],"collection":[{"href":"https:\/\/www.ehu.eus\/cdsea\/web\/index.php\/wp-json\/wp\/v2\/pages"}],"about":[{"href":"https:\/\/www.ehu.eus\/cdsea\/web\/index.php\/wp-json\/wp\/v2\/types\/page"}],"author":[{"embeddable":true,"href":"https:\/\/www.ehu.eus\/cdsea\/web\/index.php\/wp-json\/wp\/v2\/users\/4"}],"replies":[{"embeddable":true,"href":"https:\/\/www.ehu.eus\/cdsea\/web\/index.php\/wp-json\/wp\/v2\/comments?post=11593"}],"version-history":[{"count":1,"href":"https:\/\/www.ehu.eus\/cdsea\/web\/index.php\/wp-json\/wp\/v2\/pages\/11593\/revisions"}],"predecessor-version":[{"id":11595,"href":"https:\/\/www.ehu.eus\/cdsea\/web\/index.php\/wp-json\/wp\/v2\/pages\/11593\/revisions\/11595"}],"wp:attachment":[{"href":"https:\/\/www.ehu.eus\/cdsea\/web\/index.php\/wp-json\/wp\/v2\/media?parent=11593"}],"curies":[{"name":"wp","href":"https:\/\/api.w.org\/{rel}","templated":true}]}}