{"id":11605,"date":"2020-03-26T07:29:42","date_gmt":"2020-03-26T07:29:42","guid":{"rendered":"http:\/\/www.ehu.eus\/cdsea\/web\/?page_id=11605"},"modified":"2020-05-11T07:24:23","modified_gmt":"2020-05-11T07:24:23","slug":"11605-2","status":"publish","type":"page","link":"https:\/\/www.ehu.eus\/cdsea\/web\/index.php\/11605-2\/","title":{"rendered":"Ciclo jornadas: m\u00e1s all\u00e1 del desarrollo"},"content":{"rendered":"<p><span style=\"font-size: 14pt; color: #003300;\"><strong>CICLO JORNADAS: \u201cM\u00c1S ALL\u00c1 DEL DESARROLLO: TEOR\u00cdAS, ENFOQUES Y EXPERIENCIAS PARA ABRIR NUEVOS CAMINOS\u201d<\/strong><\/span><\/p>\n<p style=\"text-align: justify;\"><span style=\"font-size: 12pt;\">Los d\u00edas 23 de enero y 27 de febrero de 2020, en horario de 9 a 19 horas, se ha participado en el ciclo de Jornadas <a href=\"http:\/\/www.hegoa.ehu.es\/articles\/text\/Jornadas_+M%C3%A1s_all%C3%A1_del_desarrollo%3A_teor%C3%ADas%2C_enfoques_y_experiencias_para_abrir_nuevos_caminos\">\u201cM\u00e1s all\u00e1 del desarrollo: teor\u00edas, enfoques y experiencias para abrir nuevos caminos<\/a>\u201d organizadas por la Fundaci\u00f3n Hegoa y la UPV\/EHU.<\/span><\/p>\n<p style=\"text-align: justify;\"><span style=\"font-size: 12pt;\">Las jornadas, a trav\u00e9s de ponencias marco y mesas redondas, han reunido diferentes personas clave del \u00e1mbito acad\u00e9mico, instituciones p\u00fablicas, ONGD y movimientos y organizaciones sociales, con el objetivo de reflexionar en torno a teor\u00edas, enfoques y experiencias cr\u00edticas sobre sostenibilidad bajo diferentes enfoques.\u00a0<\/span><\/p>\n<p style=\"text-align: justify;\"><span style=\"font-size: 12pt;\">Durante el desarrollo de las mismas se ha tenido la oportunidad de compartir di\u00e1logo para impulsar la articulaci\u00f3n de paradigmas alternativos de sostenibilidad. Adem\u00e1s, se ha puesto el foco en profundizar en propuestas clave para la construcci\u00f3n de alternativas al desarrollo que puedan contribuir a abordar de manera alternativa\u00a0problemas pol\u00edticos, econ\u00f3micos, ecol\u00f3gicos y sociales que influyen sobre los procesos de sostenibilidad en sus variadas dimensiones. \u00a0<\/span><\/p>\n","protected":false},"excerpt":{"rendered":"<p>CICLO JORNADAS: \u201cM\u00c1S ALL\u00c1 DEL DESARROLLO: TEOR\u00cdAS, ENFOQUES Y EXPERIENCIAS PARA ABRIR NUEVOS CAMINOS\u201d Los d\u00edas 23 de enero y 27 de febrero de 2020, en horario de 9 a 19 horas, se ha participado en el ciclo de Jornadas \u201cM\u00e1s all\u00e1 del desarrollo: teor\u00edas, enfoques y experiencias para abrir nuevos caminos\u201d organizadas por la [&hellip;]<\/p>\n","protected":false},"author":4,"featured_media":0,"parent":0,"menu_order":0,"comment_status":"closed","ping_status":"closed","template":"","meta":{"footnotes":""},"class_list":["post-11605","page","type-page","status-publish","hentry"],"_links":{"self":[{"href":"https:\/\/www.ehu.eus\/cdsea\/web\/index.php\/wp-json\/wp\/v2\/pages\/11605"}],"collection":[{"href":"https:\/\/www.ehu.eus\/cdsea\/web\/index.php\/wp-json\/wp\/v2\/pages"}],"about":[{"href":"https:\/\/www.ehu.eus\/cdsea\/web\/index.php\/wp-json\/wp\/v2\/types\/page"}],"author":[{"embeddable":true,"href":"https:\/\/www.ehu.eus\/cdsea\/web\/index.php\/wp-json\/wp\/v2\/users\/4"}],"replies":[{"embeddable":true,"href":"https:\/\/www.ehu.eus\/cdsea\/web\/index.php\/wp-json\/wp\/v2\/comments?post=11605"}],"version-history":[{"count":5,"href":"https:\/\/www.ehu.eus\/cdsea\/web\/index.php\/wp-json\/wp\/v2\/pages\/11605\/revisions"}],"predecessor-version":[{"id":11875,"href":"https:\/\/www.ehu.eus\/cdsea\/web\/index.php\/wp-json\/wp\/v2\/pages\/11605\/revisions\/11875"}],"wp:attachment":[{"href":"https:\/\/www.ehu.eus\/cdsea\/web\/index.php\/wp-json\/wp\/v2\/media?parent=11605"}],"curies":[{"name":"wp","href":"https:\/\/api.w.org\/{rel}","templated":true}]}}