{"id":11627,"date":"2020-03-26T21:17:37","date_gmt":"2020-03-26T21:17:37","guid":{"rendered":"http:\/\/www.ehu.eus\/cdsea\/web\/?page_id=11627"},"modified":"2020-03-31T06:59:00","modified_gmt":"2020-03-31T06:59:00","slug":"ecodesing-es","status":"publish","type":"page","link":"https:\/\/www.ehu.eus\/cdsea\/web\/index.php\/ecodesing-es\/","title":{"rendered":"ecodesing-es"},"content":{"rendered":"<p style=\"text-align: justify;\"><span style=\"font-size: 14pt; color: #003300;\"><strong>ECODESING: RETOS DE LA FORMACI\u00d3N SOBRE ECONOM\u00cdA CIRCULAR PARA LA JUVENTUD<\/strong><\/span><\/p>\n<p style=\"text-align: justify;\"><span style=\"font-size: 12pt;\">El viernes 28 de febrero participamos en la jornada \u201cRetos de la formaci\u00f3n sobre Econom\u00eda Circular para la juventud\u201d que tuvo lugar en el Palacio Euskalduna en el marco del congreso <strong><a href=\"https:\/\/www.basqueecodesignmeeting2020.eus\/es\/\">Basque Ecodesing Meeting 2020.<\/a><\/strong><\/span><\/p>\n<p style=\"text-align: justify;\"><span style=\"font-size: 12pt;\">La jornada, de 9.45 a 13.30, consisti\u00f3 en una mesa redonda en la que estuvieron representadas las universidades del Pa\u00eds Vasco, en una visita guiada a la exposici\u00f3n \u201c20 a\u00f1os de ecodise\u00f1o made in Euskadi\u201d, y en una din\u00e1mica de trabajo en grupo, en la cual se respondi\u00f3 a la cuesti\u00f3n: \u00bfC\u00f3mo hacer frente a los retos de la formaci\u00f3n sobre econom\u00eda circular de la juventud?<\/span><\/p>\n","protected":false},"excerpt":{"rendered":"<p>ECODESING: RETOS DE LA FORMACI\u00d3N SOBRE ECONOM\u00cdA CIRCULAR PARA LA JUVENTUD El viernes 28 de febrero participamos en la jornada \u201cRetos de la formaci\u00f3n sobre Econom\u00eda Circular para la juventud\u201d que tuvo lugar en el Palacio Euskalduna en el marco del congreso Basque Ecodesing Meeting 2020. La jornada, de 9.45 a 13.30, consisti\u00f3 en una [&hellip;]<\/p>\n","protected":false},"author":4,"featured_media":0,"parent":0,"menu_order":0,"comment_status":"closed","ping_status":"closed","template":"","meta":{"footnotes":""},"class_list":["post-11627","page","type-page","status-publish","hentry"],"_links":{"self":[{"href":"https:\/\/www.ehu.eus\/cdsea\/web\/index.php\/wp-json\/wp\/v2\/pages\/11627"}],"collection":[{"href":"https:\/\/www.ehu.eus\/cdsea\/web\/index.php\/wp-json\/wp\/v2\/pages"}],"about":[{"href":"https:\/\/www.ehu.eus\/cdsea\/web\/index.php\/wp-json\/wp\/v2\/types\/page"}],"author":[{"embeddable":true,"href":"https:\/\/www.ehu.eus\/cdsea\/web\/index.php\/wp-json\/wp\/v2\/users\/4"}],"replies":[{"embeddable":true,"href":"https:\/\/www.ehu.eus\/cdsea\/web\/index.php\/wp-json\/wp\/v2\/comments?post=11627"}],"version-history":[{"count":3,"href":"https:\/\/www.ehu.eus\/cdsea\/web\/index.php\/wp-json\/wp\/v2\/pages\/11627\/revisions"}],"predecessor-version":[{"id":11699,"href":"https:\/\/www.ehu.eus\/cdsea\/web\/index.php\/wp-json\/wp\/v2\/pages\/11627\/revisions\/11699"}],"wp:attachment":[{"href":"https:\/\/www.ehu.eus\/cdsea\/web\/index.php\/wp-json\/wp\/v2\/media?parent=11627"}],"curies":[{"name":"wp","href":"https:\/\/api.w.org\/{rel}","templated":true}]}}