{"id":11639,"date":"2020-03-26T21:49:20","date_gmt":"2020-03-26T21:49:20","guid":{"rendered":"http:\/\/www.ehu.eus\/cdsea\/web\/?page_id=11639"},"modified":"2020-03-31T06:32:32","modified_gmt":"2020-03-31T06:32:32","slug":"11639-2","status":"publish","type":"page","link":"https:\/\/www.ehu.eus\/cdsea\/web\/index.php\/11639-2\/","title":{"rendered":"infografia-es"},"content":{"rendered":"<p style=\"text-align: justify;\"><span style=\"font-size: 14pt; color: #003300;\"><strong>INFOGRAF\u00cdAS DE LOS 17 ODS DE LA AGENDA 2030<\/strong><\/span><\/p>\n<p style=\"text-align: justify;\"><a href=\"http:\/\/www.ehu.eus\/cdsea\/web\/wp-content\/uploads\/2017\/03\/ODS15.pdf\"><img loading=\"lazy\" decoding=\"async\" class=\"size-medium wp-image-11645 alignleft\" src=\"http:\/\/www.ehu.eus\/cdsea\/web\/wp-content\/uploads\/2017\/03\/infografias-211x300.jpg\" alt=\"\" width=\"211\" height=\"300\" srcset=\"https:\/\/www.ehu.eus\/cdsea\/web\/wp-content\/uploads\/2017\/03\/infografias-211x300.jpg 211w, https:\/\/www.ehu.eus\/cdsea\/web\/wp-content\/uploads\/2017\/03\/infografias.jpg 466w\" sizes=\"(max-width: 211px) 100vw, 211px\" \/><\/a><span style=\"font-size: 12pt;\">La C\u00e1tedra UNESCO ha colaborado con <a href=\"https:\/\/twitter.com\/BBK_Behatokia\">BBK-Behatokia<\/a> y <a href=\"http:\/\/www.unescoetxea.org\">UNESCO Etxea<\/a> en la elaboraci\u00f3n de las Infograf\u00edas de los 17 ODS de la Agenda 2030 y su realidad en Bizkaia. En concreto, la C\u00e1tedra ha aportado los datos para la elaboraci\u00f3n de la infograf\u00eda del ODS 15: Vida de ecosistemas terrestres.<\/span><\/p>\n<p style=\"text-align: justify;\"><span style=\"font-size: 12pt;\">Entre los datos que aparecen en la infograf\u00eda, cabe destacar:<\/span><\/p>\n<p style=\"text-align: justify;\"><span style=\"font-size: 12pt;\">.- Al evaluar los ecosistemas terrestres en Bizkaia, nos encontramos con un: 71% de superficie forestal, 19% de superficie agraria, y 9% superficie urbana<\/span><\/p>\n<p style=\"text-align: justify;\"><span style=\"font-size: 12pt;\">.- Los bosques naturales (roble y haya) aunque representan el 80% de la vegetaci\u00f3n potencial de <a href=\"https:\/\/twitter.com\/hashtag\/Bizkaia?src=hashtag_click\">Bizkaia<\/a>, \u00fanicamente ocupan el 13% de este territorio; mientras que el 46% se encuentra ocupado por plantaciones de especies ex\u00f3ticas: pino y eucalipto<\/span><\/p>\n<p style=\"text-align: justify;\"><span style=\"font-size: 12pt;\">.- El 89% de la superficie forestal de Bizkaia no se encuentra protegida.<\/span><\/p>\n<ul>\n<li style=\"text-align: justify;\"><span style=\"font-size: 12pt;\"><a href=\"http:\/\/www.ehu.eus\/cdsea\/web\/wp-content\/uploads\/2017\/03\/ODS15.pdf\"><strong>Descargar<\/strong> <strong>infograf\u00eda del ODS 15<\/strong><\/a><\/span><\/li>\n<li><span style=\"font-size: 12pt;\"><a href=\"http:\/\/www.ehu.eus\/cdsea\/web\/wp-content\/uploads\/2017\/03\/Infograf\u00edas-ODS-Bizkaia-2019.pdf\"><span style=\"text-align: justify;\"><strong>Descargar documento completo infograf\u00edas<\/strong><\/span><\/a><\/span><\/li>\n<\/ul>\n","protected":false},"excerpt":{"rendered":"<p>INFOGRAF\u00cdAS DE LOS 17 ODS DE LA AGENDA 2030 La C\u00e1tedra UNESCO ha colaborado con BBK-Behatokia y UNESCO Etxea en la elaboraci\u00f3n de las Infograf\u00edas de los 17 ODS de la Agenda 2030 y su realidad en Bizkaia. En concreto, la C\u00e1tedra ha aportado los datos para la elaboraci\u00f3n de la infograf\u00eda del ODS 15: [&hellip;]<\/p>\n","protected":false},"author":4,"featured_media":0,"parent":0,"menu_order":0,"comment_status":"closed","ping_status":"closed","template":"","meta":{"footnotes":""},"class_list":["post-11639","page","type-page","status-publish","hentry"],"_links":{"self":[{"href":"https:\/\/www.ehu.eus\/cdsea\/web\/index.php\/wp-json\/wp\/v2\/pages\/11639"}],"collection":[{"href":"https:\/\/www.ehu.eus\/cdsea\/web\/index.php\/wp-json\/wp\/v2\/pages"}],"about":[{"href":"https:\/\/www.ehu.eus\/cdsea\/web\/index.php\/wp-json\/wp\/v2\/types\/page"}],"author":[{"embeddable":true,"href":"https:\/\/www.ehu.eus\/cdsea\/web\/index.php\/wp-json\/wp\/v2\/users\/4"}],"replies":[{"embeddable":true,"href":"https:\/\/www.ehu.eus\/cdsea\/web\/index.php\/wp-json\/wp\/v2\/comments?post=11639"}],"version-history":[{"count":6,"href":"https:\/\/www.ehu.eus\/cdsea\/web\/index.php\/wp-json\/wp\/v2\/pages\/11639\/revisions"}],"predecessor-version":[{"id":11684,"href":"https:\/\/www.ehu.eus\/cdsea\/web\/index.php\/wp-json\/wp\/v2\/pages\/11639\/revisions\/11684"}],"wp:attachment":[{"href":"https:\/\/www.ehu.eus\/cdsea\/web\/index.php\/wp-json\/wp\/v2\/media?parent=11639"}],"curies":[{"name":"wp","href":"https:\/\/api.w.org\/{rel}","templated":true}]}}